{"id":25,"date":"2021-05-17T12:37:32","date_gmt":"2021-05-17T16:37:32","guid":{"rendered":"https:\/\/sites.bu.edu\/zuklab\/?page_id=25"},"modified":"2023-08-04T09:48:23","modified_gmt":"2023-08-04T13:48:23","slug":"resources","status":"publish","type":"page","link":"https:\/\/sites.bu.edu\/zuklab\/resources\/","title":{"rendered":"Resources"},"content":{"rendered":"<p><img loading=\"lazy\" src=\"\/zuklab\/files\/2021\/05\/LabCollage-1-e1621543405592.png\" alt=\"\" width=\"4000\" height=\"990\" class=\"alignnone wp-image-338 size-full\" srcset=\"https:\/\/sites.bu.edu\/zuklab\/files\/2021\/05\/LabCollage-1-e1621543405592.png 4000w, https:\/\/sites.bu.edu\/zuklab\/files\/2021\/05\/LabCollage-1-e1621543405592-636x157.png 636w, https:\/\/sites.bu.edu\/zuklab\/files\/2021\/05\/LabCollage-1-e1621543405592-1024x253.png 1024w, https:\/\/sites.bu.edu\/zuklab\/files\/2021\/05\/LabCollage-1-e1621543405592-768x190.png 768w, https:\/\/sites.bu.edu\/zuklab\/files\/2021\/05\/LabCollage-1-e1621543405592-1536x380.png 1536w, https:\/\/sites.bu.edu\/zuklab\/files\/2021\/05\/LabCollage-1-e1621543405592-2048x507.png 2048w\" sizes=\"(max-width: 4000px) 100vw, 4000px\" \/><\/p>\n<p><span style=\"font-weight: 400;\">We are part of Boston University\u2019s research community and our mission includes providing resources to families in our local community and beyond. Here you will find information to support your child&#8217;s speech, language, and reading development. These include family-friendly educational materials and local resources.<br \/>\n<\/span><\/p>\n<h2>Information and Learning Resources<\/h2>\n<p><strong><span style=\"color: #000000;\"><a href=\"\/zuklab\/files\/2023\/08\/CaNDL_HomeLitearcyResources_073123.pdf\" style=\"color: #000000;\">Home Literacy and the Benefits of Shared Reading<\/a><\/span><\/strong><br \/>\nLearn about the Home Literacy Environment (HLE) and the benefits of shared reading practices at home.<\/p>\n<h2><\/h2>\n<h2>Reading Resources<\/h2>\n<p><strong><span style=\"color: #000000;\"><a href=\"https:\/\/fcrr.org\/resource-database\" target=\"_blank\" style=\"color: #000000;\" rel=\"noopener noreferrer\">Florida Center for Reading \u00a0Research\u00a0<\/a><\/span><\/strong><br \/>\n<span style=\"font-weight: 400;\">At home learning is hard, especially reading. The Florida Center for Reading Research has some helpful at-home guides and worksheets to help your student learn.<\/span><\/p>\n<p><span style=\"font-weight: 400;\"><strong><span style=\"color: #000000;\"><a href=\"https:\/\/haskinsglobal.org\/resource-library\/\" target=\"_blank\" style=\"color: #000000;\" rel=\"noopener noreferrer\">Haskins Laboratory Research<\/a><\/span><\/strong><br \/>\nHaskins Laboratory Research partnered with Maryanne Wolf to compile a list of vetted, quality learning and reading resources to support learning during the COVID-19 pandemic.<br \/>\n<em>Este sitio tiene recursos en espa\u00f1ol.<\/em><\/span><\/p>\n<p><span style=\"font-weight: 400;\"><em><\/em><strong><span style=\"color: #000000;\"><a href=\"https:\/\/improvingliteracy.org\/kid-zone\/read\" target=\"_blank\" style=\"color: #000000;\" rel=\"noopener noreferrer\">Kid Zone! The National Center on Improving Literacy<\/a><\/span><\/strong><em><br \/>\n<\/em>Kid Zone has free audiobooks, comic books, and books for all ages as well as online games to help your emerging reader learn letter names and sounds!<\/span><\/p>\n<p><span style=\"font-weight: 400;\"><em><\/em><strong><span style=\"color: #000000;\"><a href=\"https:\/\/readingpartners.org\/take-action\/resources-for-families\/\" target=\"_blank\" style=\"color: #000000;\" rel=\"noopener noreferrer\">Reading Partners<\/a><\/span><\/strong><em><br \/>\n<\/em>A wide variety of resources for families of young readers including approachable infographics, informational videos, and the option to sign up for text messages that provide age-appropriate activities and resources.<br \/>\n<em>Este sitio tiene recursos en espa\u00f1ol.<\/em><\/span><\/p>\n<p><span style=\"font-weight: 400;\"><\/span><span style=\"font-weight: 400;\"><span style=\"color: #000000;\"><a href=\"https:\/\/ies.ed.gov\/ncee\/edlabs\/regions\/southeast\/foundations\/index.asp\" target=\"_blank\" rel=\"noopener noreferrer\" style=\"color: #000000;\"><strong>The Institute of Education Sciences<\/strong><\/a><\/span><br \/>\nThe Institute of Education Sciences provides free how-to videos on their YouTube channel to support caregiver and child reading time! They also have a handy guide for reading with your Kinder-3rd grader.<br \/>\n<\/span><\/p>\n<h2>Speech and Language Resources<\/h2>\n<p><span style=\"color: #000000;\"><strong><a href=\"https:\/\/childmind.org\/guide\/developmental-milestones\/\" target=\"_blank\" style=\"color: #000000;\" rel=\"noopener noreferrer\">Child Mind Institute<\/a><\/strong><br \/>\n<\/span><span style=\"font-family: inherit; font-size: inherit;\">A list of motor, sensory, emotional, cognitive, and language developmental milestones for children ages 0-5.<br \/>\n<\/span><i style=\"font-family: inherit; font-size: inherit;\"><span><\/span><\/i><i style=\"font-family: inherit; font-size: inherit;\"><span><\/span><\/i><i style=\"font-family: inherit; font-size: inherit;\"><span>Una lista de hitos de desarrollo motores, sensoriales, emocionales, cognitivos y ling\u00fc\u00edsticos para ni\u00f1os y ni\u00f1as de edades 0-5.<\/span><\/i><\/p>\n<p><i style=\"font-family: inherit; font-size: inherit;\"><span><\/span><\/i><strong><span style=\"color: #000000;\"><a href=\"https:\/\/dldandme.org\" target=\"_blank\" style=\"color: #000000;\" rel=\"noopener noreferrer\">DLD and Me<\/a><\/span><\/strong><i style=\"font-family: inherit; font-size: inherit;\"><span><br \/>\n<\/span><\/i>DLD and Me has resources for parents, teachers, and individuals impacted by developmental language disorder (DLD), all of which are designed to raise awareness about DLD. Check out their information on myths and misunderstandings or their videos on parents\u2019 and children\u2019s experiences living with DLD.<\/p>\n<p><i style=\"font-family: inherit; font-size: inherit;\"><span><\/span><\/i><span style=\"color: #000000;\"><strong><a href=\"https:\/\/www.colorincolorado.org\/resources\" target=\"_blank\" style=\"color: #000000;\" rel=\"noopener noreferrer\">Color\u00edn Colorado<\/a><\/strong><\/span><i style=\"font-family: inherit; font-size: inherit;\"><span><br \/>\n<\/span><\/i><span style=\"font-family: inherit; font-size: inherit;\">A bilingual English and Spanish site with free language, speech, and reading resources, tools, and materials for educators and families of English language learners. <\/span><i style=\"font-family: inherit; font-size: inherit;\"><span><span style=\"font-family: inherit; font-size: inherit;\"><br \/>\n<\/span><\/span><\/i><i style=\"font-family: inherit; font-size: inherit;\"><span><em style=\"font-family: inherit; font-size: inherit;\"><span style=\"font-family: inherit; font-size: inherit;\">Un sitio biling\u00fce en ingl\u00e9s y espa\u00f1ol con recursos, herramientas y materiales sobre el lenguaje, el habla y la lectura para educadores y familias de ni\u00f1os aprendiendo ingl\u00e9s.<\/span><\/em><br \/>\n<\/span><\/i><\/p>\n<h2>Local Museums and Libraries<\/h2>\n<p>Many museums and libraries have developed online or virtual resources for families due to the COVID-19 pandemic. Contact your local library or museum to learn more.<\/p>\n<p><span style=\"color: #000000;\"><a href=\"https:\/\/www.bpl.org\/\" target=\"_blank\" style=\"color: #000000;\" rel=\"noopener noreferrer\"><strong>Boston Public Library<\/strong><\/a><\/span><br \/>\n<span style=\"font-weight: 400;\">The Boston Public Library has launched a series of virtual events to support emerging readers with their \u201cFuture Readers Club\u201d. They include recurring and one-time free events for the Boston public.<\/span><\/p>\n<p><span style=\"font-weight: 400;\"><strong><span style=\"color: #000000;\"><a href=\"https:\/\/www.cambridgema.gov\/cpl.aspx\" target=\"_blank\" style=\"color: #000000;\" rel=\"noopener noreferrer\">Cambridge Public Library<\/a><\/span><br \/>\n<\/strong>The Cambridge Public Library has developed a COVID friendly online e-book library for children and free virtual caregiver-child story times with a variety of themes to support learning together.<\/span><\/p>\n<p><span style=\"font-weight: 400;\"><strong><span style=\"color: #000000;\"><a href=\"https:\/\/bostonchildrensmuseum.org\/\" target=\"_blank\" style=\"color: #000000;\" rel=\"noopener noreferrer\">Boston Children&#8217;s Museum<\/a><\/span><br \/>\n<\/strong>Sign up to receive weekly enriching activities to do at home with your kids during this time of social distancing!<\/span><\/p>\n<p><span style=\"font-weight: 400;\"><strong><span style=\"color: #000000;\"><a href=\"https:\/\/littlefreelibrary.org\/ourmap\/\" target=\"_blank\" style=\"color: #000000;\" rel=\"noopener noreferrer\">Little Free Library<\/a><\/span><\/strong><em><br \/>\n<\/em>Find free books near your family! Little Free Library has an interactive map where you can search for free pop-up libraries in your area.<\/span><\/p>\n","protected":false},"excerpt":{"rendered":"<p>We are part of Boston University\u2019s research community and our mission includes providing resources to families in our local community and beyond. Here you will find information to support your child&#8217;s speech, language, and reading development. These include family-friendly educational materials and local resources. Information and Learning Resources Home Literacy and the Benefits of Shared [&hellip;]<\/p>\n","protected":false},"author":18716,"featured_media":0,"parent":0,"menu_order":10,"comment_status":"closed","ping_status":"closed","template":"page-templates\/no-sidebars.php","meta":[],"_links":{"self":[{"href":"https:\/\/sites.bu.edu\/zuklab\/wp-json\/wp\/v2\/pages\/25"}],"collection":[{"href":"https:\/\/sites.bu.edu\/zuklab\/wp-json\/wp\/v2\/pages"}],"about":[{"href":"https:\/\/sites.bu.edu\/zuklab\/wp-json\/wp\/v2\/types\/page"}],"author":[{"embeddable":true,"href":"https:\/\/sites.bu.edu\/zuklab\/wp-json\/wp\/v2\/users\/18716"}],"replies":[{"embeddable":true,"href":"https:\/\/sites.bu.edu\/zuklab\/wp-json\/wp\/v2\/comments?post=25"}],"version-history":[{"count":46,"href":"https:\/\/sites.bu.edu\/zuklab\/wp-json\/wp\/v2\/pages\/25\/revisions"}],"predecessor-version":[{"id":730,"href":"https:\/\/sites.bu.edu\/zuklab\/wp-json\/wp\/v2\/pages\/25\/revisions\/730"}],"wp:attachment":[{"href":"https:\/\/sites.bu.edu\/zuklab\/wp-json\/wp\/v2\/media?parent=25"}],"curies":[{"name":"wp","href":"https:\/\/api.w.org\/{rel}","templated":true}]}}