{"id":771,"date":"2015-07-05T22:56:58","date_gmt":"2015-07-06T02:56:58","guid":{"rendered":"https:\/\/sites.bu.edu\/warkentinlab\/?page_id=771"},"modified":"2019-09-18T14:10:36","modified_gmt":"2019-09-18T18:10:36","slug":"rana-arboricola-de-ojos-rojos","status":"publish","type":"page","link":"https:\/\/sites.bu.edu\/warkentinlab\/research\/rana-arboricola-de-ojos-rojos\/","title":{"rendered":"Rana arbor\u00edcola de ojos rojos"},"content":{"rendered":"<h2>Ciclo de vida y historia natural de <em>Agalychnis callidryas<\/em><\/h2>\n<p>(traducido con ayuda de M. Salica, R. Jim\u00e9nez, A. V\u00e1squez, y L. Bravo)<\/p>\n<a href=\"\/warkentinlab\/files\/2013\/09\/RETFlifecycle-550.jpg\"><img src=\"\/warkentinlab\/files\/2013\/09\/RETFlifecycle-550.jpg\" alt=\"Red-eyed treefrog life cycle\" title=\"Red-eyed treefrog life cycle\" class=\"size-full wp-image-355\" height=\"401\" max-width:100% \/><\/a>\n<p>La rana arbor\u00edcola de ojos rojos habita en selvas de mediana a baja altura que se extienden desde el sur de M\u00e9xico hasta Colombia. Durante la \u00e9poca lluviosa, los machos llegan a los charcos y establecen sus territorios en las plantas cerca del agua. Los machos defienden sus territorios y compiten con otros machos mediante vocalizaciones, vibraciones producidas en las plantas, y combates f\u00edsicos. Cuando llueve, las hembras con huevos llegan a los charcos para escoger a su pareja. Las parejas depositan sus huevos sobre plantas que cuelgan sobre el agua. Los huevos pueden ser depredados por avispas, serpientes, o saltamontes, o atacados por hongos pat\u00f3genos. Tambi\u00e9n pueden asfixiarse si caen en el agua, o morir deshidratados si el clima est\u00e1 demasiado seco. Cuando los embriones eclosionan, caen al agua. Ellos pueden eclosionar temprano en respuesta a peligros ambientales, pero t\u00edpicamente eclosionan m\u00e1s tarde si no son molestados. Entonces entran en el agua con tama\u00f1os y etapas de desarrollo diferentes. Los renacuajos pueden ser atacados por depredadores acu\u00e1ticos como ninfas de lib\u00e9lulas, chinches acu\u00e1ticos grandes, camarones, o peces. Los renacuajos que eclosionaron antes de tiempo tienen una mayor posibilidad de ser depredados y una menor posibilidad de sobrevivir hasta la metamorfosis. Despu\u00e9s de un mes o m\u00e1s, los renacuajos se transforman en ranitas. Liberan los brazos que crecieron por debajo de su piel, absorben sus colas y abandonan el charco. El tama\u00f1o de las ranitas var\u00eda mucho, ya que depende de las condiciones del charco donde se desarrollen. Tambi\u00e9n su forma var\u00eda. Si en el charco habitan chinches acu\u00e1ticos, las ranitas suelen salir del agua arrastrando su larga cola, antes de ser buenos saltadores. En la tierra, se enfrentan a nuevos depredadores, como ara\u00f1as. Cuando las ranitas trepan a los \u00e1rboles empiezan una nueva etapa de vida poco conocida. Solo sabemos que algunas sobreviven y reaparecen, m\u00e1s tarde, como adultos en los charcos para reproducirse.<\/p>\n<p><a href=\"\/warkentinlab\/files\/2013\/09\/CicloDeVida-LifeCycle.pdf\">Ciclo de vida de la rana arbor\u00edcola de ojos rojos\/Life cycle of the red-eyed treefrog<\/a> [pdf]<\/p>\n<h2>Desarrollo embrionario<\/h2>\n<figure id=\"attachment529\" aria-describedby=\"caption-attachment529\" style=\"width: 210px\" class=\"wp-caption alignleft\"><a href=\"\/warkentinlab\/files\/2013\/09\/AcOviposition-200.jpg\"><img loading=\"lazy\" src=\"\/warkentinlab\/files\/2013\/09\/AcOviposition-200.jpg\" alt=\"Oviposici\u00f3n\/fertilizaci\u00f3n\" title=\"AcOviposition-200\" class=\"wp-image-529 size-full\" height=\"278\" width=\"200\" \/><\/a><figcaption id=\"caption-attachment529\" class=\"wp-caption-text\">Oviposition\/fertilization<\/figcaption><\/figure>\n<p>Las ranas arbor\u00edcolas de ojos rojos ponen sus huevos en la noche. La mayor\u00eda de los huevos son puestos entre las 10 pm y 2 am, aunque esto var\u00eda con las condiciones clim\u00e1ticas. Las hembras proporcionan a sus embriones una gran cantidad de agua en la gelatina de los huevos. Por eso, usualmente dividen sus huevos entre 2 o 3 masas de huevos, o nidadas, tomando tiempo para absorber m\u00e1s agua entre cada nidada. El color de los huevos var\u00eda entre hembras, lo cual es afectado por su dieta, pero el color es consistente entre todos los huevos puestos por una hembra en la misma noche. Esta caracter\u00edstica puede ser usada para distinguir masas de huevos que pueden ser hermanos (mismo color) de aquellos que claramente no son hermanos (diferentes colores). Las fotos que se muestran abajo representan muchas nidadas diferentes.<\/p>\n<div style=\"clear: both;\"><\/div>\n<figure id=\"attachment532\" aria-describedby=\"caption-attachment532\" style=\"width: 210px\" class=\"wp-caption alignleft\"><a href=\"\/warkentinlab\/files\/2013\/09\/IMG_1108-2005-EarlyCleavage-200.jpg\"><img loading=\"lazy\" src=\"\/warkentinlab\/files\/2013\/09\/IMG_1108-2005-EarlyCleavage-200.jpg\" alt=\"Early cleavage (0 d, 7:45 am)\" title=\"EarlyCleavage-200\" class=\"size-full wp-image-532 \" height=\"201\" width=\"200\" srcset=\"https:\/\/sites.bu.edu\/warkentinlab\/files\/2013\/09\/IMG_1108-2005-EarlyCleavage-200.jpg 200w, https:\/\/sites.bu.edu\/warkentinlab\/files\/2013\/09\/IMG_1108-2005-EarlyCleavage-200-150x150.jpg 150w\" sizes=\"(max-width: 200px) 100vw, 200px\" \/><\/a><figcaption id=\"caption-attachment532\" class=\"wp-caption-text\">Clivaje temprano (0 d, 7:45 am)<\/figcaption><\/figure>\n<p>En la ma\u00f1ana, el clivaje temprano est\u00e1 en marcha, y las c\u00e9lulas individuales son visible en la parte superior de cada huevo. La gran masa de yema en la parte del fondo del huevo a\u00fan no est\u00e1 dividida. Cada huevo individual est\u00e1 rodeado por una capa relativamente gruesa de gelatina, y est\u00e1n embebidos en diferentes niveles en toda la estructura del nido.<\/p>\n<div style=\"clear: both;\"><\/div>\n<figure id=\"attachment546\" aria-describedby=\"caption-attachment546\" style=\"width: 210px\" class=\"wp-caption alignleft\"><a href=\"\/warkentinlab\/files\/2013\/10\/YolkPlug-1d730am-200.jpg\"><img loading=\"lazy\" src=\"\/warkentinlab\/files\/2013\/10\/YolkPlug-1d730am-200.jpg\" alt=\"Yolk plug stage\" title=\"YolkPlug-1d,730am-200\" class=\"wp-image-546 size-full\" height=\"176\" width=\"200\" \/><\/a><figcaption id=\"caption-attachment546\" class=\"wp-caption-text\">Remanente de yema (1 d, 7:30 am)<\/figcaption><\/figure>\n<p>Durante el atardecer y la noche, los embriones progresan a trav\u00e9s de los estados del clivaje tard\u00edo y la gastrulaci\u00f3n temprana. En la ma\u00f1ana, la gastrulaci\u00f3n est\u00e1 casi que terminada, con solo un peque\u00f1o tap\u00f3n de yema restante. Este remanente con frecuencia es dif\u00edcil de ver, debido a que usualmente se ubica hacia el interior del nido, pero es visible al lado izquierdo del huevo en la parte inferior derecha de la foto. Se puede notar que hay dos tonalidades, el polo animal (arriba), y el polo vegetal (abajo), el cual es distinto al color uniforme caracter\u00edstico de los huevos reci\u00e9n puestos.<\/p>\n<div style=\"clear: both;\"><\/div>\n<figure id=\"attachment550\" aria-describedby=\"caption-attachment550\" style=\"width: 210px\" class=\"wp-caption alignleft\"><a href=\"\/warkentinlab\/files\/2013\/10\/NeuralFolds1d1230pm-200.jpg\"><img loading=\"lazy\" src=\"\/warkentinlab\/files\/2013\/10\/NeuralFolds1d1230pm-200.jpg\" alt=\"Pliegues neurales (1 d, 12:30 pm)\" title=\"NeuralFolds(1d,1230pm)-200\" class=\"wp-image-550 size-full\" height=\"189\" width=\"200\" \/><\/a><figcaption id=\"caption-attachment550\" class=\"wp-caption-text\">Pliegues neurales (1 d, 12:30 pm)<\/figcaption><\/figure>\n<p>En este estado, los pliegues neurales se han formado. Los embriones ahora, flotan libremente en el fluido perivitelino dentro de su c\u00e1psula, con la parte m\u00e1s pesada, que es la yema, ubicada hacia abajo y el embri\u00f3n ubicado hacia arriba, cualquiera que sea la posici\u00f3n del nido<\/p>\n<div style=\"clear: both;\"><\/div>\n<figure id=\"attachment549\" aria-describedby=\"caption-attachment549\" style=\"width: 210px\" class=\"wp-caption alignleft\"><a href=\"\/warkentinlab\/files\/2013\/10\/NeuralTube1d233pm-200.jpg\"><img loading=\"lazy\" src=\"\/warkentinlab\/files\/2013\/10\/NeuralTube1d233pm-200.jpg\" alt=\"Neural tube stage (1 d, 2:30 pm)\" title=\"NeuralTube,1d,233pm-200\" class=\"wp-image-549 size-full\" height=\"197\" width=\"200\" \/><\/a><figcaption id=\"caption-attachment549\" class=\"wp-caption-text\">Estado del tubo neural (1 d, 2:30 pm)<\/figcaption><\/figure>\n<p>Los pliegues neurales se han cerrado para formar el tubo neural y el desarrollo de la cabeza es m\u00e1s aparente, con las placas branquiales form\u00e1ndose. En este estado, los embriones posicionan su proto-cabeza hacia la superficie expuesta al aire, donde hay m\u00e1s ox\u00edgeno disponible, y ponen su cola en desarrollo hacia atr\u00e1s. Si son desplazados de esa posici\u00f3n, ellos pueden usar rotaci\u00f3n ciliar para retornar a su posici\u00f3n original.<\/p>\n<div style=\"clear: both;\"><\/div>\n<figure id=\"attachment552\" aria-describedby=\"caption-attachment552\" style=\"width: 210px\" class=\"wp-caption alignleft\"><a href=\"\/warkentinlab\/files\/2013\/10\/IMG_0606-Tailbud1d915pmTurq200.jpg\"><img loading=\"lazy\" src=\"\/warkentinlab\/files\/2013\/10\/IMG_0606-Tailbud1d915pmTurq200.jpg\" alt=\"Tailbud stage (1 d, 9:15 pm)\" title=\"IMG_0606-Tailbud(1d,915pmTurq)200\" class=\"wp-image-552 size-full\" height=\"203\" width=\"200\" \/><\/a><figcaption id=\"caption-attachment552\" class=\"wp-caption-text\">Estado de brote de la cola (1 d, 9:15 pm)<\/figcaption><\/figure>\n<p>Entrada la noche, los embriones han alcanzado el estad\u00edo donde la cola comienza a hacerse visible (brote de la cola). El espacio perivitelino dentro del huevo es grande y la capa de gelatina alrededor de cada huevo es m\u00e1s delgada.<\/p>\n<div style=\"clear: both;\"><\/div>\n<figure id=\"attachment554\" aria-describedby=\"caption-attachment554\" style=\"width: 210px\" class=\"wp-caption alignleft\"><a href=\"\/warkentinlab\/files\/2013\/10\/IMG_0663-Tailbud1d1005pmYellow200.jpg\"><img loading=\"lazy\" src=\"\/warkentinlab\/files\/2013\/10\/IMG_0663-Tailbud1d1005pmYellow200.jpg\" alt=\"Estado de brote de cola (1 d, 10:05 pm)\" title=\"IMG_0663-Tailbud(1d,1005pmYellow)200\" class=\"wp-image-554 size-full\" height=\"158\" width=\"200\" \/><\/a><figcaption id=\"caption-attachment554\" class=\"wp-caption-text\">Estado de brote de cola (1 d, 10:05 pm)<\/figcaption><\/figure>\n<p>Estado de brote de cola a partir de huevos amarillos \u2013 la variaci\u00f3n en el color se extiende hasta los tejidos del embri\u00f3n, no solo est\u00e1 presente en las reservas de yema.<\/p>\n<div style=\"clear: both;\"><\/div>\n<figure id=\"attachment557\" aria-describedby=\"caption-attachment557\" style=\"width: 210px\" class=\"wp-caption alignleft\"><a href=\"\/warkentinlab\/files\/2013\/10\/MuscularResponse2d145pm-200.jpg\"><img loading=\"lazy\" src=\"\/warkentinlab\/files\/2013\/10\/MuscularResponse2d145pm-200.jpg\" alt=\"Muscular response (2 d, 1:45 pm)\" title=\"MuscularResponse(2d,145pm)-200\" class=\"wp-image-557 size-full\" height=\"157\" width=\"200\" \/><\/a><figcaption id=\"caption-attachment557\" class=\"wp-caption-text\">Respuesta muscular (2 d, 1:45 pm)<\/figcaption><\/figure>\n<p>A los dos d\u00edas, los embriones comienzan a ser m\u00e1s activos. Sus colas se curvan hacia un lado y pueden retorcerse de un lado a otro si son perturbados. (p.e. cuando se les echa agua con un vaporizador). Sus corazones comienzan a palpitar y sus branquias est\u00e1n form\u00e1ndose, aunque inicialmente su sangre no es roja. La estructura del nido ha cambiado, as\u00ed como los huevos individuales, con una capa de gelatina muy delgada, est\u00e1n en la superficie, atada a un n\u00facleo de la gelatina subyacente.<\/p>\n<div style=\"clear: both;\"><\/div>\n<figure id=\"attachment556\" aria-describedby=\"caption-attachment556\" style=\"width: 210px\" class=\"wp-caption alignleft\"><a href=\"\/warkentinlab\/files\/2013\/10\/GillCirculation3eggs-2d630pm-200.jpg\"><img loading=\"lazy\" src=\"\/warkentinlab\/files\/2013\/10\/GillCirculation3eggs-2d630pm-200.jpg\" alt=\"Gill circulation (2 d, 6:30 pm)\" title=\"GillCirculation(3eggs-2d,630pm)-200\" class=\"wp-image-556 size-full\" height=\"238\" width=\"200\" \/><\/a><figcaption id=\"caption-attachment556\" class=\"wp-caption-text\">Circulaci\u00f3n por branquias (2 d, 6:30 pm)<\/figcaption><\/figure>\n<p>M\u00e1s tarde en el d\u00eda, las branquias son m\u00e1s largas con perceptibles (aunque cortas) ramificaciones y tenues c\u00e9lulas sangu\u00edneas que est\u00e1n circulando a trav\u00e9s de estas. Los ojos est\u00e1n comenzando a distinguirse pero a\u00fan tienen poco pigmento.<\/p>\n<div style=\"clear: both;\"><\/div>\n<figure id=\"attachment561\" aria-describedby=\"caption-attachment561\" style=\"width: 210px\" class=\"wp-caption alignleft\"><a href=\"\/warkentinlab\/files\/2013\/10\/greyeyeearlyCT3d820am-200.jpg\"><img loading=\"lazy\" src=\"\/warkentinlab\/files\/2013\/10\/greyeyeearlyCT3d820am-200.jpg\" alt=\"Grey eyes (cornea clear, 3 d 8:20 am)\" title=\"greyeye(earlyCT)3d,820am-200\" class=\"wp-image-561 size-full\" height=\"183\" width=\"200\" \/><\/a><figcaption id=\"caption-attachment561\" class=\"wp-caption-text\">Ojos grises (c\u00f3rnea clara, 3 d 8:20 am)<\/figcaption><\/figure>\n<p>En la ma\u00f1ana a los tres d\u00edas de edad, los ojos tienen el color gris, con presencia de melan\u00f3foros en el iris en un c\u00edrculo incompleto. El cristalino del ojo a\u00fan est\u00e1 turbio. Las ramas de las branquias est\u00e1n elongadas y la sangre es roja tenue. Hay melan\u00f3foros dispersos en la aleta de la cola y parcialmente hacia abajo del vientre (parte ventral), pero no hay pigmentaci\u00f3n sobre la cabeza. La yema es bulbosa, con prominentes vasos sangu\u00edneos en la superficie.<\/p>\n<div style=\"clear: both;\"><\/div>\n<figure id=\"attachment563\" aria-describedby=\"caption-attachment563\" style=\"width: 210px\" class=\"wp-caption alignleft\"><a href=\"\/warkentinlab\/files\/2013\/10\/CorneaTransparent3d7pm-200.jpg\"><img loading=\"lazy\" src=\"\/warkentinlab\/files\/2013\/10\/CorneaTransparent3d7pm-200.jpg\" alt=\"Dark eyes (3 d, 6:57 pm)\" title=\"CorneaTransparent(3d,7pm)-200\" class=\"wp-image-563 size-full\" height=\"197\" width=\"200\" \/><\/a><figcaption id=\"caption-attachment563\" class=\"wp-caption-text\">Ojos negros (3 d, 6:57 pm)<\/figcaption><\/figure>\n<p>Al anochecer a los tres d\u00edas de edad, hay circulaci\u00f3n en la aleta de la cola., Es m\u00e1s obvio que la pigmentaci\u00f3n ha cambiado; los ojos son m\u00e1s oscuros y la sangre es roja brillante. Hay melan\u00f3foros dispersos sobre el coraz\u00f3n. Las ramas branquiales contin\u00faan alarg\u00e1ndose.<\/p>\n<div style=\"clear: both;\"><\/div>\n<figure id=\"attachment566\" aria-describedby=\"caption-attachment566\" style=\"width: 210px\" class=\"wp-caption alignleft\"><a href=\"\/warkentinlab\/files\/2013\/10\/KW-1165-blackeyes34d827am-200.jpg\"><img loading=\"lazy\" src=\"\/warkentinlab\/files\/2013\/10\/KW-1165-blackeyes34d827am-200.jpg\" alt=\"Operculum formed (4 d, 8:27 am)\" title=\"KW-1165-blackeyes3(4d,827am)-200\" class=\"wp-image-566 size-full\" height=\"173\" width=\"200\" \/><\/a><figcaption id=\"caption-attachment566\" class=\"wp-caption-text\">Formaci\u00f3n del op\u00e9rculo (4 d, 8:27 am)<\/figcaption><\/figure>\n<p>En la ma\u00f1ana, a los 4 d\u00edas de edad, los embriones tienen irid\u00f3foros brillantes dispersos en el iris y sobre el coraz\u00f3n. En general, estos embriones toman una pigmentaci\u00f3n m\u00e1s oscura que los de tres d\u00edas de edad, y su yema es menos bulbosa. Los vasos sangu\u00edneos son todav\u00eda prominentes en el saco de yema, pero muestran un aumento en la ramificaci\u00f3n.<\/p>\n<div style=\"clear: both;\"><\/div>\n<figure id=\"attachment565\" aria-describedby=\"caption-attachment565\" style=\"width: 210px\" class=\"wp-caption alignleft\"><a href=\"\/warkentinlab\/files\/2013\/10\/GreenEggs4d1010am-200.jpg\"><img loading=\"lazy\" src=\"\/warkentinlab\/files\/2013\/10\/GreenEggs4d1010am-200.jpg\" alt=\"Hatching-competent (4 d, 10:10 am)\" title=\"GreenEggs4d(1010am)-200\" class=\"wp-image-565 size-full\" height=\"165\" width=\"200\" \/><\/a><figcaption id=\"caption-attachment565\" class=\"wp-caption-text\">Aptos para eclosionar (4 d, 10:10 am)<\/figcaption><\/figure>\n<p>A los 4 d\u00edas de edad, los embriones comienzan eclosionar como respuesta al ataque de depredadores, aunque las tasas de escape son muy variables entre nidadas. Todos los embriones eclosionan (eventualmente) si est\u00e1n sumergidos en el agua. Los individuos pueden esperar una hora o m\u00e1s, pero ninguno de ellos se ahoga.<\/p>\n<div style=\"clear: both;\"><\/div>\n<figure id=\"attachment567\" aria-describedby=\"caption-attachment567\" style=\"width: 210px\" class=\"wp-caption alignleft\"><a href=\"\/warkentinlab\/files\/2013\/10\/blackeyes14d824am-200.jpg\"><img loading=\"lazy\" src=\"\/warkentinlab\/files\/2013\/10\/blackeyes14d824am-200.jpg\" alt=\"Hypoxia slows development (4 d, 8:24 am)\" title=\"blackeyes1(4d,824am)-200\" class=\"wp-image-567 size-full\" height=\"156\" width=\"200\" \/><\/a><figcaption id=\"caption-attachment567\" class=\"wp-caption-text\">Hipoxia retrasa el desarrollo (4 d)<\/figcaption><\/figure>\n<p>Los embriones est\u00e1n empaquetados, juntos los unos con los otros en el nido, por lo que el ox\u00edgeno solo entra a trav\u00e9s de la superficie expuesta al aire. Los embriones que tienen al menos 15% de su superficie expuesta, se desarrollan bien (r\u00e1pido), pero aquellos que se encuentran ubicados debajo de sus hermanos (arriba a la izquierda) se desarrollan m\u00e1s lentamente.<\/p>\n<div style=\"clear: both;\"><\/div>\n<figure id=\"attachment570\" aria-describedby=\"caption-attachment570\" style=\"width: 210px\" class=\"wp-caption alignleft\"><a href=\"\/warkentinlab\/files\/2013\/10\/IMG_0954-gills5d11am-v2cleanB-200.jpg\"><img loading=\"lazy\" src=\"\/warkentinlab\/files\/2013\/10\/IMG_0954-gills5d11am-v2cleanB-200.jpg\" alt=\"Waiting to hatch (5 d, 11 am)\" title=\"IMG_0954-gills5d,11am-v2cleanB-200\" class=\"wp-image-570 size-full\" height=\"185\" width=\"200\" \/><\/a><figcaption id=\"caption-attachment570\" class=\"wp-caption-text\">Esperando para eclosionar (5 d, 11 am)<\/figcaption><\/figure>\n<p>A los cinco d\u00edas de edad, densos irid\u00f3foros cubren el iris y el coraz\u00f3n, y los melan\u00f3foros son abundantes a los lados y en el vientre. La yema es m\u00e1s hidrodin\u00e1mica aunque no est\u00e1 dividida, y los vasos sangu\u00edneos son m\u00e1s discretos. La boca comienza a queratinizarse. Los embriones eclosionan inmediatamente si son atacados por avispas o serpientes, con una tasa de escape del 80%, pero raramente eclosionan si no han sido perturbados.<\/p>\n<div style=\"clear: both;\"><\/div>\n<figure id=\"attachment572\" aria-describedby=\"caption-attachment572\" style=\"width: 210px\" class=\"wp-caption alignleft\"><a href=\"\/warkentinlab\/files\/2013\/10\/GutCoils6d1am.jpg\"><img loading=\"lazy\" src=\"\/warkentinlab\/files\/2013\/10\/GutCoils6d1am.jpg\" alt=\"Gut coils (6 d, 1 am)\" title=\"GutCoils(6d,1am)\" class=\"wp-image-572 size-full\" height=\"203\" width=\"200\" \/><\/a><figcaption id=\"caption-attachment572\" class=\"wp-caption-text\">Intestinos (6 d, 1 am)<\/figcaption><\/figure>\n<p>A los seis d\u00edas de edad, la yema se divide entre intestinos. El intestino es empaquetado lleno de yema, as\u00ed los animales tienen reservas sustanciales de energ\u00eda, por lo que ellos no pueden alimentarse inmediatamente despu\u00e9s de que eclosionan.<\/p>\n<div style=\"clear: both;\"><\/div>\n<figure id=\"attachment573\" aria-describedby=\"caption-attachment573\" style=\"width: 210px\" class=\"wp-caption alignleft\"><a href=\"\/warkentinlab\/files\/2013\/10\/KeratinizedMouthparts6d1am-200.jpg\"><img loading=\"lazy\" src=\"\/warkentinlab\/files\/2013\/10\/KeratinizedMouthparts6d1am-200.jpg\" alt=\"Partes de la boca, queratinizadas (6 d,1 am)\" title=\"KeratinizedMouthparts(6d,1am)-200\" class=\"wp-image-573 size-full\" height=\"183\" width=\"200\" \/><\/a><figcaption id=\"caption-attachment573\" class=\"wp-caption-text\">Picos queratinizados (6 d,1 am)<\/figcaption><\/figure>\n<p>Las partes de la boca est\u00e1n m\u00e1s fuertemente queratinizadas y la pigmentaci\u00f3n en general del cuerpo es m\u00e1s oscura (melan\u00f3foros), y brillante (irid\u00f3foros). En este punto los embriones son altamente sensibles a perturbaciones y es dif\u00edcil de manejarlos sin inducir la eclosi\u00f3n de los mismos. A\u00fan as\u00ed, sin perturbaci\u00f3n muchos no eclosionan hasta el atardecer del s\u00e9ptimo d\u00eda (o sea casi 8 d\u00edas de edad).<\/p>\n<div style=\"clear: both;\"><\/div>\n<figure id=\"attachment575\" aria-describedby=\"caption-attachment575\" style=\"width: 210px\" class=\"wp-caption alignleft\"><a href=\"\/warkentinlab\/files\/2013\/10\/KW-080619-6187-4d6dHatchlings-2001.jpg\"><img loading=\"lazy\" src=\"\/warkentinlab\/files\/2013\/10\/KW-080619-6187-4d6dHatchlings-2001.jpg\" alt=\"New hatchlings (4 d and 6 d)\" title=\"4 and 6 d old Agalychnis callidryas hatchings, Gamboa, Panama\" class=\"wp-image-575 size-full\" height=\"236\" width=\"200\" \/><\/a><figcaption id=\"caption-attachment575\" class=\"wp-caption-text\">Renacuajos reci\u00e9n nacidos (4 d y 6 d)<\/figcaption><\/figure>\n<p>Los renacuajos que eclosionaron cerca al tiempo de inicio de la competencia por eclosionar, (4 d, a la izquierda), entran al agua m\u00e1s peque\u00f1os y menos desarrollados que quienes eclosionan m\u00e1s tarde. La mayor\u00eda de los embriones no perturbados eclosionan a los seis (derecha) o siete d\u00edas de edad.<br style=\"clear: both;\" \/><br \/>\n<a href=\"\/warkentinlab\/files\/2015\/07\/AgalychnisEstadosdeDesarrollo.pdf\">Gu\u00eda fotogr\u00e1fica<\/a> del desarrollo de los embriones de <em>A. callidryas<\/em>, basada en <a target=\"_blank\" href=\"http:\/\/www.jstor.org\/discover\/10.2307\/3890061\">Gosner 1960<\/a> y Pyburn 1963 (Texas J Sci 15:155-170). Este es un compilado de imagenes de varias nidadas en Gamboa, Panama, el cual muestra algo de la variaci\u00f3n en el desarrollo en ciertas edades.<\/p>\n","protected":false},"excerpt":{"rendered":"<p>Ciclo de vida y historia natural de Agalychnis callidryas (traducido con ayuda de M. Salica, R. Jim\u00e9nez, A. V\u00e1squez, y L. Bravo) La rana arbor\u00edcola de ojos rojos habita en selvas de mediana a baja altura que se extienden desde el sur de M\u00e9xico hasta Colombia. Durante la \u00e9poca lluviosa, los machos llegan a los [&hellip;]<\/p>\n","protected":false},"author":7562,"featured_media":0,"parent":55,"menu_order":4,"comment_status":"closed","ping_status":"closed","template":"","meta":[],"_links":{"self":[{"href":"https:\/\/sites.bu.edu\/warkentinlab\/wp-json\/wp\/v2\/pages\/771"}],"collection":[{"href":"https:\/\/sites.bu.edu\/warkentinlab\/wp-json\/wp\/v2\/pages"}],"about":[{"href":"https:\/\/sites.bu.edu\/warkentinlab\/wp-json\/wp\/v2\/types\/page"}],"author":[{"embeddable":true,"href":"https:\/\/sites.bu.edu\/warkentinlab\/wp-json\/wp\/v2\/users\/7562"}],"replies":[{"embeddable":true,"href":"https:\/\/sites.bu.edu\/warkentinlab\/wp-json\/wp\/v2\/comments?post=771"}],"version-history":[{"count":18,"href":"https:\/\/sites.bu.edu\/warkentinlab\/wp-json\/wp\/v2\/pages\/771\/revisions"}],"predecessor-version":[{"id":1117,"href":"https:\/\/sites.bu.edu\/warkentinlab\/wp-json\/wp\/v2\/pages\/771\/revisions\/1117"}],"up":[{"embeddable":true,"href":"https:\/\/sites.bu.edu\/warkentinlab\/wp-json\/wp\/v2\/pages\/55"}],"wp:attachment":[{"href":"https:\/\/sites.bu.edu\/warkentinlab\/wp-json\/wp\/v2\/media?parent=771"}],"curies":[{"name":"wp","href":"https:\/\/api.w.org\/{rel}","templated":true}]}}