{"id":54,"date":"2022-06-03T08:04:58","date_gmt":"2022-06-03T12:04:58","guid":{"rendered":"https:\/\/sites.bu.edu\/veranomadrid22\/?page_id=54"},"modified":"2022-06-28T15:35:54","modified_gmt":"2022-06-28T19:35:54","slug":"christian","status":"publish","type":"page","link":"https:\/\/sites.bu.edu\/veranomadrid22\/blogs\/christian\/","title":{"rendered":"Christian"},"content":{"rendered":"<p>Hola, me llamo Christian. Soy estudiante de tercer a\u00f1o en Boston University y soy de Washington, D.C. Estudio espa\u00f1ol y econom\u00eda en la universidad y quiero trabajar en finanzas en Nueva York cuando me grad\u00fae. Empec\u00e9 a aprender espa\u00f1ol cuando era ni\u00f1o, y me encanta la ciudad de Madrid. Viviendo en Madrid, me encuentro pensando en mi futuro, y creo que me gustar\u00eda vivir en esta ciudad, pero ser\u00eda muy dif\u00edcil dejar mi familia, mis amigos y todo a lo que estoy acostumbrado en los Estados Unidos. Mi objetivo es hablar con fluidez para cuando termine con mi t\u00edtulo.<\/p>\n<p>En la foto, yo estoy a la derecha con mis amigos Aiden y Arjun enfrente de la Catedral de la Almudena.<\/p>\n<p><a href=\"https:\/\/sites.bu.edu\/veranomadrid22\/2022\/06\/07\/la-experiencia-botin\/\" target=\"_blank\" rel=\"noopener noreferrer\"><strong>La Experiencia &#8216;Bot\u00edn&#8217;<\/strong><\/a><\/p>\n<p><a href=\"https:\/\/sites.bu.edu\/veranomadrid22\/2022\/06\/28\/un-futuro-en-madrid\/\" target=\"_blank\" rel=\"noopener noreferrer\"><strong>\u00bfUn Futuro en Madrid?<\/strong><\/a><\/p>\n","protected":false},"excerpt":{"rendered":"<p>Hola, me llamo Christian. Soy estudiante de tercer a\u00f1o en Boston University y soy de Washington, D.C. Estudio espa\u00f1ol y econom\u00eda en la universidad y quiero trabajar en finanzas en Nueva York cuando me grad\u00fae. Empec\u00e9 a aprender espa\u00f1ol cuando era ni\u00f1o, y me encanta la ciudad de Madrid. Viviendo en Madrid, me encuentro pensando [&hellip;]<\/p>\n","protected":false},"author":5659,"featured_media":0,"parent":18,"menu_order":10,"comment_status":"closed","ping_status":"closed","template":"","meta":[],"_links":{"self":[{"href":"https:\/\/sites.bu.edu\/veranomadrid22\/wp-json\/wp\/v2\/pages\/54"}],"collection":[{"href":"https:\/\/sites.bu.edu\/veranomadrid22\/wp-json\/wp\/v2\/pages"}],"about":[{"href":"https:\/\/sites.bu.edu\/veranomadrid22\/wp-json\/wp\/v2\/types\/page"}],"author":[{"embeddable":true,"href":"https:\/\/sites.bu.edu\/veranomadrid22\/wp-json\/wp\/v2\/users\/5659"}],"replies":[{"embeddable":true,"href":"https:\/\/sites.bu.edu\/veranomadrid22\/wp-json\/wp\/v2\/comments?post=54"}],"version-history":[{"count":4,"href":"https:\/\/sites.bu.edu\/veranomadrid22\/wp-json\/wp\/v2\/pages\/54\/revisions"}],"predecessor-version":[{"id":350,"href":"https:\/\/sites.bu.edu\/veranomadrid22\/wp-json\/wp\/v2\/pages\/54\/revisions\/350"}],"up":[{"embeddable":true,"href":"https:\/\/sites.bu.edu\/veranomadrid22\/wp-json\/wp\/v2\/pages\/18"}],"wp:attachment":[{"href":"https:\/\/sites.bu.edu\/veranomadrid22\/wp-json\/wp\/v2\/media?parent=54"}],"curies":[{"name":"wp","href":"https:\/\/api.w.org\/{rel}","templated":true}]}}