{"id":47,"date":"2022-05-26T15:13:01","date_gmt":"2022-05-26T19:13:01","guid":{"rendered":"https:\/\/sites.bu.edu\/veranomadrid22\/?page_id=47"},"modified":"2022-06-24T08:37:44","modified_gmt":"2022-06-24T12:37:44","slug":"francesca","status":"publish","type":"page","link":"https:\/\/sites.bu.edu\/veranomadrid22\/blogs\/francesca\/","title":{"rendered":"Francesca"},"content":{"rendered":"<p>\u00a1Hola, me llamo Francesca y soy de Nueva Jersey! Soy estudiante de Boston University y estoy estudiando las ciencias pol\u00edticas y tambi\u00e9n el espa\u00f1ol. El a\u00f1o pasado fue mi primer a\u00f1o en la universidad y lo disfrut\u00e9. Aprend\u00ed mucho. En la escuela, soy parte de algunas organizaciones pol\u00edticas en el campus porque son similares a lo que quiero hacer en el futuro.<\/p>\n<p>Cuando no estoy en Boston, me gusta ir a la playa porque las playas de Nueva Jersey son muy populares. Me gusta leer y pasar tiempo con mi hermano menor, Luciano, y mi perro, Biscuit.<\/p>\n<p><a href=\"https:\/\/sites.bu.edu\/veranomadrid22\/2022\/06\/07\/un-fin-de-semana-en-burgos\/\" target=\"_blank\" rel=\"noopener noreferrer\"><strong>Un Fin de Semana en Burgos<\/strong><\/a><\/p>\n<p><a href=\"https:\/\/sites.bu.edu\/veranomadrid22\/2022\/06\/15\/la-piscina-verano-de-la-universidad\/\" target=\"_blank\" rel=\"noopener noreferrer\"><strong>La Piscina de Verano de la Universidad<\/strong><\/a><\/p>\n<p><a href=\"https:\/\/sites.bu.edu\/veranomadrid22\/2022\/06\/24\/un-viaje-a-malaga\/\" target=\"_blank\" rel=\"noopener noreferrer\"><strong>Un viaje a M\u00e1laga<\/strong><\/a><\/p>\n","protected":false},"excerpt":{"rendered":"<p>\u00a1Hola, me llamo Francesca y soy de Nueva Jersey! Soy estudiante de Boston University y estoy estudiando las ciencias pol\u00edticas y tambi\u00e9n el espa\u00f1ol. El a\u00f1o pasado fue mi primer a\u00f1o en la universidad y lo disfrut\u00e9. Aprend\u00ed mucho. En la escuela, soy parte de algunas organizaciones pol\u00edticas en el campus porque son similares a [&hellip;]<\/p>\n","protected":false},"author":5659,"featured_media":0,"parent":18,"menu_order":9,"comment_status":"closed","ping_status":"closed","template":"","meta":[],"_links":{"self":[{"href":"https:\/\/sites.bu.edu\/veranomadrid22\/wp-json\/wp\/v2\/pages\/47"}],"collection":[{"href":"https:\/\/sites.bu.edu\/veranomadrid22\/wp-json\/wp\/v2\/pages"}],"about":[{"href":"https:\/\/sites.bu.edu\/veranomadrid22\/wp-json\/wp\/v2\/types\/page"}],"author":[{"embeddable":true,"href":"https:\/\/sites.bu.edu\/veranomadrid22\/wp-json\/wp\/v2\/users\/5659"}],"replies":[{"embeddable":true,"href":"https:\/\/sites.bu.edu\/veranomadrid22\/wp-json\/wp\/v2\/comments?post=47"}],"version-history":[{"count":5,"href":"https:\/\/sites.bu.edu\/veranomadrid22\/wp-json\/wp\/v2\/pages\/47\/revisions"}],"predecessor-version":[{"id":288,"href":"https:\/\/sites.bu.edu\/veranomadrid22\/wp-json\/wp\/v2\/pages\/47\/revisions\/288"}],"up":[{"embeddable":true,"href":"https:\/\/sites.bu.edu\/veranomadrid22\/wp-json\/wp\/v2\/pages\/18"}],"wp:attachment":[{"href":"https:\/\/sites.bu.edu\/veranomadrid22\/wp-json\/wp\/v2\/media?parent=47"}],"curies":[{"name":"wp","href":"https:\/\/api.w.org\/{rel}","templated":true}]}}