{"id":43,"date":"2022-05-26T15:11:11","date_gmt":"2022-05-26T19:11:11","guid":{"rendered":"https:\/\/sites.bu.edu\/veranomadrid22\/?page_id=43"},"modified":"2022-06-26T14:30:21","modified_gmt":"2022-06-26T18:30:21","slug":"kim","status":"publish","type":"page","link":"https:\/\/sites.bu.edu\/veranomadrid22\/blogs\/kim\/","title":{"rendered":"Kim"},"content":{"rendered":"<p>\u00a1Hola! Me llamo Kim. Soy de Filadelfia. Actualmente soy estudiante de la Universidad de Boston y empezar\u00e9 mi \u00faltimo a\u00f1o en el oto\u00f1o. Estudio psicolog\u00eda y espa\u00f1ol ah\u00ed y tambi\u00e9n soy pre-med. Me gustar\u00eda ir a una facultad de medicina despu\u00e9s de la universidad para realizar mis sue\u00f1os de ser psiquiatra. Me enamor\u00e9 del espa\u00f1ol y la cultura de Latinoam\u00e9rica cuando estaba en la escuela secundaria. Decid\u00ed continuar estudi\u00e1ndolo en la universidad porque quer\u00eda alcanzar un nivel de fluidez para hablar con mis futuros pacientes si son latinos o espa\u00f1oles en su idioma natal.<\/p>\n<p><a href=\"https:\/\/sites.bu.edu\/veranomadrid22\/2022\/06\/06\/un-paseo-por-el-parque\/\" target=\"_blank\" rel=\"noopener noreferrer\"><strong>Un paseo por el parque<\/strong><\/a><\/p>\n<p><a href=\"https:\/\/sites.bu.edu\/veranomadrid22\/2022\/06\/15\/concierto-en-la-sala-but\/\" target=\"_blank\" rel=\"noopener noreferrer\"><strong>Concierto en La Sala But<\/strong><\/a><\/p>\n<p><a href=\"https:\/\/sites.bu.edu\/veranomadrid22\/2022\/06\/26\/un-domingo-en-madrid-el-rastro-y-mas\/\" target=\"_blank\" rel=\"noopener noreferrer\"><strong>Un Domingo en Madrid: El Rastro y m\u00e1s<\/strong><\/a><\/p>\n","protected":false},"excerpt":{"rendered":"<p>\u00a1Hola! Me llamo Kim. Soy de Filadelfia. Actualmente soy estudiante de la Universidad de Boston y empezar\u00e9 mi \u00faltimo a\u00f1o en el oto\u00f1o. Estudio psicolog\u00eda y espa\u00f1ol ah\u00ed y tambi\u00e9n soy pre-med. Me gustar\u00eda ir a una facultad de medicina despu\u00e9s de la universidad para realizar mis sue\u00f1os de ser psiquiatra. Me enamor\u00e9 del espa\u00f1ol [&hellip;]<\/p>\n","protected":false},"author":5659,"featured_media":0,"parent":18,"menu_order":8,"comment_status":"closed","ping_status":"closed","template":"","meta":[],"_links":{"self":[{"href":"https:\/\/sites.bu.edu\/veranomadrid22\/wp-json\/wp\/v2\/pages\/43"}],"collection":[{"href":"https:\/\/sites.bu.edu\/veranomadrid22\/wp-json\/wp\/v2\/pages"}],"about":[{"href":"https:\/\/sites.bu.edu\/veranomadrid22\/wp-json\/wp\/v2\/types\/page"}],"author":[{"embeddable":true,"href":"https:\/\/sites.bu.edu\/veranomadrid22\/wp-json\/wp\/v2\/users\/5659"}],"replies":[{"embeddable":true,"href":"https:\/\/sites.bu.edu\/veranomadrid22\/wp-json\/wp\/v2\/comments?post=43"}],"version-history":[{"count":4,"href":"https:\/\/sites.bu.edu\/veranomadrid22\/wp-json\/wp\/v2\/pages\/43\/revisions"}],"predecessor-version":[{"id":303,"href":"https:\/\/sites.bu.edu\/veranomadrid22\/wp-json\/wp\/v2\/pages\/43\/revisions\/303"}],"up":[{"embeddable":true,"href":"https:\/\/sites.bu.edu\/veranomadrid22\/wp-json\/wp\/v2\/pages\/18"}],"wp:attachment":[{"href":"https:\/\/sites.bu.edu\/veranomadrid22\/wp-json\/wp\/v2\/media?parent=43"}],"curies":[{"name":"wp","href":"https:\/\/api.w.org\/{rel}","templated":true}]}}