{"id":40,"date":"2022-05-26T15:09:47","date_gmt":"2022-05-26T19:09:47","guid":{"rendered":"https:\/\/sites.bu.edu\/veranomadrid22\/?page_id=40"},"modified":"2022-06-28T15:29:40","modified_gmt":"2022-06-28T19:29:40","slug":"zoe","status":"publish","type":"page","link":"https:\/\/sites.bu.edu\/veranomadrid22\/blogs\/zoe\/","title":{"rendered":"Zoe"},"content":{"rendered":"<p>\u00a1Hola a todos! Me llamo Zoe y este es mi primer blog para Madrid en Vivo. En oto\u00f1o estar\u00e9 en mi \u00faltimo a\u00f1o de escuela en Boston University y mi concentraci\u00f3n es la ling\u00fc\u00edstica y la logopedia. Me encanta cantar y estoy en un grupo de <em>acapella<\/em> en BU. Como tengo un gran amor por la m\u00fasica, siempre tengo auriculares en las orejas o tengo una canci\u00f3n en la mente y estoy bailando. Estoy un poco nerviosa por este gran cambio de cultura, horario e idioma, pero me emociona vivir fuera de mi zona de comodidad.<\/p>\n<p><a href=\"https:\/\/sites.bu.edu\/veranomadrid22\/2022\/06\/06\/desde-ansiedad-hasta-diversion\/\" target=\"_blank\" rel=\"noopener noreferrer\"><strong>Desde ansiedad hasta diversi\u00f3n<\/strong><\/a><\/p>\n<p><strong><a href=\"https:\/\/sites.bu.edu\/veranomadrid22\/2022\/06\/15\/vamos-a-alicante\/\" target=\"_blank\" rel=\"noopener noreferrer\">\u00bfVamos a Alicante?<\/a><\/strong><\/p>\n<p><a href=\"https:\/\/sites.bu.edu\/veranomadrid22\/2022\/06\/28\/tengo-amigas\/\" target=\"_blank\" rel=\"noopener noreferrer\"><strong>\u00a1Tengo Amigas!<\/strong><\/a><\/p>\n","protected":false},"excerpt":{"rendered":"<p>\u00a1Hola a todos! Me llamo Zoe y este es mi primer blog para Madrid en Vivo. En oto\u00f1o estar\u00e9 en mi \u00faltimo a\u00f1o de escuela en Boston University y mi concentraci\u00f3n es la ling\u00fc\u00edstica y la logopedia. Me encanta cantar y estoy en un grupo de acapella en BU. Como tengo un gran amor por [&hellip;]<\/p>\n","protected":false},"author":5659,"featured_media":0,"parent":18,"menu_order":7,"comment_status":"closed","ping_status":"closed","template":"","meta":[],"_links":{"self":[{"href":"https:\/\/sites.bu.edu\/veranomadrid22\/wp-json\/wp\/v2\/pages\/40"}],"collection":[{"href":"https:\/\/sites.bu.edu\/veranomadrid22\/wp-json\/wp\/v2\/pages"}],"about":[{"href":"https:\/\/sites.bu.edu\/veranomadrid22\/wp-json\/wp\/v2\/types\/page"}],"author":[{"embeddable":true,"href":"https:\/\/sites.bu.edu\/veranomadrid22\/wp-json\/wp\/v2\/users\/5659"}],"replies":[{"embeddable":true,"href":"https:\/\/sites.bu.edu\/veranomadrid22\/wp-json\/wp\/v2\/comments?post=40"}],"version-history":[{"count":7,"href":"https:\/\/sites.bu.edu\/veranomadrid22\/wp-json\/wp\/v2\/pages\/40\/revisions"}],"predecessor-version":[{"id":343,"href":"https:\/\/sites.bu.edu\/veranomadrid22\/wp-json\/wp\/v2\/pages\/40\/revisions\/343"}],"up":[{"embeddable":true,"href":"https:\/\/sites.bu.edu\/veranomadrid22\/wp-json\/wp\/v2\/pages\/18"}],"wp:attachment":[{"href":"https:\/\/sites.bu.edu\/veranomadrid22\/wp-json\/wp\/v2\/media?parent=40"}],"curies":[{"name":"wp","href":"https:\/\/api.w.org\/{rel}","templated":true}]}}