{"id":37,"date":"2022-05-26T15:07:52","date_gmt":"2022-05-26T19:07:52","guid":{"rendered":"https:\/\/sites.bu.edu\/veranomadrid22\/?page_id=37"},"modified":"2022-06-29T13:38:20","modified_gmt":"2022-06-29T17:38:20","slug":"malvi","status":"publish","type":"page","link":"https:\/\/sites.bu.edu\/veranomadrid22\/blogs\/malvi\/","title":{"rendered":"Malvi"},"content":{"rendered":"<p>\u00a1Hola! Me llamo Malvika pero todos me llaman Malvi y tengo 21 a\u00f1os. Soy estudiante de Boston University y voy a empezar mi cuarto y \u00faltimo a\u00f1o en septiembre. Estudio psicolog\u00eda y espa\u00f1ol. Despu\u00e9s de la universidad me gustar\u00eda ser psic\u00f3loga y centrarme en la psicolog\u00eda de los ni\u00f1os. Mi familia y yo nos mudamos un poco entonces he vivido en tres pa\u00edses, y he viajado a m\u00e1s de treinta. Ahora mi familia vive en Dubai. En mi tiempo libre me gusta correr, buscar nuevos restaurantes, escuchar m\u00fasica y salir con mis amigos.<\/p>\n<p><a href=\"https:\/\/sites.bu.edu\/veranomadrid22\/2022\/06\/06\/madrid-una-aventura\/\" target=\"_blank\" rel=\"noopener noreferrer\"><strong>Madrid: Una Aventura<\/strong><\/a><\/p>\n<p><a href=\"https:\/\/sites.bu.edu\/veranomadrid22\/2022\/06\/13\/diario-de-nuestros-viajes\/\" target=\"_blank\" rel=\"noopener noreferrer\"><strong>Diario de nuestros viajes<\/strong><\/a><\/p>\n<p><a href=\"https:\/\/sites.bu.edu\/veranomadrid22\/2022\/06\/29\/hasta-la-proxima-madrid\/\" target=\"_blank\" rel=\"noopener noreferrer\"><strong>\u00a1Hasta la pr\u00f3xima, Madrid!<\/strong><\/a><\/p>\n","protected":false},"excerpt":{"rendered":"<p>\u00a1Hola! Me llamo Malvika pero todos me llaman Malvi y tengo 21 a\u00f1os. Soy estudiante de Boston University y voy a empezar mi cuarto y \u00faltimo a\u00f1o en septiembre. Estudio psicolog\u00eda y espa\u00f1ol. Despu\u00e9s de la universidad me gustar\u00eda ser psic\u00f3loga y centrarme en la psicolog\u00eda de los ni\u00f1os. Mi familia y yo nos mudamos [&hellip;]<\/p>\n","protected":false},"author":5659,"featured_media":0,"parent":18,"menu_order":6,"comment_status":"closed","ping_status":"closed","template":"","meta":[],"_links":{"self":[{"href":"https:\/\/sites.bu.edu\/veranomadrid22\/wp-json\/wp\/v2\/pages\/37"}],"collection":[{"href":"https:\/\/sites.bu.edu\/veranomadrid22\/wp-json\/wp\/v2\/pages"}],"about":[{"href":"https:\/\/sites.bu.edu\/veranomadrid22\/wp-json\/wp\/v2\/types\/page"}],"author":[{"embeddable":true,"href":"https:\/\/sites.bu.edu\/veranomadrid22\/wp-json\/wp\/v2\/users\/5659"}],"replies":[{"embeddable":true,"href":"https:\/\/sites.bu.edu\/veranomadrid22\/wp-json\/wp\/v2\/comments?post=37"}],"version-history":[{"count":5,"href":"https:\/\/sites.bu.edu\/veranomadrid22\/wp-json\/wp\/v2\/pages\/37\/revisions"}],"predecessor-version":[{"id":356,"href":"https:\/\/sites.bu.edu\/veranomadrid22\/wp-json\/wp\/v2\/pages\/37\/revisions\/356"}],"up":[{"embeddable":true,"href":"https:\/\/sites.bu.edu\/veranomadrid22\/wp-json\/wp\/v2\/pages\/18"}],"wp:attachment":[{"href":"https:\/\/sites.bu.edu\/veranomadrid22\/wp-json\/wp\/v2\/media?parent=37"}],"curies":[{"name":"wp","href":"https:\/\/api.w.org\/{rel}","templated":true}]}}