{"id":34,"date":"2022-05-26T15:05:27","date_gmt":"2022-05-26T19:05:27","guid":{"rendered":"https:\/\/sites.bu.edu\/veranomadrid22\/?page_id=34"},"modified":"2022-06-25T15:14:44","modified_gmt":"2022-06-25T19:14:44","slug":"arjun","status":"publish","type":"page","link":"https:\/\/sites.bu.edu\/veranomadrid22\/blogs\/arjun\/","title":{"rendered":"Arjun"},"content":{"rendered":"<p>\u00a1Hola! Yo me llamo Arjun y estoy encantando de estar en Espa\u00f1a porque es mi primera vez aqu\u00ed y siempre he querido venir. Me fascina aprender y hablar espa\u00f1ol y estoy muy emociando por tener esta oportunidad de estar en una cultura que para m\u00ed es completamente nueva. Ahora mismo soy estudiante de Boston University y estoy estudiando la inform\u00e1tica y la f\u00edsica. En mis ratos libres me gusta jugar al f\u00fatbol y tocar la guitarra, y he estado haciendo ambas cosas desde peque\u00f1o. \u00a1Hasta pronto!<\/p>\n<p><a href=\"https:\/\/sites.bu.edu\/veranomadrid22\/2022\/06\/03\/campeones\/\" target=\"_blank\" rel=\"noopener noreferrer\"><strong>\u00a1Campeones!<\/strong><\/a><\/p>\n<p><a href=\"https:\/\/sites.bu.edu\/veranomadrid22\/2022\/06\/14\/comida\/\" target=\"_blank\" rel=\"noopener noreferrer\"><strong>Comida<\/strong><\/a><\/p>\n<p><a href=\"https:\/\/sites.bu.edu\/veranomadrid22\/2022\/06\/25\/la-amabilidad-de-la-gente-espanola\/\" target=\"_blank\" rel=\"noopener noreferrer\"><strong>La Amabilidad de la Gente Espa\u00f1ola<\/strong><\/a><\/p>\n","protected":false},"excerpt":{"rendered":"<p>\u00a1Hola! Yo me llamo Arjun y estoy encantando de estar en Espa\u00f1a porque es mi primera vez aqu\u00ed y siempre he querido venir. Me fascina aprender y hablar espa\u00f1ol y estoy muy emociando por tener esta oportunidad de estar en una cultura que para m\u00ed es completamente nueva. Ahora mismo soy estudiante de Boston University [&hellip;]<\/p>\n","protected":false},"author":5659,"featured_media":0,"parent":18,"menu_order":5,"comment_status":"closed","ping_status":"closed","template":"","meta":[],"_links":{"self":[{"href":"https:\/\/sites.bu.edu\/veranomadrid22\/wp-json\/wp\/v2\/pages\/34"}],"collection":[{"href":"https:\/\/sites.bu.edu\/veranomadrid22\/wp-json\/wp\/v2\/pages"}],"about":[{"href":"https:\/\/sites.bu.edu\/veranomadrid22\/wp-json\/wp\/v2\/types\/page"}],"author":[{"embeddable":true,"href":"https:\/\/sites.bu.edu\/veranomadrid22\/wp-json\/wp\/v2\/users\/5659"}],"replies":[{"embeddable":true,"href":"https:\/\/sites.bu.edu\/veranomadrid22\/wp-json\/wp\/v2\/comments?post=34"}],"version-history":[{"count":4,"href":"https:\/\/sites.bu.edu\/veranomadrid22\/wp-json\/wp\/v2\/pages\/34\/revisions"}],"predecessor-version":[{"id":295,"href":"https:\/\/sites.bu.edu\/veranomadrid22\/wp-json\/wp\/v2\/pages\/34\/revisions\/295"}],"up":[{"embeddable":true,"href":"https:\/\/sites.bu.edu\/veranomadrid22\/wp-json\/wp\/v2\/pages\/18"}],"wp:attachment":[{"href":"https:\/\/sites.bu.edu\/veranomadrid22\/wp-json\/wp\/v2\/media?parent=34"}],"curies":[{"name":"wp","href":"https:\/\/api.w.org\/{rel}","templated":true}]}}