{"id":23,"date":"2022-05-26T14:58:10","date_gmt":"2022-05-26T18:58:10","guid":{"rendered":"https:\/\/sites.bu.edu\/veranomadrid22\/?page_id=23"},"modified":"2022-06-28T08:57:22","modified_gmt":"2022-06-28T12:57:22","slug":"tillie","status":"publish","type":"page","link":"https:\/\/sites.bu.edu\/veranomadrid22\/blogs\/tillie\/","title":{"rendered":"Tillie"},"content":{"rendered":"<p>Mi nombre es Matilda, pero siempre me han llamado Tillie. Soy de Connecticut. Estudio en Kenyon College, en Ohio. Estudio el espa\u00f1ol, la historia del arte y la qu\u00edmica. Toco el chelo y estoy en la orquesta de mi universidad. Me gusta ver la televisi\u00f3n, leer, cocinar y comer, ir a museos, pasear por los parques y explorar Madrid. Me encanta ser organizada y planificar las cosas, pero estoy aprendiendo que esto no suele ser el estilo espa\u00f1ol. No me gusta el calor, pero disfruto de la fresca de las noches aqu\u00ed.<\/p>\n<p><a href=\"https:\/\/sites.bu.edu\/veranomadrid22\/2022\/06\/03\/mis-dos-primeras-semanas-en-espana\/\" target=\"_blank\" rel=\"noopener noreferrer\"><strong>Mis dos primeras semanas en Espa\u00f1a<\/strong><\/a><\/p>\n<p><a href=\"https:\/\/sites.bu.edu\/veranomadrid22\/blogs\/tillie\/un-fin-de-semana-en-lisboa\/\" target=\"_blank\" rel=\"noopener noreferrer\"><strong>Un fin de semana en Lisboa<\/strong><\/a><\/p>\n<p><a href=\"https:\/\/sites.bu.edu\/veranomadrid22\/2022\/06\/28\/un-fin-de-semana-en-niza\/\" target=\"_blank\" rel=\"noopener noreferrer\"><strong>\u00a1Un fin de semana en Niza!<\/strong><\/a><\/p>\n","protected":false},"excerpt":{"rendered":"<p>Mi nombre es Matilda, pero siempre me han llamado Tillie. Soy de Connecticut. Estudio en Kenyon College, en Ohio. Estudio el espa\u00f1ol, la historia del arte y la qu\u00edmica. Toco el chelo y estoy en la orquesta de mi universidad. Me gusta ver la televisi\u00f3n, leer, cocinar y comer, ir a museos, pasear por los [&hellip;]<\/p>\n","protected":false},"author":5659,"featured_media":0,"parent":18,"menu_order":1,"comment_status":"closed","ping_status":"closed","template":"","meta":[],"_links":{"self":[{"href":"https:\/\/sites.bu.edu\/veranomadrid22\/wp-json\/wp\/v2\/pages\/23"}],"collection":[{"href":"https:\/\/sites.bu.edu\/veranomadrid22\/wp-json\/wp\/v2\/pages"}],"about":[{"href":"https:\/\/sites.bu.edu\/veranomadrid22\/wp-json\/wp\/v2\/types\/page"}],"author":[{"embeddable":true,"href":"https:\/\/sites.bu.edu\/veranomadrid22\/wp-json\/wp\/v2\/users\/5659"}],"replies":[{"embeddable":true,"href":"https:\/\/sites.bu.edu\/veranomadrid22\/wp-json\/wp\/v2\/comments?post=23"}],"version-history":[{"count":4,"href":"https:\/\/sites.bu.edu\/veranomadrid22\/wp-json\/wp\/v2\/pages\/23\/revisions"}],"predecessor-version":[{"id":331,"href":"https:\/\/sites.bu.edu\/veranomadrid22\/wp-json\/wp\/v2\/pages\/23\/revisions\/331"}],"up":[{"embeddable":true,"href":"https:\/\/sites.bu.edu\/veranomadrid22\/wp-json\/wp\/v2\/pages\/18"}],"wp:attachment":[{"href":"https:\/\/sites.bu.edu\/veranomadrid22\/wp-json\/wp\/v2\/media?parent=23"}],"curies":[{"name":"wp","href":"https:\/\/api.w.org\/{rel}","templated":true}]}}