{"id":3606,"date":"2015-02-23T17:03:02","date_gmt":"2015-02-23T17:03:02","guid":{"rendered":"http:\/\/www.urbanarch.org\/?page_id=3606"},"modified":"2015-11-18T12:01:16","modified_gmt":"2015-11-18T17:01:16","slug":"urban-arch-newsletter-4","status":"publish","type":"page","link":"https:\/\/sites.bu.edu\/urbanarch\/urban-arch-newsletter-4\/","title":{"rendered":"URBAN ARCH Newsletter"},"content":{"rendered":"<h2 style=\"text-align: right;\"><span style=\"color: #000000;\">Volume 2, Issue 1<\/span><\/h2>\n<h2 style=\"text-align: right;\"><span style=\"color: #000000;\">January 2015 &#8211; March 2015<\/span><\/h2>\n<hr \/>\n<p style=\"font-size: 10px; text-align: center; margin-bottom: 10px;\"><span style=\"color: #000000;\">Check out the current issue of URBAN ARCH News, the quarterly newsletter bringing you news based on the latest URBAN ARCH and related research<\/span><\/p>\n<hr \/>\n<p><strong><span style=\"font-size: 13px; font-family: Arial;\"><span style=\"color: #000000;\">What is the URBAN ARCH Data and Sample Repository and How Can You Access It?<\/span><\/span><\/strong><\/p>\n<p><span style=\"color: #000000;\">The URBAN ARCH data and sample <a href=\"https:\/\/sites.bu.edu\/urbanarch\/resources\/data-sample-repository\/\">repository<\/a> is an important resource for the consortium\u2019s investigation of alcohol-related outcomes in HIV-infected individuals domestically and internationally. The repository holds data and biological specimens collected from URBAN ARCH\u2019s three cohorts (<a title=\"URBAN ARCH UGANDA COHORT\" href=\"https:\/\/sites.bu.edu\/urbanarch\/about-us\/urban-arch-uganda-cohort\/\">Uganda<\/a>, <a title=\"URBAN ARCH RUSSIA COHORT\" href=\"https:\/\/sites.bu.edu\/urbanarch\/about-us\/urban-arch-russia-cohort\/\">Russia<\/a>, and <a title=\"URBAN ARCH BOSTON COHORT\" href=\"https:\/\/sites.bu.edu\/urbanarch\/about-us\/urban-arch-boston-cohort\/\">Boston<\/a>), as well as affiliated studies. The repository aims to [1] foster cross-cohort studies, and [2] encourage collaboration with external investigators from around the world. <\/span><\/p>\n<p><span style=\"color: #000000;\">The URBAN ARCH data repository is maintained by the Biostatistics and Data Management (BDM) Core staff and securely stored on servers managed by the Boston University Medical Campus Office of Information Technology.\u00a0 Depending on the project, analyses with repository data may be performed by the BDM or by the external investigators requesting the data. The URBAN ARCH sample repository is overseen by both the Administrative (Admin) and BDM Cores. Freezers are professionally managed by staff from the General Clinical Research Unit (GCRU) under the umbrella of the BU Clinical and Translational Science Institute (CTSI), and physically housed on the BU Medical Campus. Investigators interested in using data and\/or samples from the repository are encouraged to learn what data\/samples are available <a href=\"https:\/\/sites.bu.edu\/urbanarch\/resources\/data-sample-repository\/\">here<\/a> and contact an URBAN ARCH investigator or Administrative Director,\u00a0<a href=\"mailto:carly.bridden@bmc.org\" target=\"_blank\">Carly Bridden<\/a>. A written request outlining the proposed study question will be reviewed by the URBAN ARCH Steering Committee prior to release of data or samples. Priority will be given to questions that address both alcohol and HIV research issues.<\/span><\/p>\n<p><span style=\"color: #000000;\">The URBAN ARCH data and sample\u00a0<a href=\"https:\/\/sites.bu.edu\/urbanarch\/resources\/data-sample-repository\/\" target=\"_blank\">repository<\/a> is poised to become not only a central data bank of the URBAN ARCH Consortium, but a resource for investigators seeking to understand alcohol&#8217;s impact on HIV disease and efforts to mitigate alcohol&#8217;s adverse consequences on people living with HIV both domestically and internationally.<\/span><\/p>\n<p><span style=\"color: #000000;\"><a href=\"https:\/\/sites.bu.edu\/urbanarch\/files\/2015\/02\/Repository-USE.jpg\"><img loading=\"lazy\" width=\"780\" height=\"180\" title=\"Repository-USE\" class=\"alignnone size-full wp-image-3900\" alt=\"\" src=\"https:\/\/sites.bu.edu\/urbanarch\/files\/2015\/02\/Repository-USE.jpg\" \/><\/a><\/span><\/p>\n<p style=\"font-size: 11px; margin-bottom: 11px; text-align: center;\"><em><span style=\"color: #000000;\">Pictures (l-r): 1)Jeffrey Samet (PI) with repository freezer; 2) Carly Bridden (Administrative Director) with a shipment of samples; and 3) Tasha Coughlin (BDM Core) &amp; Jeffrey Samet.<\/span><\/em><\/p>\n<hr \/>\n<p><span style=\"color: #000000;\"><a href=\"https:\/\/sites.bu.edu\/urbanarch\/files\/2015\/02\/Repository-USE.jpg\"><strong><span style=\"font-size: 13px;\"> <\/span><\/strong><\/a><strong><a title=\"News Archive\" href=\"https:\/\/sites.bu.edu\/urbanarch\/homepage\/news-archive\/\"><span style=\"font-size: 13px; font-family: Arial;\">In the News<\/span><\/a><\/strong><\/span><\/p>\n<ul>\n<li><span style=\"font-size: 12px; font-family: Arial;\"><span style=\"color: #000000;\"><a href=\"https:\/\/sites.bu.edu\/urbanarch\/3249-2\/\">SAVE THE DATE &#8211; URBAN ARCH ANNUAL MEETING<\/a>: April 28-29, 2015; BU Medical Campus<\/span><\/span><\/li>\n<li><span style=\"color: #000000;\"><span style=\"font-size: 12px;\">Presentation at <\/span><a style=\"font-size: 12px; font-family: Arial;\" href=\"http:\/\/www.asam.org\/education\/the-asam-annual-conference\">2015 American Society of Addiction Medicine Conference<\/a><span style=\"font-size: 12px;\">: Chronic Pain Management In HIV\/HCV Co-infected: Complexities and Opportunities (Samet), as part of the &#8220;Clinical Management of Substance Abusers with Co-Occurring HIV and HCV Infections&#8221; session on April 25, 2015 at 11:00 AM &#8211; 12:30 PM.<\/span><\/span><\/li>\n<li><span style=\"color: #000000;\"><span style=\"font-size: 12px;\">Symposium accepted at <\/span><a style=\"font-size: 12px; font-family: Arial;\" href=\"http:\/\/www.rsoa.org\/2015meet-indexAbs.htm\">2015 Research Society for Alcoholism Meeting<\/a><span style=\"font-size: 12px;\">: Medical consequences of alcohol use among people living with HIV (Samet and Bryant), with two URBAN ARCH presentations: \u201cLifetime alcohol consumption and bone mineral density in HIV-infected adults with substance dependence\u201d (Saitz) and \u201cUnhealthy alcohol use and HIV disease progression in two ART na\u00efve Ugandan cohorts\u201d (Hahn). <\/span><\/span><\/li>\n<li><span style=\"color: #000000;\"><span style=\"font-size: 12px;\">Presentation accepted as part of a symposium at <\/span><a style=\"font-size: 12px; font-family: Arial;\" href=\"http:\/\/www.rsoa.org\/2015meet-indexAbs.htm\">2015 Research Society for Alcoholism Meeting<\/a><span style=\"font-size: 12px;\">: Alcohol and condom use at a most recent sexual event among HIV-infected Ugandan adults (Woolf-King).<\/span><\/span><\/li>\n<li><span style=\"color: #000000;\"><span style=\"font-size: 12px;\">Abstract accepted for poster presentation at <\/span><a style=\"font-size: 12px; font-family: Arial;\" href=\"http:\/\/americanpainsociety.org\/annual-meeting\/upcoming-annual-meeting\/overview\">American Pain Society\u2019s Annual Scientific Meeting 2015<\/a><span style=\"font-size: 12px;\">: Pain and mortality among HIV-infected persons with alcohol problems (Tsui et al.)<\/span><\/span><\/li>\n<li><span style=\"color: #000000;\"><span style=\"font-size: 12px;\">In the News: <\/span><a style=\"font-size: 12px; font-family: Arial;\" href=\"http:\/\/www.nytimes.com\/2014\/12\/23\/health\/for-heroin-users-less-may-be-worse-for-hiv-.html?ref=science&amp;_r=1\">For Heroin Users, Less May Reduce Immune Cells<\/a><span style=\"font-size: 12px;\"> (Edelman) <\/span><\/span><\/li>\n<li><span style=\"color: #000000;\"><span style=\"font-size: 12px;\">In the News: <\/span><a style=\"font-size: 12px; font-family: Arial;\" href=\"http:\/\/www.bu.edu\/sph\/files\/2013\/06\/Sphere-Fall2014.pdf\">Calling it straight on alcohol<\/a><span style=\"font-size: 12px;\"> (Saitz and Samet)<\/span><\/span><\/li>\n<li><span style=\"color: #000000;\"><span style=\"font-size: 12px;\">Abstract accepted for poster presentation at <\/span><a style=\"font-size: 12px; font-family: Arial;\" href=\"http:\/\/www.einstein.yu.edu\/centers\/center-for-aids-research\/cfar-womens-symposium\/\">Einstein-Montefiore CFAR HIV symposium<\/a><span style=\"font-size: 12px;\"> 2014: Prevalence and factors associated with depressive symptoms amongst HIV+ pre-ART patients in Mbarara (Adong et al.)<\/span><\/span><\/li>\n<\/ul>\n<hr \/>\n<p><strong><span style=\"font-size: 13px; font-family: Arial;\"><span style=\"color: #000000;\"><span style=\"font-family: Georgia, 'Times New Roman', 'Bitstream Charter', Times, serif;\"><span style=\"font-size: 12.7272720336914px; font-weight: normal;\"><span style=\"color: #000000;\"><img loading=\"lazy\" width=\"85\" height=\"94\" title=\"uganda_hahn\" class=\"size-full wp-image-754 alignleft\" alt=\"\" src=\"https:\/\/sites.bu.edu\/urbanarch\/files\/2015\/02\/uganda_hahn.jpg\" \/><\/span><\/span><\/span><\/span><\/span><\/strong><\/p>\n<p><a title=\"Spotlight on\u2026Judith Hahn\" href=\"https:\/\/sites.bu.edu\/urbanarch\/spotlight-on-judy-hahn\/\"><span style=\"color: #000000;\"><strong><span style=\"font-size: 13px;\">S<\/span><\/strong><strong><span style=\"font-size: 13px;\">potlight on&#8230;Judith Hahn<\/span><\/strong><\/span><\/a><\/p>\n<p><span style=\"color: #000000;\"><span style=\"font-size: 12px;\">In this issue, we inte<\/span><span style=\"font-size: 12px;\">rview Judith Hahn, PhD, MA, Principal Investigator of the Uganda ARCH Cohort and Associate Professor of Medicine at the University of California San Francisco School of Medicine.<\/span><\/span><\/p>\n<p>&nbsp;<\/p>\n<hr \/>\n<p><strong><span style=\"font-size: 13px; font-family: Arial;\"><span style=\"color: #000000;\"><span style=\"color: #000000;\"><a href=\"https:\/\/sites.bu.edu\/urbanarch\/core-and-cohort-updates-5\/\"><span style=\"color: #000000;\">On The Ground<\/span><\/a><\/span><\/span><\/span><\/strong><\/p>\n<p style=\"font-size: 12px; margin-bottom: 5px;\"><span style=\"color: #000000;\">Click on the buttons to see what the URBAN ARCH Cohorts and Cores have been working on.<\/span><\/p>\n<table width=\"100%\" style=\"font-family: arial; color: black; font-size: 12px; vertical-align: middle;\" border=\"0\" cellspacing=\"0\" cellpadding=\"0\">\n<tbody>\n<tr align=\"center\">\n<td width=\"92\" style=\"vertical-align: middle; text-align: center;\"><a href=\"https:\/\/sites.bu.edu\/urbanarch\/core-and-cohort-updates-5\/#admincore\"><span style=\"color: #000000;\"><img loading=\"lazy\" width=\"108\" height=\"30\" title=\"Admin Core\" class=\"alignnone size-full wp-image-1723\" alt=\"\" src=\"https:\/\/sites.bu.edu\/urbanarch\/files\/2014\/04\/Admin-Core1.jpg\" \/><\/span><\/a><\/td>\n<td width=\"92\" style=\"vertical-align: middle; text-align: center;\"><a href=\"https:\/\/sites.bu.edu\/urbanarch\/core-and-cohort-updates-5#bdmcore\"><span style=\"color: #000000;\"><img loading=\"lazy\" width=\"108\" height=\"30\" title=\"BDM Core\" class=\"alignnone size-full wp-image-1725\" alt=\"\" src=\"https:\/\/sites.bu.edu\/urbanarch\/files\/2014\/04\/BDM-Core.jpg\" \/><\/span><\/a><\/td>\n<td width=\"92\" style=\"vertical-align: middle; text-align: center;\"><a href=\"https:\/\/sites.bu.edu\/urbanarch\/core-and-cohort-updates-5#uganda\"><span style=\"color: #000000;\"><img loading=\"lazy\" width=\"108\" height=\"30\" title=\"Uganda Cohort\" class=\"alignnone size-full wp-image-1726\" alt=\"\" src=\"https:\/\/sites.bu.edu\/urbanarch\/files\/2014\/04\/Uganda-Cohort.jpg\" \/><\/span><\/a><\/td>\n<td width=\"92\" style=\"vertical-align: middle; text-align: center;\"><a href=\"https:\/\/sites.bu.edu\/urbanarch\/core-and-cohort-updates-5#russia\"><span style=\"color: #000000;\"><img loading=\"lazy\" width=\"108\" height=\"30\" title=\"Russia Cohort\" class=\"alignnone size-full wp-image-1727\" alt=\"\" src=\"https:\/\/sites.bu.edu\/urbanarch\/files\/2014\/04\/Russia-Cohort.jpg\" \/><\/span><\/a><\/td>\n<td width=\"92\" style=\"vertical-align: middle; text-align: center;\"><span style=\"color: #000000;\"><span style=\"color: #000000;\"><span style=\"color: #000000;\"><a href=\"https:\/\/sites.bu.edu\/urbanarch\/core-and-cohort-updates-5#boston\"><img loading=\"lazy\" width=\"108\" height=\"30\" title=\"Boston Cohort\" class=\"alignnone size-full wp-image-1728\" alt=\"\" src=\"https:\/\/sites.bu.edu\/urbanarch\/files\/2014\/04\/Boston-Cohort.jpg\" \/><\/a><\/span><\/span><\/span><\/td>\n<\/tr>\n<\/tbody>\n<\/table>\n<hr \/>\n<p style=\"font-size: 12px;\"><img loading=\"lazy\" width=\"145\" height=\"110\" title=\"zinc bottles\" class=\"size-full wp-image-zinc-bottles alignleft\" style=\"margin-bottom: 0px;\" alt=\"\" src=\"https:\/\/sites.bu.edu\/urbanarch\/files\/2015\/02\/zinc-bottles.jpg\" \/><a title=\"Tips from the Field\u2026\" href=\"https:\/\/sites.bu.edu\/urbanarch\/tips-from-the-field-3\/\"><strong><span style=\"color: #000000;\">Tips from the Field&#8230;<\/span><\/strong><\/a><\/p>\n<p><strong><span style=\"color: #000000;\">Medication Adherence in the ZINC Trial<br \/>\n<\/span><\/strong><\/p>\n<p><span style=\"color: #000000;\">By: Glory Koerbel and Natalia Gnatienko<\/span><\/p>\n<p>&nbsp;<\/p>\n<hr \/>\n<p style=\"margin-bottom: 50px;\"><span style=\"color: #000000; font-size: 13px; font-family: arial;\"><strong><span style=\"color: #000000;\"><span style=\"color: #000000;\"><a title=\"Publications\/Presentations\" href=\"https:\/\/sites.bu.edu\/urbanarch\/publications\/\"><span style=\"color: #000000;\">New URBAN ARCH Publications<\/span><\/a><\/span><\/span><\/strong><\/span><\/p>\n<ul>\n<li><span style=\"color: #000000;\">Samet JH,\u00a0Raj A,\u00a0Cheng DM,\u00a0Blokhina E,\u00a0Bridden C,\u00a0Chaisson CE,\u00a0Walley AY,\u00a0Palfai TP,\u00a0Quinn EK,\u00a0Zvartau E,\u00a0Lioznov D,\u00a0Krupitsky E.<a href=\"http:\/\/www.ncbi.nlm.nih.gov\/pubmed\/25170994\"> HERMITAGE- a randomized controlled trial to reduce sexually transmitted infections and HIV risk behaviors among HIV-infected Russian drinkers.<\/a> Addiction. 2015 Jan; 110(1):80-90.<\/span><\/li>\n<\/ul>\n<hr \/>\n<p><strong><span style=\"font-size: 13px; font-family: Arial;\"><span style=\"color: #000000;\">Notices from NIH<\/span><\/span><\/strong><\/p>\n<ul>\n<li><span style=\"color: #000000;\">Notice of Intent to Publish a Funding Opportunity Announcement for NIAAA Collaborative Partnership on HIV\/AIDS and Alcohol-Related Outcomes Research (U54)\u00a0<a href=\"https:\/\/urldefense.proofpoint.com\/v2\/url?u=http-3A__grants.nih.gov_grants_guide_notice-2Dfiles_NOT-2DAA-2D15-2D004.html&amp;d=AwMCaQ&amp;c=2rxEOw2KLbNB-I14iNYDhE3HM0YslhWt2FDmep0EPOI&amp;r=jzN5apJVESUY7Zxhx1c1w2qkXUEf9LbQpD288LX6YOI&amp;m=BQFA2h2f_SruQAIjpd2hpF2I_qdc9QTf5TTgPxss1EQ&amp;s=Ro64BWvklYuBbpJmeG5AIouFKA3xWlNdaEJQDrc5krw&amp;e=\">(NOT-AA-15-004)<\/a><br \/>\nNational Institute on Alcohol Abuse and Alcoholism<\/span><\/li>\n<li><span style=\"color: #000000;\">Notice of Intent to Publish a Funding Opportunity Announcement for NIAAA Consortiums for HIV\/AIDS and Alcohol Outcomes Research Project (U01)\u00a0<a href=\"https:\/\/urldefense.proofpoint.com\/v2\/url?u=http-3A__grants.nih.gov_grants_guide_notice-2Dfiles_NOT-2DAA-2D15-2D005.html&amp;d=AwMCaQ&amp;c=2rxEOw2KLbNB-I14iNYDhE3HM0YslhWt2FDmep0EPOI&amp;r=jzN5apJVESUY7Zxhx1c1w2qkXUEf9LbQpD288LX6YOI&amp;m=BQFA2h2f_SruQAIjpd2hpF2I_qdc9QTf5TTgPxss1EQ&amp;s=uSOqVv6diSVvoZlkHtvGCIxBdZ0LpUIpnEHNRjUd6A8&amp;e=\">(NOT-AA-15-005)<\/a><br \/>\nNational Institute on Alcohol Abuse and Alcoholism<\/span><\/li>\n<li><span style=\"color: #000000;\">Notice of Intent to Publish a Funding Opportunity Announcement for NIAAA Consortiums for HIV\/AIDS and Alcohol Outcomes Research Administrative Resource (U24)\u00a0<a href=\"https:\/\/urldefense.proofpoint.com\/v2\/url?u=http-3A__grants.nih.gov_grants_guide_notice-2Dfiles_NOT-2DAA-2D15-2D006.html&amp;d=AwMCaQ&amp;c=2rxEOw2KLbNB-I14iNYDhE3HM0YslhWt2FDmep0EPOI&amp;r=jzN5apJVESUY7Zxhx1c1w2qkXUEf9LbQpD288LX6YOI&amp;m=BQFA2h2f_SruQAIjpd2hpF2I_qdc9QTf5TTgPxss1EQ&amp;s=1PI0SZ0KRl4dFCNgeuSgStW7GKn54ATnZDPBb6Wwgqw&amp;e=\">(NOT-AA-15-006)<\/a><br \/>\nNational Institute on Alcohol Abuse and Alcoholism<\/span><\/li>\n<li><span style=\"color: #000000;\">Notice of Intent to Publish a Funding Opportunity Announcement for NIAAA Consortiums for HIV\/AIDS and Alcohol Outcomes Research Resource (U24)\u00a0<a href=\"http:\/\/grants.nih.gov\/grants\/guide\/notice-files\/NOT-AA-15-007.html\">(NOT-AA-15-007)<\/a><br \/>\nNational Institute on Alcohol Abuse and Alcoholism<\/span><\/li>\n<li><span style=\"color: #000000;\">New Biographical Sketch Format Required for NIH and AHRQ Grant Applications Submitted for Due Dates on or After May 25, 2015\u00a0<a href=\"https:\/\/urldefense.proofpoint.com\/v2\/url?u=http-3A__grants.nih.gov_grants_guide_notice-2Dfiles_NOT-2DOD-2D15-2D032.html&amp;d=AAMCaQ&amp;c=2rxEOw2KLbNB-I14iNYDhE3HM0YslhWt2FDmep0EPOI&amp;r=jzN5apJVESUY7Zxhx1c1w2qkXUEf9LbQpD288LX6YOI&amp;m=ABU78kF7tVl7_FOX7zfvJUC11N8ePFfTxZUiVstm1LM&amp;s=GFW6qZYil755DNax9kFFILqdQBBfkznwxlSoMX7T9IU&amp;e=\" target=\"_blank\">(NOT-OD-15-032)<\/a><br \/>\nOffice of the Director, NIH<\/span><\/li>\n<\/ul>\n<hr \/>\n<p><strong><span style=\"font-size: 13px; font-family: Arial;\"><span style=\"color: #000000;\"><span style=\"color: #000000;\"><span style=\"color: #000000;\"><a title=\"Selected Funding Opportunities\" href=\"https:\/\/sites.bu.edu\/urbanarch\/resources\/selected-funding-opportunities\/\"><span style=\"color: #000000;\">Selected Funding Opportunities<\/span><\/a><\/span><\/span><\/span><\/span><\/strong><\/p>\n<ul>\n<li><span style=\"color: #000000;\"><strong>Developing Technologies and Tools to Monitor HIV Brain Reservoirs and How They May be Altered by Exposure to Substances of Abuse (R21\/R33)<\/strong> <a href=\"http:\/\/grants.nih.gov\/grants\/guide\/rfa-files\/RFA-DA-15-018.html\">(RFA-DA-15-018)<\/a><br \/>\nNational Institute of Drug Abuse<br \/>\nApplication Receipt Date(s): April 10, 2015<\/span><\/li>\n<\/ul>\n<ul>\n<li><span style=\"color: #000000;\"><strong>Advancing Exceptional Research on HIV\/AIDS and Substance Abuse (R01)<\/strong> <a href=\"http:\/\/grants.nih.gov\/grants\/guide\/rfa-files\/RFA-DA-16-001.html\">(RFA-DA-16-001)<\/a><br \/>\nNational Institute on Drug Abuse<br \/>\nApplication Receipt Date(s): July 31, 2015 <\/span><\/li>\n<\/ul>\n<ul>\n<li><span style=\"color: #000000;\"><strong>Unconventional Roles of Ethanol Metabolizing Enzymes, Metabolites, and Cofactors in Health and Disease (R21) <\/strong><a href=\"https:\/\/urldefense.proofpoint.com\/v2\/url?u=http-3A__grants.nih.gov_grants_guide_pa-2Dfiles_PA-2D15-2D057.html&amp;d=AwMCaQ&amp;c=2rxEOw2KLbNB-I14iNYDhE3HM0YslhWt2FDmep0EPOI&amp;r=Bgu3qCJaZR_Dv5yYK9XouVgSy9Oh6zjsf39U5S_BWYY&amp;m=nc0FT8qFRp2I5HKR255Ninf_lz_8__vBQTUFD9dtkjo&amp;s=UJ2bFFXVzvV9mxmPJtgZXGHzA78wr032sLugjFyyZbU&amp;e=\">(PA-15-057)<\/a><br \/>\nNational Institute on Alcohol Abuse and Alcoholism<br \/>\nApplication Receipt\/Submission Date(s): Standard dates apply. <\/span><\/li>\n<\/ul>\n<p style=\"margin-bottom: 10px; margin-top: 10px;\"><span style=\"color: #000000;\">Click <a title=\"Selected Funding Opportunities\" href=\"https:\/\/sites.bu.edu\/urbanarch\/resources\/selected-funding-opportunities\/\">here<\/a> for more funding announcements related to HIV and alcohol research.<\/span><\/p>\n<hr \/>\n<p><strong><span style=\"color: #000000; font-size: 13px; font-family: arial;\"><span style=\"color: #000000;\"><span style=\"color: #000000;\"><span style=\"color: #000000;\"><span style=\"color: #000000;\"><a title=\"Upcoming Events and Conferences\" href=\"https:\/\/sites.bu.edu\/urbanarch\/resources\/upcoming-events-and-conferences\/\"><span style=\"color: #000000;\">Upcoming Events and Conferences<\/span><\/a><\/span><\/span><\/span><\/span><\/span><\/strong><\/p>\n<p><span style=\"color: #000000;\"><strong><span style=\"font-size: 12px;\"><a href=\"http:\/\/www.urbanarch.org\/?page_id=1216\"><\/a><\/span><\/strong><span style=\"font-size: 12px;\">Please email <\/span><a style=\"font-size: 12px;\" href=\"mailto:Carly.Bridden@bmc.org\">Carly Bridden<\/a><span style=\"font-size: 12px;\"> if you will be attending any these meetings, so we can connect you with our investigators.<\/span><\/span><\/p>\n<ul>\n<li><span style=\"color: #000000;\"><span style=\"font-size: 12px;\"><a href=\"http:\/\/iwhod.org\"><strong>International Workshop on HIV Observational Databases<br \/>\n<\/strong><\/a><\/span><span style=\"font-size: 12px;\">March 26-28, 2015; Catania, Sicily<br \/>\n<\/span><\/span><\/li>\n<\/ul>\n<ul>\n<li><span style=\"color: #000000;\"><span style=\"font-size: 12px;\"><a href=\"http:\/\/www.asam.org\/education\/the-asam-annual-conference\"><strong>American Society of Addiction Medicine (ASAM)<br \/>\n<\/strong><\/a><\/span><span style=\"font-size: 12px;\">April 23-26, 2015; Austin, TX, USA; Hilton Austin<\/span><\/span><\/li>\n<\/ul>\n<ul>\n<li><strong><span style=\"color: #000000;\"><a href=\"https:\/\/sites.bu.edu\/urbanarch\/3249-2\/\">URBAN ARCH Annual Meeting<br \/>\n<\/a><span style=\"font-size: 12px; font-weight: normal;\">April 28-29, 2015; Boston, MA, USA; Boston University Medical Campus<\/span><\/span><\/strong><\/li>\n<\/ul>\n<ul>\n<li><span style=\"color: #000000;\"><strong><a href=\"http:\/\/www.hivforum.org\/projects\/cross-cutting-topics\/us-epidemic\/1092-2015summit\">National Summit on HCV and HIV Diagnosis, Prevention, and Access to Care<br \/>\n<\/a><\/strong>June 4-6, 2015; Arlington, VA<br \/>\nAbstract submission deadline: <strong>March 9, 2015<\/strong><\/span><\/li>\n<\/ul>\n<p style=\"margin-bottom: 10px;\"><span style=\"color: #000000;\">Click <a title=\"Upcoming Events and Conferences\" href=\"https:\/\/sites.bu.edu\/urbanarch\/resources\/upcoming-events-and-conferences\/\">here<\/a> for more upcoming events and conferences.<\/span><\/p>\n<hr \/>\n<p><strong><span style=\"font-size: 13px; font-family: Arial;\"><span style=\"color: #000000;\">Featured Resources<\/span><\/span><\/strong><\/p>\n<ul>\n<li><strong><span style=\"color: #000000;\"><a href=\"https:\/\/urldefense.proofpoint.com\/v2\/url?u=http-3A__links.govdelivery.com-3A80_track-3Ftype-3Dclick-26enid-3DZWFzPTEmbWFpbGluZ2lkPTIwMTQxMTEzLjM4MTY0NjIxJm1lc3NhZ2VpZD1NREItUFJELUJVTC0yMDE0MTExMy4zODE2NDYyMSZkYXRhYmFzZWlkPTEwMDEmc2VyaWFsPTE2OTkyMjgyJmVtYWlsaWQ9Y2FybHkuYnJpZGRlbkBibWMub3JnJnVzZXJpZD1jYXJseS5icmlkZGVuQGJtYy5vcmcmZmw9JmV4dHJhPU11bHRpdmFyaWF0ZUlkPSYmJg-3D-3D-26-26-26102-26-26-26http-3A__www.nih.gov_news_health_nov2014_niaaa-2D13.htm&amp;d=AAMFAA&amp;c=2rxEOw2KLbNB-I14iNYDhE3HM0YslhWt2FDmep0EPOI&amp;r=jzN5apJVESUY7Zxhx1c1w2qkXUEf9LbQpD288LX6YOI&amp;m=t7NSLh_hCv8VVrknFKkL2YHg5RYfdAZXyaNzua4UjOg&amp;s=mKS-lpVibCTQCGYQw0m1Y8bgoZDK_i3XbY73YKWC2q4&amp;e=\"><span style=\"color: #000000;\">New NIAAA resource gives guidance on treatment options for alcohol problems<\/span><\/a><\/span><\/strong><\/li>\n<\/ul>\n<hr \/>\n<p><!-- BEGIN: Constant Contact Email List Form Button --><\/p>\n<div align=\"center\"><a class=\"button\" style=\"background-color: #05b8cc; display: inline-block; color: #000000; text-shadow: none; mozborderradius: 20px; webkitborderradius: 20px; borderradius: 20px; border: #5b5b5b 1px solid; padding: 8px 10px 8px 10px;\" href=\"http:\/\/visitor.r20.constantcontact.com\/d.jsp?llr=d8srrpqab&amp;p=oi&amp;m=1117213215587&amp;sit=8bxca9wib&amp;f=12042cd4-6778-4706-8799-0f63fcf2c36c\">Join Our Newsletter List!<\/a><\/div>\n<p style=\"text-align: center; font-size: 12px;\"><strong><a title=\"Publications\/Presentations\" href=\"https:\/\/sites.bu.edu\/urbanarch\/publications\/#Newsletter\"><span style=\"color: #000000;\"> Archived Issues<\/span><\/a><\/strong><\/p>\n<p style=\"text-align: center; font-size: 10px;\"><span style=\"color: #000000;\">For more information or to be removed from this list, please contact: <a href=\"mailto:Carly.Bridden@bmc.org\">Carly Bridden<\/a>, URBAN ARCH Administrative Director.<\/span><\/p>\n<p style=\"text-align: center; font-size: 9px;\"><span style=\"color: #000000;\"><span style=\"color: #000000;\">U24AA020778 \u00d7 U24AA020779 \u00d7 U01AA020776 \u00d7 U01AA020780 \u00d7 U01AA021989 \u00d7 U01AA0207<\/span>84<\/span><\/p>\n","protected":false},"excerpt":{"rendered":"<p>Volume 2, Issue 1 January 2015 &#8211; March 2015 Check out the current issue of URBAN ARCH News, the quarterly newsletter bringing you news based on the latest URBAN ARCH and related research What is the URBAN ARCH Data and Sample Repository and How Can You Access It? The URBAN ARCH data and sample repository [&hellip;]<\/p>\n","protected":false},"author":10442,"featured_media":0,"parent":0,"menu_order":232,"comment_status":"closed","ping_status":"closed","template":"","meta":[],"_links":{"self":[{"href":"https:\/\/sites.bu.edu\/urbanarch\/wp-json\/wp\/v2\/pages\/3606"}],"collection":[{"href":"https:\/\/sites.bu.edu\/urbanarch\/wp-json\/wp\/v2\/pages"}],"about":[{"href":"https:\/\/sites.bu.edu\/urbanarch\/wp-json\/wp\/v2\/types\/page"}],"author":[{"embeddable":true,"href":"https:\/\/sites.bu.edu\/urbanarch\/wp-json\/wp\/v2\/users\/10442"}],"replies":[{"embeddable":true,"href":"https:\/\/sites.bu.edu\/urbanarch\/wp-json\/wp\/v2\/comments?post=3606"}],"version-history":[{"count":13,"href":"https:\/\/sites.bu.edu\/urbanarch\/wp-json\/wp\/v2\/pages\/3606\/revisions"}],"predecessor-version":[{"id":5788,"href":"https:\/\/sites.bu.edu\/urbanarch\/wp-json\/wp\/v2\/pages\/3606\/revisions\/5788"}],"wp:attachment":[{"href":"https:\/\/sites.bu.edu\/urbanarch\/wp-json\/wp\/v2\/media?parent=3606"}],"curies":[{"name":"wp","href":"https:\/\/api.w.org\/{rel}","templated":true}]}}