{"id":11,"date":"2016-08-15T17:35:49","date_gmt":"2016-08-15T21:35:49","guid":{"rendered":"https:\/\/sites.bu.edu\/tron\/?page_id=11"},"modified":"2016-08-23T11:36:14","modified_gmt":"2016-08-23T15:36:14","slug":"education","status":"publish","type":"page","link":"https:\/\/sites.bu.edu\/tron\/education\/","title":{"rendered":"About"},"content":{"rendered":"<h2>Full Curriculum Vit\u00e6<\/h2>\n<p>Download link: <a href=\"\/tron\/files\/2016\/08\/cv.pdf\">Curriculum Vit\u00e6<\/a><\/p>\n<h2>Recognitions and Awards<\/h2>\n<ul>\n<li>I received the Best Student Paper Award at CDC 2012 in collaboration with Bijan Afsari and Ren\u00e9 Vidal.\n<ul>\n<li><a href=\"http:\/\/www.ieeecss.org\/awards\/2011-award-recipientshttp:\/\/www.ieeecss.org\/awards\/conference-decision-and-control-best-student-paper-award\"> http:\/\/www.ieeecss.org\/awards\/2011-award-recipientshttp:\/\/www.ieeecss.org\/awards\/conference-decision-and-control-best-student-paper-award <\/a><\/li>\n<\/ul>\n<\/li>\n<li>I was a Best Student Paper finalist at CDC 2011 in collaboration with Ren\u00e9 Vidal.\n<ul>\n<li><a href=\"http:\/\/www.ieeecss.org\/awards\/2011-award-recipients\"> http:\/\/www.ieeecss.org\/awards\/2011-award-recipients <\/a><\/li>\n<\/ul>\n<\/li>\n<li>My Winter Intersession 2012 class on model rocketry was featured on the JHU gazette\n<ul>\n<li><a href=\"http:\/\/gazette.jhu.edu\/2012\/01\/17\/3-2-1-intersession-liftoff\/\"> http:\/\/gazette.jhu.edu\/2012\/01\/17\/3-2-1-intersession-liftoff\/<\/a><\/li>\n<\/ul>\n<\/li>\n<\/ul>\n<h2>Education<\/h2>\n<table>\n<tbody>\n<tr>\n<th width=\"75em\"> 2001 &#8211; 2004<\/th>\n<td>BSc degree in Telecommunication from Politecnico di Torino (Torino, Italy)<\/td>\n<\/tr>\n<tr>\n<th>2004 &#8211; 2007<\/th>\n<td>MSc degree in Telecommunication from Politecnico di Torino (Torino, Italy)<\/td>\n<\/tr>\n<tr>\n<th>2005 &#8211; 2006<\/th>\n<td>Diplome d&#8217;ing\u00e8gneur from Eurecom Institute (Sophia-Antipolis, France)<\/td>\n<\/tr>\n<tr>\n<th>2005 &#8211; 2006<\/th>\n<td>Master DEA from Universit\u00e8 de Nice-Sophia Antipolis (Nice, France)<\/td>\n<\/tr>\n<tr>\n<th>2007 &#8211; 2012<\/th>\n<td>PhD degree in Electrical and Computer Engineering from Johns Hopkins University (Baltimore, USA)<\/td>\n<\/tr>\n<\/tbody>\n<\/table>\n","protected":false},"excerpt":{"rendered":"<p>Full Curriculum Vit\u00e6 Download link: Curriculum Vit\u00e6 Recognitions and Awards I received the Best Student Paper Award at CDC 2012 in collaboration with Bijan Afsari and Ren\u00e9 Vidal. http:\/\/www.ieeecss.org\/awards\/2011-award-recipientshttp:\/\/www.ieeecss.org\/awards\/conference-decision-and-control-best-student-paper-award I was a Best Student Paper finalist at CDC 2011 in collaboration with Ren\u00e9 Vidal. http:\/\/www.ieeecss.org\/awards\/2011-award-recipients My Winter Intersession 2012 class on model rocketry was featured [&hellip;]<\/p>\n","protected":false},"author":11510,"featured_media":0,"parent":0,"menu_order":5,"comment_status":"closed","ping_status":"closed","template":"","meta":[],"_links":{"self":[{"href":"https:\/\/sites.bu.edu\/tron\/wp-json\/wp\/v2\/pages\/11"}],"collection":[{"href":"https:\/\/sites.bu.edu\/tron\/wp-json\/wp\/v2\/pages"}],"about":[{"href":"https:\/\/sites.bu.edu\/tron\/wp-json\/wp\/v2\/types\/page"}],"author":[{"embeddable":true,"href":"https:\/\/sites.bu.edu\/tron\/wp-json\/wp\/v2\/users\/11510"}],"replies":[{"embeddable":true,"href":"https:\/\/sites.bu.edu\/tron\/wp-json\/wp\/v2\/comments?post=11"}],"version-history":[{"count":10,"href":"https:\/\/sites.bu.edu\/tron\/wp-json\/wp\/v2\/pages\/11\/revisions"}],"predecessor-version":[{"id":62,"href":"https:\/\/sites.bu.edu\/tron\/wp-json\/wp\/v2\/pages\/11\/revisions\/62"}],"wp:attachment":[{"href":"https:\/\/sites.bu.edu\/tron\/wp-json\/wp\/v2\/media?parent=11"}],"curies":[{"name":"wp","href":"https:\/\/api.w.org\/{rel}","templated":true}]}}