{"id":285,"date":"2016-08-13T13:56:26","date_gmt":"2016-08-13T18:56:26","guid":{"rendered":"https:\/\/sites.bu.edu\/tianlab\/?page_id=285"},"modified":"2022-03-26T14:33:00","modified_gmt":"2022-03-26T18:33:00","slug":"compressive-imaging","status":"publish","type":"page","link":"https:\/\/sites.bu.edu\/tianlab\/publications\/compressive-imaging\/","title":{"rendered":"Compressive Imaging"},"content":{"rendered":"<h4><br style=\"clear: both;\" \/>Exploiting sparsity in vectors (e.g. L1-norm, Total variation)<\/h4>\n<p><a href=\"http:\/\/doi.org\/10.1002\/lpor.202000122\"><strong>Single-Shot Ultraviolet Compressed Ultrafast Photography<\/strong><\/a><br \/>\nYingming Lai, Yujia Xue, Christian\u2010Yves C\u00f4t\u00e9, Xianglei Liu, Antoine,Laram\u00e9e, Nicolas Jaouen, Fran\u00e7ois L\u00e9gar\u00e9, Lei Tian, Jinyang Liang<br \/>\n<em><strong>Laser &amp; Photonics Reviews<\/strong><\/em> 2020, 14, 2000122.<br \/>\n<span><span style=\"color: #993300;\"><strong>\u2b51<\/strong><strong><em> <\/em><\/strong><\/span><span style=\"color: #800000;\"><strong>on the <span style=\"color: #800000;\"><a href=\"https:\/\/onlinelibrary.wiley.com\/doi\/10.1002\/lpor.202070055\" style=\"color: #800000;\">cover story<\/a><\/span><\/strong><\/span><\/span><\/p>\n<p>Compressed ultrafast photography (CUP) is an emerging potent technique that allows imaging a nonrepeatable or difficult\u2010to\u2010produce transient event in a single shot. Despite many recent advances, existing CUP techniques operate only at visible and near\u2010infrared wavelengths. In addition, spatial encoding via a digital micromirror device (DMD) in CUP systems often limits its field of view and imaging speeds. Finally, conventional reconstruction algorithms have limited control of the reconstruction process to further improve the image quality in the recovered datacubes of the scene. To overcome these limitations, this article reports a single\u2010shot UV\u2010CUP that exhibits a sequence depth of up to 1500 frames with a size of 1750 \u00d7 500 pixels at an imaging speed of 0.5 trillion frames per second. A patterned photocathode is integrated into a streak camera, which overcomes the previous restrictions in DMD\u2010based spatial encoding and improves the system&#8217;s compactness. Meanwhile, the plug\u2010and\u2010play alternating direction method of multipliers algorithm is implemented to CUP&#8217;s image reconstruction to enhance reconstructed image quality. UV\u2010CUP&#8217;s single\u2010shot ultrafast imaging ability is demonstrated by recording UV pulses transmitting through various spatial patterns. UV\u2010CUP is expected to find many applications in both fundamental and applied science.<\/p>\n<p><img loading=\"lazy\" src=\"\/tianlab\/files\/2020\/10\/CUP-UV-485x636.png\" alt=\"\" width=\"381\" height=\"500\" class=\"wp-image-1491 aligncenter\" srcset=\"https:\/\/sites.bu.edu\/tianlab\/files\/2020\/10\/CUP-UV-485x636.png 485w, https:\/\/sites.bu.edu\/tianlab\/files\/2020\/10\/CUP-UV-781x1024.png 781w, https:\/\/sites.bu.edu\/tianlab\/files\/2020\/10\/CUP-UV-768x1007.png 768w, https:\/\/sites.bu.edu\/tianlab\/files\/2020\/10\/CUP-UV.png 824w\" sizes=\"(max-width: 381px) 100vw, 381px\" \/><\/p>\n<p><a href=\"https:\/\/www.osapublishing.org\/oe\/abstract.cfm?uri=oe-25-1-250\" target=\"_blank\" rel=\"noopener noreferrer\"><strong>Compressive holographic video<\/strong><\/a><br style=\"clear: both;\" \/>Zihao Wang, Leonidas Spinoulas, Kuan He, Lei Tian, Oliver Cossairt, Aggelos K. Katsaggelos, and Huaijin Chen<br style=\"clear: both;\" \/>Opt. Express\u00a025<span>, 250-262 (2017)<\/span>.<\/p>\n<p><span>Compressed sensing has been discussed separately in spatial and temporal domains. Compressive holography has been introduced as a method that allows 3D tomographic reconstruction at different depths from a single 2D image. Coded exposure is a temporal compressed sensing method for high speed video acquisition. In this work, we combine compressive holography and coded exposure techniques and extend the discussion to 4D reconstruction in space and time from one coded captured image. In our prototype, digital in-line holography was used for imaging macroscopic, fast moving objects. The pixel-wise temporal modulation was implemented by a digital micromirror device. In this paper we demonstrate 10\u00d7 temporal super resolution with multiple depths recovery from a single image. Two examples are presented for the purpose of recording subtle vibrations and tracking small particles within 5 ms.<\/span><\/p>\n<p><img loading=\"lazy\" src=\"\/tianlab\/files\/2017\/01\/DHV.jpeg\" alt=\"dhv\" width=\"500\" height=\"241\" class=\"aligncenter wp-image-576 size-full\" \/><\/p>\n<p>&nbsp;<\/p>\n<p><a href=\"https:\/\/www.osapublishing.org\/oe\/fulltext.cfm?uri=oe-23-11-14461&amp;id=318990\" target=\"_blank\" rel=\"noopener noreferrer\"><strong>3D imaging in volumetric scattering media using phase-space measurements<\/strong><\/a><br \/>\nH. Liu, E. Jonas, L. Tian, J. Zhong, B. Recht, L. Waller<br \/>\nOpt. Express 23, 14461-14471 (2015).<\/p>\n<p>We demonstrate the use of phase-space imaging for 3D localization of multiple point sources inside scattering material. The effect of scattering is to spread angular (spatial frequency) information, which can be measured by phase space imaging. We derive a multi-slice forward model for homogenous volumetric scattering, then develop a reconstruction algorithm that exploits sparsity in order to further constrain the problem. By using 4D measurements for 3D reconstruction, the dimensionality mismatch provides significant robustness to multiple scattering, with either static or dynamic diffusers. Experimentally, our high-resolution 4D phase-space data is collected by a spectrogram setup, with results successfully recovering the 3D positions of multiple LEDs embedded in turbid scattering media.<\/p>\n<p><img loading=\"lazy\" src=\"\/tianlab\/files\/2016\/08\/PhaseSpaceScattering1-636x393.png\" alt=\"PhaseSpaceScattering\" width=\"560\" height=\"346\" class=\"aligncenter wp-image-166\" srcset=\"https:\/\/sites.bu.edu\/tianlab\/files\/2016\/08\/PhaseSpaceScattering1-636x393.png 636w, https:\/\/sites.bu.edu\/tianlab\/files\/2016\/08\/PhaseSpaceScattering1.png 758w\" sizes=\"(max-width: 560px) 100vw, 560px\" \/><\/p>\n<p><strong><a href=\"http:\/\/www.opticsinfobase.org\/oe\/abstract.cfm?URI=oe-23-4-4715\" target=\"_blank\" rel=\"noopener noreferrer\">Empirical concentration bounds for compressive holographic bubble imaging based on a Mie scattering model<br \/>\n<\/a><\/strong><span style=\"line-height: 1.5;\">W. Chen, Lei Tian, S. Rehman, Z. Zhang, H. P. Lee, G. Barbastathis<br \/>\n<\/span><span style=\"line-height: 1.5;\">Opt. Express 23, (2015).<\/span><\/p>\n<p>We use compressive in\u2013line holography to image air bubbles in water and investigate the effect of bubble concentration on reconstruction performance by simulation. Our forward model treats bubbles as finite spheres and uses Mie scattering to compute the scattered field in a physically rigorous manner. Although no simple analytical bounds on maximum concentration can be derived within the classical compressed sensing framework due to the complexity of the forward model, the receiver operating characteristic (ROC) curves in our simulation provide an empirical concentration bound for accurate bubble detection by compressive holography at different noise levels, resulting in a maximum tolerable concentration much higher than the traditional back-propagation method.<\/p>\n<p><strong><a href=\"http:\/\/www.opticsinfobase.org\/oe\/abstract.cfm?uri=oe-22-8-9774\" target=\"_blank\" rel=\"noopener noreferrer\">Compressive holographic two-dimensional localization with 1\/30<sup>2<\/sup> subpixel accuracy<br \/>\n<\/a><\/strong><span style=\"line-height: 1.5;\">Y. Liu, Lei Tian, C. Hsieh, G. Barbastathis<br \/>\n<\/span><span style=\"line-height: 1.5;\">Optics Express 22, 9774-9782 (2014).<\/span><\/p>\n<p>We propose the use of compressive holography for two\u2013dimensional (2D) subpixel motion localization. Our approach is based on computational implementation of edge\u2013extraction using a Fourier\u2013plane spiral phase mask, followed by compressive reconstruction of the edge of the object. Using this technique and relatively low\u2013cost computer and piezo motion stage to establish ground truth for the motion, we demonstrated localization within 1\/30th of a camera pixel in each linear dimension.<\/p>\n<p><img loading=\"lazy\" src=\"\/tianlab\/files\/2016\/08\/subpixel2D-636x341.png\" alt=\"subpixel2D\" width=\"580\" height=\"311\" class=\"aligncenter wp-image-128\" srcset=\"https:\/\/sites.bu.edu\/tianlab\/files\/2016\/08\/subpixel2D-636x341.png 636w, https:\/\/sites.bu.edu\/tianlab\/files\/2016\/08\/subpixel2D.png 1024w\" sizes=\"(max-width: 580px) 100vw, 580px\" \/><\/p>\n<p><a href=\"http:\/\/www.opticsinfobase.org\/ol\/abstract.cfm?uri=ol-38-17-3418\" target=\"_blank\" rel=\"noopener noreferrer\"><strong>Compressive X-ray phase tomography based on the transport of intensity equation<\/strong><\/a><br \/>\nLei Tian, J. C. Petruccelli, Q. Miao, H. Kudrolli, V. Nagarkar, G. Barbastathis<br \/>\nOptics Letters 38, 3418-3421 (2013).<\/p>\n<p>We develop and implement a compressive reconstruction method for tomographic recovery of refractive index distribution for weakly attenuating objects in a microfocus x-ray system. This is achieved through the development of a discretized operator modeling both the transport of intensity equation and the x-ray transform that is suitable for iterative reconstruction techniques.<\/p>\n<p><img loading=\"lazy\" src=\"\/tianlab\/files\/2016\/08\/xrayphase-636x329.png\" alt=\"xrayphase\" width=\"500\" height=\"259\" class=\"aligncenter wp-image-129\" srcset=\"https:\/\/sites.bu.edu\/tianlab\/files\/2016\/08\/xrayphase-636x329.png 636w, https:\/\/sites.bu.edu\/tianlab\/files\/2016\/08\/xrayphase-1024x530.png 1024w, https:\/\/sites.bu.edu\/tianlab\/files\/2016\/08\/xrayphase.png 1644w\" sizes=\"(max-width: 500px) 100vw, 500px\" \/><\/p>\n<p><strong><a href=\"http:\/\/www.opticsinfobase.org\/ol\/abstract.cfm?uri=ol-37-16-3357\" target=\"_blank\" rel=\"noopener noreferrer\">Scanning-free compressive holography for object localization with subpixel accuracy<br \/>\n<\/a><\/strong>Y. Liu, Lei Tian, J. W. Lee, H. Y. H. Huang, M. S. Triantafyllou, G. Barbastathis<br \/>\nOptics Letters 37, 3357-3359 (2012).<\/p>\n<p>We propose quantitative localization measurement of a known object with subpixel accuracy using compressive holography. We analyze the theoretical optimal solution in the compressive sampling framework and experimentally demonstrate localization accuracy of 1\/45 pixel, in good agreement with the analysis.<\/p>\n<p><img loading=\"lazy\" src=\"\/tianlab\/files\/2016\/08\/subpixel1D-621x636.png\" alt=\"subpixel1D\" width=\"460\" height=\"471\" class=\"aligncenter wp-image-127\" srcset=\"https:\/\/sites.bu.edu\/tianlab\/files\/2016\/08\/subpixel1D-621x636.png 621w, https:\/\/sites.bu.edu\/tianlab\/files\/2016\/08\/subpixel1D.png 940w\" sizes=\"(max-width: 460px) 100vw, 460px\" \/><\/p>\n<h4><br style=\"clear: both;\" \/>Exploiting sparsity (low-rankness) in matrices<\/h4>\n<p><strong><a href=\"http:\/\/www.opticsinfobase.org\/oe\/abstract.cfm?URI=oe-20-8-8296\" target=\"_blank\" rel=\"noopener noreferrer\">Experimental compressive phase space tomography<br \/>\n<\/a><\/strong><span style=\"line-height: 1.5;\">Lei Tian, J. Lee, S. B. Oh, G. Barbastathis<br \/>\n<\/span><span style=\"line-height: 1.5;\">Optics Express 20, 8296-8308 (2012).<br \/>\n<\/span><strong style=\"line-height: 1.5;\">*<a href=\"http:\/\/www.opticsinfobase.org\/spotlight\/summary.cfm?uri=oe-20-8-8296\" target=\"_blank\" rel=\"noopener noreferrer\">Highlighted in the OSA Spotlight on Optics<\/a><\/strong><\/p>\n<p>Phase space tomography estimates correlation functions entirely from snapshots in the evolution of the wave function along a time or space variable. In contrast, traditional interferometric methods require measurement of multiple two-point correlations. However, as in every tomographic formulation, undersampling poses a severe limitation. Here we present the first, to our knowledge, experimental demonstration of compressive reconstruction of the classical optical correlation function, i.e. the mutual intensity function. Our compressive algorithm makes explicit use of the physically justifiable assumption of a low-entropy source (or state.) Since the source was directly accessible in our classical experiment, we were able to compare the compressive estimate of the mutual intensity to an independent ground-truth estimate from the van Cittert-Zernike theorem and verify substantial quantitative improvements in the reconstruction.<\/p>\n<p><img loading=\"lazy\" src=\"\/tianlab\/files\/2016\/08\/PST-456x636.png\" alt=\"PST\" width=\"560\" height=\"781\" class=\"aligncenter wp-image-125\" srcset=\"https:\/\/sites.bu.edu\/tianlab\/files\/2016\/08\/PST-456x636.png 456w, https:\/\/sites.bu.edu\/tianlab\/files\/2016\/08\/PST-734x1024.png 734w, https:\/\/sites.bu.edu\/tianlab\/files\/2016\/08\/PST.png 1021w\" sizes=\"(max-width: 560px) 100vw, 560px\" \/><\/p>\n<p>&nbsp;<\/p>\n<p>&nbsp;<\/p>\n","protected":false},"excerpt":{"rendered":"<p>Exploiting sparsity in vectors (e.g. L1-norm, Total variation) Single-Shot Ultraviolet Compressed Ultrafast Photography Yingming Lai, Yujia Xue, Christian\u2010Yves C\u00f4t\u00e9, Xianglei Liu, Antoine,Laram\u00e9e, Nicolas Jaouen, Fran\u00e7ois L\u00e9gar\u00e9, Lei Tian, Jinyang Liang Laser &amp; Photonics Reviews 2020, 14, 2000122. \u2b51 on the cover story Compressed ultrafast photography (CUP) is an emerging potent technique that allows imaging a [&hellip;]<\/p>\n","protected":false},"author":12228,"featured_media":0,"parent":133,"menu_order":12,"comment_status":"closed","ping_status":"closed","template":"page-templates\/no-sidebars.php","meta":[],"_links":{"self":[{"href":"https:\/\/sites.bu.edu\/tianlab\/wp-json\/wp\/v2\/pages\/285"}],"collection":[{"href":"https:\/\/sites.bu.edu\/tianlab\/wp-json\/wp\/v2\/pages"}],"about":[{"href":"https:\/\/sites.bu.edu\/tianlab\/wp-json\/wp\/v2\/types\/page"}],"author":[{"embeddable":true,"href":"https:\/\/sites.bu.edu\/tianlab\/wp-json\/wp\/v2\/users\/12228"}],"replies":[{"embeddable":true,"href":"https:\/\/sites.bu.edu\/tianlab\/wp-json\/wp\/v2\/comments?post=285"}],"version-history":[{"count":5,"href":"https:\/\/sites.bu.edu\/tianlab\/wp-json\/wp\/v2\/pages\/285\/revisions"}],"predecessor-version":[{"id":1844,"href":"https:\/\/sites.bu.edu\/tianlab\/wp-json\/wp\/v2\/pages\/285\/revisions\/1844"}],"up":[{"embeddable":true,"href":"https:\/\/sites.bu.edu\/tianlab\/wp-json\/wp\/v2\/pages\/133"}],"wp:attachment":[{"href":"https:\/\/sites.bu.edu\/tianlab\/wp-json\/wp\/v2\/media?parent=285"}],"curies":[{"name":"wp","href":"https:\/\/api.w.org\/{rel}","templated":true}]}}