{"id":18,"date":"2016-03-24T21:44:51","date_gmt":"2016-03-25T01:44:51","guid":{"rendered":"https:\/\/sites.bu.edu\/spelia\/?page_id=18"},"modified":"2016-04-21T15:12:56","modified_gmt":"2016-04-21T19:12:56","slug":"bibliography","status":"publish","type":"page","link":"https:\/\/sites.bu.edu\/spelia\/bibliography\/","title":{"rendered":"Bibliography"},"content":{"rendered":"<p><span style=\"font-weight: 400;\">Barsanti, S.G., F. Remondino, and D. Visintini. 2012. \u201cPhotogrammetry and Laser Scanning for Archaeological Site 3D Modeling &#8211; Some Critical Issues.\u201d <\/span><i><span style=\"font-weight: 400;\">Proc. of the 2nd Workshop on\u2019The New Technologies for Aquileia<\/span><\/i><span style=\"font-weight: 400;\"> i: 1\u201310.<\/span><\/p>\n<p><span style=\"font-weight: 400;\">Brutto, M. Lo, and P. Meli. 2012. \u201cCOMPUTER VISION TOOLS FOR 3D MODELLING IN ARCHAEOLOGY.\u201d <\/span><i><span style=\"font-weight: 400;\">International Journal of Heritage in the Digital Era<\/span><\/i><span style=\"font-weight: 400;\"> 1: 1\u20136.<\/span><\/p>\n<p><span style=\"font-weight: 400;\">Dellepiane, M., M. Callieri, S. Lindgren, and R. Scopigno. 2013. \u201cArcheological excavation monitoring using dense stereo matching techniques.\u201d <\/span><i><span style=\"font-weight: 400;\">Journal of Cultural Heritage<\/span><\/i><span style=\"font-weight: 400;\"> 14 3: 201\u2013210. <\/span><\/p>\n<p><span style=\"font-weight: 400;\">Douglass, M., S. Lin, and M. Chodoronek. 2015. \u201cThe Application of 3D Photogrammetry for In-Field Documentation of Archaeological Features.\u201d <\/span><i><span style=\"font-weight: 400;\">Advances in Archaeological Practice<\/span><\/i><span style=\"font-weight: 400;\"> 3 2: 136\u2013152.<\/span><\/p>\n<p><span style=\"font-weight: 400;\">Ducke, B., D. Score, and J. Reeves. 2011. \u201cMultiview 3D reconstruction of the archaeological site at Weymouth from image series.\u201d <\/span><i><span style=\"font-weight: 400;\">Computers &amp; Graphics<\/span><\/i><span style=\"font-weight: 400;\"> 35 2: 375\u2013382.<\/span><\/p>\n<p><span style=\"font-weight: 400;\">Fisher, P., C. Farrelly, A. Maddocks, and C. Ruggles. 1997. \u201cSpatial Analysis of Visible Areas from the Bronze Age Cairns of Mull.\u201d <\/span><i><span style=\"font-weight: 400;\">Journal of Archaeological Science<\/span><\/i><span style=\"font-weight: 400;\"> 24 7: 581\u2013592.<\/span><\/p>\n<p><span style=\"font-weight: 400;\">Frischer, B., and A. Dakouri-Hild. 2008. \u201cBeyond illustration 2d and 3d digital technologies as tools for discovery in archaeology.\u201d <\/span><i><span style=\"font-weight: 400;\">BAR international series 1805<\/span><\/i><span style=\"font-weight: 400;\">.<\/span><\/p>\n<p><span style=\"font-weight: 400;\">Gibson, E. 2007. \u201cThe archaeology of movement in a Mediterranean landscape.\u201d <\/span><i><span style=\"font-weight: 400;\">Journal of Mediterranean Archaeology<\/span><\/i><span style=\"font-weight: 400;\"> 20 1: 61\u201387. <\/span><\/p>\n<p><span style=\"font-weight: 400;\">Guidi, G., M. Russo, and D. Angheleddu. 2014. \u201c3D survey and virtual reconstruction of archeological sites.\u201d <\/span><i><span style=\"font-weight: 400;\">Digital Applications in Archaeology and Cultural Heritage<\/span><\/i><span style=\"font-weight: 400;\"> 1 2: 55\u201369. <\/span><\/p>\n<p><span style=\"font-weight: 400;\">Knabb, K.A., J.P. Schulze, F. Kuester, T.A. Defanti, and T.E. Levy. 2014. \u201cScientific Visualization , 3D Immersive Virtual Reality Environments , and Archaeology.\u201d <\/span><i><span style=\"font-weight: 400;\">Near Eastern Archaeology<\/span><\/i><span style=\"font-weight: 400;\"> 77 3: 228\u2013232.<\/span><\/p>\n<p><span style=\"font-weight: 400;\">Lake, M.W., P.E. Woodman, and S.J. Mithen. 1998. \u201cTailoring GIS Software for Archaeological Applications: An example concerning Viewshed Analysis.\u201d <\/span><i><span style=\"font-weight: 400;\">Journal of Archaeological Science<\/span><\/i><span style=\"font-weight: 400;\"> 25: 27\u201338. <\/span><\/p>\n<p><span style=\"font-weight: 400;\">Llobera, M. 2001. Building Past Landscape Perception with GIS: Understanding Topographic Prominence. Journal of Archaeological Science 28: 1005-1014. <\/span><\/p>\n<p><span style=\"font-weight: 400;\">Llobera, M. 2003. Extending GIS-based visual analysis: the concept of visualscapes. International Journal of Geographical Information Science 17(1): 25-48.<\/span><\/p>\n<p><span style=\"font-weight: 400;\">Llobera, M., P. F\u00e1brega-\u00c1lvarez, C. Parcero-Oubi\u00f1a. 2011. Order in Movement: A GIS Approach to Accessibility. Journal of Archaeological Science 38 (4): 843-851.<\/span><\/p>\n<p><span style=\"font-weight: 400;\">Ogburn, D.E. 2006. \u201cAssessing the level of visibility of cultural objects in past landscapes.\u201d <\/span><i><span style=\"font-weight: 400;\">Journal of Archaeological Science<\/span><\/i><span style=\"font-weight: 400;\"> 33 3: 405\u2013413. <\/span><\/p>\n<p><span style=\"font-weight: 400;\">Orengo, H.A., A. Krahtopoulou, A. Garcia-Molsosa, K. Palaiochoritis, and A. Stamati. 2015. \u201cPhotogrammetric re-discovery of the hidden long-term landscapes of western Thessaly, central Greece.\u201d <\/span><i><span style=\"font-weight: 400;\">Journal of Archaeological Science<\/span><\/i><span style=\"font-weight: 400;\"> 64: 100\u2013109. <\/span><\/p>\n<p><span style=\"font-weight: 400;\">Remondino, F. 2011. \u201cHeritage Recording and 3D Modeling with Photogrammetry and 3D Scanning.\u201d <\/span><i><span style=\"font-weight: 400;\">Remote Sensing<\/span><\/i><span style=\"font-weight: 400;\"> 3 2: 1104\u20131138.<\/span><\/p>\n<p><span style=\"font-weight: 400;\">Reu, J. De, G. Plets, G. Verhoeven, P. De Smedt, M. Bats, B. Cherrett\u00e9, W. De Maeyer, et al. 2013. \u201cTowards a three-dimensional cost-effective registration of the archaeological heritage.\u201d <\/span><i><span style=\"font-weight: 400;\">Journal of Archaeological Science<\/span><\/i><span style=\"font-weight: 400;\"> 40 2: 1108\u20131121. <\/span><\/p>\n<p><span style=\"font-weight: 400;\">Reu, J. De, P. De Smedt, D. Herremans, M. Van Meirvenne, P. Laloo, and W. De Clercq. 2014. \u201cOn introducing an image-based 3D reconstruction method in archaeological excavation practice.\u201d <\/span><i><span style=\"font-weight: 400;\">Journal of Archaeological Science<\/span><\/i><span style=\"font-weight: 400;\"> 41: 251\u2013262. <\/span><\/p>\n<p><strong><span style=\"font-weight: 400;\">Supernant, Kisha. 2014. Intervisibility and intravisibility of rock feature sites: a method for testing viewshed within and outside the socio-spatial system of the Lower Fraser River Canyon, British Columbia. Journal of Archaeological Science 50: 497-511.<\/span><\/strong><\/p>\n","protected":false},"excerpt":{"rendered":"<p>Barsanti, S.G., F. Remondino, and D. Visintini. 2012. \u201cPhotogrammetry and Laser Scanning for Archaeological Site 3D Modeling &#8211; Some Critical Issues.\u201d Proc. of the 2nd Workshop on\u2019The New Technologies for Aquileia i: 1\u201310. Brutto, M. Lo, and P. Meli. 2012. \u201cCOMPUTER VISION TOOLS FOR 3D MODELLING IN ARCHAEOLOGY.\u201d International Journal of Heritage in the Digital [&hellip;]<\/p>\n","protected":false},"author":7952,"featured_media":0,"parent":0,"menu_order":5,"comment_status":"closed","ping_status":"closed","template":"","meta":[],"_links":{"self":[{"href":"https:\/\/sites.bu.edu\/spelia\/wp-json\/wp\/v2\/pages\/18"}],"collection":[{"href":"https:\/\/sites.bu.edu\/spelia\/wp-json\/wp\/v2\/pages"}],"about":[{"href":"https:\/\/sites.bu.edu\/spelia\/wp-json\/wp\/v2\/types\/page"}],"author":[{"embeddable":true,"href":"https:\/\/sites.bu.edu\/spelia\/wp-json\/wp\/v2\/users\/7952"}],"replies":[{"embeddable":true,"href":"https:\/\/sites.bu.edu\/spelia\/wp-json\/wp\/v2\/comments?post=18"}],"version-history":[{"count":2,"href":"https:\/\/sites.bu.edu\/spelia\/wp-json\/wp\/v2\/pages\/18\/revisions"}],"predecessor-version":[{"id":24,"href":"https:\/\/sites.bu.edu\/spelia\/wp-json\/wp\/v2\/pages\/18\/revisions\/24"}],"wp:attachment":[{"href":"https:\/\/sites.bu.edu\/spelia\/wp-json\/wp\/v2\/media?parent=18"}],"curies":[{"name":"wp","href":"https:\/\/api.w.org\/{rel}","templated":true}]}}