{"id":450,"date":"2016-02-24T11:01:28","date_gmt":"2016-02-24T16:01:28","guid":{"rendered":"https:\/\/sites.bu.edu\/speechprosody2016\/?page_id=450"},"modified":"2016-05-02T21:56:53","modified_gmt":"2016-05-03T01:56:53","slug":"sp2016-program-committee","status":"publish","type":"page","link":"https:\/\/sites.bu.edu\/speechprosody2016\/sp2016-program-committee\/","title":{"rendered":"SP2016 Program committee"},"content":{"rendered":"<p><b>SP2016 Organizing Committee:\u00a0<\/b><\/p>\n<p>Jonathan Barnes (Boston University), Nanette Veilleux (Simmons College), Stefanie Shattuck-Hufnagel (Massachusetts Institute of Technology) and Alejna Brugos (Boston University)<\/p>\n<p><b>SP2016 Scientific Committtee:<\/b><\/p>\n<p>The Scientific Committee consists of the Organizing Committee, plus Meghan Armstrong (University of Massachusetts, Amherst), Jason Bishop (CUNY CSI, CUNY Grad Center), Mara Breen (Mount Holyoke College), Charles Chang (Boston University),\u00a0Jennifer Cole (University of Illinois), \u00a0Julia Hirschberg (Columbia University), \u00a0Tyler Perrachione (Boston University),\u00a0Jill Thorson (Northeastern University), Michael Wagner (McGill University),\u00a0Kristine Yu\u00a0(University of Massachusetts, Amherst)<\/p>\n<p>The SP2016 conference was also organized in consultation with SProSig, the <a href=\"http:\/\/www.isca-speech.org\/iscaweb\/index.php\/sigs?layout=edit&amp;id=119\">Speech Prosody Special Interest Group<\/a> of ISCA, and SProSig Board members.<\/p>\n<p><b>SP2016 Reviewers:<\/b><\/p>\n<p>Byron Ahn, Firmin Ahoua, Paavo Alku, Noam Amir, Bistra Andreeva, Pablo Arantes, Meghan Armstrong, Plinio Barbosa, Jon Barnes, Anton Batliner, Stefan Baumann, Stefan Benus, Roxane Bertrand, Jason Bishop, Maria Paola Bissiri, Francesca Bonin, Mara Breen, Meredith Brown, Alejna Brugos, Andres Buxo-Lugo, Vera Cabarr\u00e3o, Amber Camp, Nick Campbell, Katy Carlson, Charles Chang, Aoju Chen, Sin-Horng Chen, Yiya Chen, Chen-Yu Chiang, Adam Chong, Ananlada Chotimongkol, Robert Clark, Lauren Clemens, Jennifer Cole, Ricardo Cordoba, Fred Cummins, Christophe D&#8217;Alessandro, Mariapaola D&#8217;Imperio, Elisabeth Delais-Roussarie, Grazyna Demenko, Laura Dilley, Snezhina Dimitrova, Hongwei Ding, Jens Edlund, Emily Elfner, Gorka Elordieta, John Esling, Sascha Fagel, Zsuzsanna Fagyal-Le Mentec, Isabel Fal\u00e9, Janet Fodor, Anouschka Foltz, S\u00f3nia Frota, Robert Fuchs, Marc Garellek, Susanne Genzel, James German, Dafydd Gibbon, Maureen Gillespie, Matt Gordon, Maria Gosy, Simone Graetzer, Bj\u00f6rn Granstr\u00f6m, Stella Gryllia, Carlos Gussenhoven, Tino Haderlein, Chatchawarn Hansakunbuntheung, Mark Hasegawa-Johnson, Sophie Herment, Keikichi Hirose, Yuki Hirose, Julia Hirschberg, Daniel Hirst, Claudia Holgu\u00edn Mendoza, Colleen Holt, Merle Horne, David House, Jill House, Hyun Kyung Hwang, Toshiko Isei-Jaakkola, Shin Ishihara, Kiwako Ito, Koji Iwano, Stefanie Jannedy, Oliver Jokisch, Sun-Ah Jun, Preethi Jyothi, Jeanin J\u00fcgler, Elsi Kaiser, Maciej Karpinski, Caroline Kaufhold, Roland Kehrein, Gerrit Kentner, Sameer Ud Dowla Khan, Jaebok Kim, Mafuyu Kitahara, Esther Klabbers, Katarzyna Klessa, Jody Kreiman, Haruo Kubozono, Lilian Kuhn Pereira, Frank K\u00fcgler, Tuan Lam, Albert Lee, Sarah Ita Levitan, Haizhou Li, Qian Li, Constantine Lignos, Joaquim Llisterri, Debbie Loakes, Jos\u00e9 david Lopes, Kang Kwong Luke, Zofia Malisz, Philippe Martin, Olga Maxwell, Piet Mertens, Nobuaki Minematsu, Hansj\u00f6rg Mixdorff, Bernd Moebius, Helena Moniz, Hiroki Mori, Eva Navas, Elmar N\u00f6th, Michael O&#8217;Dell, Iris Ouyang, Zdena Palkova, Premc Pandey, Tyler Perrachione, Mike Phelan, Page Piccinini, Gabor Pinter, Heather Pon-Barry, Cristel Portes, Brechtje Post, Hugo Quen\u00e9, Stefanie Ramachersstefanie, Melissa Redford, Amanda Ritchart, Eduardo Rodriguez Banga, Andrew Rosenberg, Yoshinori Sagisaka, Elina Savino, Amy Schafer, Antje Schweitzer, Stefanie Shattuck-Hufnagel, Chilin Shih, Greg Short, Elizabeth Shriberg, Erika Shulz, Vered Silber-Varod, Miquel Simonet, Pelle Soderstrom, Shari Speer, Marc Swerts, Jianhua Tao, Jill Thorson, Matsuura Toshio, Juergen Trouvain, Khiet Truong, Chiu-Yu Tseng, Shu-Chuan Tseng, Alice Turk, Joseph Tyler, Jan van Santen, Nanette Veilleux, Petra Wagner, Nigel Ward, Duane Watson, Stefan Werner, Laurence White, Seth Wiener, Andreas Windmann, Marcin Wlodarczak, Chai Wutiwiwatchai, Yi Xu, Kristine Yu, Jiahong Yuan<\/p>\n","protected":false},"excerpt":{"rendered":"<p>SP2016 Organizing Committee:\u00a0 Jonathan Barnes (Boston University), Nanette Veilleux (Simmons College), Stefanie Shattuck-Hufnagel (Massachusetts Institute of Technology) and Alejna Brugos (Boston University) SP2016 Scientific Committtee: The Scientific Committee consists of the Organizing Committee, plus Meghan Armstrong (University of Massachusetts, Amherst), Jason Bishop (CUNY CSI, CUNY Grad Center), Mara Breen (Mount Holyoke College), Charles Chang (Boston [&hellip;]<\/p>\n","protected":false},"author":4691,"featured_media":0,"parent":0,"menu_order":36,"comment_status":"closed","ping_status":"closed","template":"","meta":[],"_links":{"self":[{"href":"https:\/\/sites.bu.edu\/speechprosody2016\/wp-json\/wp\/v2\/pages\/450"}],"collection":[{"href":"https:\/\/sites.bu.edu\/speechprosody2016\/wp-json\/wp\/v2\/pages"}],"about":[{"href":"https:\/\/sites.bu.edu\/speechprosody2016\/wp-json\/wp\/v2\/types\/page"}],"author":[{"embeddable":true,"href":"https:\/\/sites.bu.edu\/speechprosody2016\/wp-json\/wp\/v2\/users\/4691"}],"replies":[{"embeddable":true,"href":"https:\/\/sites.bu.edu\/speechprosody2016\/wp-json\/wp\/v2\/comments?post=450"}],"version-history":[{"count":9,"href":"https:\/\/sites.bu.edu\/speechprosody2016\/wp-json\/wp\/v2\/pages\/450\/revisions"}],"predecessor-version":[{"id":714,"href":"https:\/\/sites.bu.edu\/speechprosody2016\/wp-json\/wp\/v2\/pages\/450\/revisions\/714"}],"wp:attachment":[{"href":"https:\/\/sites.bu.edu\/speechprosody2016\/wp-json\/wp\/v2\/media?parent=450"}],"curies":[{"name":"wp","href":"https:\/\/api.w.org\/{rel}","templated":true}]}}