{"id":20,"date":"2019-06-27T20:32:19","date_gmt":"2019-06-28T00:32:19","guid":{"rendered":"https:\/\/sites.bu.edu\/sarahfrederick\/?page_id=20"},"modified":"2026-03-31T16:08:55","modified_gmt":"2026-03-31T20:08:55","slug":"natsume-soseki-research","status":"publish","type":"page","link":"https:\/\/sites.bu.edu\/sarahfrederick\/natsume-soseki-research\/","title":{"rendered":"Natsume S\u014dseki Research"},"content":{"rendered":"<p>A selection of my research on Natsume S\u014dseki. The focus on my work has been on S\u014dseki&#8217;s four trips to Kyoto, and developing a digital map of where he visited. This work was inspired by his essay &#8220;Arriving in Kyoto One Evening&#8221; (\u4eac\u306b\u7740\u3051\u308b\u5915).<\/p>\n<ul>\n<li>My <a href=\"https:\/\/sites.bu.edu\/sarahfrederick\/natsume-sosekis-arriving-in-kyoto-one-evening\/\">translation of &#8220;Arriving in Kyoto One Evening&#8221;<\/a><\/li>\n<li>I am developing an online map of S\u014dseki&#8217;s trip and will be posting a link here.<\/li>\n<li>Article for the Kyoto S\u014dseki Association Journal (in Japanese). From Gubijins\u014d Journal, 2017 (No. 20).<\/li>\n<\/ul>\n","protected":false},"excerpt":{"rendered":"<p>A selection of my research on Natsume S\u014dseki. The focus on my work has been on S\u014dseki&#8217;s four trips to Kyoto, and developing a digital map of where he visited. This work was inspired by his essay &#8220;Arriving in Kyoto One Evening&#8221; (\u4eac\u306b\u7740\u3051\u308b\u5915). My translation of &#8220;Arriving in Kyoto One Evening&#8221; I am developing an [&hellip;]<\/p>\n","protected":false},"author":4148,"featured_media":0,"parent":0,"menu_order":4,"comment_status":"closed","ping_status":"closed","template":"","meta":[],"_links":{"self":[{"href":"https:\/\/sites.bu.edu\/sarahfrederick\/wp-json\/wp\/v2\/pages\/20"}],"collection":[{"href":"https:\/\/sites.bu.edu\/sarahfrederick\/wp-json\/wp\/v2\/pages"}],"about":[{"href":"https:\/\/sites.bu.edu\/sarahfrederick\/wp-json\/wp\/v2\/types\/page"}],"author":[{"embeddable":true,"href":"https:\/\/sites.bu.edu\/sarahfrederick\/wp-json\/wp\/v2\/users\/4148"}],"replies":[{"embeddable":true,"href":"https:\/\/sites.bu.edu\/sarahfrederick\/wp-json\/wp\/v2\/comments?post=20"}],"version-history":[{"count":9,"href":"https:\/\/sites.bu.edu\/sarahfrederick\/wp-json\/wp\/v2\/pages\/20\/revisions"}],"predecessor-version":[{"id":75,"href":"https:\/\/sites.bu.edu\/sarahfrederick\/wp-json\/wp\/v2\/pages\/20\/revisions\/75"}],"wp:attachment":[{"href":"https:\/\/sites.bu.edu\/sarahfrederick\/wp-json\/wp\/v2\/media?parent=20"}],"curies":[{"name":"wp","href":"https:\/\/api.w.org\/{rel}","templated":true}]}}