{"id":141,"date":"2021-07-02T12:16:10","date_gmt":"2021-07-02T16:16:10","guid":{"rendered":"https:\/\/sites.bu.edu\/renew\/?page_id=141"},"modified":"2021-11-04T19:36:18","modified_gmt":"2021-11-04T23:36:18","slug":"final-program","status":"publish","type":"page","link":"https:\/\/sites.bu.edu\/renew\/final-program\/","title":{"rendered":"Final Program"},"content":{"rendered":"<h3 style=\"text-align: center;\">Friday, November 5th, 2021<\/h3>\n<h4>Registration (Friday 12:00-13:00 CET \u2014 7:00 to 8:00 AM EDT)<\/h4>\n<p><span style=\"color: #333333;\"><span>We will be available before the start of the conference 12:00 and 13:00 CET (7 to 8 AM EDT) to help you to navigate the conference site. <\/span><\/span><\/p>\n<p><span style=\"color: #333333;\"><span>You should have received an email with a personal link to the ReNEW website. Please let us know if not. The personal link will allow you to enter the website on the day of the conference and will provide full conference privileges. <\/span><\/span><\/p>\n<p><span style=\"color: #333333;\"><span>If you have any problem accessing the conference website, please contact Jaewook Lee at <a href=\"mailto:jwklee@bu.edu\">jwklee@bu.edu<\/a>, Sandra Nam at\u00a0<a href=\"mailto:sandra@qiqochat.com\">sandra@qiqochat.com<\/a>,\u00a0Cathie Martin at <a href=\"mailto:cjmartin@bu.edu\">cjmartin@bu.edu,<\/a> or Elizabeth Amrien at <a href=\"mailto:edamrien@bu.edu\">edamrien@bu.edu<\/a>.<\/span><\/span><\/p>\n<h4>Session 1 (Friday 13:00-14:30 CET \u2014 8:00 to 9:30 AM EDT)<\/h4>\n<p><em><span style=\"text-decoration: underline;\">Small States (Session 1 \/ Room 1)<\/span>:<\/em> \u201cGrand challenges in the Nordic model: regulatory responses and outcomes 1\u201d with Caroline de la Porte (Chair), Mads Dagnis Jensen, and Jens Arnholtz<\/p>\n<ul>\n<li>\u201cThe Nordic Model of Regulation and Grand Challenges: 5 ways of going Nordic\u201d by Caroline de la Porte, Mads Dagnis Jensen, and Jon Kvist<\/li>\n<li>\u201cNordic labour markets in a regulatory dilemma between transparency and opaque self-governance: the case of posted work in Norway, Denmark and Sweden\u201d by Jens Arnholtz<\/li>\n<li>\u201cThe Nordic governments\u2019 initial responses to the Covid-19 pandemic: a comparative study of variation in regulation and governance\u201d by Mads Dagnis Jensen (with Tom Christensen, Michael Kluth, Gunnar Helgi Kristinsson, Kennet Lynggaard, Per L\u00e6greid, Risto Niemikari, and Tapio Raunio)<\/li>\n<\/ul>\n<p><em><span style=\"text-decoration: underline;\">Welfare &amp; Democracy (Session 1 \/ Room 2)<\/span>:<\/em> \u201cThe Nordic media welfare system losing track of children and young audiences?\u201d with Thomas Enemark Lundtofte (Co-Chair), Line Nybro Petersen (Co-Chair), Cathrin Bengesser, Pia M. Jensen, and Anne M. Waade<\/p>\n<ul>\n<li>\u201cPassing Public Service Media Practices on to Pre-school Children: The Case of \u2018DR Ramasjang\u2019\u201d by Thomas Enemark Lundtofte<\/li>\n<li>\u201cNo Country for Young Audiences: Negotiating intergenerational audiences of streaming series SKAM\u201d by Line Nybro Petersen<\/li>\n<li>\u201cConvenience or relevance: Motivations of young Danish audiences turn away from DR.dk\u201d by Cathrin Bengesser<\/li>\n<li>\u201cIs the Nordic media welfare system facing a crisis? Young audiences\u2019 media use and their notions of quality and relevance\u201d by Pia M. Jensen and Anne M. Waade<\/li>\n<\/ul>\n<p><em><span style=\"text-decoration: underline;\">Circulation (Session 1 \/ Room 3)<\/span>:<\/em> \u201c<span>The Making and Circulation of the Nordic models<\/span>\u201d with <span>Haldor Byrkjeflot, Klaus Petersen,\u00a0<\/span><span>Mads Mordhorst (Chair), Byron Rom-Jensen, \u00a0Vivien Schmidt and Carl Marklund (Discussants)<\/span><\/p>\n<p><span>*Book available for download here: <\/span><a href=\"https:\/\/www.routledge.com\/Nordic-Studies-in-a-Global-Context\/book-series\/NSGC\" target=\"_blank\" data-saferedirecturl=\"https:\/\/www.google.com\/url?q=https:\/\/www.routledge.com\/Nordic-Studies-in-a-Global-Context\/book-series\/NSGC&amp;source=gmail&amp;ust=1635513173867000&amp;usg=AFQjCNFilcAAdYEt-B2Q7Lo9SI6OM_b_iQ\" rel=\"noopener noreferrer\">https:\/\/www.routledge.com\/<wbr \/>Nordic-Studies-in-a-Global-<wbr \/>Context\/book-series\/NSGC<\/a><\/p>\n<ul>\n<li>\u201cNordics as models: circulation and contestation\u201d by Haldor Byrkjeflot<\/li>\n<li>\u201cImages of the Nordic welfare model \u2013 Historical layers and ambiguities\u201d by Klaus Petersen and Pauli Kettunen<\/li>\n<li>&#8220;Agents of the Nordic Model: Translators and Proselytizers in the United States&#8221; by Byron Rom-Jensen<\/li>\n<li>\u201cWhat is truly Scandinavian?\u201d by Mads Mordhorts<\/li>\n<li>Discussants: Vivien Schmidt and Carl Marklund<\/li>\n<\/ul>\n<p><em><span style=\"text-decoration: underline;\">Globalization &amp; Liberalism (Session 1 \/ Room 4)<\/span>:<\/em> \u201cNordic Geopolitical Identity and Transatlantic Relations before and after the Cold War\u201d with Jussi Hanhim\u00e4ki, Rinna Kullaa (Chair), and Peter Stadius<\/p>\n<ul>\n<li>\u201cTransatlantic Relations since the end of the Cold War and the Nordic Geopolitical Identity\u201d by Jussi Hanhim\u00e4ki<\/li>\n<li>\u201cNordic States as Actors of International Relations in the Middle East and Africa after the End of the Cold War\u201d by Rinna Kullaa<\/li>\n<li>\u201cStrategies of Belonging and Geopolitics: Pan-Nordism in European and Trans-Atlantic Comparison 1919-1940\u201d by Peter Stadius<\/li>\n<\/ul>\n<h4>Friday Plenary Panel (Friday 14:30-16:00 CET \u2014 09:30 to 11:00 EDT)<\/h4>\n<ul>\n<li>\u201cReconsidering the Nordic Model\u201d with Torben Iversen, Chris Howell, and Cathie Jo Martin<\/li>\n<\/ul>\n<p>The first plenary panel on \u201cReconsidering the Nordic Model\u201d opens with introductions by Cathie Jo Martin (Boston University), Peter Stadius (director of ReNEW) and Nicola Anne Witcombe (Nordics.info). The panel considers the impact of neoliberalism and the endurance of the Nordic model.<\/p>\n<h4>Session 2 (Friday 16:00-17:30 CET \u2014 11:00 to 12:30 EDT)<\/h4>\n<p><em><span style=\"text-decoration: underline;\">Small States (Session 2 \/ Room 1)<\/span>:<\/em> \u201cGrand challenges in the Nordic model: regulatory responses and outcomes 2\u201d with <span>Caroline de la Porte, Trine Larsen, \u00c5sa Lundqvist<\/span>, Anna Ils\u00f8e (Chair), Fredrik S\u00f6derqvist, Zhen Im, Young Shin, and Sidesel Eriksen<\/p>\n<ul>\n<li>\u201c<span>Regulating the Nordic social investment state: Early childhood education and care in Sweden and Denmark<\/span><span>\u201d by Caroline de la Porte,\u00a0Trine Larsen, and \u00c5sa Lundqvist<\/span><\/li>\n<li>\u201cA Nordic response to the platform economy? Labour platforms as rule-makers in Denmark and Sweden\u201d by Anna Ils\u00f8e and Fredrik S\u00f6derqvist<\/li>\n<li>\u201c<span>Who gets labour market training? Access biases of social investment in Finland<\/span>\u201d by Zhen Im and Young Shin<\/li>\n<li>&#8220;<span>Narratives and Neoliberalism&#8221;\u00a0by Sidsel Eriksen<\/span><\/li>\n<\/ul>\n<p><em><span style=\"text-decoration: underline;\">Welfare &amp; Democracy (Session 2 \/ Room 2)<\/span>:<\/em> \u201cComparing the Social Democratic and the Liberal models\u201d with Cathie Jo Martin (Chair), Erik Olsson, Lane Kenworthy, and J\u00f3n <span>\u00d3lafsson<\/span><\/p>\n<ul>\n<li><span>\u201cCultural Images of Labor Conflict and Coordination: Literature and the Evolution of Industrial Relations Systems.\u201d by Cathie Jo Martin, Erik Olsson, and Dennie Nijhuis<\/span><\/li>\n<li><span>&#8220;Monetary cultures: the political construction of modern banking in 19th-century Britain and Sweden&#8221; by Erik Olsson<\/span><\/li>\n<li><span>&#8220;Social Democratic Capitalism and the Good Society&#8221; by Lane Kenworthy<\/span><\/li>\n<li>&#8220;<span>Renegotiating democratic engagement&#8221; by J\u00f3n \u00d3lafsson<\/span><\/li>\n<\/ul>\n<h4>Session 3 (Friday 17:30-19:00 CET \u2014 12:30 to 14:00 EDT)<\/h4>\n<p><em><span style=\"text-decoration: underline;\">Small States (Session 3 \/ Room 1)<\/span>:<\/em> \u201cCoordinating (Nordic) Governments Successfully\u201d with B. Guy Peters, Kennet Lynggaard, Michael Kluth, Flemming Juul Christiansen, and Mads Dagnis Jensen (Chair)<\/p>\n<ul>\n<li><span>&#8220;Politico-Administrative Coordination in Core Executives&#8221; by Flemming Juul Christiansen, Mads Dagnis Jensen, Christel Koop, and B. Guy Peters<\/span><\/li>\n<li><span>&#8220;The Nordic governments&#8217; responses to the Covid-19 pandemic: a comparative study of variation in governance arrangements and regulatory instruments&#8221; by Tom Christensen, Mads Dagnis Jensen, Michael Kluth, Gunnar Helgi Kristinsson, Kennet Lynggaard, Per L\u00e6greid, Risto Niemikari, Jon Pierre, and Tapio Raunio<\/span><\/li>\n<li>&#8220;<span>Is disloyalty rewarded? The electoral consequences of bloc changes of Scandinavian Centre Parties 1977-2019&#8243; by Christoph Arndt and Flemming Juul Christiansen<\/span><\/li>\n<\/ul>\n<p><em><span style=\"text-decoration: underline;\">Welfare &amp; Democracy (Session 3A \/ Room 2)<\/span>:<\/em> \u201cNordic Policy Success\u201d with Trine Larsen, Caroline de la Porte (Chair), Birgitte Kjos Fonn, Gu\u00f0n\u00fd Bj\u00f6rk Eydal, Bent Sofus Tran\u00f8y, and Jostein Askim.<\/p>\n<ul>\n<li>\u201cEarly childhood education and care: A Danish social investment success\u201d by Trine Larsen and Caroline de la Porte<\/li>\n<li>\u201cPromoting and democratising literature: A Norwegian policy success\u201d by Birgitte Kjos Fonn (with Paul Bjerke, and Lars J. Halvorsen)<\/li>\n<li>\u201cLaw on equal rights to paid parental leave in Iceland: Ensuring care by fathers\u201d by Gu\u00f0n\u00fd Bj\u00f6rk Eydal (with \u00c1sd\u00eds A\u00f0albj\u00f6rg Arnalds and Ing\u00f3lfur V. G\u00edslason)<\/li>\n<li>\u201cSuccessfully Negotiating two Dilemmas: Spending versus Saving and Returns versus Ethics in the History of the Norwegian Sovereign Wealth Fund\u201d by Bent Sofus Tran\u00f8y (with Camilla Bakken \u00d8vald)<\/li>\n<li>\u201cStudent Financing for Social Equity in Norway, 1947\u20132020\u201d by Jostein Askim<\/li>\n<\/ul>\n<p><em><span style=\"text-decoration: underline;\">Welfare &amp; Democracy (Session 3B \/ Room 3)<\/span>:<\/em> &#8220;<span>Labor and Holocaust Survivors in the Nordic Model&#8221; with <\/span>Pontus Rudberg, Mika M\u00e4kel\u00e4, Fredrik S\u00f6derqvist, German Bender, and Orna Keren-Carmel (Chair)<\/p>\n<ul>\n<li>\u201cThe Swedish Accommodation of Holocaust Survivors\u201d by Pontus Rudberg<\/li>\n<li>\u201cUrban renewal in Finland: case of modernisation of the workers district Kallio\u201d by Mika M\u00e4kel\u00e4<\/li>\n<li>\u201cHow to negotiate an algorithm: A case study on voice and automation in Swedish mining\u201d by Fredrik S\u00f6derqvist and German Bender<\/li>\n<\/ul>\n<p><em><span style=\"text-decoration: underline;\">Globalization &amp; Liberalism (Session 3 \/ Room 4)<\/span>:<\/em> \u201cNordic Paradoxes in the Age of Interregnum\u201d with Janne Holm\u00e9n (Chair), Kjell \u00d6stberg, and Emilia Palonen, and Robert Saunders<\/p>\n<ul>\n<li>\u201cEducation 4.0: Nordic Long-Term Planning and Educational Policies in the Fourth Industrial Revolution\u201d by Janne Holm\u00e9n<\/li>\n<li>\u201cThe Decline of the Social Democratic Movement\u201d by Kjell \u00d6stberg<\/li>\n<li>\u201c<span>Nordic Populists as Hegemony Challengers<\/span>\u201d by Emilia Palonen<\/li>\n<li>\u201cScreening Geopolitics in Norden: Televisual Representation(s) of the Post-Cold War Order\u201d by Robert Saunders<\/li>\n<\/ul>\n<h3 style=\"text-align: center;\">Saturday, November 6th, 2021<\/h3>\n<h4>Session 4 (Saturday 13:30-15:00 CET \u2014 8:30 to 10:00 AM EDT)<\/h4>\n<p><em><span style=\"text-decoration: underline;\">Small States (Session 4 \/ Room 1)<\/span>:<\/em> \u201cFour vectors of inequality in the Nordic Model: taxes, investment, social movements, housing\u201d with Ingrid Hjertaker, Bent Sofus Tran\u00f8y, Herman Mark Schwartz (Chair), and Cornel Ban<\/p>\n<ul>\n<li>\u201cTax and inequality in Scandinavia since 2000 \u2013 changes to pre-distribution and redistribution\u201d by Ingrid Hjertaker and Bent Sofus Tran\u00f8y<\/li>\n<li>\u201cContradictions of the Nordic knowledge economies: who grows? who earns? who invests?\u201d by Herman Mark Schwartz<\/li>\n<li>\u201cDoes equality end up driving inequality when universalistic welfare collides with financialized housing markets?\u201d by Bent Sofus Tran\u00f8y and Ingrid Hjertaker<\/li>\n<li>\u201cDoes financialization matter for inequality in advanced welfare states? The top 1 percent and their income share in the Nordic countries\u201d by Cornel Ban (presenting author) and Oddn\u00fd Helgad\u00f3ttir<\/li>\n<\/ul>\n<p><em><span style=\"text-decoration: underline;\">Welfare &amp; Democracy (Session 4 \/ Room 2)<\/span>:<\/em> \u201cThe Populist Surge: Historical Perspectives and Theoretical Openings\u201d with Valur Ingimundarson, Monica Quirico, Emilia Palonen, Norbert G\u00f6tz (Chair), and Vivien Schmidt<\/p>\n<ul>\n<li>\u201cThe Populist Right: Anti-Liberal Politics and Conservative Temptations\u201d by Valur Ingimundarson<\/li>\n<li>\u201cPeople and Elite in Nordic Populism: Historical Narratives, National Discourses and Political Cultures\u201d by Monica Quirico<\/li>\n<li>\u201cTheorizing Hegemony, Populism and Polarisation for the Era of Hybrid Media Systems\u201d by Emilia Palonen<\/li>\n<li>\u201cPopulist Moral Economies of the Here and Now\u201d by Norbert G\u00f6tz<\/li>\n<li>\u201c<span>The Discursive Construction of Discontent: Varieties of Populist Anti-System Ideas and Discursive Interactions in Europe<\/span>\u201d by Vivien Schmidt<\/li>\n<\/ul>\n<p><em><span style=\"text-decoration: underline;\">Circulation (Session 4 \/ Room 3)<\/span>: <\/em>\u201cCirculation of the Nordic Model(s)\u201d with Kazimierz Musia\u0142 (Chair), Young-hwan Byun, and Orna Keren-Carmel<\/p>\n<ul>\n<li>\u201cNorden as Heterotopia. A comparative glimpse on the circulation of Nordic model(s) in Central and Eastern Europe\u201d by Kazimierz Musia\u0142 and Lizaveta Dubinka-Hushcha<\/li>\n<li>\u201cGender-egalitarian Work-Family Policy Reforms in Conservative Welfare States: Germany and Korea\u201d by Young-hwan Byun<\/li>\n<li>\u201cLabor movements: a key component in international relations\u201d\u00a0Orna Keren-Carmel<\/li>\n<\/ul>\n<p><em><span style=\"text-decoration: underline;\">Globalization &amp; Liberalism (Session 4 \/ Room 4)<\/span>:<\/em> \u201cAfter the Crisis\u201d with Irma Erlingsd\u00f3ttir (Chair), Jonathan Pugh, Paolo Borioni<\/p>\n<ul>\n<li>\u201cThe Role of Gender in the Rebranding of Iceland following the 2008 Financial Crash\u201d by Irma Erlingsd\u00f3ttir<\/li>\n<li>\u201cThe return of the Scandinavian \u201cThird Way\u201d in an era of Great Power Competition\u201d by Jonathan Pugh<\/li>\n<li>\u201cThe debate about new public management, competitive state and the transformation of the Nordic state in Denmark and Sweden\u201d by Paolo Borioni<\/li>\n<\/ul>\n<h4>Saturday Plenary Panel (Saturday 15:00-16:30 CET \u2014 10:00 to 11:30 EDT)<\/h4>\n<ul>\n<li>\u201cThe Nordic Model in a Global Context\u201d with Herman Mark Schwartz, Jette Steen Knudsen, John Campbell, and Haldor Byrkjeflot<\/li>\n<\/ul>\n<p>The second plenary panel on \u201cThe Nordic Model in a Global Context\u201d addresses the role of the Nordic model in a globalizing world. It will close with a presentation by Norbert G\u00f8tz of the 5th Nordic Challenges Conference 1-3 June 2022 at S\u00f6dert\u00f6rn University in Stockholm. There will also be a short closing ceremony with address by Peter Stadius.<\/p>\n<h4>Reception (Saturday 16:30-17:30 CET \u2014 11:30 AM to 12:30 PM EDT)<\/h4>\n","protected":false},"excerpt":{"rendered":"<p>Friday, November 5th, 2021 Registration (Friday 12:00-13:00 CET \u2014 7:00 to 8:00 AM EDT) We will be available before the start of the conference 12:00 and 13:00 CET (7 to 8 AM EDT) to help you to navigate the conference site. You should have received an email with a personal link to the ReNEW website. [&hellip;]<\/p>\n","protected":false},"author":17388,"featured_media":0,"parent":0,"menu_order":3,"comment_status":"closed","ping_status":"closed","template":"","meta":[],"_links":{"self":[{"href":"https:\/\/sites.bu.edu\/renew\/wp-json\/wp\/v2\/pages\/141"}],"collection":[{"href":"https:\/\/sites.bu.edu\/renew\/wp-json\/wp\/v2\/pages"}],"about":[{"href":"https:\/\/sites.bu.edu\/renew\/wp-json\/wp\/v2\/types\/page"}],"author":[{"embeddable":true,"href":"https:\/\/sites.bu.edu\/renew\/wp-json\/wp\/v2\/users\/17388"}],"replies":[{"embeddable":true,"href":"https:\/\/sites.bu.edu\/renew\/wp-json\/wp\/v2\/comments?post=141"}],"version-history":[{"count":51,"href":"https:\/\/sites.bu.edu\/renew\/wp-json\/wp\/v2\/pages\/141\/revisions"}],"predecessor-version":[{"id":346,"href":"https:\/\/sites.bu.edu\/renew\/wp-json\/wp\/v2\/pages\/141\/revisions\/346"}],"wp:attachment":[{"href":"https:\/\/sites.bu.edu\/renew\/wp-json\/wp\/v2\/media?parent=141"}],"curies":[{"name":"wp","href":"https:\/\/api.w.org\/{rel}","templated":true}]}}