{"id":68,"date":"2019-01-23T14:19:22","date_gmt":"2019-01-23T19:19:22","guid":{"rendered":"https:\/\/sites.bu.edu\/primaveramadrid2019\/?page_id=68"},"modified":"2019-04-26T14:59:34","modified_gmt":"2019-04-26T18:59:34","slug":"lydia","status":"publish","type":"page","link":"https:\/\/sites.bu.edu\/primaveramadrid2019\/los-blogs\/lydia\/","title":{"rendered":"Lydia"},"content":{"rendered":"<p>\u00a1Hola! Me llamo Lydia. Soy de Pittsburgh, Pennsylvania, y estudio en La Universidad de Boston. Soy una alumna de pen\u00faltimo a\u00f1o y mis concentraciones son las Ciencias Pol\u00edticas y Religi\u00f3n. Me gusta correr, viajar, leer novelas amorosas y pasar tiempo con mis amigos. Algunas de mis cosas favoritas de hacer aqu\u00ed en Madrid incluyen pasear por las calles, visitar los museos (\u00a1deseo poder visitarlos todos!) y probar comida nueva. El Retiro es uno de mis lugares favoritos hasta ahora, pero me gustar\u00eda conocer toda la ciudad de Madrid como si fuera mi ciudad natal.<\/p>\n<p><a href=\"https:\/\/sites.bu.edu\/primaveramadrid2019\/2019\/02\/04\/templo-de-debod\/\" target=\"_blank\" rel=\"noopener\"><strong>Templo de Debod<\/strong><\/a><\/p>\n<p><a href=\"https:\/\/sites.bu.edu\/primaveramadrid2019\/2019\/02\/19\/el-restaurante-secreto\/\" target=\"_blank\" rel=\"noopener\"><strong>El Restaurante Secreto<\/strong><\/a><\/p>\n<p><a href=\"https:\/\/sites.bu.edu\/primaveramadrid2019\/2019\/03\/06\/madrid-rio-y-matadero\/\" target=\"_blank\" rel=\"noopener\"><strong>Madrid R\u00edo y Matadero<\/strong><\/a><\/p>\n<p><a href=\"https:\/\/sites.bu.edu\/primaveramadrid2019\/2019\/03\/26\/comprar-y-comer-y-comer\/\" target=\"_blank\" rel=\"noopener\"><strong>Comprar y Comer y Comer<\/strong><\/a><\/p>\n<p><a href=\"https:\/\/sites.bu.edu\/primaveramadrid2019\/2019\/04\/08\/el-palacio-real\/\" target=\"_blank\" rel=\"noopener\"><strong>El Palacio Real<\/strong><\/a><\/p>\n<p><a href=\"https:\/\/sites.bu.edu\/primaveramadrid2019\/2019\/04\/26\/si-no-has-visto-granada\/\" target=\"_blank\" rel=\"noopener\"><strong>Si No Has Visto Granada &#8230;<\/strong><\/a><\/p>\n","protected":false},"excerpt":{"rendered":"<p>\u00a1Hola! Me llamo Lydia. Soy de Pittsburgh, Pennsylvania, y estudio en La Universidad de Boston. Soy una alumna de pen\u00faltimo a\u00f1o y mis concentraciones son las Ciencias Pol\u00edticas y Religi\u00f3n. Me gusta correr, viajar, leer novelas amorosas y pasar tiempo con mis amigos. Algunas de mis cosas favoritas de hacer aqu\u00ed en Madrid incluyen pasear [&hellip;]<\/p>\n","protected":false},"author":5659,"featured_media":0,"parent":24,"menu_order":14,"comment_status":"closed","ping_status":"closed","template":"","meta":[],"_links":{"self":[{"href":"https:\/\/sites.bu.edu\/primaveramadrid2019\/wp-json\/wp\/v2\/pages\/68"}],"collection":[{"href":"https:\/\/sites.bu.edu\/primaveramadrid2019\/wp-json\/wp\/v2\/pages"}],"about":[{"href":"https:\/\/sites.bu.edu\/primaveramadrid2019\/wp-json\/wp\/v2\/types\/page"}],"author":[{"embeddable":true,"href":"https:\/\/sites.bu.edu\/primaveramadrid2019\/wp-json\/wp\/v2\/users\/5659"}],"replies":[{"embeddable":true,"href":"https:\/\/sites.bu.edu\/primaveramadrid2019\/wp-json\/wp\/v2\/comments?post=68"}],"version-history":[{"count":8,"href":"https:\/\/sites.bu.edu\/primaveramadrid2019\/wp-json\/wp\/v2\/pages\/68\/revisions"}],"predecessor-version":[{"id":663,"href":"https:\/\/sites.bu.edu\/primaveramadrid2019\/wp-json\/wp\/v2\/pages\/68\/revisions\/663"}],"up":[{"embeddable":true,"href":"https:\/\/sites.bu.edu\/primaveramadrid2019\/wp-json\/wp\/v2\/pages\/24"}],"wp:attachment":[{"href":"https:\/\/sites.bu.edu\/primaveramadrid2019\/wp-json\/wp\/v2\/media?parent=68"}],"curies":[{"name":"wp","href":"https:\/\/api.w.org\/{rel}","templated":true}]}}