{"id":62,"date":"2019-01-23T14:16:39","date_gmt":"2019-01-23T19:16:39","guid":{"rendered":"https:\/\/sites.bu.edu\/primaveramadrid2019\/?page_id=62"},"modified":"2019-04-25T14:56:18","modified_gmt":"2019-04-25T18:56:18","slug":"alan","status":"publish","type":"page","link":"https:\/\/sites.bu.edu\/primaveramadrid2019\/los-blogs\/alan\/","title":{"rendered":"Alan"},"content":{"rendered":"<p>Hola, me llamo Alan. Vivo en Boston y estudio en la Universidad de Boston. Espec\u00edficamente, estoy estudiando las Ciencias Cognitivas y Arte Visual. Pero la mayor\u00eda de mi vida, no he vivido en Boston. Soy de California, de un pueblo costero que se llama Santa Cruz. Decid\u00ed estudiar en Boston porque quer\u00eda salir del estado de oro y explorar el resto del pa\u00eds. Escog\u00ed estudiar aqu\u00ed en Madrid por razones similares. Quiero explorar el mundo y salir de la cultura americana, en la que he estado toda mi vida. Hasta ahora he disfrutado mucho esta ciudad, la cultura nueva y la experiencia de vivir en un pa\u00eds nuevo. Estoy emocionado por mi estancia aqu\u00ed en Madrid, y por las experiencias que voy a tener en esta clase y este pa\u00eds incre\u00edble.<\/p>\n<p><a href=\"https:\/\/sites.bu.edu\/primaveramadrid2019\/2019\/02\/04\/cafe-en-la-calle-y-en-la-casa\/\" target=\"_blank\" rel=\"noopener\"><strong>Caf\u00e9 en la calle, y en la casa<\/strong><\/a><\/p>\n<p><a href=\"https:\/\/sites.bu.edu\/primaveramadrid2019\/2019\/02\/19\/el-prado-que-hemos-visitado-en-clase\/\" target=\"_blank\" rel=\"noopener\"><strong>El Prado que Hemos Visitado en Clase<\/strong><\/a><\/p>\n<p><a href=\"https:\/\/sites.bu.edu\/primaveramadrid2019\/2019\/03\/06\/el-otro-museo-una-muestra-de-arte\/\" target=\"_blank\" rel=\"noopener\"><strong>El Otro Museo, una Muestra de Arte<\/strong><\/a><\/p>\n<p><a href=\"https:\/\/sites.bu.edu\/primaveramadrid2019\/2019\/03\/25\/el-mercado-de-la-gente\/\" target=\"_blank\" rel=\"noopener\"><strong>El Mercado de la Gente<\/strong><\/a><\/p>\n<p><a href=\"https:\/\/sites.bu.edu\/primaveramadrid2019\/2019\/04\/02\/neo%c2%ad-mudejar-el-edificio-de-abc-un-centro-comercial-en-serrano\/\" target=\"_blank\" rel=\"noopener\"><strong>Neo\u00ad-Mud\u00e9jar, el Edificio de ABC, un Centro Comercial en Serrano<\/strong><\/a><\/p>\n<p><a href=\"https:\/\/sites.bu.edu\/primaveramadrid2019\/2019\/04\/25\/mi-primer-chocolate-y-churros-en-madrid\/\" target=\"_blank\" rel=\"noopener\"><strong>Mi primer chocolate y churros en Madrid<\/strong><\/a><\/p>\n","protected":false},"excerpt":{"rendered":"<p>Hola, me llamo Alan. Vivo en Boston y estudio en la Universidad de Boston. Espec\u00edficamente, estoy estudiando las Ciencias Cognitivas y Arte Visual. Pero la mayor\u00eda de mi vida, no he vivido en Boston. Soy de California, de un pueblo costero que se llama Santa Cruz. Decid\u00ed estudiar en Boston porque quer\u00eda salir del estado [&hellip;]<\/p>\n","protected":false},"author":5659,"featured_media":0,"parent":24,"menu_order":12,"comment_status":"closed","ping_status":"closed","template":"","meta":[],"_links":{"self":[{"href":"https:\/\/sites.bu.edu\/primaveramadrid2019\/wp-json\/wp\/v2\/pages\/62"}],"collection":[{"href":"https:\/\/sites.bu.edu\/primaveramadrid2019\/wp-json\/wp\/v2\/pages"}],"about":[{"href":"https:\/\/sites.bu.edu\/primaveramadrid2019\/wp-json\/wp\/v2\/types\/page"}],"author":[{"embeddable":true,"href":"https:\/\/sites.bu.edu\/primaveramadrid2019\/wp-json\/wp\/v2\/users\/5659"}],"replies":[{"embeddable":true,"href":"https:\/\/sites.bu.edu\/primaveramadrid2019\/wp-json\/wp\/v2\/comments?post=62"}],"version-history":[{"count":7,"href":"https:\/\/sites.bu.edu\/primaveramadrid2019\/wp-json\/wp\/v2\/pages\/62\/revisions"}],"predecessor-version":[{"id":658,"href":"https:\/\/sites.bu.edu\/primaveramadrid2019\/wp-json\/wp\/v2\/pages\/62\/revisions\/658"}],"up":[{"embeddable":true,"href":"https:\/\/sites.bu.edu\/primaveramadrid2019\/wp-json\/wp\/v2\/pages\/24"}],"wp:attachment":[{"href":"https:\/\/sites.bu.edu\/primaveramadrid2019\/wp-json\/wp\/v2\/media?parent=62"}],"curies":[{"name":"wp","href":"https:\/\/api.w.org\/{rel}","templated":true}]}}