{"id":53,"date":"2019-01-23T06:56:11","date_gmt":"2019-01-23T11:56:11","guid":{"rendered":"https:\/\/sites.bu.edu\/primaveramadrid2019\/?page_id=53"},"modified":"2019-04-25T14:50:58","modified_gmt":"2019-04-25T18:50:58","slug":"julia","status":"publish","type":"page","link":"https:\/\/sites.bu.edu\/primaveramadrid2019\/los-blogs\/julia\/","title":{"rendered":"Julia"},"content":{"rendered":"<p>\u00a1Hola! Soy Julia, y estudio Relaciones Internacionales en la Universidad de Boston. Soy del estado de Nueva York y vivo con mis padres, dos hermanas y un perro. Los echo de menos ya. Me gusta leer libros en mi tiempo libre y correr afuera. Espa\u00f1a es el segundo pa\u00eds europeo que he visitado. Fui a Alemania hace cuatro a\u00f1os. Quiero visitar muchos pa\u00edses durante este semestre como Francia, Inglaterra, Italia, Grecia, Marruecos y otros. \u00a1Estoy emocionada de mejorar mi espa\u00f1ol y experimentar diferentes culturas!<\/p>\n<p><a href=\"https:\/\/sites.bu.edu\/primaveramadrid2019\/2019\/02\/04\/casi-un-mes-en-madrid\/\" target=\"_blank\" rel=\"noopener\"><strong>\u00a1Casi un mes en Madrid!<\/strong><\/a><\/p>\n<p><a href=\"https:\/\/sites.bu.edu\/primaveramadrid2019\/2019\/02\/21\/nuevos-lugares-nuevos-sentimientos\/\" target=\"_blank\" rel=\"noopener\"><strong>Nuevos lugares, nuevos sentimientos<\/strong><\/a><\/p>\n<p><a href=\"https:\/\/sites.bu.edu\/primaveramadrid2019\/2019\/03\/05\/primavera\/\" target=\"_blank\" rel=\"noopener\"><strong>\u00bfPrimavera?<\/strong><\/a><\/p>\n<p><a href=\"https:\/\/sites.bu.edu\/primaveramadrid2019\/2019\/03\/26\/mediados-de-marzo\/\" target=\"_blank\" rel=\"noopener\"><strong>Mediados de marzo<\/strong><\/a><\/p>\n<p><a href=\"https:\/\/sites.bu.edu\/primaveramadrid2019\/2019\/04\/01\/comida-y-mas-comida\/\" target=\"_blank\" rel=\"noopener\"><strong>Comida y m\u00e1s comida<\/strong><\/a><\/p>\n<p><a href=\"https:\/\/sites.bu.edu\/primaveramadrid2019\/2019\/04\/25\/mi-familia-me-visita\/\" target=\"_blank\" rel=\"noopener\"><strong>Mi familia me visita<\/strong><\/a><\/p>\n","protected":false},"excerpt":{"rendered":"<p>\u00a1Hola! Soy Julia, y estudio Relaciones Internacionales en la Universidad de Boston. Soy del estado de Nueva York y vivo con mis padres, dos hermanas y un perro. Los echo de menos ya. Me gusta leer libros en mi tiempo libre y correr afuera. Espa\u00f1a es el segundo pa\u00eds europeo que he visitado. Fui a [&hellip;]<\/p>\n","protected":false},"author":5659,"featured_media":0,"parent":24,"menu_order":9,"comment_status":"closed","ping_status":"closed","template":"","meta":[],"_links":{"self":[{"href":"https:\/\/sites.bu.edu\/primaveramadrid2019\/wp-json\/wp\/v2\/pages\/53"}],"collection":[{"href":"https:\/\/sites.bu.edu\/primaveramadrid2019\/wp-json\/wp\/v2\/pages"}],"about":[{"href":"https:\/\/sites.bu.edu\/primaveramadrid2019\/wp-json\/wp\/v2\/types\/page"}],"author":[{"embeddable":true,"href":"https:\/\/sites.bu.edu\/primaveramadrid2019\/wp-json\/wp\/v2\/users\/5659"}],"replies":[{"embeddable":true,"href":"https:\/\/sites.bu.edu\/primaveramadrid2019\/wp-json\/wp\/v2\/comments?post=53"}],"version-history":[{"count":7,"href":"https:\/\/sites.bu.edu\/primaveramadrid2019\/wp-json\/wp\/v2\/pages\/53\/revisions"}],"predecessor-version":[{"id":653,"href":"https:\/\/sites.bu.edu\/primaveramadrid2019\/wp-json\/wp\/v2\/pages\/53\/revisions\/653"}],"up":[{"embeddable":true,"href":"https:\/\/sites.bu.edu\/primaveramadrid2019\/wp-json\/wp\/v2\/pages\/24"}],"wp:attachment":[{"href":"https:\/\/sites.bu.edu\/primaveramadrid2019\/wp-json\/wp\/v2\/media?parent=53"}],"curies":[{"name":"wp","href":"https:\/\/api.w.org\/{rel}","templated":true}]}}