{"id":50,"date":"2019-01-23T06:54:31","date_gmt":"2019-01-23T11:54:31","guid":{"rendered":"https:\/\/sites.bu.edu\/primaveramadrid2019\/?page_id=50"},"modified":"2019-04-22T15:05:49","modified_gmt":"2019-04-22T19:05:49","slug":"mackenzie","status":"publish","type":"page","link":"https:\/\/sites.bu.edu\/primaveramadrid2019\/los-blogs\/mackenzie\/","title":{"rendered":"Mackenzie"},"content":{"rendered":"<p>\u00a1Hola! Me llamo Mackenzie y soy de Newport Beach California. Esta es mi primera vez en Madrid, y hasta ahora, lo he disfrutado. Vivo cerca del Retiro y me encanta hacer ejercicio y pasear por el parque. Tambi\u00e9n bebo demasiado caf\u00e9, as\u00ed que av\u00edsame si te gustar\u00eda tomar una taza juntos. Mientras estoy en Madrid, me gustar\u00eda aprender m\u00e1s espa\u00f1ol, hacer nuevos amigos y aprender m\u00e1s sobre la cultura espa\u00f1ola. Tambi\u00e9n me gustar\u00eda viajar por Europa. Eleg\u00ed una foto de m\u00ed en la parte superior de un lugar hermoso, se llama Azotea. Me gusta mucho este lugar porque puedes ver toda la ciudad.<\/p>\n<p><a href=\"https:\/\/sites.bu.edu\/primaveramadrid2019\/2019\/02\/05\/un-mes-en-madrid\/\" target=\"_blank\" rel=\"noopener\"><strong>Un mes en Madrid<\/strong><\/a><\/p>\n<p><a href=\"https:\/\/sites.bu.edu\/primaveramadrid2019\/2019\/02\/19\/nuevas-experiencias-y-nuevos-amigos\/\" target=\"_blank\" rel=\"noopener\"><strong>Nuevas experiencias y nuevos amigos<\/strong><\/a><\/p>\n<p><a href=\"https:\/\/sites.bu.edu\/primaveramadrid2019\/2019\/03\/05\/una-familia-nueva\/\" target=\"_blank\" rel=\"noopener\"><strong>Una familia nueva<\/strong><\/a><\/p>\n<p><a href=\"https:\/\/sites.bu.edu\/primaveramadrid2019\/2019\/03\/25\/las-visitas\/\" target=\"_blank\" rel=\"noopener\"><strong>Las Visitas<\/strong><\/a><\/p>\n<p><a href=\"https:\/\/sites.bu.edu\/primaveramadrid2019\/2019\/04\/08\/primavera-en-flor\/\" target=\"_blank\" rel=\"noopener\"><strong>Primavera en flor<\/strong><\/a><\/p>\n<p><a href=\"https:\/\/sites.bu.edu\/primaveramadrid2019\/2019\/04\/22\/los-paises-nordicos-para-semana-santa\/\"><strong>Los pa\u00edses n\u00f3rdicos para semana santa<\/strong><\/a><\/p>\n","protected":false},"excerpt":{"rendered":"<p>\u00a1Hola! Me llamo Mackenzie y soy de Newport Beach California. Esta es mi primera vez en Madrid, y hasta ahora, lo he disfrutado. Vivo cerca del Retiro y me encanta hacer ejercicio y pasear por el parque. Tambi\u00e9n bebo demasiado caf\u00e9, as\u00ed que av\u00edsame si te gustar\u00eda tomar una taza juntos. Mientras estoy en Madrid, [&hellip;]<\/p>\n","protected":false},"author":5659,"featured_media":0,"parent":24,"menu_order":8,"comment_status":"closed","ping_status":"closed","template":"","meta":[],"_links":{"self":[{"href":"https:\/\/sites.bu.edu\/primaveramadrid2019\/wp-json\/wp\/v2\/pages\/50"}],"collection":[{"href":"https:\/\/sites.bu.edu\/primaveramadrid2019\/wp-json\/wp\/v2\/pages"}],"about":[{"href":"https:\/\/sites.bu.edu\/primaveramadrid2019\/wp-json\/wp\/v2\/types\/page"}],"author":[{"embeddable":true,"href":"https:\/\/sites.bu.edu\/primaveramadrid2019\/wp-json\/wp\/v2\/users\/5659"}],"replies":[{"embeddable":true,"href":"https:\/\/sites.bu.edu\/primaveramadrid2019\/wp-json\/wp\/v2\/comments?post=50"}],"version-history":[{"count":7,"href":"https:\/\/sites.bu.edu\/primaveramadrid2019\/wp-json\/wp\/v2\/pages\/50\/revisions"}],"predecessor-version":[{"id":596,"href":"https:\/\/sites.bu.edu\/primaveramadrid2019\/wp-json\/wp\/v2\/pages\/50\/revisions\/596"}],"up":[{"embeddable":true,"href":"https:\/\/sites.bu.edu\/primaveramadrid2019\/wp-json\/wp\/v2\/pages\/24"}],"wp:attachment":[{"href":"https:\/\/sites.bu.edu\/primaveramadrid2019\/wp-json\/wp\/v2\/media?parent=50"}],"curies":[{"name":"wp","href":"https:\/\/api.w.org\/{rel}","templated":true}]}}