{"id":44,"date":"2019-01-21T15:10:52","date_gmt":"2019-01-21T20:10:52","guid":{"rendered":"https:\/\/sites.bu.edu\/primaveramadrid2019\/?page_id=44"},"modified":"2019-04-23T13:57:46","modified_gmt":"2019-04-23T17:57:46","slug":"dana","status":"publish","type":"page","link":"https:\/\/sites.bu.edu\/primaveramadrid2019\/los-blogs\/dana\/","title":{"rendered":"Dana"},"content":{"rendered":"<p>\u00a1Hola amigos de <em>Madrid en Vivo!<\/em><\/p>\n<p>Me llamo Dana y estoy estudiando Relaciones Internacionales en Boston University. Estoy feliz de estudiar en Madrid y vivir en Europa otra vez. Cuando era ni\u00f1a, viv\u00ed en Tailandia, Holanda e Inglaterra antes de regresar a los Estados Unidos. La ciudad de Madrid tiene una cultura rica de historia, y tengo ganas de explorar partes nuevas cuando no est\u00e9 estudiando ni bailando. El s\u00e1bado pasado, tom\u00e9 mi primera clase de baile en espa\u00f1ol, y aprend\u00ed muchas palabras nuevas.<\/p>\n<p>La semana pasada, Graceson y yo fuimos al parque del Retiro y tomamos muchas fotograf\u00edas. El parque es precioso.<\/p>\n<p>Hasta pr\u00f3xima vez,<\/p>\n<p>Dana<\/p>\n<p><a href=\"https:\/\/sites.bu.edu\/primaveramadrid2019\/2019\/02\/04\/comida-madrilena\/\" target=\"_blank\" rel=\"noopener\"><strong>Comida madrile\u00f1a<\/strong><\/a><\/p>\n<p><a href=\"https:\/\/sites.bu.edu\/primaveramadrid2019\/2019\/02\/19\/anos-nuevos-y-comidas-nuevas\/\" target=\"_blank\" rel=\"noopener\"><strong>A\u00f1os nuevos y comidas nuevas<\/strong><\/a><\/p>\n<p><a href=\"https:\/\/sites.bu.edu\/primaveramadrid2019\/2019\/03\/10\/madrid-para-conversacion\/\" target=\"_blank\" rel=\"noopener\"><strong>Madrid para conversaci\u00f3n<\/strong><\/a><\/p>\n<p><a href=\"https:\/\/sites.bu.edu\/primaveramadrid2019\/2019\/03\/26\/su-primera-vez-en-madrid\/\" target=\"_blank\" rel=\"noopener\"><strong>Su primera vez en Madrid<\/strong><\/a><\/p>\n<p><a href=\"https:\/\/sites.bu.edu\/primaveramadrid2019\/2019\/04\/01\/el-cartel-divertido\/\" target=\"_blank\" rel=\"noopener\"><strong>El cartel divertido<\/strong><\/a><\/p>\n<p><a href=\"https:\/\/sites.bu.edu\/primaveramadrid2019\/2019\/04\/23\/semana-santa\/\" target=\"_blank\" rel=\"noopener\"><strong>Semana Santa<\/strong><\/a><\/p>\n","protected":false},"excerpt":{"rendered":"<p>\u00a1Hola amigos de Madrid en Vivo! Me llamo Dana y estoy estudiando Relaciones Internacionales en Boston University. Estoy feliz de estudiar en Madrid y vivir en Europa otra vez. Cuando era ni\u00f1a, viv\u00ed en Tailandia, Holanda e Inglaterra antes de regresar a los Estados Unidos. La ciudad de Madrid tiene una cultura rica de historia, [&hellip;]<\/p>\n","protected":false},"author":5659,"featured_media":0,"parent":24,"menu_order":7,"comment_status":"closed","ping_status":"closed","template":"","meta":[],"_links":{"self":[{"href":"https:\/\/sites.bu.edu\/primaveramadrid2019\/wp-json\/wp\/v2\/pages\/44"}],"collection":[{"href":"https:\/\/sites.bu.edu\/primaveramadrid2019\/wp-json\/wp\/v2\/pages"}],"about":[{"href":"https:\/\/sites.bu.edu\/primaveramadrid2019\/wp-json\/wp\/v2\/types\/page"}],"author":[{"embeddable":true,"href":"https:\/\/sites.bu.edu\/primaveramadrid2019\/wp-json\/wp\/v2\/users\/5659"}],"replies":[{"embeddable":true,"href":"https:\/\/sites.bu.edu\/primaveramadrid2019\/wp-json\/wp\/v2\/comments?post=44"}],"version-history":[{"count":7,"href":"https:\/\/sites.bu.edu\/primaveramadrid2019\/wp-json\/wp\/v2\/pages\/44\/revisions"}],"predecessor-version":[{"id":630,"href":"https:\/\/sites.bu.edu\/primaveramadrid2019\/wp-json\/wp\/v2\/pages\/44\/revisions\/630"}],"up":[{"embeddable":true,"href":"https:\/\/sites.bu.edu\/primaveramadrid2019\/wp-json\/wp\/v2\/pages\/24"}],"wp:attachment":[{"href":"https:\/\/sites.bu.edu\/primaveramadrid2019\/wp-json\/wp\/v2\/media?parent=44"}],"curies":[{"name":"wp","href":"https:\/\/api.w.org\/{rel}","templated":true}]}}