{"id":38,"date":"2019-01-21T15:06:48","date_gmt":"2019-01-21T20:06:48","guid":{"rendered":"https:\/\/sites.bu.edu\/primaveramadrid2019\/?page_id=38"},"modified":"2019-04-22T15:03:02","modified_gmt":"2019-04-22T19:03:02","slug":"kaylin","status":"publish","type":"page","link":"https:\/\/sites.bu.edu\/primaveramadrid2019\/los-blogs\/kaylin\/","title":{"rendered":"Kaylin"},"content":{"rendered":"<p>\u00a1Hola! Mi nombre es Kaylin Ikeda. Soy de California, de una ciudad que se llama Orange. Soy estudiante en la universidad de Boston y estudio Relaciones Internacionales, espec\u00edficamente sobre econom\u00eda internacional, negocios y pol\u00edtica en Europa. En el futuro, espero tener un trabajo que me permita viajar y tambi\u00e9n hacer una diferencia o impacto. En mi tiempo libre, me gusta ir a los caf\u00e9s, ir a la playa con mis amigos, encontrar restaurantes nuevos y tambi\u00e9n ver pel\u00edculas. Es mi primera vez en Madrid y en mi foto, estoy en un patio.<\/p>\n<p><a href=\"https:\/\/sites.bu.edu\/primaveramadrid2019\/2019\/02\/05\/un-dia-de-compras-en-malasana\/\"><strong>Un d\u00eda de compras en Malasa\u00f1a<\/strong><\/a><\/p>\n<p><a href=\"https:\/\/sites.bu.edu\/primaveramadrid2019\/2019\/02\/21\/la-vida-imita-al-arte\/\" target=\"_blank\" rel=\"noopener\"><strong>La vida imita al arte<\/strong><\/a><\/p>\n<p><a href=\"https:\/\/sites.bu.edu\/primaveramadrid2019\/2019\/03\/06\/semana-de-sol\/\" target=\"_blank\" rel=\"noopener\"><strong>Semana de sol<\/strong><\/a><\/p>\n<p><a href=\"https:\/\/sites.bu.edu\/primaveramadrid2019\/2019\/03\/18\/8-de-marzo\/\" target=\"_blank\" rel=\"noopener\"><strong>8 de marzo<\/strong><\/a><\/p>\n<p><a href=\"https:\/\/sites.bu.edu\/primaveramadrid2019\/news\/corriendo-en-retiro\/\" target=\"_blank\" rel=\"noopener\"><strong>Corriendo en Retiro<\/strong><\/a><\/p>\n<p><a href=\"https:\/\/sites.bu.edu\/primaveramadrid2019\/2019\/04\/22\/el-palacio-real-de-madrid\/\" target=\"_blank\" rel=\"noopener\"><strong>El Palacio Real de Madrid<\/strong><\/a><\/p>\n","protected":false},"excerpt":{"rendered":"<p>\u00a1Hola! Mi nombre es Kaylin Ikeda. Soy de California, de una ciudad que se llama Orange. Soy estudiante en la universidad de Boston y estudio Relaciones Internacionales, espec\u00edficamente sobre econom\u00eda internacional, negocios y pol\u00edtica en Europa. En el futuro, espero tener un trabajo que me permita viajar y tambi\u00e9n hacer una diferencia o impacto. En [&hellip;]<\/p>\n","protected":false},"author":5659,"featured_media":0,"parent":24,"menu_order":5,"comment_status":"closed","ping_status":"closed","template":"","meta":[],"_links":{"self":[{"href":"https:\/\/sites.bu.edu\/primaveramadrid2019\/wp-json\/wp\/v2\/pages\/38"}],"collection":[{"href":"https:\/\/sites.bu.edu\/primaveramadrid2019\/wp-json\/wp\/v2\/pages"}],"about":[{"href":"https:\/\/sites.bu.edu\/primaveramadrid2019\/wp-json\/wp\/v2\/types\/page"}],"author":[{"embeddable":true,"href":"https:\/\/sites.bu.edu\/primaveramadrid2019\/wp-json\/wp\/v2\/users\/5659"}],"replies":[{"embeddable":true,"href":"https:\/\/sites.bu.edu\/primaveramadrid2019\/wp-json\/wp\/v2\/comments?post=38"}],"version-history":[{"count":7,"href":"https:\/\/sites.bu.edu\/primaveramadrid2019\/wp-json\/wp\/v2\/pages\/38\/revisions"}],"predecessor-version":[{"id":593,"href":"https:\/\/sites.bu.edu\/primaveramadrid2019\/wp-json\/wp\/v2\/pages\/38\/revisions\/593"}],"up":[{"embeddable":true,"href":"https:\/\/sites.bu.edu\/primaveramadrid2019\/wp-json\/wp\/v2\/pages\/24"}],"wp:attachment":[{"href":"https:\/\/sites.bu.edu\/primaveramadrid2019\/wp-json\/wp\/v2\/media?parent=38"}],"curies":[{"name":"wp","href":"https:\/\/api.w.org\/{rel}","templated":true}]}}