{"id":26,"date":"2019-01-20T09:12:56","date_gmt":"2019-01-20T14:12:56","guid":{"rendered":"https:\/\/sites.bu.edu\/primaveramadrid2019\/?page_id=26"},"modified":"2019-04-22T15:01:14","modified_gmt":"2019-04-22T19:01:14","slug":"indy","status":"publish","type":"page","link":"https:\/\/sites.bu.edu\/primaveramadrid2019\/los-blogs\/indy\/","title":{"rendered":"Indy"},"content":{"rendered":"<p>\u00a1Hola! Mi nombre es Indeevar pero mis amigos me llaman Indy. Soy de Nueva Jersey y asisto a la Universidad de Boston en Massachusetts. Mi especialidad es medicina y voy a empezar la escuela de medicina en oto\u00f1o. Disfruto mucho viendo deportes, especialmente f\u00fatbol. Mi equipo favorito es Juventus. Tambi\u00e9n me gusta probar cocinas nuevas y explorar culturas diferentes. Soy un goloso y por eso me encantan los dulces, especialmente los pasteles de manzana y los churros con chocolate. Adem\u00e1s, soy un poco aficionado a la historia y me gusta visitar lugares con mucha historia.<\/p>\n<p><a href=\"https:\/\/sites.bu.edu\/primaveramadrid2019\/2019\/02\/01\/el-valle-de-los-caidos\/\" target=\"_blank\" rel=\"noopener\"><strong>El Valle de los Ca\u00eddos<\/strong><\/a><\/p>\n<p><a href=\"https:\/\/sites.bu.edu\/primaveramadrid2019\/2019\/02\/16\/una-noche-de-futbol\/\" target=\"_blank\" rel=\"noopener\"><strong>Una noche de f\u00fatbol<\/strong><\/a><\/p>\n<p><a href=\"https:\/\/sites.bu.edu\/primaveramadrid2019\/2019\/03\/05\/chocolateria-san-gines\/\" target=\"_blank\" rel=\"noopener\"><strong>Chocolater\u00eda San Gin\u00e9s<\/strong><\/a><\/p>\n<p><a href=\"https:\/\/sites.bu.edu\/primaveramadrid2019\/2019\/03\/18\/los-dos-lados-de-la-puerta-del-sol\/\" target=\"_blank\" rel=\"noopener\"><strong>Los dos lados de la Puerta del Sol<\/strong><\/a><\/p>\n<p><a href=\"https:\/\/sites.bu.edu\/primaveramadrid2019\/2019\/04\/01\/el-pais-vasco\/\" target=\"_blank\" rel=\"noopener\"><strong>El Pa\u00eds Vasco<\/strong><\/a><\/p>\n<p><a href=\"https:\/\/sites.bu.edu\/primaveramadrid2019\/2019\/04\/22\/burgos\/\" target=\"_blank\" rel=\"noopener\"><strong>Burgos<\/strong><\/a><\/p>\n","protected":false},"excerpt":{"rendered":"<p>\u00a1Hola! Mi nombre es Indeevar pero mis amigos me llaman Indy. Soy de Nueva Jersey y asisto a la Universidad de Boston en Massachusetts. Mi especialidad es medicina y voy a empezar la escuela de medicina en oto\u00f1o. Disfruto mucho viendo deportes, especialmente f\u00fatbol. Mi equipo favorito es Juventus. Tambi\u00e9n me gusta probar cocinas nuevas [&hellip;]<\/p>\n","protected":false},"author":5659,"featured_media":0,"parent":24,"menu_order":1,"comment_status":"closed","ping_status":"closed","template":"","meta":[],"_links":{"self":[{"href":"https:\/\/sites.bu.edu\/primaveramadrid2019\/wp-json\/wp\/v2\/pages\/26"}],"collection":[{"href":"https:\/\/sites.bu.edu\/primaveramadrid2019\/wp-json\/wp\/v2\/pages"}],"about":[{"href":"https:\/\/sites.bu.edu\/primaveramadrid2019\/wp-json\/wp\/v2\/types\/page"}],"author":[{"embeddable":true,"href":"https:\/\/sites.bu.edu\/primaveramadrid2019\/wp-json\/wp\/v2\/users\/5659"}],"replies":[{"embeddable":true,"href":"https:\/\/sites.bu.edu\/primaveramadrid2019\/wp-json\/wp\/v2\/comments?post=26"}],"version-history":[{"count":7,"href":"https:\/\/sites.bu.edu\/primaveramadrid2019\/wp-json\/wp\/v2\/pages\/26\/revisions"}],"predecessor-version":[{"id":592,"href":"https:\/\/sites.bu.edu\/primaveramadrid2019\/wp-json\/wp\/v2\/pages\/26\/revisions\/592"}],"up":[{"embeddable":true,"href":"https:\/\/sites.bu.edu\/primaveramadrid2019\/wp-json\/wp\/v2\/pages\/24"}],"wp:attachment":[{"href":"https:\/\/sites.bu.edu\/primaveramadrid2019\/wp-json\/wp\/v2\/media?parent=26"}],"curies":[{"name":"wp","href":"https:\/\/api.w.org\/{rel}","templated":true}]}}