{"id":38,"date":"2013-03-01T15:41:03","date_gmt":"2013-03-01T19:41:03","guid":{"rendered":"https:\/\/sites.bu.edu\/presto-spanish\/?page_id=38"},"modified":"2024-01-01T17:42:27","modified_gmt":"2024-01-01T22:42:27","slug":"for-partners","status":"publish","type":"page","link":"https:\/\/sites.bu.edu\/presto-spanish\/for-partners\/","title":{"rendered":"Para Parejas"},"content":{"rendered":"<h4>La inscripci\u00f3n de parejas es <span style=\"text-decoration: underline;\">opcional<\/span> y no afectar\u00e1 la elegibilidad de la participante primiria para el estudio.<a href=\"\/presto-spanish\/files\/2013\/03\/Happy-pregnant-couple.jpg\"><img loading=\"lazy\" class=\"aligncenter size-full wp-image-599\" title=\"Pareja embarazada feliz\" alt=\"Pareja embarazada feliz\" src=\"\/presto-spanish\/files\/2013\/03\/Happy-pregnant-couple.jpg\" width=\"283\" height=\"424\" \/><\/a><\/h4>\n<div class=\"bu_collapsible_container \" aria-live=\"polite\" data-customize-animation=\"false\"><h6 class=\"bu_collapsible\" aria-expanded=\"false\"tabindex=\"0\" role=\"button\">\u00bfPor qu\u00e9 deben inscribirse las parejas en PRESTO?<\/h6><div class=\"bu_collapsible_section\" style=\"display: none;\">Cuando proporcione informaci\u00f3n m\u00e1s detallada sobre su estilo de vida y su historial m\u00e9dico, podemos obtener una mejor comprensi\u00f3n de los factores que afectan las posibilidades de una pareja de tener un embarazo exitoso.<\/p>\n<p>PRESTO tambi\u00e9n le da la oportunidad de participar en uno de los primeros estudios de fertilidad basados \u200b\u200ben Internet en Norteam\u00e9rica. En cuanto a las preguntas de investigaci\u00f3n de inter\u00e9s, estamos examinando si el peso corporal, el ejercicio, estr\u00e9s y la duraci\u00f3n del sue\u00f1o afectan la fertilidad. Tambi\u00e9n estamos interesados \u200b\u200ben saber si ciertos tipos de ejercicio o si tomar suplementos nutricionales (p. Ej., multivitaminas) mejoran la salud de los espermatozoides y aumentan la fertilidad. Hay muy poca informaci\u00f3n sobre los factores que promueven la fertilidad \u00f3ptima en las parejas.<\/p>\n<p>Si la pareja completa su breve (15-20 minutos) cuestionario base, ambos (la participante primaria y la pareja) ser\u00e1n ingresados en una loter\u00eda para ganar una tarjeta de regalo Visa de $400, o un Apple iPad mini, Apple iPad, reloj de Apple (Apple Watch), o aud\u00edfonos de Beats todos cuales no exceden un valor de $400.<\/p>\n<p>Parejas que completen su encuesta diet\u00e9tica (30-40 minutos) recibir\u00e1n un informe de resumen de nutrientes personalizado de su ingesta diet\u00e9tica junto con las pautas del USDA para una nutrici\u00f3n \u00f3ptima. Tambi\u00e9n participar\u00e1n en una loter\u00eda para ganar con una tarjeta de regalo de $ 100 para la tienda de comestibles de su elecci\u00f3n.<br \/>\n<\/div>\n<\/div>\n\n<p>&nbsp;<\/p>\n<div class=\"bu_collapsible_container \" aria-live=\"polite\" data-customize-animation=\"false\"><h6 class=\"bu_collapsible\" aria-expanded=\"false\"tabindex=\"0\" role=\"button\">\u00bfPuede ingresarse un miembro de la pareja sin el otro miembro?<\/h6><div class=\"bu_collapsible_section\" style=\"display: none;\"><\/p>\n<p>PRESTO requiere que la pareja que va llevar el embarazo (la \u201cparticipante primaria\u201d) se inscriba en el estudio. Parejas (el miembro de la pareja que no llevara el embarazo) no puede inscribirse sin ser invitada por la participante primaria. Para una lista completa de los requisitos para la participante primaria, por favor refi\u00e9rase a la primera p\u00e1gina de nuestra p\u00e1gina web.<\/p>\n<p>Si usted es el miembro de la pareja que no llevara el embarazo y est\u00e1n interesados en PRESTO, por favor pase la informaci\u00f3n sobre el estudio a su pareja para que ambos puedan inscribirse.<br \/>\n<\/div>\n<\/div>\n\n<p>&nbsp;<\/p>\n<div class=\"bu_collapsible_container \" aria-live=\"polite\" data-customize-animation=\"false\"><h6 class=\"bu_collapsible\" aria-expanded=\"false\"tabindex=\"0\" role=\"button\">\u00bfCu\u00e1nto tiempo se tarda en completar los cuestionarios de la pareja?<\/h6><div class=\"bu_collapsible_section\" style=\"display: none;\">El cuestionario de la pareja toma aproximadamente 10-15 minutos en<br \/>\ncompletarse. El cuestionario diet\u00e9tico lleva unos 30-40 minutos en completarse.<\/p>\n<p><\/div>\n<\/div>\n\n<p>&nbsp;<\/p>\n<h3>Estudio de pruebas de semen<\/h3>\n<div class=\"bu_collapsible_container \" aria-live=\"polite\" data-customize-animation=\"false\"><h6 class=\"bu_collapsible\" aria-expanded=\"false\"tabindex=\"0\" role=\"button\">\u00bfQu\u00e9 es el estudio de pruebas de semen de PRESTO?<\/h6><div class=\"bu_collapsible_section\" style=\"display: none;\">En este estudio, 1,000 parejas ser\u00e1n invitadas a completar la encuesta de base de PRESTO y dos pruebas de semen en el hogar utilizando un dispositivo de an\u00e1lisis de semen en investigaci\u00f3n.<\/p>\n<p>Fabricado por\u00a0<a target=\"_blank\" title=\"Sandstone Diagnostics Website\" href=\"https:\/\/www.ondemand.labcorp.com\/at-home-test-kits\/mens-rapid-fertility-test\" rel=\"noopener noreferrer\">Labcorp<\/a><a target=\"_blank\" title=\"Sitio Web de Sandstone Diagnostics\" href=\"http:\/\/www.sandstonediagnostics.com\/\" rel=\"noopener noreferrer\">,<\/a> el dispositivo<sup>\u00a0\u00a0<\/sup>ha sido aprobado por la Administraci\u00f3n de Drogas y Alimentos de los Estados Unidos (FDA) para medir el volumen de semen y la concentraci\u00f3n de esperma.<\/p>\n<p>Esta investigaci\u00f3n fue aprobada por la Junta de Revisi\u00f3n Institucional de la Universidad de Boston y est\u00e1 financiada por los Institutos Nacionales de la Salud (NIH).<br \/>\n<\/div>\n<\/div>\n\n<p>&nbsp;<\/p>\n<div class=\"bu_collapsible_container \" aria-live=\"polite\" data-customize-animation=\"false\"><h6 class=\"bu_collapsible\" aria-expanded=\"false\"tabindex=\"0\" role=\"button\">\u00bfCu\u00e1les son los objetivos del estudio de pruebas de semen?<\/h6><div class=\"bu_collapsible_section\" style=\"display: none;\">Este estudio busca evaluar la usabilidad y utilidad general del dispositivo, para evaluar si los factores de estilo de vida y de comportamiento est\u00e1n asociados con la calidad del semen y para determinar si la calidad del semen predice la fertilidad futura y otros resultados de los embarazos.<\/div>\n<\/div>\n\n<p>&nbsp;<\/p>\n<div class=\"bu_collapsible_container \" aria-live=\"polite\" data-customize-animation=\"false\"><h6 class=\"bu_collapsible\" aria-expanded=\"false\"tabindex=\"0\" role=\"button\">\u00bfCu\u00e1l es el protocolo del estudio?<\/h6><div class=\"bu_collapsible_section\" style=\"display: none;\">A los participantes se les enviar\u00e1 por correo un dispositivo dentro de las 2 semanas siguientes de completar su encuesta base. El dispositivo se enviar\u00e1 en un embalaje discreto para que <span style=\"text-decoration: underline;\">no<\/span> sea identificable como un kit de prueba de semen. Se pedir\u00e1 a los participantes que recojan una muestra de semen, realicen su propio an\u00e1lisis de semen y suban sus resultados al sitio web de estudio seguro. Participantes ser\u00e1n instruidos para hacer las pruebas de dispositivo\u00a0durante la <span style=\"text-decoration: underline;\">fase l\u00fatea<\/span> (post-ovulaci\u00f3n) del ciclo menstrual de su pareja, para no interferir con sus intentos de embarazo. Los correos electr\u00f3nicos recordatorios notificar\u00e1n a participantes del per\u00edodo ideal durante el cual realizar\u00e1n cada prueba, estimada usando datos sobre la fecha de la pareja del \u00faltimo per\u00edodo menstrual y la duraci\u00f3n del ciclo. Debido a los cambios en la calidad del semen con el tiempo, se les pedir\u00e1 a participantes que tomen una segunda prueba 7-10 d\u00edas despu\u00e9s.<br \/>\n<\/div>\n<\/div>\n\n<p>&nbsp;<\/p>\n<div class=\"bu_collapsible_container \" aria-live=\"polite\" data-customize-animation=\"false\"><h6 class=\"bu_collapsible\" aria-expanded=\"false\"tabindex=\"0\" role=\"button\">\u00bfSe me pagar\u00e1 por participar?<\/h6><div class=\"bu_collapsible_section\" style=\"display: none;\">S\u00ed, participantes ser\u00e1n compensados \u200b\u200bpor su tiempo con una tarjeta de regalo electr\u00f3nica de $20 despu\u00e9s de que carguen los datos de ambas pruebas de semen.<br \/>\n<\/div>\n<\/div>\n\n<p>&nbsp;<\/p>\n<h3>Estudio Cualitativo de la Participaci\u00f3n de las Parejas (completado en 2019).<\/h3>\n<div class=\"bu_collapsible_container \" aria-live=\"polite\" data-customize-animation=\"false\"><h6 class=\"bu_collapsible\" aria-expanded=\"false\"tabindex=\"0\" role=\"button\">\u00bfCu\u00e1l fue el prop\u00f3sito de este estudio?<\/h6><div class=\"bu_collapsible_section\" style=\"display: none;\">En este estudio, invitamos a una muestra de encuestados y no encuestados al cuestionario base de la pareja para completar entrevistas en persona y grupos de enfoque. Les hicimos preguntas sobre su decisi\u00f3n de participar en PRESTO. Este trabajo fue publicado y puede ser visto en ingles <a href=\"https:\/\/pubmed.ncbi.nlm.nih.gov\/33228762\/\">aqu\u00ed<\/a>. En resumen, aprendimos que las razones primarias por cuales las parejas decidieron participar incluyen: 1) el deseo de soportar su pareja, 2) ayudando parejas del futuro, 3) reconociendo el valor de la investigaci\u00f3n (creyendo en ciencia), y 4) aprendiendo mas sobre el \u201cfactor masculino\u201d en las investigaciones de la salud reproductiva.<br \/>\n<\/div>\n<\/div>\n\n<div style=\"position: absolute; width: 1px; height: 1px; overflow: hidden; top: 0px; left: -10000px;\" id=\"_mcePaste\" class=\"mcePaste\"><\/div>\n","protected":false},"excerpt":{"rendered":"<p>La inscripci\u00f3n de parejas es opcional y no afectar\u00e1 la elegibilidad de la participante primiria para el estudio. &nbsp; &nbsp; &nbsp; Estudio de pruebas de semen &nbsp; &nbsp; &nbsp; &nbsp; Estudio Cualitativo de la Participaci\u00f3n de las Parejas (completado en 2019).<\/p>\n","protected":false},"author":7039,"featured_media":0,"parent":0,"menu_order":5,"comment_status":"closed","ping_status":"closed","template":"","meta":[],"_links":{"self":[{"href":"https:\/\/sites.bu.edu\/presto-spanish\/wp-json\/wp\/v2\/pages\/38"}],"collection":[{"href":"https:\/\/sites.bu.edu\/presto-spanish\/wp-json\/wp\/v2\/pages"}],"about":[{"href":"https:\/\/sites.bu.edu\/presto-spanish\/wp-json\/wp\/v2\/types\/page"}],"author":[{"embeddable":true,"href":"https:\/\/sites.bu.edu\/presto-spanish\/wp-json\/wp\/v2\/users\/7039"}],"replies":[{"embeddable":true,"href":"https:\/\/sites.bu.edu\/presto-spanish\/wp-json\/wp\/v2\/comments?post=38"}],"version-history":[{"count":50,"href":"https:\/\/sites.bu.edu\/presto-spanish\/wp-json\/wp\/v2\/pages\/38\/revisions"}],"predecessor-version":[{"id":2217,"href":"https:\/\/sites.bu.edu\/presto-spanish\/wp-json\/wp\/v2\/pages\/38\/revisions\/2217"}],"wp:attachment":[{"href":"https:\/\/sites.bu.edu\/presto-spanish\/wp-json\/wp\/v2\/media?parent=38"}],"curies":[{"name":"wp","href":"https:\/\/api.w.org\/{rel}","templated":true}]}}