{"id":2114,"date":"2022-01-19T15:12:06","date_gmt":"2022-01-19T20:12:06","guid":{"rendered":"https:\/\/sites.bu.edu\/presto-spanish\/?page_id=2114"},"modified":"2024-11-27T10:18:58","modified_gmt":"2024-11-27T15:18:58","slug":"factores-medicos","status":"publish","type":"page","link":"https:\/\/sites.bu.edu\/presto-spanish\/publications\/factores-medicos\/","title":{"rendered":"Factores M\u00e9dicos"},"content":{"rendered":"<p><b>Publicaciones debajo de \u2018Factores M\u00e9dicos\u2019 examinan la asociaci\u00f3n de condiciones m\u00e9dicas mentales y f\u00edsicas y tambi\u00e9n el uso de medicaciones con la fertilidad y los resultados reproductivos.<\/b><\/p>\n<p><a href=\"https:\/\/pubmed.ncbi.nlm.nih.gov\/27816920\/\"><span style=\"font-weight: 400;\">McInerney KA, Hatch EE, Wesselink AK, Rothman KJ, Mikkelsen EM, Wise LA. Preconception use of pain-relievers and time to pregnancy: a prospective cohort study. <\/span><i><span style=\"font-weight: 400;\">Human Reprod <\/span><\/i><span style=\"font-weight: 400;\">2016; 32(1): 103-111.<\/span><\/a><span style=\"font-weight: 400;\"><\/span><\/p>\n<p><span>Mujeres quienes usaron naproxeno y opioides el mes pasado tuvieron una fecundidad un poco m\u00e1s baja que las mujeres quienes no usaron ning\u00fan medicamento para el dolor. Otros medicamentos para el dolor (paracetamol, aspirina, ibuprofeno) no fueron asociados con la fecundidad.<\/span><\/p>\n<p><a href=\"https:\/\/www.sciencedirect.com\/science\/article\/pii\/S0002937816301004?casa_token=dWl0sSsI68gAAAAA:rVzn7unWanTHuUT-9KU3pDQN-uE02Pb-6Qowdt9j-b35CKiw_SADo41eRb6S7UAqm860t54n-4o\"><span style=\"font-weight: 400;\">Nillni YI, Wesselink AK, Gradus JL, Hatch EE, Rothman KJ, Mikkelsen EM, Wise LA. Depression, anxiety, and psychotropic medication use and fecundability. <\/span><i><span style=\"font-weight: 400;\">Am J Obstet Gynecol<\/span><\/i><span style=\"font-weight: 400;\"> 2016; 215(4): 453e1-8.<\/span><\/a><span style=\"font-weight: 400;\"><\/span><\/p>\n<p><span>Mujeres con s\u00edntomas severos de depresi\u00f3n tuvieron fecundidad m\u00e1s baja que mujeres con ning\u00fan s\u00edntoma de depresi\u00f3n o s\u00edntomas bajos de depresi\u00f3n. El uso actual o en el pasado de medicamentos para condiciones de la salud mental no fueron asociados con una reducci\u00f3n en la fecundidad. <\/span><a href=\"https:\/\/www.sciencedirect.com\/science\/article\/pii\/S0002937816301004?casa_token=dWl0sSsI68gAAAAA:rVzn7unWanTHuUT-9KU3pDQN-uE02Pb-6Qowdt9j-b35CKiw_SADo41eRb6S7UAqm860t54n-4o\"><span><\/span><\/a><\/p>\n<p><a href=\"https:\/\/pubmed.ncbi.nlm.nih.gov\/28881394\/\"><span style=\"font-weight: 400;\">McInerney KA, Hatch EE, Wesselink AK, Mikkelsen EM, Rothman KJ, Perkins RB, Wise LA. The effect of vaccination against human papillomavirus on fecundability. <\/span><i><span style=\"font-weight: 400;\">Paediatr Perinal Epidemiol<\/span><\/i><span style=\"font-weight: 400;\"> 2017; 31(6): 531-536.<\/span><\/a><span style=\"font-weight: 400;\"><\/span><\/p>\n<p><span>La vacunaci\u00f3n contra el virus de papiloma humano (VPH) no fue asociado con la fecundidad entre hombres o mujeres en general. Sin embargo, entre mujeres con un historial de infecciones de transmisi\u00f3n sexual o de enfermedad p\u00e9lvica inflamatoria, la vacuna de VPH fue asociada con fecundidad m\u00e1s alta.<\/span><\/p>\n<p><a href=\"https:\/\/pubmed.ncbi.nlm.nih.gov\/30214312\/#:~:text=Psychotropic%20medication%20use%20was%20not,association%20with%20menstrual%20cycle%20length.\"><span style=\"font-weight: 400;\">Nillni YI, Wesselink AK, Hatch EE, Mikkelsen EM, Gradus JL, Rothman KJ, Wise LA. Mental health, psychotropic medication use, and menstrual cycle characteristics. <\/span><i><span style=\"font-weight: 400;\">Clin Epidemiol<\/span><\/i><span style=\"font-weight: 400;\">2018; 28(10): 1073-1082.<\/span><\/a><span style=\"font-weight: 400;\"><\/span><\/p>\n<p><span>Mujeres con s\u00edntomas severos de depresi\u00f3n y estr\u00e9s percibido m\u00e1s alto fueron m\u00e1s probables de tener ciclos de menstruaci\u00f3n irregulares. El uso de medicamentos para condiciones de la salud mental no fue relacionado con la regularidad o duraci\u00f3n del ciclo menstrual, despu\u00e9s de tomar en cuenta el historial de ansiedad o diagn\u00f3sticos de depresi\u00f3n. <\/span><\/p>\n<p><a href=\"https:\/\/pubmed.ncbi.nlm.nih.gov\/30137198\/\"><span style=\"font-weight: 400;\">Wesselink AK, Hatch EE, Rothman KJ, Weuve JL, Aschengrau A, Song RJ, Wise LA. Perceived stress and fecundability: A preconception cohort study of North American couples. <\/span><i><span style=\"font-weight: 400;\">Am J Epidemiol <\/span><\/i><span style=\"font-weight: 400;\">2018; 187(12): 2662-2671.<\/span><\/a><span style=\"font-weight: 400;\"><\/span><\/p>\n<p><span>Entre mujeres, el estr\u00e9s percibido m\u00e1s alto fue asociado con la fecundidad un poco m\u00e1s baja. Entre hombres, el estr\u00e9s percibido no fue asociado con la fecundidad.<\/span><\/p>\n<p><a href=\"https:\/\/www.dovepress.com\/association-of-asthma-diagnosis-and-medication-use-with-fecundability--peer-reviewed-fulltext-article-CLEP\"><span style=\"font-weight: 400;\">Crowe HM, Wise LA, Wesselink AK, Rothman KJ, Mikkelsen EM, S\u00f8rensen HT, Walkey AJ, Hatch EE. Association of asthma diagnosis and medication use with fecundability: a prospective cohort study. <\/span><i><span style=\"font-weight: 400;\">Clin Epidemiol <\/span><\/i><span style=\"font-weight: 400;\">2020; 12: 579-587<\/span><\/a><span style=\"font-weight: 400;\"><\/span><\/p>\n<p><span>Entre mujeres, un historial de asma diagnosticado y el uso de medicamentos para asma no fueron asociados con la fecundidad. <\/span><\/p>\n<p><a href=\"https:\/\/www.sciencedirect.com\/science\/article\/pii\/S104727972030291X\"><span style=\"font-weight: 400;\">Haviland MJ, Nillni YI , Fox MP, Savitz DA, Hatch EE, Rothman KJ, Hacker MR, Wang TR, Wise LA. Psychotropic medication use during pregnancy and gestational age at delivery. <\/span><i><span style=\"font-weight: 400;\">Ann Epidemiol<\/span><\/i><span style=\"font-weight: 400;\"> 2020; 21: S1047-2797(20)30291-X.<\/span><\/a><span style=\"font-weight: 400;\"><\/span><\/p>\n<p><span>Mujeres quienes usaron medicamentos psicotr\u00f3picos (tal como medicamentos\u00a0 antidepresivos o anti-ansiedad) durante el embarazo tuvieron una gestaci\u00f3n m\u00e1s corta por una semana comparadas con mujeres quienes nunca usaron medicamentos psicotr\u00f3picos. <\/span><\/p>\n<p><a href=\"https:\/\/pubmed.ncbi.nlm.nih.gov\/32409134\/\"><span style=\"font-weight: 400;\">Orta OR, Hatch EE, Regan AK, et al. A prospective study of influenza vaccination and time to pregnancy. <\/span><i><span style=\"font-weight: 400;\">Vaccine<\/span><\/i><span style=\"font-weight: 400;\"> 2020 38(27):4246-4251.<\/span><\/a><span style=\"font-weight: 400;\"><\/span><\/p>\n<p><span>La vacunaci\u00f3n contra la influenza (\u201cvacuna contra la gripe\u201d) en la preconcepci\u00f3n en ambos la pareja masculina y femenina no fue asociada con fecundidad reducida. <\/span><\/p>\n<p><a href=\"https:\/\/pubmed.ncbi.nlm.nih.gov\/31887271\/\"><span style=\"font-weight: 400;\">Wise LA, Willis SK, Perkins RB, Wesselink AK, Klann A, Crowe HM, Hahn KA, Mikkelsen EM, Hatch EE. A prospective study of treatments for cervical intraepithelial neoplasia and fecundability. <\/span><i><span style=\"font-weight: 400;\">Am J Obstet Gynecol <\/span><\/i><span style=\"font-weight: 400;\">2020; 223(1):96.e1-96.e15.<\/span><\/a><span style=\"font-weight: 400;\"><\/span><span style=\"font-weight: 400;\"><\/span><\/p>\n<p><span>Un historial de tratamientos para neoplasia intraepitelial cervical (NIC) o <\/span><span>pruebas de Papanicolaou anormales no fueron asociados con fecundidad. <\/span><\/p>\n<p><a href=\"https:\/\/www.ncbi.nlm.nih.gov\/pmc\/articles\/PMC8807200\/\">Wesselink AK, Hatch EE, Rothman KJ, Wang TR, Willis MD, Yland J, Crowe HM, Geller RJ, Willis SK, Perkins RB, Regan AK, Levinson J, Mikkelsen EM, Wise LA. A Prospective Cohort Study of COVID-19 Vaccination, SARS-CoV-2 Infection, and Fertility. Am J Epidemiol. 2022 Jul 23;191(8):1383-1395. doi: 10.1093\/aje\/kwac011. PMID: 35051292; PMCID: PMC8807200.<\/a><\/p>\n<p>Nosotros comparamos el tiempo-a-embarazo entre parejas quienes recibieron la vacuna contra el COVID-19 con los que no se vacunaron. Tambi\u00e9n evaluamos diferencias en tiempo-al-embarazo por alguna vez haber dado positivo para el COVID-19. Nosotros encontramos que la vacunaci\u00f3n contra el COVID-19 en cualquier miembro de la pareja no fue relacionado con el tiempo-al-embarazo, pero que una infecci\u00f3n reciente de COVID-19 (dentro de los \u00faltimos 60 d\u00edas) entre parejas masculinas fue asociado con un tiempo-al-embarazo un poco m\u00e1s largo (concepci\u00f3n retrasada).<\/p>\n<p><a href=\"https:\/\/onlinelibrary.wiley.com\/doi\/epdf\/10.1111\/ppe.12832\">Yland, J. J., Crowe, H. M., Hatch, E. E., Willis, S. K., Wang, T. R., Mikkelsen, E. M., Savitz, D. A., Walkey, A. J., Rothman, K. J., &amp; Wise, L. A. (2022). A prospective study of preconception asthma and spontaneous abortion. <em>Annals of epidemiology<\/em>,\u00a0<em>69<\/em>, 27\u201333. https:\/\/doi.org\/10.1016\/j.annepidem.2022.02.006<\/a><\/p>\n<p>Este estudio evalu\u00f3 asociaciones entre la diagnosis de asma, la severidad de asma, y el aborto espontaneo. Los investigadores no encontraron ninguna asociaci\u00f3n entre una historia de asma y el aborto espontaneo. Sin embargo, participantes con una historia de asma severa ten\u00edan una incidencia de aborto espontaneo m\u00e1s alta comparada con los que nunca han sido diagnosticados con asma. El mensaje final es que las planificadoras de embarazo con asma deber\u00edan priorizar el control de sus s\u00edntomas. <a href=\"https:\/\/onlinelibrary.wiley.com\/doi\/epdf\/10.1111\/ppe.12832\"><\/a><\/p>\n<p><a href=\"https:\/\/www.ncbi.nlm.nih.gov\/pmc\/articles\/PMC8289328\/\">Bond JC, Wise LA, Willis SK, et al. Self-reported periodontitis and fecundBond JC, Wise LA, Willis SK, Yland JJ, Hatch EE, Rothman KJ, Heaton B. Self-reported periodontitis and fecundability in a population of pregnancy planners. Hum Reprod. 2021 Jul 19;36(8):2298-2308. doi: 10.1093\/humrep\/deab058. PMID: 33822056; PMCID: PMC8289328.ability in a population of pregnancy planners.\u00a0<em>Hum Reprod<\/em>. 2021;36(8):2298-2308. doi:10.1093\/humrep\/deab058<\/a><\/p>\n<p>Nosotros encontramos evidencia de una asociaci\u00f3n entre la diagnosis de periodontitis preconcepcional autoreportado (enfermedad inflamatoria cr\u00f3nica de las enc\u00edas) y un tiempo m\u00e1s largo a la concepci\u00f3n, despu\u00e9s de tomar en consideraci\u00f3n otros factores importantes tal como fumando.<\/p>\n<p><a href=\"https:\/\/www.sciencedirect.com\/science\/article\/pii\/S104727972200151X?via%3Dihub\">Nillni YI, Crowe HM, Yland JJ, Wesselink AK, Wise LA. The association between time-to-pregnancy and postpartum depressive symptoms in a North American prospective cohort study.\u00a0<em>Ann Epidemiol<\/em>. 2022;74:51-57.<\/a><\/p>\n<p>Nosotros examinamos el tiempo-al-embarazo como un factor de riesgo para s\u00edntomas depresivos despu\u00e9s del parto. Participantes quienes tomaron un tiempo m\u00e1s largo en concebir fueron m\u00e1s probables de experimentar s\u00edntomas de depresi\u00f3n posparto, despu\u00e9s de tomar en cuenta para variables de confusi\u00f3n importantes tal como una historia de condiciones de la salud mental. Estr\u00e9s reportado durante la etapa temprana del embarazo explica parte de la asociaci\u00f3n observada.<\/p>\n","protected":false},"excerpt":{"rendered":"<p>Publicaciones debajo de \u2018Factores M\u00e9dicos\u2019 examinan la asociaci\u00f3n de condiciones m\u00e9dicas mentales y f\u00edsicas y tambi\u00e9n el uso de medicaciones con la fertilidad y los resultados reproductivos. McInerney KA, Hatch EE, Wesselink AK, Rothman KJ, Mikkelsen EM, Wise LA. Preconception use of pain-relievers and time to pregnancy: a prospective cohort study. Human Reprod 2016; 32(1): [&hellip;]<\/p>\n","protected":false},"author":17497,"featured_media":0,"parent":158,"menu_order":6,"comment_status":"closed","ping_status":"closed","template":"","meta":[],"_links":{"self":[{"href":"https:\/\/sites.bu.edu\/presto-spanish\/wp-json\/wp\/v2\/pages\/2114"}],"collection":[{"href":"https:\/\/sites.bu.edu\/presto-spanish\/wp-json\/wp\/v2\/pages"}],"about":[{"href":"https:\/\/sites.bu.edu\/presto-spanish\/wp-json\/wp\/v2\/types\/page"}],"author":[{"embeddable":true,"href":"https:\/\/sites.bu.edu\/presto-spanish\/wp-json\/wp\/v2\/users\/17497"}],"replies":[{"embeddable":true,"href":"https:\/\/sites.bu.edu\/presto-spanish\/wp-json\/wp\/v2\/comments?post=2114"}],"version-history":[{"count":5,"href":"https:\/\/sites.bu.edu\/presto-spanish\/wp-json\/wp\/v2\/pages\/2114\/revisions"}],"predecessor-version":[{"id":2244,"href":"https:\/\/sites.bu.edu\/presto-spanish\/wp-json\/wp\/v2\/pages\/2114\/revisions\/2244"}],"up":[{"embeddable":true,"href":"https:\/\/sites.bu.edu\/presto-spanish\/wp-json\/wp\/v2\/pages\/158"}],"wp:attachment":[{"href":"https:\/\/sites.bu.edu\/presto-spanish\/wp-json\/wp\/v2\/media?parent=2114"}],"curies":[{"name":"wp","href":"https:\/\/api.w.org\/{rel}","templated":true}]}}