{"id":2110,"date":"2022-01-19T14:59:23","date_gmt":"2022-01-19T19:59:23","guid":{"rendered":"https:\/\/sites.bu.edu\/presto-spanish\/?page_id=2110"},"modified":"2024-11-27T10:00:15","modified_gmt":"2024-11-27T15:00:15","slug":"factores-del-estilo-de-vida","status":"publish","type":"page","link":"https:\/\/sites.bu.edu\/presto-spanish\/publications\/factores-del-estilo-de-vida\/","title":{"rendered":"Factores del Estilo de Vida"},"content":{"rendered":"<p><b>Publicaciones debajo de \u2018Factores del Estilo de Vida\u2019 examinan la asociaci\u00f3n de caracter\u00edsticas o modos de vida (dieta, tabaquismo, ejercicio, etc.) con la fertilidad y los resultados reproductivos.<\/b><\/p>\n<p><a href=\"https:\/\/pubmed.ncbi.nlm.nih.gov\/22407137\/\"><span style=\"font-weight: 400;\">Hatch EE, Wise LA, Mikkelsen EM, Christensen T, Riis AH, S\u00f8rensen HT, Rothman KJ. Caffeinated beverage and soda consumption and time to pregnancy. <\/span><i><span style=\"font-weight: 400;\">Epidemiology<\/span><\/i><span style=\"font-weight: 400;\"> 2012; 23(3): 393-401.<\/span><\/a><span style=\"font-weight: 400;\"><\/span><\/p>\n<p><span>En un estudio de planificadoras de embarazo danesas, el consumo de \u2265300 mg de cafe\u00edna por d\u00eda (comparado con &lt;100 mg por d\u00eda) y el consumo de \u22653 porciones de caf\u00e9 por d\u00eda (comparado con ning\u00fan consumo) no fueron asociados con fecundidad m\u00e1s baja. Sin embargo, el consumo de gaseosa fue asociado con fecundidad m\u00e1s baja, y tomando t\u00e9 fue asociada con fecundidad un poco m\u00e1s alta. <\/span><\/p>\n<p><a href=\"https:\/\/pubmed.ncbi.nlm.nih.gov\/22425198\/\"><span style=\"font-weight: 400;\">Wise LA, Rothman KJ, Mikkelsen EM, S\u00f8rensnen HT, Riis AH, Hatch EE. A prospective cohort study of physical activity and time to pregnancy. <\/span><i><span style=\"font-weight: 400;\">Fertil Steril<\/span><\/i><span style=\"font-weight: 400;\"> 2012; 97(5): 1136-42.<\/span><\/a><span style=\"font-weight: 400;\"><\/span><span style=\"font-weight: 400;\"><\/span><\/p>\n<p><span>En un estudio de planificadoras de embarazo danesas, actividad f\u00edsica vigorosa fue asociada con fecundidad reducida entre mujeres con un IMC &lt;25 kg\/m<\/span><span>2<\/span><span>. Actividad f\u00edsica moderada fue asociada con fecundidad aumentada entre todas las mujeres independientemente del IMC. <\/span><\/p>\n<p><a href=\"https:\/\/pubmed.ncbi.nlm.nih.gov\/24746741\/\"><span style=\"font-weight: 400;\">Radin RG, Hatch EE, Rothman KJ, Mikkelsen EM, S\u00f8rensen HT, Riis AH, Wise LA. Active and passive smoking and fecundability in Danish pregnancy planners. <\/span><i><span style=\"font-weight: 400;\">Fertil Steril<\/span><\/i><span style=\"font-weight: 400;\"> 2014; 102(1): 183-191.\u00a0<\/span><\/a><span style=\"font-weight: 400;\"><\/span><\/p>\n<p><span>Alta exposici\u00f3n acumulada al tabaquismo activo (\u226510 paquete-ano) fue asociado con una fecundidad m\u00e1s baja en ambas fumadoras actuales y ex fumadoras comparadas con mujeres quienes nunca fumaron. Exposici\u00f3n al tabaquismo pasivo (\u201chumo de segunda mano\u201d) en las primeras etapas de la vida, adolescencia, y en la edad adulta no fue asociada con fecundidad entre mujeres que nunca fumaron.<\/span><\/p>\n<p><a href=\"https:\/\/pubmed.ncbi.nlm.nih.gov\/25788567\/\"><span style=\"font-weight: 400;\">Hahn KA, Wise LA, Rothman KJ, Mikkelsen EM, Brogly SB, S\u00f8rensen HT, Riis AH, Hatch EE. Caffeine and caffeinated beverage consumption and risk of spontaneous abortion. <\/span><i><span style=\"font-weight: 400;\">Hum Reprod<\/span><\/i><span style=\"font-weight: 400;\"> 2015; 30(5): 1246-55.<\/span><\/a><span style=\"font-weight: 400;\"><\/span><\/p>\n<p><span>El consumo de cafeina antes de concepcion no fue asociada con un riesgo mas alto de aborto espontaneo. El consumo durante las etapas tempranas del embarazo fue asociada con un aumento pequeno en el riesgo para un aborto espontaneo. <\/span><\/p>\n<p><a href=\"https:\/\/www.bmj.com\/content\/354\/bmj.i4262\"><span style=\"font-weight: 400;\">Mikkelsen EM, Riis AH, Wise LA, Hatch EE, Rothman KJ, Cueto HT, S\u00f8rensen HT. Alcohol consumption and fecundability: prospective Danish cohort study. <\/span><i><span style=\"font-weight: 400;\">BMJ<\/span><\/i><span style=\"font-weight: 400;\"> 2016; 354: i4262.<\/span><\/a><span style=\"font-weight: 400;\"><\/span><\/p>\n<p><span>Comparado con ning\u00fan consumo de alcohol, consumiendo hasta 13 bebidas alcoh\u00f3licas por promedio cada semana no fue asociada fuertemente con fecundidad. Sin embargo, este estudio no evalu\u00f3 el impacto del consumo excesivo y peligroso de alcohol.<\/span><\/p>\n<p><a href=\"https:\/\/pubmed.ncbi.nlm.nih.gov\/27112524\/\"><span style=\"font-weight: 400;\">Wesselink AK, Wise LA, Rothman KJ, Hahn KA, Mikkelsen EM, Mahalingaiah S, Hatch EE. Caffeine and caffeinated beverage consumption and fecundability in a preconception cohort. <\/span><i><span style=\"font-weight: 400;\">Reprod Toxicol<\/span><\/i><span style=\"font-weight: 400;\"> 2016; 62: 39-45.<\/span><\/a><span style=\"font-weight: 400;\"><\/span><\/p>\n<p><span>En un estudio de planificadoras de embarazo en Norteam\u00e9rica, un alto consumo de cafe\u00edna de parte de la pareja masculina, particularmente de gaseosas y bebidas energ\u00e9ticas cafeinadas, fue asociado con fecundidad m\u00e1s baja. El consumo de cafe\u00edna de parte de la pareja femenina no fue asociado con fecundidad. <\/span><a href=\"https:\/\/pubmed.ncbi.nlm.nih.gov\/27112524\/\"><span><\/span><\/a><\/p>\n<p><a href=\"https:\/\/pubmed.ncbi.nlm.nih.gov\/29273628\/\"><span style=\"font-weight: 400;\">Wise LA, Wesselink AK, Hatch EE, Rothman KJ, Mikkelsen EM, S\u00f8rensen HT, Mahalingaiah S. Marijuana use and fecundability in a North American preconception cohort study. <\/span><i><span style=\"font-weight: 400;\">J Epidemiol Commun Health<\/span><\/i><span style=\"font-weight: 400;\"> 2017; 72(3): 208-215.<\/span><\/a><span style=\"font-weight: 400;\"><\/span><\/p>\n<p><span>El uso de marihuana de parte de la pareja masculina o femenina no fue apreciablemente asociado con fecundidad.<\/span><\/p>\n<p><a href=\"https:\/\/pubmed.ncbi.nlm.nih.gov\/30576495\/\"><span style=\"font-weight: 400;\">Wesselink AK, Hatch EE, Rothman KJ, Mikkelsen EM, Aschengrau A, Wise LA. Prospective study of cigarette smoking and fecundability. <\/span><i><span style=\"font-weight: 400;\">Hum Reprod <\/span><\/i><span style=\"font-weight: 400;\">2019; 34(3): 558-567.<\/span><\/a><span style=\"font-weight: 400;\"><\/span><\/p>\n<p><span>Mujeres que no son fumadoras actuales, particularmente las que hab\u00edan fumado \u226510 cigarrillos\/d\u00eda por \u226510 a\u00f1os, tuvieron una fecundidad m\u00e1s baja que las mujeres quienes nunca fumaron. Tabaquismo actual de parte de la pareja masculina y tabaquismo pasivo (\u201chumo de segunda mano\u201d) de parte de cualquier pareja no fueron asociados con fecundidad disminuida.<\/span><\/p>\n<p><a href=\"https:\/\/pubmed.ncbi.nlm.nih.gov\/30987736\/\"><span style=\"font-weight: 400;\">Willis SK, Hatch EE, Wesselink AK, Rothman KJ, Mikkelsen EM, Wise LA. Female sleep patterns, shift work, and fecundability in a North American preconception cohort study. <\/span><i><span style=\"font-weight: 400;\">Fertil Steril <\/span><\/i><span style=\"font-weight: 400;\">2019; 111(6): 1201-1210.e1.<\/span><\/a><span style=\"font-weight: 400;\"><\/span><\/p>\n<p><span>Mujeres quienes tuvieron dificultad durmiendo en la noche tuvieron una fecundidad un poco m\u00e1s baja que las mujeres quienes no tuvieron dificultades durmiendo en la noche. El trabajo de turnos no fue asociado con fecundidad.<\/span><\/p>\n<p><a href=\"https:\/\/pubmed.ncbi.nlm.nih.gov\/32378702\/\"><span style=\"font-weight: 400;\">Harlow AF, Hatch EE, Wesselink AK, Rothman KJ, Wise LA. E-Cigarettes and fecundability: Results from a prospective preconception cohort study. <\/span><i><span style=\"font-weight: 400;\">Am J Epidemiol <\/span><\/i><span style=\"font-weight: 400;\">2021; 190(3): 353-361.<\/span><\/a><span style=\"font-weight: 400;\"><\/span><\/p>\n<p><span>Mujeres quienes eran fumadoras actuales de cigarrillos electr\u00f3nicos tuvieron una fecundidad m\u00e1s baja que las mujeres quienes nunca usaron cigarrillos electr\u00f3nicos, despu\u00e9s de tomar en cuenta tabaquismo de cigarrillos combustibles.<\/span><\/p>\n","protected":false},"excerpt":{"rendered":"<p>Publicaciones debajo de \u2018Factores del Estilo de Vida\u2019 examinan la asociaci\u00f3n de caracter\u00edsticas o modos de vida (dieta, tabaquismo, ejercicio, etc.) con la fertilidad y los resultados reproductivos. Hatch EE, Wise LA, Mikkelsen EM, Christensen T, Riis AH, S\u00f8rensen HT, Rothman KJ. Caffeinated beverage and soda consumption and time to pregnancy. Epidemiology 2012; 23(3): 393-401. [&hellip;]<\/p>\n","protected":false},"author":17497,"featured_media":0,"parent":158,"menu_order":5,"comment_status":"closed","ping_status":"closed","template":"","meta":[],"_links":{"self":[{"href":"https:\/\/sites.bu.edu\/presto-spanish\/wp-json\/wp\/v2\/pages\/2110"}],"collection":[{"href":"https:\/\/sites.bu.edu\/presto-spanish\/wp-json\/wp\/v2\/pages"}],"about":[{"href":"https:\/\/sites.bu.edu\/presto-spanish\/wp-json\/wp\/v2\/types\/page"}],"author":[{"embeddable":true,"href":"https:\/\/sites.bu.edu\/presto-spanish\/wp-json\/wp\/v2\/users\/17497"}],"replies":[{"embeddable":true,"href":"https:\/\/sites.bu.edu\/presto-spanish\/wp-json\/wp\/v2\/comments?post=2110"}],"version-history":[{"count":5,"href":"https:\/\/sites.bu.edu\/presto-spanish\/wp-json\/wp\/v2\/pages\/2110\/revisions"}],"predecessor-version":[{"id":2242,"href":"https:\/\/sites.bu.edu\/presto-spanish\/wp-json\/wp\/v2\/pages\/2110\/revisions\/2242"}],"up":[{"embeddable":true,"href":"https:\/\/sites.bu.edu\/presto-spanish\/wp-json\/wp\/v2\/pages\/158"}],"wp:attachment":[{"href":"https:\/\/sites.bu.edu\/presto-spanish\/wp-json\/wp\/v2\/media?parent=2110"}],"curies":[{"name":"wp","href":"https:\/\/api.w.org\/{rel}","templated":true}]}}