{"id":2104,"date":"2022-01-19T14:45:26","date_gmt":"2022-01-19T19:45:26","guid":{"rendered":"https:\/\/sites.bu.edu\/presto-spanish\/?page_id=2104"},"modified":"2024-11-27T09:51:24","modified_gmt":"2024-11-27T14:51:24","slug":"factores-antropometricos","status":"publish","type":"page","link":"https:\/\/sites.bu.edu\/presto-spanish\/publications\/factores-antropometricos\/","title":{"rendered":"Factores Antropom\u00e9tricos"},"content":{"rendered":"<p><b>Publicaciones debajo de \u2018Factores Antropom\u00e9tricos\u2019 examinan la asociaci\u00f3n de medidas del tama\u00f1o del cuerpo con fertilidad y resultados reproductivos. <\/b><\/p>\n<p><a href=\"https:\/\/pubmed.ncbi.nlm.nih.gov\/19828554\/\"><span style=\"font-weight: 400;\">Wise LA, Rothman KJ, Mikkelsen EM, S\u00f8rensen HT, Riis A, Hatch EE. An internet-based prospective study of body size and time-to-pregnancy. <\/span><i><span style=\"font-weight: 400;\">Hum Reprod<\/span><\/i><span style=\"font-weight: 400;\"> 2010; 25(1): 253-64.<\/span><\/a><span style=\"font-weight: 400;\"><\/span><\/p>\n<p><span>En un estudio de planificadoras de embarazo daneses, las categor\u00edas sobrepeso (IMC 25-29 kg\/m2), obesa (IMC 30-34 kg\/m2), y muy obesa (IMC \u226535 kg\/m2) de la Organizaci\u00f3n Mundial de la Salud fueron asociadas con fecundidad m\u00e1s baja que la categor\u00eda de peso normal (IMC 20-24 kg\/m2). El IMC masculino no fue relacionado con fecundidad despu\u00e9s de tomar en cuenta el IMC femenino.<\/span><\/p>\n<p><a href=\"https:\/\/pubmed.ncbi.nlm.nih.gov\/27125230\/\">McKinnon CJ, Hatch EE, Rothman KJ, Mikkelsen EM, Wesselink AK, Hahn KA, Wise LA. Body mass index, physical activity and fecundability in a North American preconception cohort study. <em>Fertil Steril<\/em> 2016; 106(2): 451-9.<\/a><\/p>\n<p>En un estudio norteamericano de planificadoras de embarazo, mujeres con un IMC \u226535 kg\/m<sup>2<\/sup> tuvieron fecundidad m\u00e1s baja que mujeres con un IMC de 18.5-24 kg\/m<sup>2<\/sup>. Una raz\u00f3n de cintura-a-cadera y una circunferencia de cintura m\u00e1s alta tambi\u00e9n fueron asociadas con fecundidad m\u00e1s baja. Actividad f\u00edsica m\u00e1s vigorosa fue asociada con fecundidad m\u00e1s alta solo entre mujeres sobrepeso u obesas. Actividad f\u00edsica moderada fue asociada con fecundidad m\u00e1s alta entre todas las mujeres.<\/p>\n<p><a href=\"https:\/\/pubmed.ncbi.nlm.nih.gov\/25225009\/\"><span style=\"font-weight: 400;\">Hahn KA, Hatch EE, Rothman KJ, Mikkelsen EM, Brogly SB, S\u00f8rensen HT, Riis AH, Wise LA. Body size and risk of spontaneous abortion among Danish pregnancy planners. <\/span><i><span style=\"font-weight: 400;\">Paediatr Perinat Epidemiol<\/span><\/i><span style=\"font-weight: 400;\"> 2014; 28(5): 412-23.<\/span><\/a><span style=\"font-weight: 400;\"><\/span><span style=\"font-weight: 400;\"><\/span><\/p>\n<p><span>La categor\u00eda para obesidad definida por la Organizaci\u00f3n Mundial de la Salud (IMC \u226530 kg\/m<\/span><span>2<\/span><span>) fue asociada con un riesgo m\u00e1s alto para la p\u00e9rdida temprana de embarazo (antes de 8 semanas de gestaci\u00f3n) comparado con la categor\u00eda de peso normal (IMC 20-24 kg\/m<\/span><span>2<\/span><span>). Mujeres de baja estatura (&lt;166 cm) y las que tienen una relaci\u00f3n de cintura a cadera baja tambi\u00e9n tuvieron un riesgo m\u00e1s alto para la p\u00e9rdida de embarazo. <\/span><\/p>\n","protected":false},"excerpt":{"rendered":"<p>Publicaciones debajo de \u2018Factores Antropom\u00e9tricos\u2019 examinan la asociaci\u00f3n de medidas del tama\u00f1o del cuerpo con fertilidad y resultados reproductivos. Wise LA, Rothman KJ, Mikkelsen EM, S\u00f8rensen HT, Riis A, Hatch EE. An internet-based prospective study of body size and time-to-pregnancy. Hum Reprod 2010; 25(1): 253-64. En un estudio de planificadoras de embarazo daneses, las categor\u00edas [&hellip;]<\/p>\n","protected":false},"author":17497,"featured_media":0,"parent":158,"menu_order":2,"comment_status":"closed","ping_status":"closed","template":"","meta":[],"_links":{"self":[{"href":"https:\/\/sites.bu.edu\/presto-spanish\/wp-json\/wp\/v2\/pages\/2104"}],"collection":[{"href":"https:\/\/sites.bu.edu\/presto-spanish\/wp-json\/wp\/v2\/pages"}],"about":[{"href":"https:\/\/sites.bu.edu\/presto-spanish\/wp-json\/wp\/v2\/types\/page"}],"author":[{"embeddable":true,"href":"https:\/\/sites.bu.edu\/presto-spanish\/wp-json\/wp\/v2\/users\/17497"}],"replies":[{"embeddable":true,"href":"https:\/\/sites.bu.edu\/presto-spanish\/wp-json\/wp\/v2\/comments?post=2104"}],"version-history":[{"count":5,"href":"https:\/\/sites.bu.edu\/presto-spanish\/wp-json\/wp\/v2\/pages\/2104\/revisions"}],"predecessor-version":[{"id":2239,"href":"https:\/\/sites.bu.edu\/presto-spanish\/wp-json\/wp\/v2\/pages\/2104\/revisions\/2239"}],"up":[{"embeddable":true,"href":"https:\/\/sites.bu.edu\/presto-spanish\/wp-json\/wp\/v2\/pages\/158"}],"wp:attachment":[{"href":"https:\/\/sites.bu.edu\/presto-spanish\/wp-json\/wp\/v2\/media?parent=2104"}],"curies":[{"name":"wp","href":"https:\/\/api.w.org\/{rel}","templated":true}]}}