{"id":16,"date":"2013-03-01T15:42:17","date_gmt":"2013-03-01T20:42:17","guid":{"rendered":"https:\/\/sites.bu.edu\/presto-spanish\/?page_id=16"},"modified":"2025-04-17T16:11:48","modified_gmt":"2025-04-17T20:11:48","slug":"research-team","status":"publish","type":"page","link":"https:\/\/sites.bu.edu\/presto-spanish\/research-team\/","title":{"rendered":"Equipo investigador"},"content":{"rendered":"<p style=\"text-align: left;\"><strong>PRESTO <\/strong>est\u00e1 financiado por Los Institutos Nacionales de Salud (NIH) y dirigido por investigadores a la Escuela de Salud P\u00fablica de la Universidad de Boston (BUSPH).<\/p>\n<h2 style=\"text-align: left;\">Equipo Investigador<\/h2>\n<p><b><img loading=\"lazy\" class=\"wp-image-1687 alignleft\" title=\"Lauren Wise\" src=\"\/presto-spanish\/files\/2019\/01\/ProfessionalPhotoLauren_May2017cropped-1024x978.jpg\" alt=\"\" width=\"156\" height=\"149\" srcset=\"https:\/\/sites.bu.edu\/presto-spanish\/files\/2019\/01\/ProfessionalPhotoLauren_May2017cropped-1024x978.jpg 1024w, https:\/\/sites.bu.edu\/presto-spanish\/files\/2019\/01\/ProfessionalPhotoLauren_May2017cropped-636x608.jpg 636w, https:\/\/sites.bu.edu\/presto-spanish\/files\/2019\/01\/ProfessionalPhotoLauren_May2017cropped-768x734.jpg 768w\" sizes=\"(max-width: 156px) 100vw, 156px\" \/><span style=\"color: #000000;\">La Dra.<\/span> Lauren A. Wise <\/b>es Profesora de Epidemiolog\u00eda en la Escuela de Salud P\u00fablica de la Universidad de Boston (BUSPH). Es originaria de Canad\u00e1. Se uni\u00f3 al Departamento de Epidemiolog\u00eda de BUSPH en 2004 despu\u00e9s de terminar su doctorado en la Escuela de Salud P\u00fablica de Harvard. La Dra. Wise ense\u00f1a <em>Epidemiolog\u00eda Reproductiva<\/em> y <em>Dise\u00f1o y Conducta de Estudios de Cohorte<\/em> en BUSPH. Tiene inter\u00e9s en la epidemiolog\u00eda reproductiva y perinatal. Su investigaci\u00f3n actual implica el estudio de factores de riesgo para retraso en la concepci\u00f3n, resultados adversos del embarazo, y condiciones ginecol\u00f3gicas benignas. La Dra. Wise es Investigador Principal del Estudio de Medio Ambiente, Estilo de Vida y Fibromas (SELF), un estudio de ultrasonido prospectivo de fibromas uterinos entre 1,696 mujeres negras de Detroit, Michigan, e investigador principal de los estudios financiados por los NIH que examinan la influencia del estilo de vida, la dieta y los determinantes gen\u00e9ticos de los fibromas en el Estudio de Salud de las Mujeres Negras (BWHS).Durante la \u00faltima d\u00e9cada, la Dra. Wise ha estado colaborando con los Dres. Hatch y Rothman en los estudios Snart Gravid y Snart Foraeldre, en los cuales ha investigado las asociaciones de actividad f\u00edsica, obesidad y caracter\u00edsticas menstruales con la fertilidad. La Dra. Wise es Investigador Principal de PRESTO.<a href=\"\/presto-spanish\/files\/2013\/03\/Tizzy-Hatch-e1371150708539.png\"><\/a><\/p>\n<p><a href=\"\/presto-spanish\/files\/2013\/03\/bio-pic.jpg\"><img loading=\"lazy\" class=\"wp-image-1218 alignleft\" alt=\"bio pic\" title=\"Amelia Wesselink\" src=\"\/presto-spanish\/files\/2013\/03\/bio-pic.jpg\" width=\"119\" height=\"179\" srcset=\"https:\/\/sites.bu.edu\/presto-spanish\/files\/2013\/03\/bio-pic.jpg 552w, https:\/\/sites.bu.edu\/presto-spanish\/files\/2013\/03\/bio-pic-423x636.jpg 423w\" sizes=\"(max-width: 119px) 100vw, 119px\" \/><\/a><strong><\/strong><\/p>\n<p><strong>La Dra. Amelia Wesselink<\/strong> es asociada posdoctoral en epidemiolog\u00eda en la Escuela de Salud P\u00fablica de la Universidad de Boston (BUSPH) y co-investigadora de PRESTO. En junio de 2018, se gradu\u00f3 de BUSPH con un doctorado en epidemiolog\u00eda. Su investigaci\u00f3n de tesis incluy\u00f3 el estudio de los determinantes ambientales y psicosociales de la fertilidad, con un enfoque en los productos qu\u00edmicos ambientales, el consumo de cigarrillos y el estr\u00e9s percibido. La Dra. Wesselink tiene intereses en epidemiolog\u00eda ambiental y reproductiva. La Dra. Wesselink tuvo un papel en escribir el nuevo R01 de PRESTO que investiga la contaminaci\u00f3n del aire, la fertilidad y el aborto espont\u00e1neo, y participa activamente en la supervisi\u00f3n de todos los aspectos de los estudios E-PRESTO en Boston y Detroit. Tambi\u00e9n es co-investigadora del Estudio del Medio Ambiente, Estilo de Vida y Fibromas (SELF), en el que est\u00e1 examinando el papel de los bifenilos policlorados (PCB) y la enfermedad ginecol\u00f3gica. Dra. Wesselink recientemente recibi\u00f3 financiaci\u00f3n para investigar la expocisi\u00f3n al calor y los abortos \u00a0<span>espont\u00e1neos <\/span>dentro de PRESTO.<\/p>\n<p><a href=\"\/presto\/files\/2020\/08\/RBJ_picture_cropped-507x636.jpg\"><img loading=\"lazy\" src=\"\/presto\/files\/2020\/08\/RBJ_picture_cropped-507x636.jpg\" title=\"Ren\u00e9e Boynton-Jarrett\" alt=\"Ren\u00e9e Boynton-Jarrett\" class=\"alignleft wp-image-1947\" width=\"130\" height=\"164\" \/><\/a><strong><\/strong><\/p>\n<p><strong>La Dra. Ren\u00e9e Boynton-Jarrett<\/strong> es una pediatra y epidemiol\u00f3gica social. Ella es Profesora Asociada de Pediatr\u00eda en la Escuela de Medicina de la Universidad de Boston. Recibi\u00f3 su t\u00edtulo de m\u00e9dico de la Escuela de Medicina de Yale y su doctor en ciencias en epidemiolog\u00eda social de la Escuela de Salud P\u00fablica de Harvard. Es directora fundadora de Vital Village Network, que utiliza una lente informada sobre trauma para mejorar la capacidad de la comunidad para promover el bienestar infantil en los barrios urbanos de Boston y apoyar a las coaliciones a nivel nacional a trav\u00e9s del Foro NOW. Su beca de investigaci\u00f3n se ha centrado en las adversidades tempranas como determinantes sociales del curso de vida de los resultados de salud reproductiva, perinatal y pedi\u00e1trica.<\/p>\n<p><b><img loading=\"lazy\" src=\"\/presto\/files\/2020\/09\/Mary-Willis-photo-150x150.jpg\" alt=\"\" class=\"alignleft size-thumbnail wp-image-1969\" width=\"150\" height=\"150\" \/>La Dra. Mary D. Willis<\/b><span> es una profesora asistente de epidemiolog\u00eda en la Escuela de Salud P\u00fablica de la Universidad de Boston (BUSPH por su sigla en ingl\u00e9s). En septiembre del 2020, ella\u00a0 gradu\u00f3 del Colegio de Salud P\u00fablica y Ciencias Humanas en la Universidad Estatal de Oregon con un doctorado en la salud ambiental y una asignatura secundaria en ciencia de datos biologicos. Su investigaci\u00f3n de tesis, cual fue fundada por un Premio Nacional de Servicio Investigativo de los Institutos Nacionales de Salud (NIH por sus siglas en ingl\u00e9s) (F31), consistio del estudio de las emisiones del sector energ\u00e9tico y los resultados de embarazo, con un enfoque en la extracci<\/span><span>\u00f3<\/span><span>n del petr\u00f3leo y gas y la contaminacion del aire relacionado al tr\u00e1fico. Dra. Willis est\u00e1 interesada en la salud ambiental, epidemiolog\u00eda reproductiva, y las politicas p\u00fablicas. Ella tiene experiencia en el dise\u00f1o de estudios cuasiexperimentales y la integraci\u00f3n de datos. Dra. Willis tambi\u00e9n es coinvestigadora en el Estudio de Responsabilidad en Regulaciones de Tr\u00e1fico y Los Reci\u00e9n Nacidos en Texas (TRANSIT), un proyecto del Instituto de los Efectos de Salud que busca el entendimiento de c\u00f3mo regulaciones de las emisiones de los vehiculos de motor y programas locales de congesti<\/span><span>\u00f3<\/span><span>n impactan resultados de nacimiento. Dra. Willis recientemente recibio fundados DP5 del NIH para investigar la exposici\u00f3n a los sitios de perforaci\u00f3n de petr\u00f3leo y gas en PRESTO. <\/span><\/p>\n<p><img loading=\"lazy\" src=\"\/presto\/files\/2022\/10\/jasmine-636x628.jpg\" alt=\"\" class=\"wp-image-2205 alignleft\" width=\"178\" height=\"176\" \/><\/p>\n<p><strong>La Dra. Jasmine Abrams<\/strong> es una cientista internacional de investigaci\u00f3n de comportamiento. Ella tambi\u00e9n es una Becaria de Investigaci\u00f3n Presidencial en la Escuela de Salud Publica en la Universidad de Yale. Dra. Abrams tiene 15 a\u00f1os de experiencia conduciendo investigaci\u00f3n sobre la equidad en salud con organizaciones basadas en la comunidad para entender y promover la salud sexual y materna entre mujeres negras a trav\u00e9s de la di\u00e1spora africana, incluyendo mujeres en los EE. UU., Hait\u00ed, la Republica Dominicana, y Brasil.<\/p>\n<p>Con un portafolio de fondos de varios millones, Dra. Abrams ha asegurado un n\u00famero de premios de fondo federales para apoyar su trabajo, incluyendo fondos del Instituto Nacional del Coraz\u00f3n, Pulm\u00f3n, y Sangre, el Instituto Nacional de las Disparidades de la Salud de las Minor\u00edas, el Instituto Nacional de la Salud Mental, y el Centro Internacional Fogarty. Una oradora atractiva y muy buscada, Dra. Abrams ha dado presentaciones sobre promoviendo la equidad de la salud global, la interseccionalidad en la investigaci\u00f3n de salud p\u00fablica, logrando \u00e9xito en la academia, y emprendimiento acad\u00e9mico a varias universidades y organizaciones privadas a trav\u00e9s del mundo.<\/p>\n<p>Una emprendedora en serie, Dra. Abrams es una cofundadora de Research Unlimited y fundadora del Instituto Thrive para el Desarrollo Profesional, una compa\u00f1\u00eda impulsada por la ciencia concentrada en inspirando \u00e9xito y bienestar entre investigadores v\u00eda entrenamiento transformativo y experiencias de retiro internacionales.<\/p>\n<p><strong><img loading=\"lazy\" src=\"\/presto\/files\/2023\/10\/kirwa.png\" alt=\"\" width=\"110\" height=\"174\" class=\" wp-image-2323 alignleft\" \/><\/strong><\/p>\n<p><strong>El Dr. Kipruto Kirwa<\/strong> es Profesor Asistente de Salud Ambiental en la Escuela de Salud P\u00fablica de la Universidad de Boston. Recibi\u00f3 un doctorado en epidemiolog\u00eda de la Universidad de Brown y una formaci\u00f3n posdoctoral en epidemiolog\u00eda ambiental de la Universidad de Tufts y la Universidad de Washington. En su trabajo, el Dr. Kirwa emplea t\u00e9cnicas de modelizaci\u00f3n epidemiol\u00f3gica y estad\u00edstica para implementar evaluaciones a escala fina de la exposici\u00f3n a contaminantes del aire, identificar los grupos de poblaci\u00f3n con mayor riesgo de sufrir efectos en la salud inducidos por contaminantes y determinar c\u00f3mo se pueden mitigar esos efectos. Su investigaci\u00f3n se ha centrado en los impactos de la exposici\u00f3n a contaminantes del aire en la aparici\u00f3n de resultados adversos en el embarazo y el parto, as\u00ed como en enfermedades cardiovasculares y respiratorias entre ni\u00f1os, adultos y miembros de grupos de poblaci\u00f3n poco estudiados.<\/p>\n<p><b><img loading=\"lazy\" src=\"\/presto\/files\/2013\/03\/Picture3-516x636.png\" alt=\"\" width=\"128\" height=\"157\" class=\"wp-image-727 alignleft\" srcset=\"https:\/\/sites.bu.edu\/presto-spanish\/files\/2013\/03\/Picture3-516x636.png 516w, https:\/\/sites.bu.edu\/presto-spanish\/files\/2013\/03\/Picture3-e1371150327827-123x150.png 123w, https:\/\/sites.bu.edu\/presto-spanish\/files\/2013\/03\/Picture3.png 538w\" sizes=\"(max-width: 128px) 100vw, 128px\" \/><\/b><\/p>\n<p><strong>La Dra. Elizabeth Hatch<\/strong> es Profesora de Epidemiolog\u00eda en BUSPH. La Dra. Hatch ense\u00f1a <em>Epidemiolog\u00eda del C\u00e1ncer<\/em> en BUSPH y su investigaci\u00f3n se centra en las exposiciones prenatales y en la infancia en relaci\u00f3n con los resultados de salud a largo plazo, especialmente los c\u00e1nceres hormonalmente relacionados, los resultados reproductivos y la obesidad. Antes de ingresar en la facultad de BU en 2000, fue investigadora en el Instituto Nacional del C\u00e1ncer, donde dirigi\u00f3 un gran estudio de cohorts sobre los riesgos para la salud de la exposici\u00f3n a la hormona sint\u00e9tica, dietilestilbestrol (DES) entre las mujeres expuestas durante el embarazo y sus hijos expuestos en el \u00fatero. Ella contin\u00faa su participaci\u00f3n con el studio DES como co-investigadora, y est\u00e1 investigando si el DES puede afectar a la edad en la menarquia, la menopausia y la obesidad entre las mujeres expuestas a la prenatal. En la actualidad, la Dra. Hatch es investigadora principal de un studio colaborativo de factores relacionados con la salud reproductiva en Dinamarca (Snart Foraeldre\/Snart Gravid). Al igual que PRESTO, los estudios utiliza reclutamiento y seguimiento en Internet y est\u00e1 evaluando factores relacionados con la fertilidad, el aborto espont\u00e1neo y los resultados adversos del embarazo. La Dra. Hatch es co-investigadora de PRESTO y investigadora principal de los estudios de Snart Gravid y Snart Foraeldre, en el que PRESTO est\u00e1 modelado.<span><\/span><\/p>\n<p><a href=\"\/presto-spanish\/files\/2013\/03\/BeFunky_K_Rothman_P2752_HR-150x150.jpg.jpg\"><img loading=\"lazy\" class=\"alignleft wp-image-230\" title=\"Kenneth Rothman\" alt=\"Kenneth Rothman\" src=\"\/presto-spanish\/files\/2013\/03\/BeFunky_K_Rothman_P2752_HR-150x150.jpg.jpg\" width=\"141\" height=\"141\" \/><\/a><strong>El Dr. Kenneth J. Rothman<\/strong> es Profesor de Epidemiolog\u00eda en BUSPH y Vicepresidente de Investigaci\u00f3n de Epidemiolog\u00eda en <a href=\"http:\/\/www.rtihealthsolutions.org\/\" target=\"_blank\" rel=\"noopener noreferrer\">RTI Health Solutions<\/a>.\u00a0 Tiene m\u00e1s de 30 a\u00f1os de experiencia profesional en investigaci\u00f3n epidemiol\u00f3gica. Su investigaci\u00f3n reciente ha incluido el trabajo sobre la teratogenicidad de la vitamina A, los efectos sobre la salud del uso del tel\u00e9fono celular y los potenciales factores de riesgo ambiental para el c\u00e1ncer. Tambi\u00e9n ha realizado investigaciones epidemiol\u00f3gicas sobre epidemiolog\u00eda del c\u00e1ncer, enfermedades cardiovasculares, defectos cong\u00e9nitos, epidemiolog\u00eda ambiental y cuestiones metodol\u00f3gicas, conceptuales y \u00e9ticas en epidemiolog\u00eda. El Dr. Rothman fue el autor de dos libros de texto de m\u00e9todos epidemiol\u00f3gicos ampliamente utilizados, Modern Epidemiology and Epidemiology: an Introduction, y es el editor fundador de Epidemiology, una revista l\u00edder en salud p\u00fablica. Recibi\u00f3 el premio Abraham Lilienfeld de la Asociaci\u00f3n Americana de Salud P\u00fablica en 2002, reconociendo la excelencia en la ense\u00f1anza de la epidemiolog\u00eda durante la carrera, es miembro de la Sociedad Internacional de Farmacoepidemiolog\u00eda y miembro honorario del Colegio Americano de Epidemiolog\u00eda. El Dr. Rothman es co-investigador de PRESTO.<\/p>\n<p>Por favor, visite tambi\u00e9n la p\u00e1gina de <a title=\"Other Study Staff\" href=\"https:\/\/sites.bu.edu\/presto-spanish\/research-team\/research-consultants\/\">Otro Personal de Investigaci\u00f3n<\/a> para ver los otros miembros del equipo de PRESTO.<\/p>\n<p>Para darse de alta en PRESTO, por favor <a href=\"https:\/\/slone-web.bu.edu\/prestostudy\/StudyConsent.php?l=2\">pulse aqu\u00ed<\/a>.<\/p>\n","protected":false},"excerpt":{"rendered":"<p>PRESTO est\u00e1 financiado por Los Institutos Nacionales de Salud (NIH) y dirigido por investigadores a la Escuela de Salud P\u00fablica de la Universidad de Boston (BUSPH). Equipo Investigador La Dra. Lauren A. Wise es Profesora de Epidemiolog\u00eda en la Escuela de Salud P\u00fablica de la Universidad de Boston (BUSPH). Es originaria de Canad\u00e1. Se uni\u00f3 [&hellip;]<\/p>\n","protected":false},"author":7039,"featured_media":0,"parent":0,"menu_order":6,"comment_status":"closed","ping_status":"closed","template":"","meta":[],"_links":{"self":[{"href":"https:\/\/sites.bu.edu\/presto-spanish\/wp-json\/wp\/v2\/pages\/16"}],"collection":[{"href":"https:\/\/sites.bu.edu\/presto-spanish\/wp-json\/wp\/v2\/pages"}],"about":[{"href":"https:\/\/sites.bu.edu\/presto-spanish\/wp-json\/wp\/v2\/types\/page"}],"author":[{"embeddable":true,"href":"https:\/\/sites.bu.edu\/presto-spanish\/wp-json\/wp\/v2\/users\/7039"}],"replies":[{"embeddable":true,"href":"https:\/\/sites.bu.edu\/presto-spanish\/wp-json\/wp\/v2\/comments?post=16"}],"version-history":[{"count":51,"href":"https:\/\/sites.bu.edu\/presto-spanish\/wp-json\/wp\/v2\/pages\/16\/revisions"}],"predecessor-version":[{"id":2263,"href":"https:\/\/sites.bu.edu\/presto-spanish\/wp-json\/wp\/v2\/pages\/16\/revisions\/2263"}],"wp:attachment":[{"href":"https:\/\/sites.bu.edu\/presto-spanish\/wp-json\/wp\/v2\/media?parent=16"}],"curies":[{"name":"wp","href":"https:\/\/api.w.org\/{rel}","templated":true}]}}