{"id":12,"date":"2013-03-01T11:02:23","date_gmt":"2013-03-01T15:02:23","guid":{"rendered":"https:\/\/sites.bu.edu\/presto-spanish\/?page_id=12"},"modified":"2020-05-01T14:34:57","modified_gmt":"2020-05-01T18:34:57","slug":"faq","status":"publish","type":"page","link":"https:\/\/sites.bu.edu\/presto-spanish\/faq\/","title":{"rendered":"Preguntas Frecuentes (PF)"},"content":{"rendered":"<p style=\"text-align: center;\"><a href=\"\/presto-spanish\/files\/2013\/03\/couple-in-blue-on-computer.jpg\"><img loading=\"lazy\" src=\"\/presto-spanish\/files\/2013\/03\/couple-in-blue-on-computer.jpg\" alt=\"pareja al ordenador\" title=\"pareja al ordenador\" class=\"aligncenter size-full wp-image-396\" width=\"507\" height=\"338\" \/><\/a><\/p>\n<p><strong>Preguntas frecuentes para participantes femeninas que a\u00fan no registradas:<\/strong> <a href=\"https:\/\/sites.bu.edu\/presto-spanish\/faq\/faq-not-yet-enrolled\/\" title=\"Preguntas frecuentes: a\u00fan no registrada\">Preguntas frecuentes a\u00fan no registrada<\/a><\/p>\n<p><strong>Preguntas frecuentes para participantes femeninas que ya est\u00e1n registradas:<\/strong> <a href=\"https:\/\/sites.bu.edu\/presto-spanish\/faq\/faq-enrolled\/\" title=\"Preguntas frecuentes: registrada\">Preguntas frecuentes registrada<\/a><\/p>\n<p><a href=\"https:\/\/sites.bu.edu\/presto-spanish\/faq\/faq-enrolled\/\" title=\"FAQ: Enrolled\"><\/a><strong><span style=\"font-size: 1em;\">Preguntas frecuentes para participantes masculinos: <\/span><\/strong><span style=\"font-size: 1em;\"><a href=\"https:\/\/sites.bu.edu\/presto-spanish\/faq\/faq-partners\/\" title=\"Preguntas frecuentes: parejas masculinas\">Preguntas frecuentes parejas masculinas<\/a><\/span><\/p>\n<p><em>Para inscribirse en PRESTO, por favor, <a href=\"https:\/\/slone-web.bu.edu\/prestostudy\/StudyConsent.php?l=2\">pulse aqui<\/a>.<\/em><\/p>\n","protected":false},"excerpt":{"rendered":"<p>Preguntas frecuentes para participantes femeninas que a\u00fan no registradas: Preguntas frecuentes a\u00fan no registrada Preguntas frecuentes para participantes femeninas que ya est\u00e1n registradas: Preguntas frecuentes registrada Preguntas frecuentes para participantes masculinos: Preguntas frecuentes parejas masculinas Para inscribirse en PRESTO, por favor, pulse aqui.<\/p>\n","protected":false},"author":7039,"featured_media":0,"parent":0,"menu_order":3,"comment_status":"closed","ping_status":"closed","template":"","meta":[],"_links":{"self":[{"href":"https:\/\/sites.bu.edu\/presto-spanish\/wp-json\/wp\/v2\/pages\/12"}],"collection":[{"href":"https:\/\/sites.bu.edu\/presto-spanish\/wp-json\/wp\/v2\/pages"}],"about":[{"href":"https:\/\/sites.bu.edu\/presto-spanish\/wp-json\/wp\/v2\/types\/page"}],"author":[{"embeddable":true,"href":"https:\/\/sites.bu.edu\/presto-spanish\/wp-json\/wp\/v2\/users\/7039"}],"replies":[{"embeddable":true,"href":"https:\/\/sites.bu.edu\/presto-spanish\/wp-json\/wp\/v2\/comments?post=12"}],"version-history":[{"count":50,"href":"https:\/\/sites.bu.edu\/presto-spanish\/wp-json\/wp\/v2\/pages\/12\/revisions"}],"predecessor-version":[{"id":1996,"href":"https:\/\/sites.bu.edu\/presto-spanish\/wp-json\/wp\/v2\/pages\/12\/revisions\/1996"}],"wp:attachment":[{"href":"https:\/\/sites.bu.edu\/presto-spanish\/wp-json\/wp\/v2\/media?parent=12"}],"curies":[{"name":"wp","href":"https:\/\/api.w.org\/{rel}","templated":true}]}}