{"id":69,"date":"2021-08-17T15:49:38","date_gmt":"2021-08-17T19:49:38","guid":{"rendered":"https:\/\/sites.bu.edu\/precarity\/?page_id=69"},"modified":"2026-03-02T11:29:45","modified_gmt":"2026-03-02T16:29:45","slug":"publications","status":"publish","type":"page","link":"https:\/\/sites.bu.edu\/precarity\/publications\/","title":{"rendered":"Recent Publications"},"content":{"rendered":"<p>\u2022 <strong>J. Pryma<\/strong>. 2025.&#8221;Trauma as a workaround: Recognizing chronic pain as disability without medical documentation in the United States and France.&#8221;<em>Social Science &#038; Medicine 382<\/em>.<\/p>\n<p>\u2022 <strong>A. Mears,<\/strong> <strong>E. Birced,<\/strong> and <strong>T. Nguyen<\/strong>. 2025. &#8220;The Right Amount of Sex: Digital Labor in the Grey Zone of Platform Governance.&#8221; <em>Work &amp; Occupations<\/em>.<\/p>\n<p><strong>\u2022 M. Anteby<\/strong> and <strong>V. Iannucci.<\/strong> 2025. &#8220;Beyond Professional Experts: The Rise of Lay, Counter-, and Neo-Experts as Alternative Claim-Makers<span>\u201d <\/span><i>Research in Organizational Behavior<\/i><span>.<\/span><\/p>\n<p><strong>\u2022 A. Mears<\/strong> and T. Beauvais. 2025.&#8221;Learning to Like the Likes and the Hate:The Labor of Internet Fame in the New Attention Economy.&#8221;<em>Social Problems<\/em>.<\/p>\n<p>\u2022 <strong>E. Birced<\/strong>. 2025.&#8221;Empowered by Consumers: How Content Creators Use Relational Labor to Resist Labor Control.&#8221;<em>Socio-Economic Review<\/em>.<\/p>\n<p>\u2022 J. Battilana, C. Beckman, and <strong>J. Yen<\/strong>. 2025.&#8221;On Democratic Organizing and Organization Theory.&#8221; <em>Administrative Science Quarterly<\/em>, 70(2): 297-327.<\/p>\n<p>\u2022 E. Aguirre, <strong>J. Yen<\/strong>, and J. Battilana. 2025.&#8221;An Organizational Theory of Corporate Law.&#8221;<em>The Journal of corporation law<\/em>, 50(3): 567-616.<\/p>\n<p>\u2022 N. Kibria and <strong>A. Wigen<\/strong>. 2025. &#8220;Making Sense of Sibling Economic Gaps: Racialized Meritocratic Frames, Economic Inequalities, and Family Relationships.&#8221;<em>American Journal of Cultural Sociology<\/em>, 13: 517-541.<\/p>\n<p>\u2022 N. Gondal and <strong>A. Wigen<\/strong>. 2025. &#8220;Professor-Writers and Machinist-PainterPhotographers: Investigating the Duality between Occupational Categories and Artistic Hobbies.&#8221;<em>Poetics<\/em>, 110.<\/p>\n<p>\u2022 <strong>YC. <\/strong><span><strong>Huang<\/strong>, and <strong>A. Guseva<\/strong>. 2025. &#8220;The Moral Economy of Severe Scarcity: How Considerations of Deservingness Shape Cloth Mask Distribution Practices in the Midst of a Global Health Crisis.&#8221; <i>Journal of Cultural Economy<\/i>, 18(4):475-495.<\/span><\/p>\n<p>\u2022 J. L. Kidder, A. J. Binder, and <strong>Z. Cooper<\/strong>. 2025. \u201cNormalizing Disreputable Exchanges in the Academy: Libertarian Scholars and the Stigma of Ideologically-Based Funding.\u201d <em>Qualitative Sociology<\/em>, 48(1):51\u201372.<\/p>\n<p><span>\u2022 <strong>A. Mears<\/strong>, and H. Mooney. 2024 &#8220;Getting In: Status Stratification and the Pursuit of the Good College Party.&#8221;\u00a0<\/span><i>Qualitative Sociology<\/i><span>,\u00a047: 221-247.<\/span><\/p>\n<p>\u2022 A. Monier and <strong>A. Mears<\/strong>. 2024.&#8221;Elites, Bodies, and Gender: Women\u2019s Appearance as Class<br \/>\nDistinction.&#8221; <em>Ethnography<\/em>.<\/p>\n<p>\u2022 <span><strong>A. Holm<\/strong>, BT. Fong, and <strong>M. Anteby<\/strong>. 2024 &#8220;The Perils of Voice Veneer: The Case of Disneyland Puppeteers\u2019 Unionization Efforts.&#8221;\u00a0<\/span><i>Academy of Management Discoveries, 10(4): 527-542.<\/i><\/p>\n<p>\u2022 <strong>D. Joseph-Goteiner<\/strong>. 2024.&#8221;From Degrees to Dimensions: Accounts of Workers\u2019 Socio-Economic Dependence on Platforms.&#8221;<em>Socius<\/em>, 10:1-12.<\/p>\n<p>\u2022 <strong>JJ. <\/strong><span><strong>Mijs<\/strong>, and A. Usmani. 2024. &#8220;How Segregation Ruins Inference: A Sociological Simulation of the Inequality Equilibrium.&#8221;\u00a0<\/span><i>Social Forces<\/i><span>,103(1):45-65.\u00a0<\/span><\/p>\n<p>\u2022 L.<span> Ramarajan and <strong>J. Yen<\/strong>. 2024.&#8221;Defining Who You Are by Whom You Serve? Strategies for Prosocial\u2013Professional Identity Integration with Clients.&#8221; <em>Administrative Science Quarterly<\/em> 69(2): 515-567.<\/span><\/p>\n<p>\u2022 <strong>Y. <\/strong><span><strong>Girgin<\/strong>, and T. Kuyucu. 2024. <\/span><span>&#8220;My Tears Have Dried from Crying, I Want to Laugh Now!: Role Diversification Patterns and Gendered Accumulation of Status in the TV-Acting Field in Turkey.&#8221; <em>The <\/em><i>Sociological Quarterly<\/i>, 66(1):148-169.<\/span><\/p>\n<p>\u2022 <strong> Z. Cooper<\/strong>, Amy Binder, and Jeffrey Kidder. 2024. \u201cKeeping Libertarianism Alive in the Academy: Organizations, Scholars, and the Idea Pipeline.\u201d <em>Socius<\/em>, 10.<\/p>\n<p>\u2022 <strong>A. Wigen<\/strong>. 2023. &#8220;Negotiating Unequal Exchange: Relational Work in Cross-Class Sibling Relationships.&#8221; <em>Sociological Forum<\/em>, 38(1): 235-253.<\/p>\n<p>\u2022 <strong>M. <\/strong><span><strong>Lucy<\/strong>. 2023 &#8220;Divestment as investment:\u201cKondo-ing\u201d selves in the context of overaccumulation.&#8221;\u00a0<\/span><i>Journal of Consumer Culture<\/i><span>, 23(4):769-788.<\/span><\/p>\n<p>\u2022 N<span>. Bourmault<strong><\/strong> and <strong>M. Anteby<\/strong>. 2023 <\/span><span class=\" aw5Odc\">\u201c<\/span><span>Rebooting One\u2019s Professional Work: The Case of French Anesthesiologists Using Hypnosis.<span class=\" aw5Odc\">\u201d<\/span> <\/span><i>Administrative Science Quarterly<\/i><span>, 68 (4), 913-955.<\/span><\/p>\n<p><span>\u2022 <strong>A. Mears<\/strong>. 2023. &#8220;Bringing Bourdieu to a content farm: Social media production fields and the cultural economy of attention.&#8221;\u00a0<\/span><i>Social Media+ Society<\/i><span>, <\/span><\/p>\n<p><span>\u2022 D. Harmon, E. Rhee, and <strong>YH. Cho<\/strong>. 2023. &#8220;Building a bridge to the future: Prospective legitimation in nascent markets.&#8221;\u00a0<\/span><i>Strategic Management Journal<\/i><span>, 44(11):2597-2633.<\/span><\/p>\n<p>\u2022 <span>H. Gowayed, <strong>A. Mears<\/strong> and N. Occhiuto. 2022 <\/span><span class=\" aw5Odc\">\u201cPause, Pivot, and Shift: Responses to Sudden Job Loss.\u201d <\/span><em>American Behavioral Scientist.<\/em><\/p>\n<p>\u2022 L.D. Cameron, C.K. Chan, <strong>M Anteby<\/strong>. 2022. &#8220;<span><\/span>Heroes from above but not (always) from within? Gig workers\u2019 reactions to the sudden public moralization of their work&#8221; <em>Organizational Behavior and Human Decision Processes<\/em>, 172.<\/p>\n<p><span>\u2022 F. Godart and <strong>A. Mears.<\/strong> 2022. \u201cTransitory Ties: A Network Ecology Perspective on Workers\u2019 Opportunities in the Creative Economy.\u201d <em>Social Networks.<\/em><\/span><\/p>\n<p><span>\u2022 <strong>P. Ward<\/strong>. 2022. \u201cWorth our work? The (in)visible value of refugee volunteers in the transnational aid sector.\u201d\u00a0<\/span><em>Work, Employment and Society,36(5):928-944.<\/em><\/p>\n<p><span>\u2022 <strong>JJ. Mijs<\/strong>, and J. Nieuwenhuis. 2022. &#8220;Adolescents&#8217; future in the balance of family, school, and the neighborhood: A multidimensional application of two theoretical perspectives.&#8221;\u00a0<\/span><i>Social science quarterly<\/i><span>, 103(3):534-549.\u00a0<\/span><\/p>\n<p><span>\u2022<strong> A. Guseva<\/strong>. 2021. <\/span>&#8220;The Expedient Lightness of Credit and the Surprising Truth about the American Developmental State&#8221; <em>Contemporary Sociology<\/em> 50(5), 378-381.<\/p>\n<p>\u2022 <strong>M.<\/strong> <strong>Anteby<\/strong> and <strong>A. Holm<\/strong>. 2021 \u201cTranslating Expertise across Work Contexts: U.S. Puppeteers Move from Stage to Screen\u201d <em>American Sociological Review<\/em>, 86 (2): 310-340.<\/p>\n<p><span>\u2022<strong> Bayurgil, L<\/strong>. 2021. \u201cFired and Evicted: Istanbul Doorkeepers\u2019 Strategies of Navigating Double Precarity\u201d <em>Social Problems<\/em>, 69(4): 1092-1108.<\/span><\/p>\n<p><span>\u2022 <strong>JJ. Mijs<\/strong>. 2021. &#8220;The paradox of inequality: Income inequality and belief in meritocracy go hand in hand.&#8221;\u00a0<\/span><i>Socio-Economic Review<\/i><span>, 19(1):7-35.<\/span><\/p>\n<p>\u2022 N. Bourmault and <strong>M. Anteby<\/strong>. 2020. \u201cUnpacking the Managerial Blues: How Expectations Formed in the Past Carry into New Jobs\u201d <em>Organization Science<\/em>, 31(6): 1452-1474.<\/p>\n<p>\u2022 DeCelles, K. and <strong>Anteby, M<\/strong>. 2020. \u201cCompassion in the Clink: When and How Human Services Workers Overcome Barriers to Care\u201d <em>Organization Science<\/em>., 31(6): 1408-1431.<\/p>\n<p>\u2022 <strong>Anteby, M<\/strong>. and N. Occhiuto. 2020. \u201cStand-In Labor and the Rising Economy of Self\u201d <em>Social Forces<\/em>, 98(3): 1287- 1310.<\/p>\n<p>\u2022 <strong>Guseva, A<\/strong>. 2020. \u201cScandals, Morality Wars, and the Field of Reproductive Surrogacy in Ukraine\u201d <em>economic sociology_the european electronic newsletter<\/em> 21(3).<\/p>\n<p>\u2022 <strong>Guseva, A<\/strong>. and D. Ibragimova. 2020. \u201cAutonomy as empowerment, or how gendered power manifests itself in contemporary Russian families.\u201d Gender, Power, Eastern Europe: Changing Concepts of Femininities and Masculinities and Power Relations, ed. by Katharina Bluhm, Gertrud Pickhan, Justyna Stypinska and Agnieszka Wierzcholska. Springer.\u2022<\/p>\n<p>\u2022 <strong>Mears, A.<\/strong> 2020. <em>Very Important People: Beauty and Status in the Global Party Circuit<\/em>. Princeton University Press.<\/p>\n<p><strong>\u2022 Mears, A.<\/strong> 2019 \u201cDes F\u00eates tr\u00e8s Exclusives. Les Promoteurs de Soir\u00e9es VIP, des Interm\u00e9diaires aux Ambitions Contraries.\u201d (\u201cAn Exclusive Night Scene: Promoters of VIP Evenings, Intermediaries with Thwarted Ambitions.\u201d) Actes de la Recherche en Sciences Sociales 230(5):56-75.<\/p>\n<p>\u2022 <strong>Mobasseri, Sanaz<\/strong>. 2019. &#8220;Race, Place, and Crime: How Violent Crime Events Affect Employment Discrimination.&#8221; American Journal of Sociology 125(1): 63-104.<\/p>\n<p>\u2022 <strong>Guseva, A.<\/strong> and A. Rona-Tas. 2019. \u201cConsumer Credit Surveillance.\u201d Oxford Handbook of Consumption, ed. by Frederick Wherry. London, UK: Oxford University Press.<\/p>\n<p>\u2022 Cousin,B., S. Khan, and<strong> A.\u00a0Mears<\/strong>. 2018. \u201cTheoretical and methodological pathways for research on elites.\u201d <em>Socio-Economic Review<\/em> 16(2): 225-249.<\/p>\n<p>\u2022 Rona-Tas, A. and <strong>A. Guseva.<\/strong> 2018. \u201cConsumer Credit in Comparative Perspective.\u201d <em>Annual Review of Sociology<\/em> 44: 55-75.<\/p>\n<p><strong>\u2022 Anteby, M<\/strong>. and C. Chan. 2018. \u201cA Self-Fulfilling Cycle of Coercive Surveillance: Workers\u2019 Invisibility Practices and Managerial Justification\u201d <em>Organization Science<\/em>, 29(2): 247-263.<\/p>\n<p>\u2022 <strong>Mijs, Jonathan J.B.<\/strong> 2018. \u201cInequality is a problem of inference: How people solve the social puzzle of unequal outcomes.\u201d Societies 8(3): 64<\/p>\n<p><strong>\u2022 Guseva, A.<\/strong> and A. Rona-Tas. 2017. \u201cMoney Talks, Plastic Money Tattles. The New Sociability of Money.\u201d Money Talks: Explaining How Money Really Works, ed. by Nina Bandelj, Fred Wherry and Viviana Zelizer. Princeton, NJ: Princeton University Press.<\/p>\n<p>\u2022 Ibragimova, D. and<strong> A. Guseva.<\/strong> 2017. \u201cWho Is in Charge of Family Finances in the Russian Two-earner Households.\u201d <em>Journal of Family Issues<\/em>, 38(17): 2425-2448.<\/p>\n<p>\u2022Darr, A. and <strong>M. Ashley<\/strong>. 2017.\u201cLocal Knowledge, Global Networks: Scouting for Fashion Models and Football Players.\u201d <em>Poetics<\/em> 62: 1-14.<\/p>\n<p>&nbsp;<\/p>\n","protected":false},"excerpt":{"rendered":"<p>\u2022 J. Pryma. 2025.&#8221;Trauma as a workaround: Recognizing chronic pain as disability without medical documentation in the United States and France.&#8221;Social Science &#038; Medicine 382. \u2022 A. Mears, E. Birced, and T. Nguyen. 2025. &#8220;The Right Amount of Sex: Digital Labor in the Grey Zone of Platform Governance.&#8221; Work &amp; Occupations. \u2022 M. Anteby and [&hellip;]<\/p>\n","protected":false},"author":19623,"featured_media":0,"parent":0,"menu_order":5,"comment_status":"closed","ping_status":"closed","template":"","meta":[],"_links":{"self":[{"href":"https:\/\/sites.bu.edu\/precarity\/wp-json\/wp\/v2\/pages\/69"}],"collection":[{"href":"https:\/\/sites.bu.edu\/precarity\/wp-json\/wp\/v2\/pages"}],"about":[{"href":"https:\/\/sites.bu.edu\/precarity\/wp-json\/wp\/v2\/types\/page"}],"author":[{"embeddable":true,"href":"https:\/\/sites.bu.edu\/precarity\/wp-json\/wp\/v2\/users\/19623"}],"replies":[{"embeddable":true,"href":"https:\/\/sites.bu.edu\/precarity\/wp-json\/wp\/v2\/comments?post=69"}],"version-history":[{"count":25,"href":"https:\/\/sites.bu.edu\/precarity\/wp-json\/wp\/v2\/pages\/69\/revisions"}],"predecessor-version":[{"id":468,"href":"https:\/\/sites.bu.edu\/precarity\/wp-json\/wp\/v2\/pages\/69\/revisions\/468"}],"wp:attachment":[{"href":"https:\/\/sites.bu.edu\/precarity\/wp-json\/wp\/v2\/media?parent=69"}],"curies":[{"name":"wp","href":"https:\/\/api.w.org\/{rel}","templated":true}]}}