{"id":22,"date":"2024-01-12T17:08:18","date_gmt":"2024-01-12T22:08:18","guid":{"rendered":"https:\/\/sites.bu.edu\/plummer\/?page_id=22"},"modified":"2026-02-05T18:27:58","modified_gmt":"2026-02-05T23:27:58","slug":"group","status":"publish","type":"page","link":"https:\/\/sites.bu.edu\/plummer\/group\/","title":{"rendered":"People"},"content":{"rendered":"<p>&nbsp;<\/p>\n<figure id=\"attachment_173\" aria-describedby=\"caption-attachment-173\" style=\"width: 646px\" class=\"wp-caption alignnone\"><img loading=\"lazy\" src=\"\/plummer\/files\/2025\/08\/IMG_8511-636x291.jpeg\" alt=\"\" width=\"636\" height=\"291\" class=\"size-medium wp-image-173\" srcset=\"https:\/\/sites.bu.edu\/plummer\/files\/2025\/08\/IMG_8511-636x291.jpeg 636w, https:\/\/sites.bu.edu\/plummer\/files\/2025\/08\/IMG_8511-1024x468.jpeg 1024w, https:\/\/sites.bu.edu\/plummer\/files\/2025\/08\/IMG_8511-768x351.jpeg 768w, https:\/\/sites.bu.edu\/plummer\/files\/2025\/08\/IMG_8511-1536x702.jpeg 1536w, https:\/\/sites.bu.edu\/plummer\/files\/2025\/08\/IMG_8511-2048x936.jpeg 2048w\" sizes=\"(max-width: 636px) 100vw, 636px\" \/><figcaption id=\"caption-attachment-173\" class=\"wp-caption-text\">Fall 2024<\/figcaption><\/figure>\n<h3>Principal Investigator<\/h3>\n<hr \/>\n<p><img src=\"\/plummer\/files\/2024\/04\/Abby-588x636.png\" alt=\"\" width=\"180\" class=\"wp-image-120 size-medium alignleft\" srcset=\"https:\/\/sites.bu.edu\/plummer\/files\/2024\/04\/Abby-588x636.png 588w, https:\/\/sites.bu.edu\/plummer\/files\/2024\/04\/Abby.png 640w\" sizes=\"(max-width: 588px) 100vw, 588px\" \/><br \/>\n<b>Abigail Plummer<\/b><br \/>\n<a href=\"https:\/\/www.bu.edu\/eng\/profile\/abigail-plummer-ph-d\/\" rel=\"noopener noreferrer\" target=\"_blank\">Assistant Professor, Mechanical Engineering<\/a><br \/>\nPh.D., Harvard Physics<br \/>\nOffice: EMA 217, 730 Commonwealth Ave<br \/>\nEmail: plummer@bu.edu<br \/>\n<a href=\"https:\/\/bsky.app\/profile\/abigailplummer.bsky.social\" rel=\"noopener noreferrer\" target=\"_blank\">Blue Sky<\/a><\/p>\n<h3>PhD Students<\/h3>\n<hr \/>\n<p><img src=\"\/plummer\/files\/2024\/05\/Rishabh-573x636.jpeg\" alt=\"\" width=\"180\" class=\"wp-image-136 size-medium alignleft\" srcset=\"https:\/\/sites.bu.edu\/plummer\/files\/2024\/05\/Rishabh-573x636.jpeg 573w, https:\/\/sites.bu.edu\/plummer\/files\/2024\/05\/Rishabh-923x1024.jpeg 923w, https:\/\/sites.bu.edu\/plummer\/files\/2024\/05\/Rishabh-768x852.jpeg 768w, https:\/\/sites.bu.edu\/plummer\/files\/2024\/05\/Rishabh-1384x1536.jpeg 1384w, https:\/\/sites.bu.edu\/plummer\/files\/2024\/05\/Rishabh-1845x2048.jpeg 1845w\" sizes=\"(max-width: 573px) 100vw, 573px\" \/><br \/>\n<b>Rishabh <\/b><br \/>\n<i> Fracture <\/i><br \/>\nEmail: rishy@bu.edu<\/p>\n<p>&nbsp;<\/p>\n<p>&nbsp;<\/p>\n<p><img src=\"\/plummer\/files\/2025\/08\/Jaafar-606x636.jpg\" alt=\"\" width=\"180\" class=\"alignnone wp-image-163 size-medium alignleft\" srcset=\"https:\/\/sites.bu.edu\/plummer\/files\/2025\/08\/Jaafar-606x636.jpg 606w, https:\/\/sites.bu.edu\/plummer\/files\/2025\/08\/Jaafar-768x806.jpg 768w, https:\/\/sites.bu.edu\/plummer\/files\/2025\/08\/Jaafar.jpg 916w\" sizes=\"(max-width: 606px) 100vw, 606px\" \/><br \/>\n<b>Jaafar Alaswad<\/b><br \/>\n<i> Metamaterials <\/i><br \/>\nEmail: jalaswad@bu.edu<\/p>\n<p>&nbsp;<\/p>\n<p>&nbsp;<\/p>\n<h3>Master&#8217;s Students<\/h3>\n<hr \/>\n<p><img src=\"\/plummer\/files\/2025\/08\/Gus.jpeg\" alt=\"\" width=\"180\" class=\"alignnone wp-image-166 size-medium alignleft\" srcset=\"https:\/\/sites.bu.edu\/plummer\/files\/2025\/08\/Gus.jpeg 256w, https:\/\/sites.bu.edu\/plummer\/files\/2025\/08\/Gus-150x150.jpeg 150w\" sizes=\"(max-width: 256px) 100vw, 256px\" \/><br \/>\n<b>Gus Loureiro<\/b><br \/>\n<i> Metamaterials <\/i><br \/>\nEmail: loureiro@bu.edu<\/p>\n<p>&nbsp;<\/p>\n<p>&nbsp;<\/p>\n<h3>Undergraduate Students<\/h3>\n<hr \/>\n<p><img src=\"\/plummer\/files\/2025\/08\/Sumire.jpg\" alt=\"\" width=\"180\" class=\"alignnone wp-image-164 size-medium alignleft\" \/><br \/>\n<b>Sumire Takeya<\/b><br \/>\n<i>Hydrogel mechanics <\/i><br \/>\nEmail: asandev@bu.edu<\/p>\n<p>&nbsp;<\/p>\n<p>&nbsp;<\/p>\n<h3>Recent Visitors<\/h3>\n<hr \/>\n<p><img src=\"\/plummer\/files\/2025\/08\/Taylor-611x636.jpg\" alt=\"\" width=\"180\" class=\"alignnone wp-image-165 size-medium alignleft\" srcset=\"https:\/\/sites.bu.edu\/plummer\/files\/2025\/08\/Taylor-611x636.jpg 611w, https:\/\/sites.bu.edu\/plummer\/files\/2025\/08\/Taylor-984x1024.jpg 984w, https:\/\/sites.bu.edu\/plummer\/files\/2025\/08\/Taylor-768x799.jpg 768w, https:\/\/sites.bu.edu\/plummer\/files\/2025\/08\/Taylor.jpg 1189w\" sizes=\"(max-width: 611px) 100vw, 611px\" \/><br \/>\n<b>Taylor Lambo<\/b><br \/>\n<i> Summer 2025 <\/i><br \/>\nCurrent: Hamilton College<\/p>\n<p>&nbsp;<\/p>\n<p>&nbsp;<\/p>\n<p><img src=\"\/plummer\/files\/2025\/08\/Justin-601x636.png\" alt=\"\" width=\"180\" class=\"alignnone wp-image-181 size-medium alignleft\" srcset=\"https:\/\/sites.bu.edu\/plummer\/files\/2025\/08\/Justin-601x636.png 601w, https:\/\/sites.bu.edu\/plummer\/files\/2025\/08\/Justin.png 606w\" sizes=\"(max-width: 601px) 100vw, 601px\" \/><br \/>\n<b>Justin Peyrat<\/b><br \/>\n<i> Summer 2025 <\/i><br \/>\nCurrent: ESPCI Paris<\/p>\n<p>&nbsp;<\/p>\n<p>&nbsp;<\/p>\n<p><img src=\"\/plummer\/files\/2025\/08\/Sarah_-558x636.jpeg\" alt=\"\" width=\"180\" class=\"alignnone wp-image-177 size-medium alignleft\" srcset=\"https:\/\/sites.bu.edu\/plummer\/files\/2025\/08\/Sarah_-558x636.jpeg 558w, https:\/\/sites.bu.edu\/plummer\/files\/2025\/08\/Sarah_-899x1024.jpeg 899w, https:\/\/sites.bu.edu\/plummer\/files\/2025\/08\/Sarah_-768x875.jpeg 768w, https:\/\/sites.bu.edu\/plummer\/files\/2025\/08\/Sarah_-1348x1536.jpeg 1348w, https:\/\/sites.bu.edu\/plummer\/files\/2025\/08\/Sarah_-1797x2048.jpeg 1797w\" sizes=\"(max-width: 558px) 100vw, 558px\" \/><br \/>\n<b>Sarah Dan\u00e9 Ta\u00efw\u00e9<\/b><br \/>\n<i> Summer 2025 <\/i><br \/>\nCurrent: Williams College<\/p>\n<p>&nbsp;<\/p>\n<p>&nbsp;<\/p>\n<h3>Alumni<\/h3>\n<hr \/>\n<p><img src=\"\/plummer\/files\/2024\/04\/Jillian-599x636.jpg\" alt=\"\" width=\"180\" class=\"wp-image-123 alignleft\" srcset=\"https:\/\/sites.bu.edu\/plummer\/files\/2024\/04\/Jillian-599x636.jpg 599w, https:\/\/sites.bu.edu\/plummer\/files\/2024\/04\/Jillian-964x1024.jpg 964w, https:\/\/sites.bu.edu\/plummer\/files\/2024\/04\/Jillian-768x816.jpg 768w, https:\/\/sites.bu.edu\/plummer\/files\/2024\/04\/Jillian.jpg 1016w\" sizes=\"(max-width: 599px) 100vw, 599px\" \/><br \/>\n<b>Jillian Martin<\/b><br \/>\nUndergraduate researcher, 2024-2025<br \/>\nCurrent: Associate Systems Engineer at STR<\/p>\n<p>&nbsp;<\/p>\n<p>&nbsp;<\/p>\n<p><img src=\"\/plummer\/files\/2024\/04\/azul-598x636.jpg\" alt=\"\" width=\"180\" class=\"wp-image-127 size-medium alignleft\" srcset=\"https:\/\/sites.bu.edu\/plummer\/files\/2024\/04\/azul-598x636.jpg 598w, https:\/\/sites.bu.edu\/plummer\/files\/2024\/04\/azul.jpg 689w\" sizes=\"(max-width: 598px) 100vw, 598px\" \/><br \/>\n<b>Azul Pieropan Sanchez<\/b><br \/>\nUndergraduate researcher, 2024<\/p>\n<p>&nbsp;<\/p>\n<p>&nbsp;<\/p>\n<p><img src=\"\/plummer\/files\/2024\/04\/Angela-595x636.png\" alt=\"\" width=\"180\" class=\"wp-image-121 size-medium alignleft\" srcset=\"https:\/\/sites.bu.edu\/plummer\/files\/2024\/04\/Angela-595x636.png 595w, https:\/\/sites.bu.edu\/plummer\/files\/2024\/04\/Angela.png 611w\" sizes=\"(max-width: 595px) 100vw, 595px\" \/><br \/>\n<b>Angela Sandev<\/b><br \/>\nUndergraduate researcher, 2024-2025<\/p>\n<p>&nbsp;<\/p>\n<p>&nbsp;<\/p>\n<p><img src=\"\/plummer\/files\/2024\/06\/mankrit-590x636.jpg\" alt=\"\" width=\"180\" class=\"wp-image-121 size-medium alignleft\" \/><br \/>\n<b>Mankrit Singh Kalra<\/b><br \/>\nUndergraduate researcher, 2024<\/p>\n<p>&nbsp;<\/p>\n","protected":false},"excerpt":{"rendered":"<p>&nbsp; Principal Investigator Abigail Plummer Assistant Professor, Mechanical Engineering Ph.D., Harvard Physics Office: EMA 217, 730 Commonwealth Ave Email: plummer@bu.edu Blue Sky PhD Students Rishabh Fracture Email: rishy@bu.edu &nbsp; &nbsp; Jaafar Alaswad Metamaterials Email: jalaswad@bu.edu &nbsp; &nbsp; Master&#8217;s Students Gus Loureiro Metamaterials Email: loureiro@bu.edu &nbsp; &nbsp; Undergraduate Students Sumire Takeya Hydrogel mechanics Email: asandev@bu.edu &nbsp; [&hellip;]<\/p>\n","protected":false},"author":23242,"featured_media":0,"parent":0,"menu_order":2,"comment_status":"closed","ping_status":"closed","template":"","meta":[],"_links":{"self":[{"href":"https:\/\/sites.bu.edu\/plummer\/wp-json\/wp\/v2\/pages\/22"}],"collection":[{"href":"https:\/\/sites.bu.edu\/plummer\/wp-json\/wp\/v2\/pages"}],"about":[{"href":"https:\/\/sites.bu.edu\/plummer\/wp-json\/wp\/v2\/types\/page"}],"author":[{"embeddable":true,"href":"https:\/\/sites.bu.edu\/plummer\/wp-json\/wp\/v2\/users\/23242"}],"replies":[{"embeddable":true,"href":"https:\/\/sites.bu.edu\/plummer\/wp-json\/wp\/v2\/comments?post=22"}],"version-history":[{"count":44,"href":"https:\/\/sites.bu.edu\/plummer\/wp-json\/wp\/v2\/pages\/22\/revisions"}],"predecessor-version":[{"id":196,"href":"https:\/\/sites.bu.edu\/plummer\/wp-json\/wp\/v2\/pages\/22\/revisions\/196"}],"wp:attachment":[{"href":"https:\/\/sites.bu.edu\/plummer\/wp-json\/wp\/v2\/media?parent=22"}],"curies":[{"name":"wp","href":"https:\/\/api.w.org\/{rel}","templated":true}]}}