{"id":74,"date":"2013-02-21T14:35:07","date_gmt":"2013-02-21T19:35:07","guid":{"rendered":"https:\/\/sites.bu.edu\/phisspanish\/?page_id=74"},"modified":"2015-05-19T14:49:52","modified_gmt":"2015-05-19T18:49:52","slug":"history","status":"publish","type":"page","link":"https:\/\/sites.bu.edu\/phisspanish\/history\/","title":{"rendered":"Historia"},"content":{"rendered":"<h1>Historia<\/h1>\n<p>El Slone Epidemiology Center ha estudiado los factores durante el embarazo que pueden estar relacionados con la salud de los reci\u00e9n nacidos se centra en la seguridad y los riesgos de una amplia gama de exposiciones ambientales (principalmente medicamentos) en el embarazo por m\u00e1s de 38 a\u00f1os. Los resultados de inter\u00e9s primario incluyen defectos de nacimiento y complicaciones del embarazo, como la prematuridad y la hipertensi\u00f3n inducida por el embarazo.<\/p>\n<div>\n<p><img loading=\"lazy\" class=\"size-medium wp-image-194 alignright\" height=\"108\" width=\"382\" src=\"\/phisspanish\/files\/2013\/02\/PHIS-blocks1-636x180.jpg\" srcset=\"https:\/\/sites.bu.edu\/phisspanish\/files\/2013\/02\/PHIS-blocks1-636x180.jpg 636w, https:\/\/sites.bu.edu\/phisspanish\/files\/2013\/02\/PHIS-blocks1-1024x290.jpg 1024w, https:\/\/sites.bu.edu\/phisspanish\/files\/2013\/02\/PHIS-blocks1.jpg 1274w\" sizes=\"(max-width: 382px) 100vw, 382px\" \/>Este estudio multic\u00e9ntrico de casos y controles se llev\u00f3 a cabo actualmente en los alrededores de Nashville, Filadelfia y San Diego, los estados de Massachusetts y Rhode Island, el sur de New Hampshire, y partes del estado de Nueva York. Los ni\u00f1os con problemas y una muestra de ni\u00f1os sanos sin problemas cong\u00e9nitos son identificados a trav\u00e9s de acuerdos especiales con cualquiera de los Estados registros de defectos cong\u00e9nitos o por medio de un contacto regular con aproximadamente 28 instituciones participantes.<\/p>\n<p>Se invita a las madres de estos ni\u00f1os a participar en una entrevista telef\u00f3nica realizada por enfermeras-entrevistadores entrenados. La entrevista incluye preguntas sobre los antecedentes m\u00e9dicos, los embarazos anteriores, la nutrici\u00f3n, la ocupaci\u00f3n, los comportamientos de salud, y el tabaquismo, as\u00ed como preguntas detalladas sobre el uso de medicamentos y vacunas recibidas en el per\u00edodo antes de la concepci\u00f3n a trav\u00e9s de todo el embarazo. Hasta la fecha, m\u00e1s de 50,000 mujeres han sido entrevistados, haciendo de \u00e9ste uno de los mayores estudios de este tipo.<\/p>\n<p><strong>Fuentes de financiaci\u00f3n:<\/strong><\/p>\n<ul>\n<li>National Institutes of Health (NICHD, NHLBI, NIOSH, NIEHS)<\/li>\n<li>MCH Research Grants Program<\/li>\n<li>Glaxo-Smith Kline, Sanofi Pasteur, Novartis Vaccine and Diagnostics, other manufacturers<\/li>\n<li>FDA Cooperative Agreement<\/li>\n<li>Biomedical Advanced Research and Development Authority (BARDA)<\/li>\n<li>Agency for Healthcare Research and Quality (AHRQ)<\/li>\n<\/ul>\n<p><strong>Periodo de estudios:<\/strong><\/p>\n<p>1976 \u2013 Presente<\/p>\n<p><strong>Archivo de datos actual:<\/strong><\/p>\n<p>50,000\u00a0sujetos<\/p>\n<p><strong>Estudios Associated:<\/strong><\/p>\n<ul>\n<li>Genetic and Non-genetic Risk for Hirschsprung\u2019s Disease<\/li>\n<li>Phthalates in Medications and Risk of Male Genital Defects<\/li>\n<li>Risk Factors for Folic Acid-resistant Spina Bifida<\/li>\n<li>Teratogenicity of Drugs Most Commonly Used in Pregnancy<\/li>\n<li>Vaccines And Medications in Pregnancy Surveillance System (VAMPSS)<\/li>\n<\/ul>\n<p>\u2013 H1N1 and Seasonal Influenza Vaccines and Antiviral Medications in Pregnancy<br \/>\n\u2013 Asthma Medications in Pregnancy \u2014 A Demonstration Project<br \/>\n\u2013 Menveo Meningococcal Vaccine in Pregnancy<\/p>\n<\/div>\n","protected":false},"excerpt":{"rendered":"<p>Historia El Slone Epidemiology Center ha estudiado los factores durante el embarazo que pueden estar relacionados con la salud de los reci\u00e9n nacidos se centra en la seguridad y los riesgos de una amplia gama de exposiciones ambientales (principalmente medicamentos) en el embarazo por m\u00e1s de 38 a\u00f1os. Los resultados de inter\u00e9s primario incluyen defectos [&hellip;]<\/p>\n","protected":false},"author":7009,"featured_media":0,"parent":0,"menu_order":4,"comment_status":"closed","ping_status":"closed","template":"page-templates\/no-sidebars.php","meta":[],"_links":{"self":[{"href":"https:\/\/sites.bu.edu\/phisspanish\/wp-json\/wp\/v2\/pages\/74"}],"collection":[{"href":"https:\/\/sites.bu.edu\/phisspanish\/wp-json\/wp\/v2\/pages"}],"about":[{"href":"https:\/\/sites.bu.edu\/phisspanish\/wp-json\/wp\/v2\/types\/page"}],"author":[{"embeddable":true,"href":"https:\/\/sites.bu.edu\/phisspanish\/wp-json\/wp\/v2\/users\/7009"}],"replies":[{"embeddable":true,"href":"https:\/\/sites.bu.edu\/phisspanish\/wp-json\/wp\/v2\/comments?post=74"}],"version-history":[{"count":18,"href":"https:\/\/sites.bu.edu\/phisspanish\/wp-json\/wp\/v2\/pages\/74\/revisions"}],"predecessor-version":[{"id":559,"href":"https:\/\/sites.bu.edu\/phisspanish\/wp-json\/wp\/v2\/pages\/74\/revisions\/559"}],"wp:attachment":[{"href":"https:\/\/sites.bu.edu\/phisspanish\/wp-json\/wp\/v2\/media?parent=74"}],"curies":[{"name":"wp","href":"https:\/\/api.w.org\/{rel}","templated":true}]}}