{"id":209,"date":"2013-03-27T13:11:08","date_gmt":"2013-03-27T17:11:08","guid":{"rendered":"https:\/\/sites.bu.edu\/phisspanish\/?page_id=209"},"modified":"2015-05-19T14:50:45","modified_gmt":"2015-05-19T18:50:45","slug":"welcome","status":"publish","type":"page","link":"https:\/\/sites.bu.edu\/phisspanish\/welcome\/","title":{"rendered":"Welcome!"},"content":{"rendered":"<h3 style=\"text-align: left;\"><span style=\"font-size: 1.5em; font-weight: normal;\">\u00bfQu\u00e9 es el Estudio de Entrevistas sobre la Salud en el Embarazo?<\/span><\/h3>\n<p>Investigadores de la Escuela de Salud P\u00fablica de la Universidad de Boston est\u00e1n entrevistando mujeres, para descubrir si existen factores de salud o ambientales los cuales puedan estar relacionados con el desarrollo fetal. En una entrevista telef\u00f3nica \u00fanica de 35 minutos, nuestras enfermeras entrevistadoras le har\u00e1n algunas preguntas sobre su historial medico, embarazos anteriores, nutrici\u00f3n, ocupaci\u00f3n y comportamientos de salud, as\u00ed como preguntas sobre uso de medicamentos y vacunas.<\/p>\n<h2 style=\"text-align: left;\"><\/h2>\n<h3 style=\"text-align: left;\"><span style=\"font-size: 1.5em; font-weight: normal;\">\u00bfComo puedo participar?<\/span><\/h3>\n<p>Una semana despu\u00e9s de que llegue nuestra <a target=\"_blank\" href=\"https:\/\/sites.bu.edu\/phisspanish\/files\/2013\/05\/BUMC-Spanish-.pdf\">carta<\/a>, usted recibir\u00e1 una llamada de nuestra enfermera entrevistadora. Su horario es importante para nosotros; las entrevistas pueden ser programadas durante el d\u00eda, la noche o fines de semana para acomodarlas a su horario. La participaci\u00f3n es voluntaria y toda la informaci\u00f3n se mantendr\u00e1 estrictamente confidencial. Si quisiera empezar de inmediato, llame o env\u00ede un correo electr\u00f3nico a la enfermera entrevistadora que aparece en su paquete.<\/p>\n<h2>Conozca a nuestros entrevistadores<\/h2>\n<table border=\"0\" class=\"alignleft\" style=\"width: 735px; height: 170px;\">\n<tbody>\n<tr>\n<td><img loading=\"lazy\" class=\"size-thumbnail wp-image-241 aligncenter\" height=\"150\" width=\"150\" src=\"\/phisspanish\/files\/2013\/03\/Clare-150x150.jpg\" \/><\/td>\n<td><img loading=\"lazy\" class=\"aligncenter size-thumbnail wp-image-248\" height=\"150\" width=\"150\" src=\"\/phisspanish\/files\/2013\/03\/Laurie2-150x150.jpg\" \/><\/td>\n<td><img loading=\"lazy\" class=\"aligncenter size-thumbnail wp-image-245\" height=\"150\" width=\"150\" src=\"\/phisspanish\/files\/2013\/03\/susan-150x150.jpg\" \/><\/td>\n<td><img loading=\"lazy\" class=\"aligncenter size-thumbnail wp-image-242\" height=\"150\" width=\"150\" src=\"\/phisspanish\/files\/2013\/03\/KAthy-150x150.jpg\" \/><\/td>\n<td><img loading=\"lazy\" class=\"aligncenter size-thumbnail wp-image-244\" height=\"150\" width=\"150\" src=\"\/phisspanish\/files\/2013\/03\/Moira-150x150.jpg\" \/><\/td>\n<\/tr>\n<tr>\n<td style=\"text-align: center;\"><a href=\"mailto:coughlin@bu.edu\">Clare Coughlin, R.N.<\/a><\/td>\n<td style=\"text-align: center;\"><a href=\"mailto:lcincott@bu.edu\">Laurie Cincotta, R.N.<\/a><\/td>\n<td style=\"text-align: center;\"><a href=\"mailto:slittlef@bu.edu@bu.edu\">Susan Littlefield, R.N.<\/a><\/td>\n<td style=\"text-align: center;\"><a href=\"mailto:kathys@bu.edu\">Kathy Sheehan, R.N.<\/a><\/td>\n<td style=\"text-align: center;\"><a href=\"mailto:mquinn01@bu.edu\">Moira Quinn, R.N.<\/a><\/td>\n<\/tr>\n<\/tbody>\n<\/table>\n<p>&nbsp;<\/p>\n<h2><span style=\"font-size: 1em;\"> <\/span><\/h2>\n<h2><span style=\"font-size: 1em;\"> <\/span><\/h2>\n<h2><span style=\"font-size: 1em;\"> <\/span><\/h2>\n<h2><span style=\"font-size: 1em;\"> <\/span><\/h2>\n<h3><\/h3>\n<h3><\/h3>\n<h3><\/h3>\n<h3><\/h3>\n<h3><\/h3>\n<h2>Conozca a nuestros int\u00e9rpretes<\/h2>\n<h3><img loading=\"lazy\" src=\"\/phisspanish\/files\/2013\/03\/interpreters-636x477.jpg\" width=\"252\" height=\"189\" class=\"alignleft size-medium wp-image-551\" srcset=\"https:\/\/sites.bu.edu\/phisspanish\/files\/2013\/03\/interpreters-636x477.jpg 636w, https:\/\/sites.bu.edu\/phisspanish\/files\/2013\/03\/interpreters-1024x768.jpg 1024w\" sizes=\"(max-width: 252px) 100vw, 252px\" \/><\/h3>\n<h3><\/h3>\n<p>&nbsp;<\/p>\n<p>&nbsp;<\/p>\n<p>Laine Catlin-Fletcher<br \/>\nMonica Martinez-Dale<br \/>\nIleana Gatica<\/p>\n<h3><\/h3>\n<p>&nbsp;<\/p>\n<p>&nbsp;<\/p>\n<p>&nbsp;<\/p>\n<h3><span style=\"font-size: 1.5em; font-weight: normal;\">Dudas frecuentes<\/span><\/h3>\n<div class=\"bu_collapsible_container \" aria-live=\"polite\" data-customize-animation=\"false\"><h3 class=\"bu_collapsible\" aria-expanded=\"false\"tabindex=\"0\" role=\"button\">\u00bfComo fui seleccionada?<\/h3><div class=\"bu_collapsible_section\" style=\"display: none;\"><\/p>\n<p>Nosotros contactamos a mujeres en 5 regiones diferentes de los Estados Unidos. Obtenemos informaci\u00f3n minima sobre la salud de un bebe al nacimiento para poder invitar a sus madres a participar en esta importante investigaci\u00f3n.<\/p>\n<p>Tennessee, Pennsylvania, California, Rhode Island y Delaware:<\/p>\n<p>Usted fue seleccionada de una lista de egreso de un hospital participante en su estado.<\/p>\n<p>Residentes de NY o MA:<\/p>\n<p>Usted fue seleccionada a partir de datos de registro recopilados por el Departamento de Salud Publica de MA o NY.<\/p>\n<p>*Todos los sitios han revisado y aprobado el protocolo del estudio a trav\u00e9s de sus Juntas de Revisi\u00f3n Institucional.<\/p>\n<p><\/div>\n<\/div>\n\n<div class=\"bu_collapsible_container \" aria-live=\"polite\" data-customize-animation=\"false\"><h3 class=\"bu_collapsible\" aria-expanded=\"false\"tabindex=\"0\" role=\"button\">\u00bfPor que fui contactada?<\/h3><div class=\"bu_collapsible_section\" style=\"display: none;\"><\/p>\n<p>Nosotros invitamos a madres de bebes con o sin problemas de nacimiento a nuestro estudio. Obtenemos informaci\u00f3n minima sobre la salud del bebe a su nacimiento (por ejemplo un c\u00f3digo de egreso) para poder invitar a sus madres a participar en esta importante investigaci\u00f3n.<\/p>\n<p>Las madres cuyos bebes no tienen problemas de nacimiento son seleccionadas al azar de mujeres que dieron a luz en cada uno de los sitios participantes.<\/p>\n<p><\/div>\n<\/div>\n\n<div class=\"bu_collapsible_container \" aria-live=\"polite\" data-customize-animation=\"false\"><h3 class=\"bu_collapsible\" aria-expanded=\"false\"tabindex=\"0\" role=\"button\">\u00bfHabr\u00e1 alguien que vea mis respuestas a sus preguntas?<\/h3><div class=\"bu_collapsible_section\" style=\"display: none;\"><\/p>\n<p>Toda la informaci\u00f3n que usted nos provee durante la entrevista es mantenida de forma confidencial.<\/p>\n<ul>\n<li>Nosotros nunca usaremos su nombre o el nombre de su hijo\/a en ning\u00fan reporte o publicaci\u00f3n.insurance companies or government agencies.<\/li>\n<li>La informaci\u00f3n sobre usted no ser\u00e1 compartida con nadie fuera del estudio, incluyendo compa\u00f1\u00edas de seguro o agencias gubernamentales<\/li>\n<li>Los expedientes se mantienen bajo llave. Se extrae la informaci\u00f3n de identificaci\u00f3n. Los archivos inform\u00e1ticos est\u00e1n protegidos por contrase\u00f1a<\/li>\n<\/ul>\n<p><\/div>\n<\/div>\n\n<div class=\"bu_collapsible_container \" aria-live=\"polite\" data-customize-animation=\"false\"><h3 class=\"bu_collapsible\" aria-expanded=\"false\"tabindex=\"0\" role=\"button\">\u00bfSi he sido seleccionada para participar, que hago ahora?<\/h3><div class=\"bu_collapsible_section\" style=\"display: none;\"><\/p>\n<p>Alrededor de una semana despu\u00e9s de haber recibido nuestro paquete en el correo, una enfermera entrevistadora la llamar\u00e1 para establecer un tiempo conveniente para la entrevista.<\/p>\n<p><\/div>\n<\/div>\n\n<div class=\"bu_collapsible_container \" aria-live=\"polite\" data-customize-animation=\"false\"><h3 class=\"bu_collapsible\" aria-expanded=\"false\"tabindex=\"0\" role=\"button\">\u00bfDonde puedo ver los resultados de este estudio?<\/h3><div class=\"bu_collapsible_section\" style=\"display: none;\"><\/p>\n<p>Usted puede leer sobre nuestros resultados en nuestro<a href=\"https:\/\/sites.bu.edu\/phisspanish\/files\/2013\/05\/SpanishNewsletter.pdf\" target=\"_blank\"> bolet\u00edn<\/a>. Adem\u00e1s, breves res\u00famenes de publicaciones seleccionadas pueden ser encontradas <a href=\"https:\/\/sites.bu.edu\/phisspanish\/research\/results\/\">aqu\u00ed<\/a>.<\/p>\n<p><\/div>\n<\/div>\n\n<div class=\"bu_collapsible_container \" aria-live=\"polite\" data-customize-animation=\"false\"><h3 class=\"bu_collapsible\" aria-expanded=\"false\"tabindex=\"0\" role=\"button\">\u00bfPorque necesitan una forma de autorizaci\u00f3n del expediente medico?<\/h3><div class=\"bu_collapsible_section\" style=\"display: none;\"><\/p>\n<p>La revisi\u00f3n del expediente m\u00e9dico es el est\u00e1ndar de oro en investigaci\u00f3n. Nosotros usamos el expediente medico para confirmar que tenemos la informaci\u00f3n mas completa y exacta sobre el estado de salud de cada infante en nuestro estudio. Si tiene alguna reserva, usted puede escribir en la forma de autorizaci\u00f3n qu\u00e9 informaci\u00f3n espec\u00edfica quiere que sea prove\u00edda a nosotros.<\/p>\n<p>Nosotros preferimos expedientes m\u00e9dicos sobre todos los infantes ya que esto ayuda a validar nuestra investigaci\u00f3n. Sin embargo, firmando el consentimiento no es necesariamente para participar en la entrevista telef\u00f3nica.<\/p>\n<p><\/div>\n<\/div>\n\n<div class=\"bu_collapsible_container \" aria-live=\"polite\" data-customize-animation=\"false\"><h3 class=\"bu_collapsible\" aria-expanded=\"false\"tabindex=\"0\" role=\"button\">\u00bfA quien puedo contactar si tengo preguntas sobre el Estudio de Entrevistas sobre la Salud en el Embarazo? <\/h3><div class=\"bu_collapsible_section\" style=\"display: none;\"><\/p>\n<p>Dawn Jacobs, R.N., M.P.H., Coordinadora de proyecto<\/p>\n<p>(617)\u00a0206-6204<\/p>\n<p>djacobs@bu.edu<\/p>\n<p>Informaci\u00f3n del participante.<\/p>\n<p>(866) 896-1097 (l\u00ednea gratuita-biling\u00fce ingl\u00e9s-espa\u00f1ol).<\/p>\n<p><\/div>\n<\/div>\n\n<div class=\"bu_collapsible_container \" aria-live=\"polite\" data-customize-animation=\"false\"><h3 class=\"bu_collapsible\" aria-expanded=\"false\"tabindex=\"0\" role=\"button\">\u00bfCual es el costo por participar en este estudio?<\/h3><div class=\"bu_collapsible_section\" style=\"display: none;\"><\/p>\n<p>La participaci\u00f3n requiere solamente 35 minutos de su tiempo. Nosotros podemos adem\u00e1s reembolsarle por los minutos de su celular usados durante esta entrevista.<\/p>\n<p><\/div>\n<\/div>\n\n","protected":false},"excerpt":{"rendered":"<p>\u00bfQu\u00e9 es el Estudio de Entrevistas sobre la Salud en el Embarazo? Investigadores de la Escuela de Salud P\u00fablica de la Universidad de Boston est\u00e1n entrevistando mujeres, para descubrir si existen factores de salud o ambientales los cuales puedan estar relacionados con el desarrollo fetal. En una entrevista telef\u00f3nica \u00fanica de 35 minutos, nuestras enfermeras [&hellip;]<\/p>\n","protected":false},"author":7009,"featured_media":0,"parent":0,"menu_order":2,"comment_status":"closed","ping_status":"closed","template":"page-templates\/no-sidebars.php","meta":[],"_links":{"self":[{"href":"https:\/\/sites.bu.edu\/phisspanish\/wp-json\/wp\/v2\/pages\/209"}],"collection":[{"href":"https:\/\/sites.bu.edu\/phisspanish\/wp-json\/wp\/v2\/pages"}],"about":[{"href":"https:\/\/sites.bu.edu\/phisspanish\/wp-json\/wp\/v2\/types\/page"}],"author":[{"embeddable":true,"href":"https:\/\/sites.bu.edu\/phisspanish\/wp-json\/wp\/v2\/users\/7009"}],"replies":[{"embeddable":true,"href":"https:\/\/sites.bu.edu\/phisspanish\/wp-json\/wp\/v2\/comments?post=209"}],"version-history":[{"count":50,"href":"https:\/\/sites.bu.edu\/phisspanish\/wp-json\/wp\/v2\/pages\/209\/revisions"}],"predecessor-version":[{"id":555,"href":"https:\/\/sites.bu.edu\/phisspanish\/wp-json\/wp\/v2\/pages\/209\/revisions\/555"}],"wp:attachment":[{"href":"https:\/\/sites.bu.edu\/phisspanish\/wp-json\/wp\/v2\/media?parent=209"}],"curies":[{"name":"wp","href":"https:\/\/api.w.org\/{rel}","templated":true}]}}