{"id":177,"date":"2013-03-25T11:06:44","date_gmt":"2013-03-25T15:06:44","guid":{"rendered":"https:\/\/sites.bu.edu\/phisspanish\/?page_id=177"},"modified":"2013-05-08T16:44:53","modified_gmt":"2013-05-08T20:44:53","slug":"participationcomplete","status":"publish","type":"page","link":"https:\/\/sites.bu.edu\/phisspanish\/participationcomplete\/","title":{"rendered":""},"content":{"rendered":"<h2 style=\"text-align: left;\"><span style=\"font-size: 2em; font-weight: normal;\">\u00a1Gracias por participar!<\/span><\/h2>\n<p>Nosotros creemos que la asistencia que usted y otras madres han proporcionado conducir\u00e1 a una mayor comprensi\u00f3n sobre la causa de los defectos de nacimiento y le agradecemos sinceramente por su participaci\u00f3n.<\/p>\n<p style=\"text-align: center;\"><a href=\"\/phisspanish\/files\/2013\/03\/strong-baby.jpg\"><img loading=\"lazy\" class=\"size-full wp-image-178 aligncenter\" height=\"234\" width=\"328\" alt=\"strong-baby\" src=\"\/phisspanish\/files\/2013\/03\/strong-baby.jpg\" \/><\/a><\/p>\n<p>\u00a1Revise su buz\u00f3n de correo! Durante la entrevista, nuestras entrevistadoras discutieron con usted sobre una forma de autorizaci\u00f3n para obtenci\u00f3n de expediente m\u00e9dico. Firmando y retornando esta forma de autorizaci\u00f3n para obtenci\u00f3n de expediente m\u00e9dico nos permite obtener la informaci\u00f3n mas precisa para nuestro estudio.<\/p>\n<p>\u00bfInteresada en nuestro trabajo? Revise nuestro bolet\u00edn para informaci\u00f3n sobre el Estudio de Entrevistas sobre la Salud en el Embarazo y resultados seleccionados.<\/p>\n","protected":false},"excerpt":{"rendered":"<p>\u00a1Gracias por participar! Nosotros creemos que la asistencia que usted y otras madres han proporcionado conducir\u00e1 a una mayor comprensi\u00f3n sobre la causa de los defectos de nacimiento y le agradecemos sinceramente por su participaci\u00f3n. \u00a1Revise su buz\u00f3n de correo! Durante la entrevista, nuestras entrevistadoras discutieron con usted sobre una forma de autorizaci\u00f3n para obtenci\u00f3n [&hellip;]<\/p>\n","protected":false},"author":7009,"featured_media":0,"parent":0,"menu_order":3,"comment_status":"closed","ping_status":"closed","template":"page-templates\/no-sidebars.php","meta":[],"_links":{"self":[{"href":"https:\/\/sites.bu.edu\/phisspanish\/wp-json\/wp\/v2\/pages\/177"}],"collection":[{"href":"https:\/\/sites.bu.edu\/phisspanish\/wp-json\/wp\/v2\/pages"}],"about":[{"href":"https:\/\/sites.bu.edu\/phisspanish\/wp-json\/wp\/v2\/types\/page"}],"author":[{"embeddable":true,"href":"https:\/\/sites.bu.edu\/phisspanish\/wp-json\/wp\/v2\/users\/7009"}],"replies":[{"embeddable":true,"href":"https:\/\/sites.bu.edu\/phisspanish\/wp-json\/wp\/v2\/comments?post=177"}],"version-history":[{"count":38,"href":"https:\/\/sites.bu.edu\/phisspanish\/wp-json\/wp\/v2\/pages\/177\/revisions"}],"predecessor-version":[{"id":181,"href":"https:\/\/sites.bu.edu\/phisspanish\/wp-json\/wp\/v2\/pages\/177\/revisions\/181"}],"wp:attachment":[{"href":"https:\/\/sites.bu.edu\/phisspanish\/wp-json\/wp\/v2\/media?parent=177"}],"curies":[{"name":"wp","href":"https:\/\/api.w.org\/{rel}","templated":true}]}}