{"id":655,"date":"2016-03-24T21:33:12","date_gmt":"2016-03-25T01:33:12","guid":{"rendered":"https:\/\/sites.bu.edu\/patt-es\/?page_id=655"},"modified":"2016-03-24T21:34:35","modified_gmt":"2016-03-25T01:34:35","slug":"videos","status":"publish","type":"page","link":"https:\/\/sites.bu.edu\/patt-es\/recursos\/videos\/","title":{"rendered":"V\u00eddeos"},"content":{"rendered":"<h3>LECCIONES DE TEOTIHUACAN<\/h3>\n<h6>M\u00e1s all\u00e1 de las pir\u00e1mides<\/h6>\n<p>Profesor asistente de arqueolog\u00eda de la Universidad de Boston David Carballo nos presenta a su trabajo en Teotihuacan, y habla de las diferencias entre la arqueolog\u00eda de las casas y de los monumentos.<\/p>\n<p>Proporcionada por la Universidad de Boston<\/p>\n<p>Duraci\u00f3n: 1:47<\/p>\n<p><object id=\"flashObj\" width=\"480\" height=\"270\" classid=\"clsid:D27CDB6E-AE6D-11cf-96B8-444553540000\" codebase=\"http:\/\/download.macromedia.com\/pub\/shockwave\/cabs\/flash\/swflash.cab#version=9,0,47,0\"><param name=\"movie\" value=\"http:\/\/c.brightcove.com\/services\/viewer\/federated_f9?isVid=1&#038;isUI=1\" \/><param name=\"bgcolor\" value=\"#FFFFFF\" \/><param name=\"flashVars\" value=\"videoId=4537095756001&#038;linkBaseURL=http%3A%2F%2Fscience360.gov%2Fobj%2Fvideo%2F44bbe233-9c0c-4762-9716-bfbe52e16354%2Flessons-teotihuacan-beyond-pyramids&#038;playerID=3785573321001&#038;playerKey=AQ~~,AAAAnibSDYk~,b1PLRaAcEQTGPfUhd7J1I5mHgCQV60hG&#038;domain=embed&#038;dynamicStreaming=true\" \/><param name=\"base\" value=\"http:\/\/admin.brightcove.com\" \/><param name=\"seamlesstabbing\" value=\"false\" \/><param name=\"allowFullScreen\" value=\"true\" \/><param name=\"swLiveConnect\" value=\"true\" \/><param name=\"allowScriptAccess\" value=\"always\" \/><embed src=\"http:\/\/c.brightcove.com\/services\/viewer\/federated_f9?isVid=1&#038;isUI=1\" bgcolor=\"#FFFFFF\" flashVars=\"videoId=4537095756001&#038;linkBaseURL=http%3A%2F%2Fscience360.gov%2Fobj%2Fvideo%2F44bbe233-9c0c-4762-9716-bfbe52e16354%2Flessons-teotihuacan-beyond-pyramids&#038;playerID=3785573321001&#038;playerKey=AQ~~,AAAAnibSDYk~,b1PLRaAcEQTGPfUhd7J1I5mHgCQV60hG&#038;domain=embed&#038;dynamicStreaming=true\" base=\"http:\/\/admin.brightcove.com\" name=\"flashObj\" width=\"520\" height=\"293\" seamlesstabbing=\"false\" type=\"application\/x-shockwave-flash\" allowFullScreen=\"true\" allowScriptAccess=\"always\" swLiveConnect=\"true\" pluginspage=\"http:\/\/www.macromedia.com\/shockwave\/download\/index.cgi?P1_Prod_Version=ShockwaveFlash\"><\/embed><\/object><\/p>\n<hr>\n<h3>LECCIONES DE TEOTIHUACAN<\/h3>\n<h6>La vida en los conjuntos departamentales de Teotihuacan<\/h6>\n<p>Profesor asistente de arqueolog\u00eda de la Universidad de Boston David Carballo nos lleva en un recorrido de un conjunto departamental designada Tetitla, y nos muestra c\u00f3mo es posible que los residentes hayan organizado sus unidades dom\u00e9sticas.<\/p>\n<p>Proporcionada por la Universidad de Boston<\/p>\n<p>Duraci\u00f3n: 2:04<\/p>\n<p><object id=\"flashObj\" width=\"480\" height=\"270\" classid=\"clsid:D27CDB6E-AE6D-11cf-96B8-444553540000\" codebase=\"http:\/\/download.macromedia.com\/pub\/shockwave\/cabs\/flash\/swflash.cab#version=9,0,47,0\"><param name=\"movie\" value=\"http:\/\/c.brightcove.com\/services\/viewer\/federated_f9?isVid=1&#038;isUI=1\" \/><param name=\"bgcolor\" value=\"#FFFFFF\" \/><param name=\"flashVars\" value=\"videoId=4579258151001&#038;linkBaseURL=http%3A%2F%2Fscience360.gov%2Fobj%2Fvideo%2Ff4dafbdd-c605-429e-95db-6803d8eb542c%2Flessons-teotihuacan-apartment-life-teo&#038;playerID=3785573321001&#038;playerKey=AQ~~,AAAAnibSDYk~,b1PLRaAcEQTGPfUhd7J1I5mHgCQV60hG&#038;domain=embed&#038;dynamicStreaming=true\" \/><param name=\"base\" value=\"http:\/\/admin.brightcove.com\" \/><param name=\"seamlesstabbing\" value=\"false\" \/><param name=\"allowFullScreen\" value=\"true\" \/><param name=\"swLiveConnect\" value=\"true\" \/><param name=\"allowScriptAccess\" value=\"always\" \/><embed src=\"http:\/\/c.brightcove.com\/services\/viewer\/federated_f9?isVid=1&#038;isUI=1\" bgcolor=\"#FFFFFF\" flashVars=\"videoId=4579258151001&#038;linkBaseURL=http%3A%2F%2Fscience360.gov%2Fobj%2Fvideo%2Ff4dafbdd-c605-429e-95db-6803d8eb542c%2Flessons-teotihuacan-apartment-life-teo&#038;playerID=3785573321001&#038;playerKey=AQ~~,AAAAnibSDYk~,b1PLRaAcEQTGPfUhd7J1I5mHgCQV60hG&#038;domain=embed&#038;dynamicStreaming=true\" base=\"http:\/\/admin.brightcove.com\" name=\"flashObj\" width=\"520\" height=\"293\" seamlesstabbing=\"false\" type=\"application\/x-shockwave-flash\" allowFullScreen=\"true\" allowScriptAccess=\"always\" swLiveConnect=\"true\" pluginspage=\"http:\/\/www.macromedia.com\/shockwave\/download\/index.cgi?P1_Prod_Version=ShockwaveFlash\"><\/embed><\/object><\/p>\n<hr>\n<h3>LECCIONES DE TEOTIHUACAN<\/h3>\n<h6>La obsidiana en Tlajinga<\/h6>\n<p>Profesor asistente de arqueolog\u00eda de la Universidad de Boston David Carballo habla acerca de su investigaci\u00f3n de conjuntos departamentales en el barrio de Tlajinga, as\u00ed como la evidencia de la producci\u00f3n artesanal dom\u00e9stica descubierto all\u00ed.<\/p>\n<p>Proporcionada por la Universidad de Boston<\/p>\n<p>Duraci\u00f3n: 2:39<\/p>\n<p><object id=\"flashObj\" width=\"480\" height=\"270\" classid=\"clsid:D27CDB6E-AE6D-11cf-96B8-444553540000\" codebase=\"http:\/\/download.macromedia.com\/pub\/shockwave\/cabs\/flash\/swflash.cab#version=9,0,47,0\"><param name=\"movie\" value=\"http:\/\/c.brightcove.com\/services\/viewer\/federated_f9?isVid=1&#038;isUI=1\" \/><param name=\"bgcolor\" value=\"#FFFFFF\" \/><param name=\"flashVars\" value=\"videoId=4565641401001&#038;linkBaseURL=http%3A%2F%2Fscience360.gov%2Fobj%2Fvideo%2Fd38a8843-eaec-4c14-ba5d-40ff15d5e2f9%2Flessons-teotihuacan-exploring-obsidian-tlajinga&#038;playerID=3785573321001&#038;playerKey=AQ~~,AAAAnibSDYk~,b1PLRaAcEQTGPfUhd7J1I5mHgCQV60hG&#038;domain=embed&#038;dynamicStreaming=true\" \/><param name=\"base\" value=\"http:\/\/admin.brightcove.com\" \/><param name=\"seamlesstabbing\" value=\"false\" \/><param name=\"allowFullScreen\" value=\"true\" \/><param name=\"swLiveConnect\" value=\"true\" \/><param name=\"allowScriptAccess\" value=\"always\" \/><embed src=\"http:\/\/c.brightcove.com\/services\/viewer\/federated_f9?isVid=1&#038;isUI=1\" bgcolor=\"#FFFFFF\" flashVars=\"videoId=4565641401001&#038;linkBaseURL=http%3A%2F%2Fscience360.gov%2Fobj%2Fvideo%2Fd38a8843-eaec-4c14-ba5d-40ff15d5e2f9%2Flessons-teotihuacan-exploring-obsidian-tlajinga&#038;playerID=3785573321001&#038;playerKey=AQ~~,AAAAnibSDYk~,b1PLRaAcEQTGPfUhd7J1I5mHgCQV60hG&#038;domain=embed&#038;dynamicStreaming=true\" base=\"http:\/\/admin.brightcove.com\" name=\"flashObj\" width=\"520\" height=\"293\" seamlesstabbing=\"false\" type=\"application\/x-shockwave-flash\" allowFullScreen=\"true\" allowScriptAccess=\"always\" swLiveConnect=\"true\" pluginspage=\"http:\/\/www.macromedia.com\/shockwave\/download\/index.cgi?P1_Prod_Version=ShockwaveFlash\"><\/embed><\/object><\/p>\n<hr>\n<h3>LECCIONES DE TEOTIHUACAN<\/h3>\n<h6>Pistas del Conjunto 18<\/h6>\n<p>En su laboratorio en Teotihuacan, David Carballo, profesor asistente de arqueolog\u00eda de la Universidad de Boston, nos muestra los huesos y los artefactos que \u00e9l y su equipo analizan para entender c\u00f3mo era la vida cuotidiana de los habitantes de un barrio perif\u00e9rico de Teotihuacan.<\/p>\n<p>Proporcionada por la Universidad de Boston<\/p>\n<p>Duraci\u00f3n: 2:33<\/p>\n<p><object id=\"flashObj\" width=\"480\" height=\"270\" classid=\"clsid:D27CDB6E-AE6D-11cf-96B8-444553540000\" codebase=\"http:\/\/download.macromedia.com\/pub\/shockwave\/cabs\/flash\/swflash.cab#version=9,0,47,0\"><param name=\"movie\" value=\"http:\/\/c.brightcove.com\/services\/viewer\/federated_f9?isVid=1&#038;isUI=1\" \/><param name=\"bgcolor\" value=\"#FFFFFF\" \/><param name=\"flashVars\" value=\"videoId=4591982554001&#038;linkBaseURL=http%3A%2F%2Fscience360.gov%2Fobj%2Fvideo%2F98e56e10-0477-4577-a6e8-cd2fa20f4eaa%2Flessons-teotihuacan-clues-compound-18&#038;playerID=3785573321001&#038;playerKey=AQ~~,AAAAnibSDYk~,b1PLRaAcEQTGPfUhd7J1I5mHgCQV60hG&#038;domain=embed&#038;dynamicStreaming=true\" \/><param name=\"base\" value=\"http:\/\/admin.brightcove.com\" \/><param name=\"seamlesstabbing\" value=\"false\" \/><param name=\"allowFullScreen\" value=\"true\" \/><param name=\"swLiveConnect\" value=\"true\" \/><param name=\"allowScriptAccess\" value=\"always\" \/><embed src=\"http:\/\/c.brightcove.com\/services\/viewer\/federated_f9?isVid=1&#038;isUI=1\" bgcolor=\"#FFFFFF\" flashVars=\"videoId=4591982554001&#038;linkBaseURL=http%3A%2F%2Fscience360.gov%2Fobj%2Fvideo%2F98e56e10-0477-4577-a6e8-cd2fa20f4eaa%2Flessons-teotihuacan-clues-compound-18&#038;playerID=3785573321001&#038;playerKey=AQ~~,AAAAnibSDYk~,b1PLRaAcEQTGPfUhd7J1I5mHgCQV60hG&#038;domain=embed&#038;dynamicStreaming=true\" base=\"http:\/\/admin.brightcove.com\" name=\"flashObj\" width=\"520\" height=\"293\" seamlesstabbing=\"false\" type=\"application\/x-shockwave-flash\" allowFullScreen=\"true\" allowScriptAccess=\"always\" swLiveConnect=\"true\" pluginspage=\"http:\/\/www.macromedia.com\/shockwave\/download\/index.cgi?P1_Prod_Version=ShockwaveFlash\"><\/embed><\/object><\/p>\n","protected":false},"excerpt":{"rendered":"<p>LECCIONES DE TEOTIHUACAN M\u00e1s all\u00e1 de las pir\u00e1mides Profesor asistente de arqueolog\u00eda de la Universidad de Boston David Carballo nos presenta a su trabajo en Teotihuacan, y habla de las diferencias entre la arqueolog\u00eda de las casas y de los monumentos. Proporcionada por la Universidad de Boston Duraci\u00f3n: 1:47 LECCIONES DE TEOTIHUACAN La vida en [&hellip;]<\/p>\n","protected":false},"author":7952,"featured_media":0,"parent":31,"menu_order":4,"comment_status":"closed","ping_status":"closed","template":"","meta":[],"_links":{"self":[{"href":"https:\/\/sites.bu.edu\/patt-es\/wp-json\/wp\/v2\/pages\/655"}],"collection":[{"href":"https:\/\/sites.bu.edu\/patt-es\/wp-json\/wp\/v2\/pages"}],"about":[{"href":"https:\/\/sites.bu.edu\/patt-es\/wp-json\/wp\/v2\/types\/page"}],"author":[{"embeddable":true,"href":"https:\/\/sites.bu.edu\/patt-es\/wp-json\/wp\/v2\/users\/7952"}],"replies":[{"embeddable":true,"href":"https:\/\/sites.bu.edu\/patt-es\/wp-json\/wp\/v2\/comments?post=655"}],"version-history":[{"count":2,"href":"https:\/\/sites.bu.edu\/patt-es\/wp-json\/wp\/v2\/pages\/655\/revisions"}],"predecessor-version":[{"id":658,"href":"https:\/\/sites.bu.edu\/patt-es\/wp-json\/wp\/v2\/pages\/655\/revisions\/658"}],"up":[{"embeddable":true,"href":"https:\/\/sites.bu.edu\/patt-es\/wp-json\/wp\/v2\/pages\/31"}],"wp:attachment":[{"href":"https:\/\/sites.bu.edu\/patt-es\/wp-json\/wp\/v2\/media?parent=655"}],"curies":[{"name":"wp","href":"https:\/\/api.w.org\/{rel}","templated":true}]}}