{"id":5,"date":"2014-01-22T17:45:14","date_gmt":"2014-01-22T22:45:14","guid":{"rendered":"https:\/\/sites.bu.edu\/patt-es\/home\/"},"modified":"2024-02-14T14:57:11","modified_gmt":"2024-02-14T19:57:11","slug":"home","status":"publish","type":"page","link":"https:\/\/sites.bu.edu\/patt-es\/","title":{"rendered":"Proyecto Arqueologico Tlajinga Teotihuacan"},"content":{"rendered":"<p>La arqueolog\u00eda del urbanismo temprano nos provee un rico contexto hist\u00f3rico para comprender los procesos de urbanizaci\u00f3n, que van en constante incremento. Su estudio a trav\u00e9s del Proyecto Arqueol\u00f3gico Tlajinga Teotihuacan (PATT) involucra las investigaciones colaborativas de un equipo internacional de investigadores enfocados a la ciudad antigua de Teotihuacan, M\u00e9xico. Durante su apogeo a inicios del primer milenio de nuestra era, Teotihuacan fue la ciudad m\u00e1s grande de Am\u00e9rica y una de las m\u00e1s grandes del mundo. En la actualidad es reconocida por la UNESCO como patrimonio mundial de la humanidad y recibe millones de visitantes a\u00f1o con a\u00f1o. Aunque Teotihuacan ha sido estudiada por varias generaciones de arque\u00f3logos, todav\u00eda hay muchas cosas que no sabemos de la ciudad, como su origen y ca\u00edda, o como era la vida cotidiana de sus habitantes. Aun as\u00ed, sabemos que Teotihuacan obtuvo fama por ser un centro con alto nivel de planeaci\u00f3n c\u00edvica, con una poblaci\u00f3n cosmopolita y con redes extensas de intercambio econ\u00f3mico; no obstante, para comprender mejor estas cuestiones se necesitan investigaciones intensivas en aquellas zonas de la ciudad que han sido poco estudiadas.<\/p>\n<p>Las investigaciones que se realizan en el PATT se enfocan en el distrito de Tlajinga; un n\u00facleo de barrios en la parte sur de la ciudad (mapa al fondo) que fue habitada por un estrato de bajo nivel socioecon\u00f3mico; un centro de producci\u00f3n artesanal intensivo, mismo que fue dividido por la arteria central de la ciudad \u2013 llamada Calzada de los Muertos por los Aztecas posteriormente, quienes vieron a Teotihuacan como un lugar m\u00edtico de origen y como una ciudad arquet\u00edpica. Los objetivos de investigaci\u00f3n del PATT, incluyen desde el nivel dom\u00e9stico de la casa, hasta el nivel de urbanizaci\u00f3n de la ciudad como un todo. Ellos incluyen la comprensi\u00f3n del proceso del crecimiento urbano a lo largo del tiempo, las din\u00e1micas de planeaci\u00f3n entre el gobierno central y los barrios; y la econom\u00eda dom\u00e9stica de la vida diaria de las familias de estrato social bajo que habitaban en este distrito y que representaban la experiencia urbana de la mayor\u00eda de los habitantes de una ciudad. Por favor revisen el sitio web del proyecto y env\u00eden su retroalimentaci\u00f3n y comentarios al respecto.<\/p>\n<p><a href=\"\/patt-es\/files\/2021\/10\/PATT_mapa-scaled.jpg\"><img loading=\"lazy\" src=\"\/patt-es\/files\/2021\/10\/PATT_mapa-921x1024.jpg\" alt=\"\" width=\"921\" height=\"1024\" class=\"alignnone size-large wp-image-688\" srcset=\"https:\/\/sites.bu.edu\/patt-es\/files\/2021\/10\/PATT_mapa-921x1024.jpg 921w, https:\/\/sites.bu.edu\/patt-es\/files\/2021\/10\/PATT_mapa-572x636.jpg 572w, https:\/\/sites.bu.edu\/patt-es\/files\/2021\/10\/PATT_mapa-768x853.jpg 768w, https:\/\/sites.bu.edu\/patt-es\/files\/2021\/10\/PATT_mapa-1382x1536.jpg 1382w, https:\/\/sites.bu.edu\/patt-es\/files\/2021\/10\/PATT_mapa-1843x2048.jpg 1843w\" sizes=\"(max-width: 921px) 100vw, 921px\" \/><\/a><\/p>\n<p>Ubicaci\u00f3n de Tlajinga en el sur de Teotihuacan.<\/p>\n","protected":false},"excerpt":{"rendered":"<p>La arqueolog\u00eda del urbanismo temprano nos provee un rico contexto hist\u00f3rico para comprender los procesos de urbanizaci\u00f3n, que van en constante incremento. Su estudio a trav\u00e9s del Proyecto Arqueol\u00f3gico Tlajinga Teotihuacan (PATT) involucra las investigaciones colaborativas de un equipo internacional de investigadores enfocados a la ciudad antigua de Teotihuacan, M\u00e9xico. Durante su apogeo a inicios [&hellip;]<\/p>\n","protected":false},"author":6475,"featured_media":0,"parent":0,"menu_order":3,"comment_status":"closed","ping_status":"closed","template":"","meta":[],"_links":{"self":[{"href":"https:\/\/sites.bu.edu\/patt-es\/wp-json\/wp\/v2\/pages\/5"}],"collection":[{"href":"https:\/\/sites.bu.edu\/patt-es\/wp-json\/wp\/v2\/pages"}],"about":[{"href":"https:\/\/sites.bu.edu\/patt-es\/wp-json\/wp\/v2\/types\/page"}],"author":[{"embeddable":true,"href":"https:\/\/sites.bu.edu\/patt-es\/wp-json\/wp\/v2\/users\/6475"}],"replies":[{"embeddable":true,"href":"https:\/\/sites.bu.edu\/patt-es\/wp-json\/wp\/v2\/comments?post=5"}],"version-history":[{"count":27,"href":"https:\/\/sites.bu.edu\/patt-es\/wp-json\/wp\/v2\/pages\/5\/revisions"}],"predecessor-version":[{"id":725,"href":"https:\/\/sites.bu.edu\/patt-es\/wp-json\/wp\/v2\/pages\/5\/revisions\/725"}],"wp:attachment":[{"href":"https:\/\/sites.bu.edu\/patt-es\/wp-json\/wp\/v2\/media?parent=5"}],"curies":[{"name":"wp","href":"https:\/\/api.w.org\/{rel}","templated":true}]}}