{"id":23,"date":"2014-05-22T13:13:03","date_gmt":"2014-05-22T17:13:03","guid":{"rendered":"https:\/\/sites.bu.edu\/patt-es\/?page_id=23"},"modified":"2014-06-19T16:16:56","modified_gmt":"2014-06-19T20:16:56","slug":"investigacion-geoespacial","status":"publish","type":"page","link":"https:\/\/sites.bu.edu\/patt-es\/investigacion\/investigacion-geoespacial\/","title":{"rendered":"Investigaci\u00f3n Geoespacial"},"content":{"rendered":"<figure id=\"attachment_431\" aria-describedby=\"caption-attachment-431\" style=\"width: 560px\" class=\"wp-caption alignleft\"><a href=\"\/patt-es\/files\/2014\/05\/Geospatial_Research.jpg\"><img loading=\"lazy\" src=\"\/patt-es\/files\/2014\/05\/Geospatial_Research.jpg\" alt=\"Geospatial_Research\" width=\"550\" height=\"394\" class=\"size-full wp-image-431\" \/><\/a><figcaption id=\"caption-attachment-431\" class=\"wp-caption-text\">Proyectos de mapeo geoespaciales en proceso en el distrito de Tlajinga.<\/figcaption><\/figure>\n<p>Los arque\u00f3logos clasifican a Tlajinga como un distrito de Teotihuac\u00e1n porque suponen que las funciones administrativas segu\u00edan una funci\u00f3n jer\u00e1rquica dentro de la ciudad. Tlajinga probablemente albergaba una poblaci\u00f3n de no m\u00e1s de cien habitantes, noventa grupos multifamiliares en conjuntos habitacionales  cubriendo aproximadamente un kil\u00f3metro cuadrado.  Estaban organizados en barrios cuyos residentes interactuaban entre s\u00ed.  Esta investigaci\u00f3n que utiliza varios m\u00e9todos geoespaciales, pretende comprender el distrito y el nivel de organizaci\u00f3n que se llevaba a cabo en los barrios.  Esta investigaci\u00f3n esta supervisada por Luis Barba y el equipo del <a href=\"http:\/\/www.iia.unam.mx\/\" target=\"_blank\">Laboratorio de Prospecci\u00f3n Arqueol\u00f3gica de la UNAM<\/a>.<\/p>\n<p>Utilizamos una imagen satelital de alta resoluci\u00f3n que nos provee de una vista desde las alturas, misma que estamos utilizando de dos formas: la primera para ver los rasgos lineales en \u00e1reas al sur de la ciudad que pueden corresponder a canales enterrados que se usaban para el riego de agua corriente; y en segundo lugar para detectar \u00e1reas de superficie con manchas blancas que pudieran corresponder a concentraciones de carbonato de calcio como producto de descomposici\u00f3n a la hora de hacer el estuco que se utilizaba para cubrir pisos y estructuras formales, que raramente se observan en Tlajinga en comparaci\u00f3n con sitios de la ciudad correspondientes a un alto estrato social dentro de la ciudad.<\/p>\n<p>En el sitio, estamos utilizando m\u00e9todos terrestres de percepci\u00f3n remota, los cuales incluyen magnetometr\u00eda, radar de penetraci\u00f3n de tierra (GPR) y resistividad el\u00e9ctrica.  Como la mayor\u00eda de las construcciones de Teotihuacan estaban hechas con roca \u00edgnea, hemos encontrado que el gradiente magn\u00e9tico es muy efectivo para cubrir \u00e1reas muy grandes en donde se pueden observar los contornos y las plantas del interior de los complejos habitacionales.  Por otro lado, la resistividad el\u00e9ctrica y el GPR nos brindan l\u00edneas de evidencia complementarias para poder verificar e identificar caracter\u00edsticas culturales y la profundidad de los dep\u00f3sitos.  En conjunto, estos m\u00e9todos nos proveen un entendimiento de lo que hay debajo de la superficie antes de la excavaci\u00f3n y permiten hacer una estimaci\u00f3n de la variaci\u00f3n en el tama\u00f1o, el espacio y la organizaci\u00f3n general de los conjuntos habitacionales.<\/p>\n<figure style=\"width: 560px\" class=\"wp-caption alignnone\"><img loading=\"lazy\" src=\"\/patt-es\/files\/2014\/06\/GPR_550.jpg\" width=\"550\" height=\"300\" \/><figcaption class=\"wp-caption-text\">Mapeo baja superficie utilizando radar de penetraci\u00f3n de tierra.<\/figcaption><\/figure>\n","protected":false},"excerpt":{"rendered":"<p>Los arque\u00f3logos clasifican a Tlajinga como un distrito de Teotihuac\u00e1n porque suponen que las funciones administrativas segu\u00edan una funci\u00f3n jer\u00e1rquica dentro de la ciudad. Tlajinga probablemente albergaba una poblaci\u00f3n de no m\u00e1s de cien habitantes, noventa grupos multifamiliares en conjuntos habitacionales cubriendo aproximadamente un kil\u00f3metro cuadrado. Estaban organizados en barrios cuyos residentes interactuaban entre s\u00ed. [&hellip;]<\/p>\n","protected":false},"author":7952,"featured_media":0,"parent":9,"menu_order":1,"comment_status":"closed","ping_status":"closed","template":"","meta":[],"_links":{"self":[{"href":"https:\/\/sites.bu.edu\/patt-es\/wp-json\/wp\/v2\/pages\/23"}],"collection":[{"href":"https:\/\/sites.bu.edu\/patt-es\/wp-json\/wp\/v2\/pages"}],"about":[{"href":"https:\/\/sites.bu.edu\/patt-es\/wp-json\/wp\/v2\/types\/page"}],"author":[{"embeddable":true,"href":"https:\/\/sites.bu.edu\/patt-es\/wp-json\/wp\/v2\/users\/7952"}],"replies":[{"embeddable":true,"href":"https:\/\/sites.bu.edu\/patt-es\/wp-json\/wp\/v2\/comments?post=23"}],"version-history":[{"count":9,"href":"https:\/\/sites.bu.edu\/patt-es\/wp-json\/wp\/v2\/pages\/23\/revisions"}],"predecessor-version":[{"id":573,"href":"https:\/\/sites.bu.edu\/patt-es\/wp-json\/wp\/v2\/pages\/23\/revisions\/573"}],"up":[{"embeddable":true,"href":"https:\/\/sites.bu.edu\/patt-es\/wp-json\/wp\/v2\/pages\/9"}],"wp:attachment":[{"href":"https:\/\/sites.bu.edu\/patt-es\/wp-json\/wp\/v2\/media?parent=23"}],"curies":[{"name":"wp","href":"https:\/\/api.w.org\/{rel}","templated":true}]}}