{"id":185,"date":"2014-05-28T22:26:54","date_gmt":"2014-05-29T02:26:54","guid":{"rendered":"https:\/\/sites.bu.edu\/patt-es\/?page_id=185"},"modified":"2014-06-19T16:18:32","modified_gmt":"2014-06-19T20:18:32","slug":"sur-calzada-muertos","status":"publish","type":"page","link":"https:\/\/sites.bu.edu\/patt-es\/investigacion\/sur-calzada-muertos\/","title":{"rendered":"El Sur de La Calzada de Los Muertos"},"content":{"rendered":"<figure style=\"width: 560px\" class=\"wp-caption alignnone\"><img loading=\"lazy\" src=\"\/patt-es\/files\/2014\/06\/DSCF1422_550.jpg\" width=\"550\" height=\"300\" \/><figcaption class=\"wp-caption-text\">El norte de la Calzada de los Muertos desde la Pir\u00e1mide de la Luna mirando hacia el sur y Tlajinga.<\/figcaption><\/figure>\n<p>Una de las caracter\u00edsticas m\u00e1s distintivas de Teotihuac\u00e1n es su calzada central llamada por los aztecas como la Calzada de los Muertos, (no sabemos si as\u00ed la llamaban tambi\u00e9n los Teotihuacanos).  Esta avenida central que corr\u00eda a m\u00e1s de cinco kil\u00f3metros une a los monumentos centrales con los barrios exteriores de la ciudad. A pesar de que cada a\u00f1o millones de turistas caminan a lo largo de la Calzada de los Muertos, que fue reconstruida al norte, actualmente sabemos poco de los inicios de su construcci\u00f3n y de los procesos en los que se fue desarrollando.  Esta deficiencia es mucho m\u00e1s fuerte en lo que respecta a la parte sur de la Calzada de los Muertos, que a\u00fan no ha sido reconstruida. Nos preguntamos si la Calzada fue planeada y construida en su totalidad, o si fue un proceso continuo de construcci\u00f3n empezando por la parte norte y despu\u00e9s increment\u00e1ndola a medida que la mancha urbana se hizo m\u00e1s grande.<\/p>\n<p>Excavaciones al sur de la Calzada de los Muertos, pasando por el distrito de Tlajinga, nos muestran que la construcci\u00f3n fue hecha con cortes en el tepetate, el cual es un sustrato de material volc\u00e1nico que se encuentra en la regi\u00f3n. No obstante, existen algunas evidencias de paredes de piedra por lo menos en algunos puntos de los lados de la Calzada.  Mientras que este proyecto, mucho m\u00e1s laborioso, sugiere que hay una fuerte planeaci\u00f3n central, las construcciones m\u00e1s modestas que se exhiben en las paredes que delimitan la Calzada, son consistentes con los procesos de los niveles locales, (de abajo para arriba).  Estamos evaluando la din\u00e1mica organizacional y el desarrollo de la Calzada de los Muertos usando varias l\u00edneas de evidencia, particularmente el an\u00e1lisis micro morfol\u00f3gico conducido por Mareike Stahlschmidt.  Esto nos permitir\u00e1 fechar la expansi\u00f3n de la ciudad hacia el sur, evaluando que tan planeado fue este proceso.<\/p>\n<figure id=\"attachment_440\" aria-describedby=\"caption-attachment-440\" style=\"width: 560px\" class=\"wp-caption alignleft\"><a href=\"\/patt-es\/files\/2014\/05\/Southern_SOTD.jpg\"><img loading=\"lazy\" src=\"\/patt-es\/files\/2014\/05\/Southern_SOTD.jpg\" alt=\"Southern_SOTD\" width=\"550\" height=\"304\" class=\"size-full wp-image-440\" \/><\/a><figcaption id=\"caption-attachment-440\" class=\"wp-caption-text\">El sur de la Calzada de los muertos desde el distrito de Tlajinga mirando hacia el norte y la Pir\u00e1mide de la Luna (con globos).<\/figcaption><\/figure>\n","protected":false},"excerpt":{"rendered":"<p>Una de las caracter\u00edsticas m\u00e1s distintivas de Teotihuac\u00e1n es su calzada central llamada por los aztecas como la Calzada de los Muertos, (no sabemos si as\u00ed la llamaban tambi\u00e9n los Teotihuacanos). Esta avenida central que corr\u00eda a m\u00e1s de cinco kil\u00f3metros une a los monumentos centrales con los barrios exteriores de la ciudad. A pesar [&hellip;]<\/p>\n","protected":false},"author":7952,"featured_media":0,"parent":9,"menu_order":5,"comment_status":"closed","ping_status":"closed","template":"","meta":[],"_links":{"self":[{"href":"https:\/\/sites.bu.edu\/patt-es\/wp-json\/wp\/v2\/pages\/185"}],"collection":[{"href":"https:\/\/sites.bu.edu\/patt-es\/wp-json\/wp\/v2\/pages"}],"about":[{"href":"https:\/\/sites.bu.edu\/patt-es\/wp-json\/wp\/v2\/types\/page"}],"author":[{"embeddable":true,"href":"https:\/\/sites.bu.edu\/patt-es\/wp-json\/wp\/v2\/users\/7952"}],"replies":[{"embeddable":true,"href":"https:\/\/sites.bu.edu\/patt-es\/wp-json\/wp\/v2\/comments?post=185"}],"version-history":[{"count":9,"href":"https:\/\/sites.bu.edu\/patt-es\/wp-json\/wp\/v2\/pages\/185\/revisions"}],"predecessor-version":[{"id":482,"href":"https:\/\/sites.bu.edu\/patt-es\/wp-json\/wp\/v2\/pages\/185\/revisions\/482"}],"up":[{"embeddable":true,"href":"https:\/\/sites.bu.edu\/patt-es\/wp-json\/wp\/v2\/pages\/9"}],"wp:attachment":[{"href":"https:\/\/sites.bu.edu\/patt-es\/wp-json\/wp\/v2\/media?parent=185"}],"curies":[{"name":"wp","href":"https:\/\/api.w.org\/{rel}","templated":true}]}}