{"id":183,"date":"2014-05-28T22:24:58","date_gmt":"2014-05-29T02:24:58","guid":{"rendered":"https:\/\/sites.bu.edu\/patt-es\/?page_id=183"},"modified":"2014-06-19T16:17:40","modified_gmt":"2014-06-19T20:17:40","slug":"arqueologia-domestica","status":"publish","type":"page","link":"https:\/\/sites.bu.edu\/patt-es\/investigacion\/arqueologia-domestica\/","title":{"rendered":"Arqueolog\u00eda Dom\u00e9stica"},"content":{"rendered":"<figure style=\"width: 560px\" class=\"wp-caption alignnone\"><img loading=\"lazy\" src=\"\/patt-es\/files\/2014\/06\/PATT2014_Daniela_Gina_550.jpg\" width=\"550\" height=\"260\" \/><figcaption class=\"wp-caption-text\">Dibujos de campo en el Conjunto 18:S3E1.<\/figcaption><\/figure>\n<p>El estudio de unidades habitacionales en distrito de Tlajinga comenz\u00f3 en los a\u00f1os \u201970, cuando un equipo de investigadores de la Universidad de Penn State excavaron en un complejo habitacional designado como 33:S3W1 en el mapa de Teotihuac\u00e1n, conocido en la literatura como Tlajinga 33, (ver bibliograf\u00eda de las publicaciones de \u00e9ste proyecto).  Este complejo habitacional estaba ocupado por familias de alfareros, especializados en la producci\u00f3n de utensilios de un tipo de cer\u00e1mica llamada Anaranjado San Martin.  A excepci\u00f3n de operaciones de rescate, no se han llevado a cabo otras excavaciones en este distrito hasta el PATT.<\/p>\n<p>Hasta ahora, s\u00f3lo hemos excavado partes de otros dos complejos: 17S3E1 y 18:S3E1.  El complejo 17 estuvo ocupado por individuos que se especializaron en la producci\u00f3n de navajas de obsidiana, la herramienta de corte m\u00e1s com\u00fan en Teotihuacan durante el periodo cl\u00e1sico Mesoamericano.  El complejo 18 parece ser que estuvo ocupado por alba\u00f1iles y especialistas lapidarios.  La construcci\u00f3n de casas fue variable en ambos complejos.  Las paredes fueron hechas de mortero con lodo y piedra, pero algunas pocas fueron construidas con bloques de piedra finamente cortada, otras en cambio fueron hechas de piedras con escombro.  En muy pocos casos las paredes fueron hechas de adobe.  Es muy interesante observar que en esta parte de la ciudad la distancia a las minas de piedra volc\u00e1nica se incrementa y la parte baja del valle tiene una alta disponibilidad de barro.  Un concreto t\u00edpico,  hecho a base de grava fue frecuentemente utilizado para hacer pisos y paredes, el yeso es poco com\u00fan y solo se reservaba para las residencies de los estratos sociales altos y para las estructuras ceremoniales.  Estas actividades artesanales y las t\u00e9cnicas de construcci\u00f3n nos ayudan a ubicar a los ocupantes dentro un estrato socioecon\u00f3mico que va de mediano a bajo.<\/p>\n<p>Aunque pertenec\u00edan a un estrato socioecon\u00f3mico bajo y viv\u00edan a alejados del epicentro urbano y separados por dos r\u00edos, los habitantes de Tlajinga estaban muy integrados a la tejido urbano de Teotihuac\u00e1n.  Los complejos departamentales estaban orientados en el plan ortogonal de la ciudad y estaban muy bien edificados.  Los complejos 17 y 18 presentaban drenajes que desembocaban hacia la Calzada de los Muertos y hacia los patios centrales para los rituales diarios y otras reuniones.  Los ocupantes tambi\u00e9n disfrutaban de cierto acceso al intercambio de mercanc\u00edas provenientes de largas distancias \u2013 como el jade, las conchas y la mica \u2013 y cantidades limitadas de cer\u00e1mica con decoraci\u00f3n elegante.  Sin embargo, Rebecca Storey ha documentado altos rangos de mortalidad infantil en Tlajinga 33, similares a las estimadas en el imperio Romano.  Su estudio bioarqueol\u00f3gico subraya un aumento en los \u00edndices de morbilidad como uno de los indicadores que le restan valor a la urbanizaci\u00f3n antigua. <\/p>\n<figure style=\"width: 560px\" class=\"wp-caption alignnone\"><img loading=\"lazy\" src=\"\/patt-es\/files\/2014\/06\/Complex17_mosaic_550px.jpg\" width=\"550\" height=\"430\" \/><figcaption class=\"wp-caption-text\">Fotograf\u00eda a\u00e9rea en el Conjunto 17:S3E1.<\/figcaption><\/figure>\n","protected":false},"excerpt":{"rendered":"<p>El estudio de unidades habitacionales en distrito de Tlajinga comenz\u00f3 en los a\u00f1os \u201970, cuando un equipo de investigadores de la Universidad de Penn State excavaron en un complejo habitacional designado como 33:S3W1 en el mapa de Teotihuac\u00e1n, conocido en la literatura como Tlajinga 33, (ver bibliograf\u00eda de las publicaciones de \u00e9ste proyecto). Este complejo [&hellip;]<\/p>\n","protected":false},"author":7952,"featured_media":0,"parent":9,"menu_order":2,"comment_status":"closed","ping_status":"closed","template":"","meta":[],"_links":{"self":[{"href":"https:\/\/sites.bu.edu\/patt-es\/wp-json\/wp\/v2\/pages\/183"}],"collection":[{"href":"https:\/\/sites.bu.edu\/patt-es\/wp-json\/wp\/v2\/pages"}],"about":[{"href":"https:\/\/sites.bu.edu\/patt-es\/wp-json\/wp\/v2\/types\/page"}],"author":[{"embeddable":true,"href":"https:\/\/sites.bu.edu\/patt-es\/wp-json\/wp\/v2\/users\/7952"}],"replies":[{"embeddable":true,"href":"https:\/\/sites.bu.edu\/patt-es\/wp-json\/wp\/v2\/comments?post=183"}],"version-history":[{"count":10,"href":"https:\/\/sites.bu.edu\/patt-es\/wp-json\/wp\/v2\/pages\/183\/revisions"}],"predecessor-version":[{"id":514,"href":"https:\/\/sites.bu.edu\/patt-es\/wp-json\/wp\/v2\/pages\/183\/revisions\/514"}],"up":[{"embeddable":true,"href":"https:\/\/sites.bu.edu\/patt-es\/wp-json\/wp\/v2\/pages\/9"}],"wp:attachment":[{"href":"https:\/\/sites.bu.edu\/patt-es\/wp-json\/wp\/v2\/media?parent=183"}],"curies":[{"name":"wp","href":"https:\/\/api.w.org\/{rel}","templated":true}]}}