{"id":11,"date":"2014-01-23T13:38:18","date_gmt":"2014-01-23T18:38:18","guid":{"rendered":"https:\/\/sites.bu.edu\/patt-es\/?page_id=11"},"modified":"2021-10-11T15:38:52","modified_gmt":"2021-10-11T19:38:52","slug":"equipo-del-proyecto","status":"publish","type":"page","link":"https:\/\/sites.bu.edu\/patt-es\/equipo-del-proyecto\/","title":{"rendered":"Equipo del Proyecto"},"content":{"rendered":"<h3>Co-directores del PATT<\/h3>\n<h4><a href=\"http:\/\/www.bu.edu\/archaeology\/people\/david-carballo\/\" target=\"_blank\" rel=\"noopener noreferrer\">Dr. David M. Carballo<\/a><\/h4>\n<h6>Department of Archaeology, Boston University<\/h6>\n<h4>Dr. Luis Barba Pingarr\u00f3n<\/h4>\n<h6>Instituto de Investigaciones Antropol\u00f3gicas, Universidad Nacional Aut\u00f3noma de M\u00e9xico<\/h6>\n<p><\/p>\n<h3>Co-PI<\/h3>\n<h4>Dr. Kenneth G. Hirth<\/h4>\n<h6>Department of Anthropology, The Pennsylvania State University<\/h6>\n<p><\/p>\n<h3>Colaboradores<\/h3>\n<h4>Dr. Emily McClung de Tapia<\/h4>\n<h6>Instituto de Investigaciones Antropol\u00f3gicas, Universidad Nacional Aut\u00f3noma de M\u00e9xico<\/h6>\n<h4>Dr. Agust\u00edn Ortiz Butr\u00f3n<\/h4>\n<h6>Instituto de Investigaciones Antropol\u00f3gicas, Universidad Nacional Aut\u00f3noma de M\u00e9xico<\/h6>\n<h4>Ma. Jorge Blancas V\u00e1zquez<\/h4>\n<h6>Instituto de Investigaciones Antropol\u00f3gicas, Universidad Nacional Aut\u00f3noma de M\u00e9xico<\/h6>\n<h4>Dr. Rafael Alejandro Pastrana Cruz<\/h4>\n<h6>Instituto Nacional de Antropolog\u00eda e Historia<\/h6>\n<h4>Dr. Rebecca Storey<\/h4>\n<h6>Department of Anthropology, University of Houston<\/h6>\n<h4>Dr. Randolph J. Widmer<\/h4>\n<h6>Department of Anthropology, University of Houston<\/h6>\n<h4>Dr. Mareike Cordula Stahlschmidt<\/h4>\n<h6>Institute for Archaeological Sciences, Eberhard Karls University T\u00fcbingen<\/h6>\n<p><\/p>\n<h3>Estudiantes<\/h3>\n<h4>Daniela Hern\u00e1ndez Sari\u00f1ana<\/h4>\n<h6>Department of Archaeology, Boston University<\/h6>\n<h4>Laura Heath<\/h4>\n<h6>Department of Archaeology, Boston University<\/h6>\n<h4>David Walton<\/h4>\n<h6>Department of Archaeology, Boston University<\/h6>\n<h4>Gina Buckley-Yost<\/h4>\n<h6>Department of Anthropology, The Pennsylvania State University<\/h6>\n<h4>Mark Dennison<\/h4>\n<h6>Department of Anthropology, Tulane University<\/h6>\n<h4>Andr\u00e9s Gabriel Mej\u00eda Ram\u00f3n<\/h4>\n<h6>Department of Anthropology, Dartmouth College<\/h6>\n<h4>Alexis Hartford<\/h4>\n<h6>Department of Anthropology, Harvard University<\/h6>\n","protected":false},"excerpt":{"rendered":"<p>Co-directores del PATT Dr. David M. Carballo Department of Archaeology, Boston University Dr. Luis Barba Pingarr\u00f3n Instituto de Investigaciones Antropol\u00f3gicas, Universidad Nacional Aut\u00f3noma de M\u00e9xico Co-PI Dr. Kenneth G. Hirth Department of Anthropology, The Pennsylvania State University Colaboradores Dr. Emily McClung de Tapia Instituto de Investigaciones Antropol\u00f3gicas, Universidad Nacional Aut\u00f3noma de M\u00e9xico Dr. Agust\u00edn Ortiz [&hellip;]<\/p>\n","protected":false},"author":7952,"featured_media":0,"parent":0,"menu_order":7,"comment_status":"closed","ping_status":"closed","template":"","meta":[],"_links":{"self":[{"href":"https:\/\/sites.bu.edu\/patt-es\/wp-json\/wp\/v2\/pages\/11"}],"collection":[{"href":"https:\/\/sites.bu.edu\/patt-es\/wp-json\/wp\/v2\/pages"}],"about":[{"href":"https:\/\/sites.bu.edu\/patt-es\/wp-json\/wp\/v2\/types\/page"}],"author":[{"embeddable":true,"href":"https:\/\/sites.bu.edu\/patt-es\/wp-json\/wp\/v2\/users\/7952"}],"replies":[{"embeddable":true,"href":"https:\/\/sites.bu.edu\/patt-es\/wp-json\/wp\/v2\/comments?post=11"}],"version-history":[{"count":32,"href":"https:\/\/sites.bu.edu\/patt-es\/wp-json\/wp\/v2\/pages\/11\/revisions"}],"predecessor-version":[{"id":708,"href":"https:\/\/sites.bu.edu\/patt-es\/wp-json\/wp\/v2\/pages\/11\/revisions\/708"}],"wp:attachment":[{"href":"https:\/\/sites.bu.edu\/patt-es\/wp-json\/wp\/v2\/media?parent=11"}],"curies":[{"name":"wp","href":"https:\/\/api.w.org\/{rel}","templated":true}]}}