{"id":5,"date":"2018-09-10T13:25:54","date_gmt":"2018-09-10T17:25:54","guid":{"rendered":"https:\/\/sites.bu.edu\/otonomadrid2018\/otono-en-madrid-2018\/"},"modified":"2018-12-10T15:34:03","modified_gmt":"2018-12-10T20:34:03","slug":"otono-en-madrid-2018","status":"publish","type":"page","link":"https:\/\/sites.bu.edu\/otonomadrid2018\/","title":{"rendered":"Oto\u00f1o en Madrid 2018"},"content":{"rendered":"<p>\u00a1Bienvenidos y bienvenidas a nuestra p\u00e1gina Web!<\/p>\n<p>Somos los estudiantes y las estudiantes del curso <strong><em>Madrid en Vivo<\/em><\/strong> del <a href=\"http:\/\/www.bu.edu\/madrid\/\">Programa de BU en Madrid<\/a> y vamos pasar el oto\u00f1o en esta ciudad, explor\u00e1ndola, conoci\u00e9ndola y descubriendo sus secretos. Haremos v\u00eddeos, fotos, entrevistas, contaremos nuestras aventuras \u00a1y muchas cosas m\u00e1s!<\/p>\n<p>En la foto, estamos delante del Palacio Real; somos (de izquierda a derecha) <a href=\"https:\/\/sites.bu.edu\/otonomadrid2018\/nuestros-blogs\/julisa\/\" target=\"_blank\" rel=\"noopener\">Julisa<\/a>, <a href=\"https:\/\/sites.bu.edu\/otonomadrid2018\/nuestros-blogs\/sophie\/\" target=\"_blank\" rel=\"noopener\">Sophie<\/a>, <a href=\"https:\/\/sites.bu.edu\/otonomadrid2018\/nuestros-blogs\/ashley\/\" target=\"_blank\" rel=\"noopener\">Ashley<\/a>, <a href=\"https:\/\/sites.bu.edu\/otonomadrid2018\/nuestros-blogs\/stella\/\" target=\"_blank\" rel=\"noopener\">Stella<\/a>, <a href=\"https:\/\/sites.bu.edu\/otonomadrid2018\/nuestros-blogs\/rachel\/\" target=\"_blank\" rel=\"noopener\">Rachel<\/a>, <a href=\"https:\/\/sites.bu.edu\/otonomadrid2018\/nuestros-blogs\/luccas\/\" target=\"_blank\" rel=\"noopener\">Luccas<\/a>, <a href=\"https:\/\/sites.bu.edu\/otonomadrid2018\/nuestros-blogs\/marco\/\" target=\"_blank\" rel=\"noopener\">Marco<\/a>, <a href=\"https:\/\/sites.bu.edu\/otonomadrid2018\/nuestros-blogs\/melana\/\" target=\"_blank\" rel=\"noopener\">Melana<\/a> y <a href=\"https:\/\/sites.bu.edu\/otonomadrid2018\/nuestros-blogs\/jacob\/\" target=\"_blank\" rel=\"noopener\">Jacob<\/a>. Puedes pinchar en nuestros nombres para saber m\u00e1s de nosotras y nosotros y leer nuestros <em>posts<\/em>.<\/p>\n<p>\u00a1Os invitamos a compartir nuestras aventuras madrile\u00f1as!<\/p>\n","protected":false},"excerpt":{"rendered":"<p>\u00a1Bienvenidos y bienvenidas a nuestra p\u00e1gina Web! Somos los estudiantes y las estudiantes del curso Madrid en Vivo del Programa de BU en Madrid y vamos pasar el oto\u00f1o en esta ciudad, explor\u00e1ndola, conoci\u00e9ndola y descubriendo sus secretos. Haremos v\u00eddeos, fotos, entrevistas, contaremos nuestras aventuras \u00a1y muchas cosas m\u00e1s! En la foto, estamos delante del [&hellip;]<\/p>\n","protected":false},"author":5659,"featured_media":0,"parent":0,"menu_order":1,"comment_status":"closed","ping_status":"closed","template":"","meta":[],"_links":{"self":[{"href":"https:\/\/sites.bu.edu\/otonomadrid2018\/wp-json\/wp\/v2\/pages\/5"}],"collection":[{"href":"https:\/\/sites.bu.edu\/otonomadrid2018\/wp-json\/wp\/v2\/pages"}],"about":[{"href":"https:\/\/sites.bu.edu\/otonomadrid2018\/wp-json\/wp\/v2\/types\/page"}],"author":[{"embeddable":true,"href":"https:\/\/sites.bu.edu\/otonomadrid2018\/wp-json\/wp\/v2\/users\/5659"}],"replies":[{"embeddable":true,"href":"https:\/\/sites.bu.edu\/otonomadrid2018\/wp-json\/wp\/v2\/comments?post=5"}],"version-history":[{"count":4,"href":"https:\/\/sites.bu.edu\/otonomadrid2018\/wp-json\/wp\/v2\/pages\/5\/revisions"}],"predecessor-version":[{"id":62,"href":"https:\/\/sites.bu.edu\/otonomadrid2018\/wp-json\/wp\/v2\/pages\/5\/revisions\/62"}],"wp:attachment":[{"href":"https:\/\/sites.bu.edu\/otonomadrid2018\/wp-json\/wp\/v2\/media?parent=5"}],"curies":[{"name":"wp","href":"https:\/\/api.w.org\/{rel}","templated":true}]}}