{"id":49,"date":"2018-09-19T13:25:33","date_gmt":"2018-09-19T17:25:33","guid":{"rendered":"https:\/\/sites.bu.edu\/otonomadrid2018\/?page_id=49"},"modified":"2018-12-13T15:12:53","modified_gmt":"2018-12-13T20:12:53","slug":"luccas","status":"publish","type":"page","link":"https:\/\/sites.bu.edu\/otonomadrid2018\/nuestros-blogs\/luccas\/","title":{"rendered":"Luccas"},"content":{"rendered":"<p>Luccas es un estudiante de Econom\u00eda en Harvard. Naci\u00f3 en Brasil, creci\u00f3 en Malasia y vivi\u00f3 en Los \u00c1ngeles, Tampa y Chicago, antes de mudarse a Boston. Trabaj\u00f3 en una gran consultora llamada McKinsey en Nueva York antes de estudiar en Madrid durante el oto\u00f1o de 2018. Est\u00e1 escribiendo una tesis sobre econom\u00eda comportamental y est\u00e1 muy interesado en c\u00f3mo las personas toman decisiones. En su tiempo libre le gusta jugar al f\u00fatbol, esquiar, viajar y cocinar. \u00c9l quiere trabajar en negocios y estrategia para empresas de energ\u00eda sostenible o transportes.<\/p>\n<p><a href=\"https:\/\/sites.bu.edu\/otonomadrid2018\/2018\/10\/05\/un-viaje-a-sevilla\/\" target=\"_blank\" rel=\"noopener\"><strong>Un Viaje a Sevilla<\/strong><\/a><\/p>\n<p><a href=\"https:\/\/sites.bu.edu\/otonomadrid2018\/2018\/10\/30\/la-comida-de-madrid\/\" target=\"_blank\" rel=\"noopener\"><strong>La Comida de Madrid<\/strong><\/a><\/p>\n<p><a href=\"https:\/\/sites.bu.edu\/otonomadrid2018\/2018\/11\/05\/301\/\" target=\"_blank\" rel=\"noopener\"><strong>Segovia<\/strong><\/a><\/p>\n<p><a href=\"https:\/\/sites.bu.edu\/otonomadrid2018\/2018\/11\/13\/viajando-por-europa\/\" target=\"_blank\" rel=\"noopener\"><strong>Viajando por Europa<\/strong><\/a><\/p>\n<p><a href=\"https:\/\/sites.bu.edu\/otonomadrid2018\/2018\/11\/30\/un-viaje-por-mallorca\/\" target=\"_blank\" rel=\"noopener\"><strong>Un Viaje por Mallorca<\/strong><\/a><\/p>\n<p><a href=\"https:\/\/sites.bu.edu\/otonomadrid2018\/2018\/12\/13\/espacios-verdes-de-madrid\/\" target=\"_blank\" rel=\"noopener\"><strong>Espacios Verdes de Madrid<\/strong><\/a><\/p>\n","protected":false},"excerpt":{"rendered":"<p>Luccas es un estudiante de Econom\u00eda en Harvard. Naci\u00f3 en Brasil, creci\u00f3 en Malasia y vivi\u00f3 en Los \u00c1ngeles, Tampa y Chicago, antes de mudarse a Boston. Trabaj\u00f3 en una gran consultora llamada McKinsey en Nueva York antes de estudiar en Madrid durante el oto\u00f1o de 2018. Est\u00e1 escribiendo una tesis sobre econom\u00eda comportamental y [&hellip;]<\/p>\n","protected":false},"author":5659,"featured_media":0,"parent":19,"menu_order":9,"comment_status":"closed","ping_status":"closed","template":"","meta":[],"_links":{"self":[{"href":"https:\/\/sites.bu.edu\/otonomadrid2018\/wp-json\/wp\/v2\/pages\/49"}],"collection":[{"href":"https:\/\/sites.bu.edu\/otonomadrid2018\/wp-json\/wp\/v2\/pages"}],"about":[{"href":"https:\/\/sites.bu.edu\/otonomadrid2018\/wp-json\/wp\/v2\/types\/page"}],"author":[{"embeddable":true,"href":"https:\/\/sites.bu.edu\/otonomadrid2018\/wp-json\/wp\/v2\/users\/5659"}],"replies":[{"embeddable":true,"href":"https:\/\/sites.bu.edu\/otonomadrid2018\/wp-json\/wp\/v2\/comments?post=49"}],"version-history":[{"count":7,"href":"https:\/\/sites.bu.edu\/otonomadrid2018\/wp-json\/wp\/v2\/pages\/49\/revisions"}],"predecessor-version":[{"id":581,"href":"https:\/\/sites.bu.edu\/otonomadrid2018\/wp-json\/wp\/v2\/pages\/49\/revisions\/581"}],"up":[{"embeddable":true,"href":"https:\/\/sites.bu.edu\/otonomadrid2018\/wp-json\/wp\/v2\/pages\/19"}],"wp:attachment":[{"href":"https:\/\/sites.bu.edu\/otonomadrid2018\/wp-json\/wp\/v2\/media?parent=49"}],"curies":[{"name":"wp","href":"https:\/\/api.w.org\/{rel}","templated":true}]}}