{"id":46,"date":"2018-09-19T13:23:54","date_gmt":"2018-09-19T17:23:54","guid":{"rendered":"https:\/\/sites.bu.edu\/otonomadrid2018\/?page_id=46"},"modified":"2018-12-13T15:14:41","modified_gmt":"2018-12-13T20:14:41","slug":"marco","status":"publish","type":"page","link":"https:\/\/sites.bu.edu\/otonomadrid2018\/nuestros-blogs\/marco\/","title":{"rendered":"Marco"},"content":{"rendered":"<p>Hola me llamo Marco y soy de Chicago, Illinois. Asisto a la Universidad de Northwestern y estudio Ciencia Pol\u00edtica y Administraci\u00f3n de Empresas. Me gusta disfrutar de la vida probando comida nueva y explorando diferentes sitios culturales. Durante mi tiempo en Madrid, voy a tomar cursos en relaci\u00f3n a la pol\u00edtica espa\u00f1ola y hacer una pr\u00e1ctica en el Consulado Comercial de la Embajada de M\u00e9xico. Tengo ra\u00edces mexicanas y estoy muy orgulloso de estar en el pa\u00eds de donde vienen mis antepasados. \u00a1Soy bien amable y sociable, as\u00ed que si alg\u00fan d\u00eda quieren tomar un caf\u00e9, me dicen!<\/p>\n<p><a href=\"https:\/\/sites.bu.edu\/otonomadrid2018\/2018\/10\/05\/paseo-de-fin-de-semana\/\" target=\"_blank\" rel=\"noopener\"><strong>Paseo de fin de semana<\/strong><\/a><\/p>\n<p><a href=\"https:\/\/sites.bu.edu\/otonomadrid2018\/2018\/10\/17\/me-siento-a-gusto\/\" target=\"_blank\" rel=\"noopener\"><strong>Me siento a gusto<\/strong><\/a><\/p>\n<p><a href=\"https:\/\/sites.bu.edu\/otonomadrid2018\/2018\/11\/05\/paseos-por-espana\/\" target=\"_blank\" rel=\"noopener\"><strong>Paseos por Espa\u00f1a<\/strong><\/a><\/p>\n<p><a href=\"https:\/\/sites.bu.edu\/otonomadrid2018\/2018\/11\/15\/visita-de-maravilla\/\" target=\"_blank\" rel=\"noopener\"><strong>Visita de maravilla<\/strong><\/a><\/p>\n<p><a href=\"https:\/\/sites.bu.edu\/otonomadrid2018\/2018\/11\/30\/madrid-me-cambio\/\" target=\"_blank\" rel=\"noopener\"><strong>Madrid me cambi\u00f3<\/strong><\/a><\/p>\n<p><a href=\"https:\/\/sites.bu.edu\/otonomadrid2018\/2018\/12\/13\/dias-contados\/\" target=\"_blank\" rel=\"noopener\"><strong>D\u00edas Contados<\/strong><\/a><\/p>\n","protected":false},"excerpt":{"rendered":"<p>Hola me llamo Marco y soy de Chicago, Illinois. Asisto a la Universidad de Northwestern y estudio Ciencia Pol\u00edtica y Administraci\u00f3n de Empresas. Me gusta disfrutar de la vida probando comida nueva y explorando diferentes sitios culturales. Durante mi tiempo en Madrid, voy a tomar cursos en relaci\u00f3n a la pol\u00edtica espa\u00f1ola y hacer una [&hellip;]<\/p>\n","protected":false},"author":5659,"featured_media":0,"parent":19,"menu_order":8,"comment_status":"closed","ping_status":"closed","template":"","meta":[],"_links":{"self":[{"href":"https:\/\/sites.bu.edu\/otonomadrid2018\/wp-json\/wp\/v2\/pages\/46"}],"collection":[{"href":"https:\/\/sites.bu.edu\/otonomadrid2018\/wp-json\/wp\/v2\/pages"}],"about":[{"href":"https:\/\/sites.bu.edu\/otonomadrid2018\/wp-json\/wp\/v2\/types\/page"}],"author":[{"embeddable":true,"href":"https:\/\/sites.bu.edu\/otonomadrid2018\/wp-json\/wp\/v2\/users\/5659"}],"replies":[{"embeddable":true,"href":"https:\/\/sites.bu.edu\/otonomadrid2018\/wp-json\/wp\/v2\/comments?post=46"}],"version-history":[{"count":7,"href":"https:\/\/sites.bu.edu\/otonomadrid2018\/wp-json\/wp\/v2\/pages\/46\/revisions"}],"predecessor-version":[{"id":584,"href":"https:\/\/sites.bu.edu\/otonomadrid2018\/wp-json\/wp\/v2\/pages\/46\/revisions\/584"}],"up":[{"embeddable":true,"href":"https:\/\/sites.bu.edu\/otonomadrid2018\/wp-json\/wp\/v2\/pages\/19"}],"wp:attachment":[{"href":"https:\/\/sites.bu.edu\/otonomadrid2018\/wp-json\/wp\/v2\/media?parent=46"}],"curies":[{"name":"wp","href":"https:\/\/api.w.org\/{rel}","templated":true}]}}