{"id":43,"date":"2018-09-19T13:21:38","date_gmt":"2018-09-19T17:21:38","guid":{"rendered":"https:\/\/sites.bu.edu\/otonomadrid2018\/?page_id=43"},"modified":"2018-12-13T15:00:40","modified_gmt":"2018-12-13T20:00:40","slug":"melana","status":"publish","type":"page","link":"https:\/\/sites.bu.edu\/otonomadrid2018\/nuestros-blogs\/melana\/","title":{"rendered":"Melana"},"content":{"rendered":"<p>Me llamo Melana y soy de Minneapolis, Minnesota. Estudio Psicolog\u00eda, Negocios y Espa\u00f1ol en la Universidad de Northwestern. Adem\u00e1s de asistir a las clases, trabajo como tutora y participo en un grupo de derechos humanos, una hermandad y un grupo de estudiantes multirraciales. Cuando estoy en Minneapolis durante las vacaciones, paso tiempo con amigos y familia, trabajo en una tienda de flores, y corro alrededor de los lagos que hay cerca de mi casa.<\/p>\n<p><a href=\"https:\/\/sites.bu.edu\/otonomadrid2018\/2018\/10\/01\/museo-nacional-thyssen\/\" target=\"_blank\" rel=\"noopener\"><strong>Museo Nacional Thyssen<\/strong><\/a><\/p>\n<p><a href=\"https:\/\/sites.bu.edu\/otonomadrid2018\/2018\/10\/17\/visita-de-una-amiga\/\" target=\"_blank\" rel=\"noopener\"><strong>Visita de una amiga<\/strong><\/a><\/p>\n<p><a href=\"https:\/\/sites.bu.edu\/otonomadrid2018\/2018\/11\/05\/segovia\/\" target=\"_blank\" rel=\"noopener\"><strong>Segovia<\/strong><\/a><\/p>\n<p><a href=\"https:\/\/sites.bu.edu\/otonomadrid2018\/2018\/11\/11\/parque-de-santander\/\" target=\"_blank\" rel=\"noopener\"><strong>Parque de Santander<\/strong><\/a><\/p>\n<p><a href=\"https:\/\/sites.bu.edu\/otonomadrid2018\/2018\/11\/30\/opinno\/\" target=\"_blank\" rel=\"noopener\"><strong>Opinno<\/strong><\/a><\/p>\n<p><a href=\"https:\/\/sites.bu.edu\/otonomadrid2018\/2018\/12\/13\/las-cortes\/\" target=\"_blank\" rel=\"noopener\"><strong>Las Cortes<\/strong><\/a><\/p>\n","protected":false},"excerpt":{"rendered":"<p>Me llamo Melana y soy de Minneapolis, Minnesota. Estudio Psicolog\u00eda, Negocios y Espa\u00f1ol en la Universidad de Northwestern. Adem\u00e1s de asistir a las clases, trabajo como tutora y participo en un grupo de derechos humanos, una hermandad y un grupo de estudiantes multirraciales. Cuando estoy en Minneapolis durante las vacaciones, paso tiempo con amigos y [&hellip;]<\/p>\n","protected":false},"author":5659,"featured_media":0,"parent":19,"menu_order":7,"comment_status":"closed","ping_status":"closed","template":"","meta":[],"_links":{"self":[{"href":"https:\/\/sites.bu.edu\/otonomadrid2018\/wp-json\/wp\/v2\/pages\/43"}],"collection":[{"href":"https:\/\/sites.bu.edu\/otonomadrid2018\/wp-json\/wp\/v2\/pages"}],"about":[{"href":"https:\/\/sites.bu.edu\/otonomadrid2018\/wp-json\/wp\/v2\/types\/page"}],"author":[{"embeddable":true,"href":"https:\/\/sites.bu.edu\/otonomadrid2018\/wp-json\/wp\/v2\/users\/5659"}],"replies":[{"embeddable":true,"href":"https:\/\/sites.bu.edu\/otonomadrid2018\/wp-json\/wp\/v2\/comments?post=43"}],"version-history":[{"count":7,"href":"https:\/\/sites.bu.edu\/otonomadrid2018\/wp-json\/wp\/v2\/pages\/43\/revisions"}],"predecessor-version":[{"id":567,"href":"https:\/\/sites.bu.edu\/otonomadrid2018\/wp-json\/wp\/v2\/pages\/43\/revisions\/567"}],"up":[{"embeddable":true,"href":"https:\/\/sites.bu.edu\/otonomadrid2018\/wp-json\/wp\/v2\/pages\/19"}],"wp:attachment":[{"href":"https:\/\/sites.bu.edu\/otonomadrid2018\/wp-json\/wp\/v2\/media?parent=43"}],"curies":[{"name":"wp","href":"https:\/\/api.w.org\/{rel}","templated":true}]}}