{"id":40,"date":"2018-09-17T14:56:32","date_gmt":"2018-09-17T18:56:32","guid":{"rendered":"https:\/\/sites.bu.edu\/otonomadrid2018\/?page_id=40"},"modified":"2018-12-13T15:11:00","modified_gmt":"2018-12-13T20:11:00","slug":"stella","status":"publish","type":"page","link":"https:\/\/sites.bu.edu\/otonomadrid2018\/nuestros-blogs\/stella\/","title":{"rendered":"Stella"},"content":{"rendered":"<p>Hola! Soy Stella. Estoy en mi tercer a\u00f1o en Northwestern University, en Chicago, y estudio Periodismo y Estudios Internacionales. Originalmente, soy de Milwaukee, Wisconsin, la mejor ciudad en el \u201cMidwest\u201d. He visitado Espa\u00f1a dos veces antes con mi familia y fui a Madrid, Barcelona, Valencia, Granada y Mallorca. Sin embargo, estoy emocionada por conocer m\u00e1s Espa\u00f1a y aprender a moverme Madrid sin \u201cGoogle Maps.\u201d Durante los pr\u00f3ximos meses en Madrid, quiero probar muchas comidas ricas porque me encanta comer. Tambi\u00e9n, bail\u00e9 mucho cuando era m\u00e1s joven y espero tomar clases de salsa durante los pr\u00f3ximos meses.<\/p>\n<p><a href=\"https:\/\/sites.bu.edu\/otonomadrid2018\/2018\/10\/05\/bimba-mi-mejor-amiga\/\" target=\"_blank\" rel=\"noopener\"><strong>Bimba: Mi Mejor Amiga<\/strong><\/a><\/p>\n<p><a href=\"https:\/\/sites.bu.edu\/otonomadrid2018\/2018\/10\/16\/el-mercado-de-motores\/\" target=\"_blank\" rel=\"noopener\"><strong>El Mercado de Motores<\/strong><\/a><\/p>\n<p><a href=\"https:\/\/sites.bu.edu\/otonomadrid2018\/2018\/11\/05\/tapapies\/\" target=\"_blank\" rel=\"noopener\"><strong>Tapapi\u00e9s<\/strong><\/a><\/p>\n<p><a href=\"https:\/\/sites.bu.edu\/otonomadrid2018\/2018\/11\/13\/mi-mama-y-mi-hermana\/\" target=\"_blank\" rel=\"noopener\"><strong>Mi mam\u00e1 y mi hermana<\/strong><\/a><\/p>\n<p><a href=\"https:\/\/sites.bu.edu\/otonomadrid2018\/2018\/11\/30\/thanksgiving-en-madrid\/\" target=\"_blank\" rel=\"noopener\"><strong>&#8220;Thanksgiving&#8221; en Madrid<\/strong><\/a><\/p>\n<p><a href=\"https:\/\/sites.bu.edu\/otonomadrid2018\/2018\/12\/13\/fiesta-de-januca\/\" target=\"_blank\" rel=\"noopener\"><strong>Fiesta de Januc\u00e1<\/strong><\/a><\/p>\n","protected":false},"excerpt":{"rendered":"<p>Hola! Soy Stella. Estoy en mi tercer a\u00f1o en Northwestern University, en Chicago, y estudio Periodismo y Estudios Internacionales. Originalmente, soy de Milwaukee, Wisconsin, la mejor ciudad en el \u201cMidwest\u201d. He visitado Espa\u00f1a dos veces antes con mi familia y fui a Madrid, Barcelona, Valencia, Granada y Mallorca. Sin embargo, estoy emocionada por conocer m\u00e1s [&hellip;]<\/p>\n","protected":false},"author":5659,"featured_media":0,"parent":19,"menu_order":6,"comment_status":"closed","ping_status":"closed","template":"","meta":[],"_links":{"self":[{"href":"https:\/\/sites.bu.edu\/otonomadrid2018\/wp-json\/wp\/v2\/pages\/40"}],"collection":[{"href":"https:\/\/sites.bu.edu\/otonomadrid2018\/wp-json\/wp\/v2\/pages"}],"about":[{"href":"https:\/\/sites.bu.edu\/otonomadrid2018\/wp-json\/wp\/v2\/types\/page"}],"author":[{"embeddable":true,"href":"https:\/\/sites.bu.edu\/otonomadrid2018\/wp-json\/wp\/v2\/users\/5659"}],"replies":[{"embeddable":true,"href":"https:\/\/sites.bu.edu\/otonomadrid2018\/wp-json\/wp\/v2\/comments?post=40"}],"version-history":[{"count":7,"href":"https:\/\/sites.bu.edu\/otonomadrid2018\/wp-json\/wp\/v2\/pages\/40\/revisions"}],"predecessor-version":[{"id":579,"href":"https:\/\/sites.bu.edu\/otonomadrid2018\/wp-json\/wp\/v2\/pages\/40\/revisions\/579"}],"up":[{"embeddable":true,"href":"https:\/\/sites.bu.edu\/otonomadrid2018\/wp-json\/wp\/v2\/pages\/19"}],"wp:attachment":[{"href":"https:\/\/sites.bu.edu\/otonomadrid2018\/wp-json\/wp\/v2\/media?parent=40"}],"curies":[{"name":"wp","href":"https:\/\/api.w.org\/{rel}","templated":true}]}}