{"id":24,"date":"2018-09-17T14:47:10","date_gmt":"2018-09-17T18:47:10","guid":{"rendered":"https:\/\/sites.bu.edu\/otonomadrid2018\/?page_id=24"},"modified":"2018-12-13T15:03:16","modified_gmt":"2018-12-13T20:03:16","slug":"jacob","status":"publish","type":"page","link":"https:\/\/sites.bu.edu\/otonomadrid2018\/nuestros-blogs\/jacob\/","title":{"rendered":"Jacob"},"content":{"rendered":"<p><span>Me llamo Jacob Lending. Soy de Chicago, EEUU, y asisto a Northwestern University. Mi especialidad es la Econom\u00eda y me interesan las finanzas y los negocios. Para divertirme, me gusta escuchar m\u00fasica y ver videos de festivales de m\u00fasica. En la escuela soy miembro de un equipo de estudiantes que produce el festival de m\u00fasica m\u00e1s grande hecho exclusivamente por estudiantes en los EEUU. Soy el director de finanzas y hago el presupuesto sobre todo el festival. Es una gran manera de combinar mis intereses profesionales y personales. <\/span><\/p>\n<p><span>Esta foto fue sacada cuando fui al Templo de Debod. Hay un parque que lo rodea con vistas preciosas. \u00a1Fue muy divertido ir all\u00ed!<\/span><\/p>\n<p><a href=\"https:\/\/sites.bu.edu\/otonomadrid2018\/2018\/10\/05\/el-vellon\/\" target=\"_blank\" rel=\"noopener\"><strong>El Vell\u00f3n<\/strong><\/a><\/p>\n<p><strong><a href=\"https:\/\/sites.bu.edu\/otonomadrid2018\/2018\/10\/16\/atocha-por-la-noche\/\" target=\"_blank\" rel=\"noopener\">Atocha por la noche<\/a><\/strong><\/p>\n<p><a href=\"https:\/\/sites.bu.edu\/otonomadrid2018\/2018\/11\/05\/fiesta-de-la-constitucion\/\" target=\"_blank\" rel=\"noopener\"><strong>Fiesta de la Constituci\u00f3n<\/strong><\/a><\/p>\n<p><a href=\"https:\/\/sites.bu.edu\/otonomadrid2018\/2018\/11\/13\/el-estanque\/\" target=\"_blank\" rel=\"noopener\"><strong>El Estanque<\/strong><\/a><\/p>\n<p><a href=\"https:\/\/sites.bu.edu\/otonomadrid2018\/2018\/11\/30\/el-partido\/\" target=\"_blank\" rel=\"noopener\"><strong>El partido<\/strong><\/a><\/p>\n<p><a href=\"https:\/\/sites.bu.edu\/otonomadrid2018\/2018\/12\/13\/congreso-de-los-diputados\/\" target=\"_blank\" rel=\"noopener\"><strong>Congreso de los Diputados<\/strong><\/a><\/p>\n","protected":false},"excerpt":{"rendered":"<p>Me llamo Jacob Lending. Soy de Chicago, EEUU, y asisto a Northwestern University. Mi especialidad es la Econom\u00eda y me interesan las finanzas y los negocios. Para divertirme, me gusta escuchar m\u00fasica y ver videos de festivales de m\u00fasica. En la escuela soy miembro de un equipo de estudiantes que produce el festival de m\u00fasica [&hellip;]<\/p>\n","protected":false},"author":5659,"featured_media":0,"parent":19,"menu_order":1,"comment_status":"closed","ping_status":"closed","template":"","meta":[],"_links":{"self":[{"href":"https:\/\/sites.bu.edu\/otonomadrid2018\/wp-json\/wp\/v2\/pages\/24"}],"collection":[{"href":"https:\/\/sites.bu.edu\/otonomadrid2018\/wp-json\/wp\/v2\/pages"}],"about":[{"href":"https:\/\/sites.bu.edu\/otonomadrid2018\/wp-json\/wp\/v2\/types\/page"}],"author":[{"embeddable":true,"href":"https:\/\/sites.bu.edu\/otonomadrid2018\/wp-json\/wp\/v2\/users\/5659"}],"replies":[{"embeddable":true,"href":"https:\/\/sites.bu.edu\/otonomadrid2018\/wp-json\/wp\/v2\/comments?post=24"}],"version-history":[{"count":8,"href":"https:\/\/sites.bu.edu\/otonomadrid2018\/wp-json\/wp\/v2\/pages\/24\/revisions"}],"predecessor-version":[{"id":570,"href":"https:\/\/sites.bu.edu\/otonomadrid2018\/wp-json\/wp\/v2\/pages\/24\/revisions\/570"}],"up":[{"embeddable":true,"href":"https:\/\/sites.bu.edu\/otonomadrid2018\/wp-json\/wp\/v2\/pages\/19"}],"wp:attachment":[{"href":"https:\/\/sites.bu.edu\/otonomadrid2018\/wp-json\/wp\/v2\/media?parent=24"}],"curies":[{"name":"wp","href":"https:\/\/api.w.org\/{rel}","templated":true}]}}