{"id":19,"date":"2017-09-06T12:14:36","date_gmt":"2017-09-06T16:14:36","guid":{"rendered":"https:\/\/sites.bu.edu\/opad\/?page_id=19"},"modified":"2023-08-25T13:41:33","modified_gmt":"2023-08-25T17:41:33","slug":"publications","status":"publish","type":"page","link":"https:\/\/sites.bu.edu\/opad\/publications\/","title":{"rendered":"Selected Publications"},"content":{"rendered":"<h4>Risk, Expression, and Prognosis (Prediction)<\/h4>\n<hr \/>\n<h6><em>Internalizing Disorders<\/em><\/h6>\n<p>Rosellini, A. J., Andrea, A. M., Galiano, C. S., Hwang, I., Brown, T. A., Luedtke, A., &amp; Kessler, R. C. (2023). Developing transdiagnostic internalizing disorder prognostic indices for outpatient cognitive behavioral therapy. <em>Behavior Therapy, 54<\/em>, 461-475<em>. <\/em><a href=\"https:\/\/pubmed.ncbi.nlm.nih.gov\/37088504\/\">PubMed<\/a><\/p>\n<p>Rosellini, A. J., Szentk\u00fati, P., Horv\u00e1th-Puh\u00f3, E., Smith, M. L., Galatzer-Levy, I., Lash, T. L., Galea, S., Schnurr, P. P., S\u00f8rensen, H. T., Gradus, J. L. (2021). Latent classes of posttraumatic psychiatric comorbidity in the general population. <em>Journal of Psychiatric Research, 136, <\/em>334-342. <a href=\"https:\/\/pubmed.ncbi.nlm.nih.gov\/33636689\/\">PubMed<\/a><\/p>\n<p>Anderson, G. N., Tung, E. S., Brown, T. A., &amp; Rosellini, A. J. (2021). Facets of emotion regulation and emotional disorder symptom dimensions: Differential associations and incremental validity in a large clinical sample. <em>Behavior Therapy, 52<\/em>, 917-931. <a href=\"https:\/\/pubmed.ncbi.nlm.nih.gov\/34134831\/\">PubMed<\/a><\/p>\n<p>Jiang, T., Gradus, J. L., &amp; Rosellini, A. J. (2020). Supervised machine learning: A brief primer. <em>Behavior <\/em><em>Therapy,\u00a0<\/em><em>51<\/em>, 675-687. <a href=\"https:\/\/pubmed.ncbi.nlm.nih.gov\/32800297\/\">PubMed<\/a><\/p>\n<p>Rosellini, A. J., Liu, S., Anderson, G. N., Sbi, S., Tung, E., Knyazhanskaya, E. (2020). Developing algorithms to predict adult onset internalizing disorders: An ensemble learning approach. <em>Journal of Psychiatric Research, <i><span>121<\/span><\/i><span>, 189-196.<\/span><\/em>\u00a0<a href=\"https:\/\/pubmed.ncbi.nlm.nih.gov\/31864158\/\">PubMed<\/a><\/p>\n<p>Rosellini, A. J., Dussaillant, F., Zubizarreta, J. R., Kessler, R. C., &amp; Rose, S. (2018). Predicting posttraumatic stress disorder following a natural disaster. <em>Journal of Psychiatric Research,\u00a0<\/em>96, 15-22.\u00a0<a href=\"https:\/\/www.ncbi.nlm.nih.gov\/pubmed\/28950110\">PubMed;\u00a0<\/a><span><a href=\"https:\/\/www.psychologytoday.com\/articles\/201801\/predicting-the-aftershock\">Media Coverage<\/a><\/span><\/p>\n<p>Rosellini, A. J., Liu, H., Petukhova, M. V., &#8230; &amp; Kessler, R.C. (2018). Recovery from DSM-IV posttraumatic stress disorder in the WHO World Mental Health surveys. <em>Psychological Medicine, <\/em>48, 437-450. <a href=\"https:\/\/www.ncbi.nlm.nih.gov\/pubmed\/?term=Recovery+from+DSM-IV+posttraumatic+stress+disorder+in+the+WHO+World+Mental+Health+surveys.\">PubMed<\/a><\/p>\n<p>Rosellini, A. J<strong>.<\/strong>, Stein, M. B., Benedek, D. M., &#8230;. &amp; Kessler, R. C. (2017). Using self-report surveys at the beginning of service to develop multi-outcome risk models for new soldiers in the U.S. Army. <em>Psychological Medicine,\u00a0<\/em>47(13), 2275-2287\u00a0<a href=\"https:\/\/www.ncbi.nlm.nih.gov\/pubmed\/?term=Using+self-report+surveys+at+the+beginning+of+service+to+develop+multi-outcome+risk+models+for+new+soldiers+in+the+U.S.+Army.\">PubMed<\/a><\/p>\n<p><span>Brown, T.A., &amp; Rosellini, A.J. (2011). The direct and interactive effects of neuroticism and life stress on the severity and longitudinal course of depressive symptoms.\u00a0<\/span><i>Journal of Abnormal Psychology<\/i><span>,\u00a0<\/span><i>120<\/i><span>, 844-856.<\/span><\/p>\n<p>Rosellini, A. J., Lawrence, A. E., Meyer, J. F., &amp; Brown, T. A. (2010). The effects of extraverted temperament on agoraphobia in panic disorder.<em> Journal of Abnormal Psychology, 119, <\/em>420-426.\u00a0<a href=\"https:\/\/www.ncbi.nlm.nih.gov\/pubmed\/?term=The+effects+of+extraverted+temperament+on+agoraphobia+in+panic+disorder.+Journal+of+Abnormal+Psychology%2C+119%2C+420-426.\">PubMed<\/a><\/p>\n<h6><em>Suicide\/Violence<\/em><\/h6>\n<p>Vogt, D., Rosellini, A. J., Borowski, S., Street, A. E., O&#8217;Brien, R. W., &amp; Tomoyasu, N. (in press). How well can U.S. military veterans&#8217; suicidal ideation be predicted from static and change-based indicators of their psychosocial well-being as they adapt to civilian life? <em>Social Psychiatry and Psychiatric Epidemiology<\/em>.<\/p>\n<p>Borowski, S., Rosellini, A. J., Street, A. E., Gradus, J. L., &amp; Vogt, D. (2022). The first year after military service: Predictors of U.S. Veterans&#8217; suicidal ideation.<em> American Journal of Preventive Medicine, 63, <\/em>233-241. <a href=\"https:\/\/pubmed.ncbi.nlm.nih.gov\/35527173\/\">PubMed<\/a><\/p>\n<p>Jiang, T., Rosellini, A. J., Horv\u00e1th-Puh\u00f3, E., Shiner, B., Street, A. E., Lash, T. L., S\u00f8rensen, H. T., &amp; Gradus, J. L. (2021). Predicting suicide in the 30 days post-discharge from psychiatric hospitalization in Denmark using machine learning. <em>British Journal of Psychiatry, 219<\/em>, 440-447. <a href=\"https:\/\/www.ncbi.nlm.nih.gov\/pmc\/articles\/PMC8457342\/\">PubMed<\/a><\/p>\n<p>Gradus, J. L., Rosellini, A. J., Horv\u00e1th-Puh\u00f3, E., Street, A. E., Galatzer-Levy, I., Jiang, T., Lash, T. L., &amp; S\u00f8rensen, H. T. (2019). Prediction of sex-specific suicide risk using machine learning\u00a0and single-payer health care registry data from Denmark. <em>JAMA Psychiatry, 77<\/em>, 25-34. <a href=\"https:\/\/pubmed.ncbi.nlm.nih.gov\/31642880\/\">PubMed<\/a><\/p>\n<p>Rosellini, A. J., Stein, M. B., Benedek, D. M., Bleise, P. D., Chiu, W. T., Hwang, I., Monahan, J., Nock, M. K., Sampson, N. A., Street, A. E., Zaslavsky, A. M., Ursano, R. J., &amp; Kessler, R. C. (2018). Pre-deployment predictors of psychiatric disorder-symptoms and interpersonal violence during combat deployment. <em>Depression and Anxiety, 35<\/em>, 1173-1180.\u00a0<a href=\"https:\/\/www.ncbi.nlm.nih.gov\/pubmed\/30102442\">PubMed<\/a><\/p>\n<p>Kessler, R. C., Hwang, I., Hoffmire, C., McCarthy, J. F., Petukhova, M. V., Rosellini, A. J., Sampson, N. A., Schneider, A. L., Bradley, P. A., Katz, I. R., Thompson, C., &amp; Bossarte, R. M. (2017). Developing a practical suicide risk prediction model for targeting high-risk patients in the Veterans Health Administration. <em>International Journal of Methods in Psychiatric Research<\/em>, 26, 1-7(ePub).<\/p>\n<p>Rosellini, A. J., Street, A. E., Ursano, R. J., Chiu, W. T., Heeringa, S. G., Monahan, J., Naifeh, J. Petukhova, M. V., Reis, B. Y., Sampson, N. A., Bliese, P., Stein, M. B., Zaslavsky, A. M., &amp; Kessler, R. C. (2017). Sexual assault victimization and mental health treatment, suicide attempts, and career outcomes among women in the US Army. <em>American Journal of Public Health, 107<\/em>, 732-739. <a href=\"https:\/\/pubmed.ncbi.nlm.nih.gov\/28323466\/\">PubMed<\/a><\/p>\n<p>Rosellini, A. J., Monahan, J., Street, A. E., Heeringa, S. G., Hill, E. D., Petukhova, M., Reis, B. Y., Sampson, N. A., Bliese, P. D., Schoenbaum, M., Stein, M. B., Ursano, R. J., &amp; Kessler, R. C. (2016). Predicting non-familial major physical violent crime perpetration in the U.S. Army from administrative data. <em>Psychological Medicine, 46<\/em>, 303-316. <a href=\"https:\/\/pubmed.ncbi.nlm.nih.gov\/26436603\/\">PubMed<\/a><\/p>\n<h4><\/h4>\n<p>&nbsp;<\/p>\n<h4>Assessment and Classification<\/h4>\n<hr \/>\n<p>Rosellini, A. J., &amp; Brown, T. A. (2021). Developing and validating clinical questionnaires. <em>Annual Review of Clinical Psychology, 17, <\/em>55-81. <a href=\"https:\/\/pubmed.ncbi.nlm.nih.gov\/33561365\/\">PubMed<\/a><\/p>\n<p>Boettcher, H., Correa, J., Cassiello-Robbins, C., Ametaj, A., Rosellini, A. J., Brown, T. A., Kennedy, K.,\u00a0 Farchione, T., &amp; Barlow, D. H. (2020). Dimensional assessment of emotional disorders outcomes in transdiagnostic treatment: A clinical case study. <em>Cognitive and Behavioral Practice, 27<\/em>, 442-453.<\/p>\n<p>Rosellini, A. J., &amp; Brown, T. A. (2019). The Multidimensional Emotional Disorder Inventory (MEDI): Assessing transdiagnostic dimensions to validate a profile approach to emotional disorder classification. <em>Psychological Assessment, 31<\/em>, 59-72.\u00a0<em> <\/em><a href=\"https:\/\/www.ncbi.nlm.nih.gov\/pubmed\/30160498\">PubMed<\/a><\/p>\n<p>Rosellini, A. J., Bourgeois M. L., Correa, J., Tung, E. S., Goncharenko, S., &amp; Brown, T. A. (2018). Anxious distress in depressed outpatients: Prevalence, comorbidity, and incremental validity. <em>Journal of Psychiatric Research, 103<\/em>, 54-60. <em>\u00a0<\/em><a href=\"https:\/\/www.ncbi.nlm.nih.gov\/pubmed\/29778071\">PubMed<\/a><\/p>\n<p>Rosellini, A. J., Boettcher, H., Brown, T. A., &amp; Barlow, D. H. (2015). A transdiagnostic temperament-phenotype profile approach to emotional disorder classification: an update. <em>Psychopathology Review, 2, <\/em>110-128.\u00a0<a href=\"https:\/\/www.ncbi.nlm.nih.gov\/pubmed\/30245804\">PubMed<\/a><\/p>\n<p>Rosellini, A. J., &amp; Brown, T. A. (2014). Initial interpretation and evaluation of a profile-based classification system for the anxiety and mood disorders: Incremental validity compared to <em>DSM-IV<\/em> categories. <em>Psychological Assessment, 26<\/em>, 1212-1224.\u00a0<a href=\"https:\/\/www.ncbi.nlm.nih.gov\/pubmed\/?term=Initial+interpretation+and+evaluation+of+a+profile-based+classification+system+for+the+anxiety+and+mood+disorders%3A+Incremental+validity+compared+to+DSM-IV+categories\">PubMed<\/a><\/p>\n<p>Rosellini, A. J., &amp; Brown, T. A. (2011). The NEO-Five Factor Inventory: Latent structure and relationships with dimensions of anxiety and depressive disorders in a large clinical sample.<em> Assessment, 18, <\/em>27-38.\u00a0<a href=\"https:\/\/www.ncbi.nlm.nih.gov\/pubmed\/?term=The+NEO-Five+Factor+Inventory%3A+Latent+structure+and+relationships+with+dimensions+of+anxiety+and+depressive+disorders+in+a+large+clinical+sample\">PubMed<\/a><\/p>\n<p>&nbsp;<\/p>\n","protected":false},"excerpt":{"rendered":"<p>Risk, Expression, and Prognosis (Prediction) Internalizing Disorders Rosellini, A. J., Andrea, A. M., Galiano, C. S., Hwang, I., Brown, T. A., Luedtke, A., &amp; Kessler, R. C. (2023). Developing transdiagnostic internalizing disorder prognostic indices for outpatient cognitive behavioral therapy. Behavior Therapy, 54, 461-475. PubMed Rosellini, A. J., Szentk\u00fati, P., Horv\u00e1th-Puh\u00f3, E., Smith, M. L., Galatzer-Levy, [&hellip;]<\/p>\n","protected":false},"author":12940,"featured_media":0,"parent":0,"menu_order":5,"comment_status":"closed","ping_status":"closed","template":"page-templates\/no-sidebars.php","meta":[],"_links":{"self":[{"href":"https:\/\/sites.bu.edu\/opad\/wp-json\/wp\/v2\/pages\/19"}],"collection":[{"href":"https:\/\/sites.bu.edu\/opad\/wp-json\/wp\/v2\/pages"}],"about":[{"href":"https:\/\/sites.bu.edu\/opad\/wp-json\/wp\/v2\/types\/page"}],"author":[{"embeddable":true,"href":"https:\/\/sites.bu.edu\/opad\/wp-json\/wp\/v2\/users\/12940"}],"replies":[{"embeddable":true,"href":"https:\/\/sites.bu.edu\/opad\/wp-json\/wp\/v2\/comments?post=19"}],"version-history":[{"count":49,"href":"https:\/\/sites.bu.edu\/opad\/wp-json\/wp\/v2\/pages\/19\/revisions"}],"predecessor-version":[{"id":245,"href":"https:\/\/sites.bu.edu\/opad\/wp-json\/wp\/v2\/pages\/19\/revisions\/245"}],"wp:attachment":[{"href":"https:\/\/sites.bu.edu\/opad\/wp-json\/wp\/v2\/media?parent=19"}],"curies":[{"name":"wp","href":"https:\/\/api.w.org\/{rel}","templated":true}]}}