{"id":894,"date":"2018-08-28T09:44:27","date_gmt":"2018-08-28T13:44:27","guid":{"rendered":"https:\/\/sites.bu.edu\/ocn\/?page_id=894"},"modified":"2019-05-28T11:52:00","modified_gmt":"2019-05-28T15:52:00","slug":"people","status":"publish","type":"page","link":"https:\/\/sites.bu.edu\/ocn\/people\/","title":{"rendered":"People"},"content":{"rendered":"<hr \/>\n<h2>Faculty &amp; Research Staff<\/h2>\n\n\t<div class=\"profile-listing\">\n\t\t<ul class=\"advanced\">\n\t\t\t\t\t\t\t\n<li class=\"has-title\">\n\t<a href=\"https:\/\/sites.bu.edu\/ocn\/profiles\/m-selim-unlu\/\">\n\t\t\t\t\t<figure><img width=\"150\" height=\"150\" src=\"\/ocn\/files\/2019\/02\/Selim-1-of-1-e1523031348854-1024x1024-2.jpg\" alt=\"\" \/><\/figure>\t\t\t\t<p class=\"profile-name\">M. Selim \u00dcnl\u00fc<\/p>\n\t\t<p class=\"profile-title\">Professor of Electrical and Computer Engineering<\/p>\t<\/a>\n<\/li>\n\t\t\t\t\t\t\t\n<li class=\"has-title\">\n\t<a href=\"https:\/\/sites.bu.edu\/ocn\/profiles\/ayca-yalcin-ozkumur\/\">\n\t\t\t\t\t<figure><img width=\"150\" height=\"150\" src=\"\/ocn\/files\/2019\/02\/Ayca-1-of-1-732x1024-2.jpg\" alt=\"\" \/><\/figure>\t\t\t\t<p class=\"profile-name\">Ayca Yalcin Ozkumur<\/p>\n\t\t<p class=\"profile-title\">Research Assistant Professor<\/p>\t<\/a>\n<\/li>\n\t\t\t\t\t\t\t\n<li class=\"has-title\">\n\t<a href=\"https:\/\/sites.bu.edu\/ocn\/profiles\/nese-lortlar-unlu\/\">\n\t\t\t\t\t<figure><img width=\"150\" height=\"150\" src=\"\/ocn\/files\/2019\/02\/Nese-1-of-1-2-731x1024-2.jpg\" alt=\"\" \/><\/figure>\t\t\t\t<p class=\"profile-name\">Ne\u015fe Lortlar \u00dcnl\u00fc<\/p>\n\t\t<p class=\"profile-title\">Research Associate Professor of Biomedical Engineering.<\/p>\t<\/a>\n<\/li>\n\t\t\t\t\t\t\t\n<li class=\"has-title\">\n\t<a href=\"https:\/\/sites.bu.edu\/ocn\/profiles\/matthew-geib\/\">\n\t\t\t\t\t<figure><img width=\"150\" height=\"150\" src=\"\/ocn\/files\/2019\/02\/Matt-1-of-1-731x1024-2.jpg\" alt=\"\" \/><\/figure>\t\t\t\t<p class=\"profile-name\">Matt Geib<\/p>\n\t\t<p class=\"profile-title\">Research Technician<\/p>\t<\/a>\n<\/li>\n\t\t\t\t\t<\/ul>\n\t<\/div><!--\/.profile-listing-->\n\n<hr \/>\n<h2>Graduate Students<\/h2>\n\n\t<div class=\"profile-listing\">\n\t\t<ul class=\"advanced\">\n\t\t\t\t\t\t\t\n<li class=\"has-title\">\n\t<a href=\"https:\/\/sites.bu.edu\/ocn\/profiles\/iris-celebi\/\">\n\t\t\t\t\t<figure><img width=\"150\" height=\"150\" src=\"\/ocn\/files\/2019\/05\/Iris_2.jpg\" alt=\"\" \/><\/figure>\t\t\t\t<p class=\"profile-name\">Iris Celebi<\/p>\n\t\t<p class=\"profile-title\">Graduate Student<\/p>\t<\/a>\n<\/li>\n\t\t\t\t\t\t\t\n<li class=\"has-title\">\n\t<a href=\"https:\/\/sites.bu.edu\/ocn\/profiles\/elisa-chiodi\/\">\n\t\t\t\t\t<figure><img width=\"150\" height=\"150\" src=\"\/ocn\/files\/2019\/05\/Eli_2.jpg\" alt=\"\" \/><\/figure>\t\t\t\t<p class=\"profile-name\">Elisa Chiodi<\/p>\n\t\t<p class=\"profile-title\">Graduate Student<\/p>\t<\/a>\n<\/li>\n\t\t\t\t\t\t\t\n<li class=\"has-title\">\n\t<a href=\"https:\/\/sites.bu.edu\/ocn\/profiles\/fulya-ekiz-kanik\/\">\n\t\t\t\t\t<figure><img width=\"150\" height=\"150\" src=\"\/ocn\/files\/2019\/02\/Fulya-1-of-1-731x1024-2.jpg\" alt=\"\" \/><\/figure>\t\t\t\t<p class=\"profile-name\">Fulya Ekiz Kanik<\/p>\n\t\t<p class=\"profile-title\">Graduate Research Assistant<\/p>\t<\/a>\n<\/li>\n\t\t\t\t\t\t\t\n<li class=\"has-title\">\n\t<a href=\"https:\/\/sites.bu.edu\/ocn\/profiles\/allison-marn\/\">\n\t\t\t\t\t<figure><img width=\"150\" height=\"150\" src=\"\/ocn\/files\/2019\/02\/Allison-1-of-1-731x1024-2.jpg\" alt=\"\" \/><\/figure>\t\t\t\t<p class=\"profile-name\">Allison Marn<\/p>\n\t\t<p class=\"profile-title\">Graduate Research Assistant<\/p>\t<\/a>\n<\/li>\n\t\t\t\t\t\t\t\n<li class=\"has-title\">\n\t<a href=\"https:\/\/sites.bu.edu\/ocn\/profiles\/james-needham\/\">\n\t\t\t\t\t<figure><img width=\"150\" height=\"150\" src=\"\/ocn\/files\/2018\/02\/james-e1551116374358.jpg\" alt=\"\" \/><\/figure>\t\t\t\t<p class=\"profile-name\">James Needham<\/p>\n\t\t<p class=\"profile-title\">Graduate Student<\/p>\t<\/a>\n<\/li>\n\t\t\t\t\t\t\t\n<li class=\"has-title\">\n\t<a href=\"https:\/\/sites.bu.edu\/ocn\/profiles\/celalettin-yurdakul\/\">\n\t\t\t\t\t<figure><img width=\"150\" height=\"150\" src=\"\/ocn\/files\/2019\/02\/Celal-1-of-1-683x1024-2.jpg\" alt=\"\" \/><\/figure>\t\t\t\t<p class=\"profile-name\">Celalettin Yurdakul<\/p>\n\t\t<p class=\"profile-title\">Graduate Research Assistant<\/p>\t<\/a>\n<\/li>\n\t\t\t\t\t\t\t\n<li class=\"has-title\">\n\t<a href=\"https:\/\/sites.bu.edu\/ocn\/profiles\/negin-zaraee\/\">\n\t\t\t\t\t<figure><img width=\"150\" height=\"150\" src=\"\/ocn\/files\/2019\/02\/20180328-_MTG3514-1024x1024.jpg\" alt=\"\" \/><\/figure>\t\t\t\t<p class=\"profile-name\">Negin Zaraee<\/p>\n\t\t<p class=\"profile-title\">Graduate Student<\/p>\t<\/a>\n<\/li>\n\t\t\t\t\t<\/ul>\n\t<\/div><!--\/.profile-listing-->\n\n<hr \/>\n<h2>Undergraduate Students<\/h2>\n\n\t<div class=\"profile-listing\">\n\t\t<ul class=\"advanced\">\n\t\t\t\t\t\t\t\n<li class=\"has-title\">\n\t<a href=\"https:\/\/sites.bu.edu\/ocn\/profiles\/alecia-griffin\/\">\n\t\t\t\t\t<figure><img width=\"150\" height=\"150\" src=\"\/ocn\/files\/2019\/02\/DSC5183-2-1024x1024.jpg\" alt=\"\" \/><\/figure>\t\t\t\t<p class=\"profile-name\">Alecia Griffin<\/p>\n\t\t<p class=\"profile-title\">Undergraduate Student<\/p>\t<\/a>\n<\/li>\n\t\t\t\t\t<\/ul>\n\t<\/div><!--\/.profile-listing-->\n\n<hr \/>\n<h2>Alumni<\/h2>\n<hr \/>\n<h2>Collaborators<\/h2>\n<p>&nbsp;<\/p>\n<p>&nbsp;<\/p>\n","protected":false},"excerpt":{"rendered":"<p>Faculty &amp; Research Staff Graduate Students Undergraduate Students Alumni Collaborators &nbsp; &nbsp;<\/p>\n","protected":false},"author":14369,"featured_media":0,"parent":0,"menu_order":3,"comment_status":"closed","ping_status":"closed","template":"page-templates\/no-sidebars.php","meta":[],"_links":{"self":[{"href":"https:\/\/sites.bu.edu\/ocn\/wp-json\/wp\/v2\/pages\/894"}],"collection":[{"href":"https:\/\/sites.bu.edu\/ocn\/wp-json\/wp\/v2\/pages"}],"about":[{"href":"https:\/\/sites.bu.edu\/ocn\/wp-json\/wp\/v2\/types\/page"}],"author":[{"embeddable":true,"href":"https:\/\/sites.bu.edu\/ocn\/wp-json\/wp\/v2\/users\/14369"}],"replies":[{"embeddable":true,"href":"https:\/\/sites.bu.edu\/ocn\/wp-json\/wp\/v2\/comments?post=894"}],"version-history":[{"count":45,"href":"https:\/\/sites.bu.edu\/ocn\/wp-json\/wp\/v2\/pages\/894\/revisions"}],"predecessor-version":[{"id":1577,"href":"https:\/\/sites.bu.edu\/ocn\/wp-json\/wp\/v2\/pages\/894\/revisions\/1577"}],"wp:attachment":[{"href":"https:\/\/sites.bu.edu\/ocn\/wp-json\/wp\/v2\/media?parent=894"}],"curies":[{"name":"wp","href":"https:\/\/api.w.org\/{rel}","templated":true}]}}