{"id":6,"date":"2020-03-24T14:50:58","date_gmt":"2020-03-24T18:50:58","guid":{"rendered":"https:\/\/sites.bu.edu\/nil\/news\/"},"modified":"2022-07-12T17:39:09","modified_gmt":"2022-07-12T21:39:09","slug":"posters","status":"publish","type":"page","link":"https:\/\/sites.bu.edu\/nil\/posters\/","title":{"rendered":"Posters"},"content":{"rendered":"<p>Colleagues and friends, many scientific meetings have been canceled or postponed due to COVID-19 interrupting exchange of unpublished results. Therefore, we decided to share our abstracts here. Below, you find unpublished work from our <a href=\"https:\/\/sites.bu.edu\/nil\/\">Neurovascular Imaging Lab<\/a> as well as <a href=\"https:\/\/sites.bu.edu\/boas\/\">Bio Optical and Acoustic Spectroscopy Lab of Dr. David Boas<\/a>. Please, contact us to discuss these studies or post your comment at the bottom of this page.<\/p>\n<table style=\"width: 700px;\" border=\"0\">\n<tbody>\n<tr valign=\"top\">\n<td style=\"width: 150px; text-align: center;\">Meet the first author<br \/>\n<img loading=\"lazy\" src=\"\/nil\/files\/2020\/03\/Francesca.jpg\" alt=\"\" width=\"150\" height=\"150\" class=\"alignnone size-medium wp-image-150\" \/><br \/>\nDr. Francesca Puppo<\/td>\n<td style=\"width: 550px;\"><a href=\"\/nil\/files\/2020\/03\/OSA2020_FPuppo.pdf\"><strong>All-optical electrophysiology in iPSC-derived neurons with synthetic NIR voltage reporter<\/strong><\/a><\/p>\n<p>Francesca Puppo, Sanaz Sadegh, Cleber Trujillo, Martin Thunemann, Evan Campbell, Matthieu Vandenberghe, Evan Miller, Brenda Bloodgood, Srdjan Djurovic, Ole Andreassen, Alysson R. Muotri, Anna Devor.<\/p>\n<p>Contact <strong><em>Dr. Francesca Puppo<\/em><\/strong> at <a href=\"mailto:fpuppo@health.ucsd.edu\">fpuppo@health.ucsd.edu<\/a><\/td>\n<\/tr>\n<\/tbody>\n<\/table>\n<table style=\"width: 700px;\" border=\"0\">\n<tbody>\n<tr valign=\"top\">\n<td style=\"width: 150px; text-align: center;\">Meet the first author<br \/>\n<img loading=\"lazy\" src=\"\/nil\/files\/2020\/03\/Xiaojun.jpg\" alt=\"\" width=\"150\" height=\"150\" class=\"alignnone size-medium wp-image-150\" \/><br \/>\nDr. Xiaojun Cheng<\/td>\n<td style=\"width: 550px;\"><a href=\"\/nil\/files\/2020\/03\/OSA_XC.pdf\"><strong>Imaging depth limit analysis in multiphoton microscopy using the beam propagation method<\/strong><\/a><\/p>\n<p>Xiaojun Cheng, Sanaz Sadegh, Sharvari Zilpelwar, Anna Devor, Lei Tian, David A. Boas.<\/p>\n<p>Contact <strong><em>Dr. Xiaojun Cheng<\/em><\/strong> at <a href=\"mailto:xcheng17@bu.edu\">xcheng17@bu.edu<\/a><\/td>\n<\/tr>\n<\/tbody>\n<\/table>\n<table style=\"width: 700px;\" border=\"0\">\n<tbody>\n<tr valign=\"top\">\n<td style=\"width: 150px; text-align: center;\">Meet first co-author<br \/>\n<img loading=\"lazy\" src=\"\/nil\/files\/2020\/03\/Natalie.jpg\" alt=\"\" width=\"150\" height=\"150\" class=\"alignnone size-full wp-image-150\" \/><br \/>\nDr. Natalie Fomin-Thunemann<\/td>\n<td style=\"width: 150px; text-align: center;\">Meet first co-author<br \/>\n<img loading=\"lazy\" src=\"\/nil\/files\/2020\/04\/Philipp2.jpg\" alt=\"\" width=\"150\" height=\"150\" class=\"alignnone size-medium wp-image-150\" \/><br \/>\nDr. Philipp M<span>\u00e4<\/span>hler<\/td>\n<td style=\"width: 400px;\"><a href=\"\/nil\/files\/2020\/03\/NatalieOSA.pdf\"><strong>Estimation of cortical oxygen metabolism in awake mice using two-photon imaging of Oxyphor 2P<\/strong><\/a><\/p>\n<p>Natalie Fomin-Thunemann, Philipp M\u00e4chler, Marte Julie S\u00e6tra, Martin Thunemann\u200e, Mich\u00e8le Desjardins, Payam Saisan\u200e, Ikbal Sencan, Baoqiang Li, Sergei A. Vinogradov, Sava Sakad\u017ei\u0107, Anders M. Dale, Gaute T. Einevoll, Anna Devor.<\/p>\n<p>Contact <strong><em>Dr. Natalie Fomin-Thunemann<\/em><\/strong> at <a href=\"mailto:n.fomin87@gmail.com\">n.fomin87@gmail.com<\/a> or <strong><em>Dr. Philipp M\u00e4chler<\/em><\/strong> at <a href=\"philipp.maechler@outlook.com\">philipp.maechler@outlook.com<\/a><\/td>\n<\/tr>\n<\/tbody>\n<\/table>\n<table style=\"width: 700px;\" border=\"0\">\n<tbody>\n<tr valign=\"top\">\n<td style=\"width: 150px; text-align: center;\">Meet the first author<br \/>\n<img loading=\"lazy\" src=\"\/nil\/files\/2020\/03\/Martin.jpg\" alt=\"\" width=\"150\" height=\"150\" class=\"alignnone size-full wp-image-150\" \/><br \/>\nDr. Martin Thunemann<\/td>\n<td style=\"width: 550px;\"><a href=\"\/nil\/files\/2020\/03\/MartinOSA.pdf\"><strong>A flexible head fixation system for optical imaging and electrophysiology in awake mice<\/strong><\/a><\/p>\n<p>Martin Thunemann, Phillip Maechler, Natalie-Fomin-Thunemann, Lorraine Hossain, Sang-Heon Lee, Yichen Li, Duygu Kuzum, Shadi Dayeh, Anna Devor.<\/p>\n<p>Contact <strong><em>Dr. Martin Thunemann<\/em><\/strong> at <a href=\"mailto:martin@thunemann.de\">martin@thunemann.de<\/a><\/td>\n<\/tr>\n<\/tbody>\n<\/table>\n<table style=\"width: 700px;\" border=\"0\">\n<tbody>\n<tr valign=\"top\">\n<td style=\"width: 150px; text-align: center;\">Meet the first author<br \/>\n<img loading=\"lazy\" src=\"\/nil\/files\/2020\/04\/Lorraine2.jpg\" alt=\"\" width=\"150\" height=\"150\" class=\"alignnone size-full wp-image-150\" \/><br \/>\nLorraine Hossain PhD candidate<\/td>\n<td style=\"width: 550px;\"><a href=\"\/nil\/files\/2020\/03\/OSA_2020_LHossain.pdf\"><strong>Chronic 2-photon calcium imaging through transparent PEDOT:PSS microelectrode arrays in awake mice<\/strong><\/a><\/p>\n<p>Lorraine Hossain, Martin Thunemann, Anna Devor, Shadi A. Dayeh.<\/p>\n<p>Contact <strong><em>Lorraine Hossain<\/em><\/strong> at <a href=\"mailto:lhossain@eng.ucsd.edu\">lhossain@eng.ucsd.edu<\/a><\/td>\n<\/tr>\n<\/tbody>\n<\/table>\n<table style=\"width: 700px;\" border=\"0\">\n<tbody>\n<tr valign=\"top\">\n<td style=\"width: 150px; text-align: center;\">Meet the first author<br \/>\n<img loading=\"lazy\" src=\"\/nil\/files\/2020\/03\/Sanaz.jpg\" alt=\"\" width=\"150\" height=\"150\" class=\"alignnone size-full wp-image-150\" \/><br \/>\nDr. Sanaz Sadegh<\/td>\n<td style=\"width: 550px;\"><a href=\"\/nil\/files\/2020\/03\/SanazOSA.pdf\"><strong>Overcoming the fundamental limit of two-photon microscopy with non-degenerate excitation<\/strong><\/a><\/p>\n<p>Sanaz Sadegh, Mu-Han Yang, Xiaojun Cheng, Martin Thunemann, Payam A. Saisan, David A. Boas, Yeshaiahu Fainman, Anna Devor.<\/p>\n<p>Contact <strong><em>Dr. Sanaz Sadegh<\/em><\/strong> at <a href=\"mailto:sanaz.sadegh.65@gmail.com\">sanaz.sadegh.65@gmail.com<\/a><\/td>\n<\/tr>\n<\/tbody>\n<\/table>\n<table style=\"width: 700px;\" border=\"0\">\n<tbody>\n<tr valign=\"top\">\n<td style=\"width: 150px; text-align: center;\">Meet the first author<br \/>\n<img loading=\"lazy\" src=\"\/nil\/files\/2020\/03\/Smrithi1.jpg\" alt=\"\" width=\"150\" height=\"150\" class=\"alignnone size-full wp-image-150\" \/><br \/>\nSmrithi Sunil PhD candidate<\/td>\n<td style=\"width: 550px;\"><a href=\"\/nil\/files\/2020\/03\/Smrithi.pdf\"><strong>The evolution of hemodynamics during stroke recovery: from early hours to subsequent weeks<\/strong><\/a><\/p>\n<p>Smrithi Sunil, Sefik Evren Erdener, Blaire S. Lee, Jianbo Tang, Sreekanth Kura, Dmitry Postnov, Xiaojun Cheng, K\u0131v\u0131lc\u0131m K\u0131l\u0131\u00e7, and David A. Boas.<\/p>\n<p>Contact <strong><em>Smrithi Sunil<\/em><\/strong> at <a href=\"mailto:ssunil@bu.edu\">ssunil@bu.edu<\/a><\/td>\n<\/tr>\n<\/tbody>\n<\/table>\n<table style=\"width: 700px;\" border=\"0\">\n<tbody>\n<tr valign=\"top\">\n<td style=\"width: 150px; text-align: center;\">Meet the first author<br \/>\n<img loading=\"lazy\" src=\"\/nil\/files\/2020\/04\/Alexander.jpg\" alt=\"\" width=\"150\" height=\"150\" class=\"alignnone size-medium wp-image-150\" \/><br \/>\nDr. Alexander von L\u00fchmann<\/td>\n<td style=\"width: 550px;\"><a href=\"\/nil\/files\/2020\/04\/AlexanderOSA.pdf\"><strong>Towards neuroscience in the everyday world: progress in wearable fNIRS instrumentation and applications<\/strong><\/a><\/p>\n<p>Alexander von L\u00fchmann, Bernhard B. Zimmermann, Antonio Ortega-Martinez, Nathan Perkins, Meryem A. Y\u00fccel, David A. Boas.<\/p>\n<p>Contact <strong><em>Dr. Alexander von L\u00fchmann<\/em><\/strong> at <a href=\"mailto:avolu@bu.edu\">avolu@bu.edu<\/a><\/td>\n<\/tr>\n<\/tbody>\n<\/table>\n<table style=\"width: 700px;\" border=\"0\">\n<tbody>\n<tr valign=\"top\">\n<td style=\"width: 150px; text-align: center;\">Meet the first author<br \/>\n<img loading=\"lazy\" src=\"\/nil\/files\/2020\/04\/Jairui.jpg\" alt=\"\" width=\"150\" height=\"150\" class=\"alignnone size-medium wp-image-150\" \/><br \/>\nJiarui Yang PhD candidate<\/td>\n<td style=\"width: 550px;\"><a href=\"\/nil\/files\/2020\/04\/JiaruiOSA.pdf\"><strong>Parametrizing confocal parameters for characterizing the optical properties of human brain tissue using high numerical aperture optical coherence tomography<\/strong><\/a><\/p>\n<p>Jiarui Yang, Ichun Anderson Chen, Shuaibin Chang, Jianbo Tang, Blaire Lee, K\u0131v\u0131lc\u0131m K\u0131l\u0131\u00e7, Hui Wang, Caroline Magnain, Shih-chi Chen, Bruce Fischl, David A. Boas.<\/p>\n<p>Contact <strong><em>Jiarui Yang<\/em><\/strong> at <a href=\"mailto:jryang@bu.edu\">jryang@bu.edu<\/a><\/td>\n<\/tr>\n<\/tbody>\n<\/table>\n<table style=\"width: 700px;\" border=\"0\">\n<tbody>\n<tr valign=\"top\">\n<td style=\"width: 150px; text-align: center;\">Meet the first author<br \/>\n<img loading=\"lazy\" src=\"\/nil\/files\/2020\/04\/Jack.jpg\" alt=\"\" width=\"150\" height=\"150\" class=\"alignnone size-full wp-image-150\" \/><br \/>\nJack Giblin PhD Candidate<\/td>\n<td style=\"width: 550px;\"><a href=\"\/nil\/files\/2020\/04\/JackOSA.pdf\"><strong>Long-term monitoring of capillary flow to measure hypoxic effects of capillary flow disruptions<\/strong><\/a><\/p>\n<p>John Giblin, K\u0131v\u0131lc\u0131m Kili\u04ab, John Jiang, Anderson Chen, Baoqiang Li, Sava Sakad\u017ei\u0107, Anna Devor, David<br \/>\nA. Boas.<\/p>\n<p>Contact <strong><em>Jack Giblin<\/em><\/strong> at <a href=\"mailto:jgiblin@bu.edu\">jgiblin@bu.edu<\/a><\/td>\n<\/tr>\n<\/tbody>\n<\/table>\n","protected":false},"excerpt":{"rendered":"<p>Colleagues and friends, many scientific meetings have been canceled or postponed due to COVID-19 interrupting exchange of unpublished results. Therefore, we decided to share our abstracts here. Below, you find unpublished work from our Neurovascular Imaging Lab as well as Bio Optical and Acoustic Spectroscopy Lab of Dr. David Boas. Please, contact us to discuss [&hellip;]<\/p>\n","protected":false},"author":17613,"featured_media":0,"parent":0,"menu_order":7,"comment_status":"open","ping_status":"closed","template":"","meta":[],"_links":{"self":[{"href":"https:\/\/sites.bu.edu\/nil\/wp-json\/wp\/v2\/pages\/6"}],"collection":[{"href":"https:\/\/sites.bu.edu\/nil\/wp-json\/wp\/v2\/pages"}],"about":[{"href":"https:\/\/sites.bu.edu\/nil\/wp-json\/wp\/v2\/types\/page"}],"author":[{"embeddable":true,"href":"https:\/\/sites.bu.edu\/nil\/wp-json\/wp\/v2\/users\/17613"}],"replies":[{"embeddable":true,"href":"https:\/\/sites.bu.edu\/nil\/wp-json\/wp\/v2\/comments?post=6"}],"version-history":[{"count":48,"href":"https:\/\/sites.bu.edu\/nil\/wp-json\/wp\/v2\/pages\/6\/revisions"}],"predecessor-version":[{"id":566,"href":"https:\/\/sites.bu.edu\/nil\/wp-json\/wp\/v2\/pages\/6\/revisions\/566"}],"wp:attachment":[{"href":"https:\/\/sites.bu.edu\/nil\/wp-json\/wp\/v2\/media?parent=6"}],"curies":[{"name":"wp","href":"https:\/\/api.w.org\/{rel}","templated":true}]}}