{"id":793,"date":"2021-04-01T15:09:05","date_gmt":"2021-04-01T19:09:05","guid":{"rendered":"https:\/\/sites.bu.edu\/neuroautonomy\/?page_id=793"},"modified":"2021-09-19T19:52:01","modified_gmt":"2021-09-19T23:52:01","slug":"publications","status":"publish","type":"page","link":"https:\/\/sites.bu.edu\/neuroautonomy\/publications\/","title":{"rendered":"Scholarly Works"},"content":{"rendered":"<h3>Publications (Peer Reviewed)<\/h3>\n<ol>\n<li>A Lesage-Landry, J A Taylor, I Shames, \u201cSecond-order Online Nonconvex Optimization&#8221;, in <em>IEEE Transactions on Automatic Control<\/em>, 2021. DOI: 10.1109\/TAC.2020.3040372<\/li>\n<li>A Pavlov, I Shames, C Manzie, \u201cInterior Point Differential Dynamic Programming\u201d in <em>IEEE Transaction on Control Systems Technology<\/em>, 2021. DOI: 10.1109\/TCST.2021.3049416<\/li>\n<li>Marzoughi and A. V. Savkin, \u201cAutonomous Navigation of a Team of Unmanned Surface Vehicles for Intercepting Intruders on a Region Boundary,\u201d <em>Sensors<\/em>, vol. 21, no. 1, p. 297, 2021. https:\/\/doi.org\/10.3390\/s21010297<\/li>\n<li>Savkin and H. Huang, \u201cBioinspired Bearing Only Motion Camouflage UAV Guidance for Covert Video Surveillance of a Moving Target,\u201d <em>IEEE Syst. J.<\/em>, 2020.<\/li>\n<li>Savkin and H. Huang, \u201cNavigation of a UAV Network for Optimal Surveillance of a Group of Ground Targets Moving Along a Road,\u201d <em>IEEE Trans. Intell. Transp. Syst.<\/em>, 2021.<\/li>\n<li>Savkin and H.Huang, &#8220;Navigation of a Network of Aerial Drones for Monitoring a Frontier of a Moving Environmental Disaster Area&#8221;, IEEE Systems Journal. DOI: 10.1109\/JSYST.2020.2966779.<\/li>\n<li>A .V. Savkin, H.Huang and W.Ni, &#8220;Securing UAV Communication in the Presence of Stationary or Mobile Eavesdroppers via Online 3D Trajectory Planning&#8221;, <em>IEEE Wireless Communications Letters<\/em>. DOI: 10.1109\/LWC.2020.2986291.<\/li>\n<li>Fischer T, Milford M. &#8220;Event-Based Visual Place Recognition with Ensembles of Temporal Windows&#8221;. <em>IEEE <\/em><em>Robotics and Automation Letters <\/em>5(4):6924-6931<\/li>\n<li>Zhu, H. Liu, A. Ataei, Y. Munk, T. Daniel, and I. C. Paschalidis, \u201cLearning from animals: How to Navigate Complex Terrains,\u201d <em>PLoS Comput. Biol.<\/em>, vol. 16, no. 1, p. e1007452, 2020.<\/li>\n<li>L. Molloy, T. Fischer, M. Milford, G.N. Nair, &#8220;Intelligent Reference Curation for Visual Place Recognition via Bayesian Selective Fusion&#8221;. <em>IEEE Robotics and Automation Letters <\/em>6(2):588-595, 2021, with parallel presentation at ICRA, May 2021.<\/li>\n<li>Pavlov, I. Shames, and C. Manzie. &#8220;Minimax strategy in approximate model predictive control&#8221;. <em>Automatica<\/em>, 111:108649, 2020.<\/li>\n<li>Spiridonoff, A. Olshevsky, and I. C. Paschalidis, \u201cRobust Asynchronous Stochastic Gradient-Push: Asymptotically Optimal and Network-Independent Performance for Strongly Convex Functions.,\u201d <em> Mach. Learn. Res.<\/em>, vol. 21, no. 58, pp. 1\u201347, 2020.<\/li>\n<li>Alexander AS, Carstensen LC, Hinman JR, Raudies F, Chapman GW, Hasselmo ME (2020) &#8220;Egocentric boundary vector tuning of the retrosplenial cortex&#8221;.<em> Science Advances<\/em>, 6: eaaz2322. DOI: 10.1126\/sciadv.aaz2322.<\/li>\n<li>Alexander AS, Robinson JC, Dannenberg H, Kinsky NR, Levy SJ, Mau W, Chapman GW, Sullivan DW, Hasselmo ME (2020) &#8220;Neurophysiological coding of space and time in the hippocampus, entorhinal cortex and retrosplenial cortex&#8221;. <em>Brain Neurosci. Adv.<\/em> 4: 2398212820972871. DOI: 10.1177\/2398212820972871<\/li>\n<li>Artin Spiridonoff, Alex Olshevsky, and I. C. Paschalidis, \u201cRobust Asynchronous Stochastic Gradient-Push: Asymptotically Optimal and Network-Independent Performance for Strongly Convex Functions\u201d<em> Journal on Machine Learning Research<\/em>, Vol. 21, No. 58, pages 1\u201347, 2020, doi:\u00a0http:\/\/jmlr.org\/papers\/v21\/18-813.html.<\/li>\n<li>Burkitt A.N., Hogendoorn, H. (2021) &#8220;Predictive visual motion extrapolation emerges spontaneously and without supervision at each layer of a hierarchical neural network with spike-timing-dependent plasticity&#8221;, <em>Journal of Neuroscience<\/em> 22 April 2021, JN-RM-2017-20; DOI: 10.1523\/JNEUROSCI.2017-20.2021<\/li>\n<li>Dannenberg, H., Lazaro, H., Nambiar, P., Hoyland, A., Hasselmo, M.E. (2020) &#8220;Effects of visual inputs on neural dynamics for coding of location and running speed in medial entorhinal cortex&#8221;. <em>eLife<\/em>, 9: e62500. DOI: 7554\/eLife.62500.<\/li>\n<li>David M. Rosen, Kevin J. Doherty, Antonio Teran Espinoza, and John J. Leonard. &#8220;Advances in Inference and Representation for Simultaneous Localization and Mapping&#8221;. <em>Annual Review of Control, Robotics, and Autonomous Systems<\/em>. DOI <a href=\"https:\/\/doi.org\/10.1146\/annurev-control-072720-082553\">https:\/\/doi.org\/10.1146\/annurev-control-072720-082553<\/a>.<\/li>\n<li>Elham Saraee, Mona Jalal, Margrit Betke. \u201cVisual complexity analysis using deep intermediate-layer features,\u201d <em>Computer Vision and Image Understanding<\/em>. Volume 195, 2020, 102949, ISSN 1077-3142, <a href=\"https:\/\/doi.org\/10.1016\/j.cviu.2020.102949\">https:\/\/doi.org\/10.1016\/j.cviu.2020.102949<\/a>.<\/li>\n<li>Huang, A. V. Savkin, and W. Ni, \u201cOnline UAV Trajectory Planning for Covert Video Surveillance of Mobile Targets,\u201d <em>IEEE Trans. Autom. Sci. Eng.<\/em>, 2021.<\/li>\n<li>Huang and A. V. Savkin, \u201cAutonomous Navigation of a Solar-Powered UAV for Secure Communication in Urban Environments with Eavesdropping Avoidance,\u201d <em>Future Internet<\/em>, vol. 12, no. 10, p. 170, 2020.<\/li>\n<li>Huang and A. V. Savkin, \u201cEnergy-Efficient Autonomous Navigation of Solar-Powered UAVs for Surveillance of Mobile Ground Targets in Urban Environments,\u201d <em>Energies<\/em>, vol. 13, no. 21, p. 5563, 2020.<\/li>\n<li>Huang and A. V. Savkin, \u201cEnergy-efficient decentralized navigation of a team of solar-powered UAVs for collaborative eavesdropping on a mobile ground target in urban environments,\u201d <em>Ad Hoc Netw.<\/em>, vol. 117, p. 102485, 2021.<\/li>\n<li>Huang and A. V. Savkin, \u201cNavigating UAVs for Optimal Monitoring of Groups of Moving Pedestrians or Vehicles,\u201d <em>IEEE Trans. Veh. Technol.<\/em>, vol. 70, no. 4, pp. 3891\u20133896, 2021.<\/li>\n<li>Huang and A. V. Savkin, \u201cPath Planning for a Solar-Powered UAV Inspecting Mountain Sites for Safety and Rescue,\u201d <em>Energies<\/em>, vol. 14, no. 7, p. 1968, 2021.<\/li>\n<li>Huang, A. V. Savkin, and C. Huang, \u201cDecentralised Autonomous Navigation of a UAV Network for Road Traffic Monitoring,\u201d <em>IEEE Trans. Aerosp. Electron. Syst.<\/em>, 2021.<\/li>\n<li>Huang, A. V. Savkin, and X. Li, \u201cReactive Autonomous Navigation of UAVs for Dynamic Sensing Coverage of Mobile Ground Targets,\u201d <em>Sensors<\/em>, vol. 20, no. 13, p. 3720, 2020.<\/li>\n<li>Huang, A.V. Savkin and W.Ni, &#8220;Energy-Efficient 3D Navigation of a Solar-Powered UAV for Secure Communication in the Presence of Eavesdroppers and No-Fly Zones&#8221;, <em>Energies<\/em>, 13(6): 1445, 2020. doi:10.3390\/en13061445.<\/li>\n<li>Hasselmo ME, Alexander AS, Hoyland A, Robinson JC, Bezaire MJ, Chapman GW, Saudargiene A, Carstensen LC, Dannenberg H. &#8220;The Unexplored Territory of Neural Models: Potential Guides for Exploring the Function of Metabotropic Neuromodulation&#8221;. <em>Neuroscience<\/em>. 2021 Feb 21;456:143-158. doi: 10.1016\/j.neuroscience.2020.03.048. Epub 2020 Apr 8. PMID: 32278058; PMCID: PMC7541517.<\/li>\n<li>Hausler S, Chen Z, Hasselmo ME, Milford M. (2020). &#8220;Bio-inspired multi-scale fusion&#8221;.\u00a0 <em> Cybern<\/em>. 114(2):209-229, doi: 10.1007\/s00422-020-00831-z.<\/li>\n<li>Henghui Zhu, Hao Liu, Armin Ataei, Yonatan Munk, Thomas Daniel, and I. C. Paschalidis, \u201cLearning from Animals: How to Navigate Complex Terrains\u201d,<em> PLOS Computational Biology<\/em>, 16(1): e1007452, 2020, doi:10.1371\/journal.pcbi.1007452.<\/li>\n<li>Henghui Zhu, I. C. Paschalidis, Allen Chang, Chantal E. Stern, Michael E. Hasselmo, \u201cA Neural Circuit Model for a Contextual Association Task Inspired by Recommender Systems\u201d, <em>Hippocampus, Special Issue: Computational models of hippocampus and related structures<\/em>\u2013Part I, Vol. 30, Issue 4 (April), pages 384-395, 2020, doi: 10.1002\/hipo.23194.<\/li>\n<li>Levy SJ, Kinsky NR, Mau W, Sullivan DW, Hasselmo ME (2021) &#8220;Hippocampal spatial memory representations in mice are heterogeneously stable.&#8221; <em>Hippocampus<\/em> 31(3): 244-260. DOI: 10.1002\/hipo.23272.<\/li>\n<li>Lian, Y., Almasi, A., Grayden, D.B., Kameneva, T., Burkitt, A.N, Meffin, H. (2021) &#8220;Learning receptive field properties of complex cell&#8221;s in V1, <em>PLOS Computational Biology <\/em>17 (3): e1007957, doi: 10.1371\/journal.pcbi.1007957<\/li>\n<li>Manjesh K. Hanawal, Hao Liu, Henghui Zhu, and I. C. Paschalidis, \u201cLearning Policies for Markov Decision Processes from Data\u201d, <em>IEEE Transactions on Automatic Control<\/em>, Vol. 64, Issue 6, June 2019, pages 2298\u20132309, doi:10.1109\/TAC.2018.2866455.<\/li>\n<li>Mau W, Hasselmo ME, Cai DJ (2020) &#8220;The brain in motion: How ensemble fluidity drives memory-updating and flexibility&#8221;. <em>ELife<\/em>. 9:e63550. DOI: 10.7554\/eLife.63550<\/li>\n<li>Biggar, M Zamani, I Shames, \u201cAn Expressiveness Hierarchy of Behavior Trees and Related Architectures \u201c, <em>IEEE Robotics and Automation Letters<\/em>, 2021. DOI: 10.1109\/LRA.2021.3074337<\/li>\n<li>Shi Pu, Alex Olshevsky, and I. C. Paschalidis, \u201cAsymptotic Network Independence in Distributed Stochastic Optimization for Machine Learning\u201d, <em>IEEE Signal Processing Magazine<\/em>, Vol. 37, No. 3, pages 114-122, 2020, doi:10.1109\/MSP.2020.2975212.<\/li>\n<li>Elmokadem and A. V. Savkin, \u201cA Method for Autonomous Collision-Free Navigation of a Quadrotor UAV in Unknown Tunnel-Like Environments,\u201d <em>Robotica<\/em>, 2021. DOI: <a href=\"https:\/\/doi.org\/10.1017\/S0263574721000849\">https:\/\/doi.org\/10.1017\/S0263574721000849<\/a><\/li>\n<li>Tingting Xu, Henghui Zhu, and I. C. Paschalidis, \u201cLearning Parametric Policies and Transition Probability Models of Markov Decision Processes from Data\u201d, <em>European Journal of Control<\/em>, doi:10.1016\/j.ejcon.2020.04.003.<\/li>\n<li>Yanbo Lian, Anthony N. Burkitt. \u201cLearning an efficient hippocampal place map from entorhinal inputs using non-negative sparse coding,\u201d Accepted, <em> <\/em>doi: <a href=\"https:\/\/doi.org\/10.1101\/2020.08.12.248534\">https:\/\/doi.org\/10.1101\/2020.08.12.248534<\/a><\/li>\n<li>Zhu, H,\u00a0Paschalidis, IC,\u00a0Chang, A,\u00a0Stern, CE,\u00a0Hasselmo, ME.\u00a0&#8220;A neural circuit model for a contextual association task inspired by recommender systems&#8221;.\u00a0<em>Hippocampus<\/em>.\u00a02020;\u00a030:\u00a030:\u00a0384\u2013\u00a0395.\u00a0<a href=\"https:\/\/doi.org\/10.1002\/hipo.23194\">https:\/\/doi.org\/10.1002\/hipo.23194<\/a><\/li>\n<li>Zolt\u00e1n K\u00f3csi, Trevor Murray, Hansj\u00fcrgen Dahmen, Ajay Narendra, and Jochen Zeil. \u201cThe Antarium: A Reconstructed Visual Reality Device for Ant Navigation Research<em>.\u201d Frontiers in Behavioral Neuroscience.<\/em> 14, 2020. DOI=10.3389\/fnbeh.2020.599374<\/li>\n<\/ol>\n<h3>Book Chapters (Peer Reviewed)<\/h3>\n<ol>\n<li>Ruidi Chen and Ioannis Ch. Paschalidis (2020), &#8220;Distributionally Robust Learning&#8221;, <em>Foundations and Trends\u00ae in Optimization<\/em>: Vol. 4: No. 1-2, pp 1-243. http:\/\/dx.doi.org\/10.1561\/2400000026<\/li>\n<\/ol>\n<h3>Conference Papers (Peer Reviewed)<\/h3>\n<ol>\n<li>C. Wang, M. Bahreinian, and R. Tron, \u201cChance Constraint Robust Control with Control Barrier Functions,\u201d presented at the American Control Conference, 2021. [Online]. Available: arXiv preprint arXiv:2012.10573<\/li>\n<li>Chenhongyi Yang, Vitaly Ablavsky, Kaihong Wang, Qi Feng, and Margrit Betke, &#8220;Learning to Separate: Detecting Heavily-Occluded Objects in Urban Scenes&#8221; 16th European Conference on Computer Vision: ECCV&#8217;20 Online.\u00a0August, 2020.\u00a0https:\/\/doi.org\/10.1007\/978-3-030-58523-5_31,\u00a0pp 530-546.<\/li>\n<li>D. Fourie, A. Teran Espinoza, M. Kaess, and J. Leonard. &#8220;Characterizing Marginalization and Incremental Operations on the Bayes Tree.&#8221; In Proceedings of the Workshop on Algorithmic Foundations of Robotics (WAFR), June, 2020.<\/li>\n<li>D. Fourie, N. R. Rypkema, S. D. Claassens, P. Vaz Teixeira, J. Leonard. &#8220;Towards Real-Time Non-Gaussian SLAM for Underdetermined Navigation.&#8221; In Proceedings of the International Conference on Robots and Systems, Las Vegas, October, 2020.<\/li>\n<li>Elad Michael, Daniel Zelazo, Tony A. Wood, Chris Manzie, and Iman Shames. \u201cOptimization with Zeroth-Order Oracles in Formation.\u201d Published in 2020 59th IEEE Conference on Decision and Control (CDC) Dec. 14-18, 2020. DOI:\u00a010.1109\/CDC42340.2020.9304272<\/li>\n<li>G. Colabufo, P. Dower, and I. Shames. &#8220;Newton\u2019s method: sufficient conditions for practical and input-to-state stability&#8221;. IFAC World Congress, 2020.<\/li>\n<li>Garg S, Fischer T, Milford M, \u201cWhere is your place, Visual Place Recognition?\u201d, Proceedings of the International Joint Conference on Artificial Intelligence, 2021.<\/li>\n<li>H. Hailong, A. V. Savkin, and W. Ni, \u201cDecentralized Covert and Collaborative Radio Surveillance on a Group of Mobile Ground Nodes by a UAV Swarm,\u201d presented at the IEEE Industrial Informatics Conference (INDIN2020), 2020.<\/li>\n<li>Hausler S, Garg S, Xu M, Milford M, Fischer T, \u201cPatch-NetVLAD: Multi-Scale Fusion of Locally-Global Descriptors for Place Recognition\u201d, Proceedings of the IEEE Conference on Computer Vision and Pattern Recognition, 2021.<\/li>\n<li>H. Huang, A.V.Savkin and W.Ni, &#8220;A Method for Covert Video Surveillance of a Car or a Pedestrian by an Autonomous Aerial Drone via Trajectory Planning&#8221;, IEEE International Conference on Control, Automation and Robotics, 2020.<\/li>\n<li>J. Queeney, I. C. Paschalidis, and C. G. Cassandras, \u201cUncertainty-Aware Policy Optimization: A Robust, Adaptive Trust Region Approach,\u201d 35th AAAI Conference on Artificial Intelligence (AAAI-21), Feb. 2021<\/li>\n<li>Jiahui Fu, Qiangqiang Huang, Kevin Doherty, Yue Wang, and John J. Leonard. \u201cA Multi-Hypothesis Approach to Pose Ambiguity in Object-Based SLAM.\u201d Under Review, IEEE\/RSJ International Conference\u00a0on\u00a0Intelligent Robots\u00a0and\u00a0Systems (IROS 2021). 9\/\u200b27\/2021\u00a0&#8211; 10\/1\/2021. Prague,\u00a0Czech Republic<\/li>\n<li>John Baillieul and Feiyang Kang, &#8220;Visual Navigation with a 2-pixel Camera&#8212;Possibilities and Limitations,&#8221; In Proceedings of the 21st IFAC World Congress in Berlin, Germany, July 12-17, 2020. Also available from <a href=\"http:\/\/arxiv.org\/abs\/2103.00285\">http:\/\/arxiv.org\/abs\/2103.00285<\/a>.<\/li>\n<li>J. Baillieul, \u201cPerceptual Control with Large Feature and Actuator Networks,\u201d\u00a0 2019 IEEE 58th Conference on Decision and Control (CDC), Nice, France, December 11-13, 2019, pp. 3819-3826, doi: 10.1109\/CDC40024.2019.9029615.<\/li>\n<li>Ok, K. Liu, and N. Roy, \u201cHierarchical Object Map Estimation for Efficient and Robust Navigation,\u201d presented at the Proceedings of the IEEE Conference on Robotics and Automation (ICRA), Virtual, 2021.<\/li>\n<li>Kaihong Wang, Chenhongyi Yang, and Margrit Betke. &#8220;Consistency Regularization with High-dimensional Non-adversarial Source-guided Perturbation for Unsupervised Domain Adaptation in Segmentation&#8221;. The Thirty-Fifth AAAI Conference on Artificial Intelligence (AAAI-21), February 2021. 9 pages.<\/li>\n<li>M. Bahreinian, E. Aasi, and R. Tron, \u201cRobust Planning and Control For Polygonal Environments via Linear Programming,\u201d presented at the American Control Conference, 2021. [Online]. Available: arXiv preprint arXiv:1910.07976<\/li>\n<li>M. Gnanasekera, A.V.Savkin and J.Katupitiya, &#8220;Range Measurements Based UAV Navigation for Intercepting Ground Targets&#8221;, IEEE International Conference on Control, Automation and Robotics, 2020.<\/li>\n<li>Pavlov, Andrei and Muller, Matthias an Manzie, Chris and Shames, Iman, &#8220;Complexity minimisation of suboptimal MPC without terminal constraints&#8221;, IFAC World Congress, 2020.<\/li>\n<li>Q. Huang, C. Pu, D. Fourie, K. Khosoussi, J. P. How, and J. J. Leonard. &#8220;NF-iSAM: Incremental Smoothing and Mapping via Normalizing Flows&#8221;. In IEEE Intl. Conf. on Robotics and Automation (ICRA), Prague, Czech Republic, May, 2021.<\/li>\n<li>Renganathan, Venkatraman and Shames, Iman and Summers, Tyler H, &#8220;Towards Integrated Perception and Motion Planning with Distributionally Robust Risk Constraints&#8221;, IFAC World Congress, 2020.<\/li>\n<li>Ruidi Chen and I. C. Paschalidis, \u201cA Distributionally Robust Optimization Approach for Multivariate Linear Regression under the Wasserstein Metric\u201d, Proceedings of the 58th IEEE Conference on Decision and Control}, pages 3655\u20133660, December 11-13, 2019, Nice, France,\u00a0 doi: 10.1109\/CDC40024.2019.9029832.<\/li>\n<li>T. Elmokadem, \u201cA 3D Reactive Navigation Method for UAVs in Unknown Tunnel-like Environments,\u201d in 2020 Australian and New Zealand Control Conference (ANZCC), 2020, pp. 119\u2013124.<\/li>\n<li>T. Elmokadem, \u201cA Control Strategy for the Safe Navigation of UAVs Among Dynamic Obstacles using Real-Time Deforming Trajectories,\u201d in 2020 Australian and New Zealand Control Conference (ANZCC), 2020, pp. 97\u2013102.<\/li>\n<li>L. Molloy, G.N. Nair, &#8220;Smoothing-Averse Control: Covertness and Privacy from Smoothers&#8221;. In Proc. American Control Conference, May 2021.<\/li>\n<li>Taiyao Wang and I. C. Paschalidis, \u201cConvergence of Parameter Estimates for\u00a0 Regularized Mixed Linear Regression Models\u201d, Proceedings of the 58th IEEE Conference on Decision and Control, pages 3664-3669, December 11-13, 2019, Nice, France, doi: 10.1109\/CDC.2018.8619435.<\/li>\n<li>V. Amblard, T. Osedach, A. Croux, A. Speck, John J. Leonard. &#8220;Lidar-Monocular Surface Reconstruction Using Line Segments&#8221;. In IEEE Intl. Conf. on Robotics and Automation (ICRA), Prague, Czech Republic, May, 2021.<\/li>\n<li>Wang, Q., Zheng, Y., &amp; Betke, M. (2020). &#8220;A method for detecting text of arbitrary shapes in natural scenes that improves text spotting&#8221;. In 2020 IEEE\/CVF Conference on Computer Vision and Pattern Recognition Workshops (CVPRW). IEEE. doi:10.1109\/cvprw50498.2020.00278<\/li>\n<li>X. Li, H. Huang and A.V. Savkin, &#8220;Autonomous Drone Shark Shield: A Novel Shark Repelling System for Protecting Swimmers and Surfers,&#8221; IEEE International Conference on Control, Automation and Robotics, 2020.<\/li>\n<li>X. Li, H. Huang, and A. V. Savkin, \u201cUse of A UAV Base Station for Searching and Bio-inspired Covert Video Surveillance of Tagged Wild Animals,\u201d in 2020 Australian and New Zealand Control Conference (ANZCC), 2020, pp. 87\u201390.<\/li>\n<li>Y. Zhang and J. J. Leonard. &#8220;A Front-End for Dense Monocular Visual Odometry using a Learned Outlier Mask Prior Localization and Mapping&#8221;. In IEEE Intl. Conf. on Robotics and Automation (ICRA), Prague, Czech Republic, May, 2021.<\/li>\n<li>Yi Zheng, Wenda Qin, Derry Wijaya, and Margrit Betke \u201cLAL: Linguistically Aware Learning for Scene Text Recognition.\u201d MM &#8217;20: Proceedings of the 28th ACM International Conference on Multimedia. October 12\u201316, 2020, Seattle, WA, USA. <a href=\"https:\/\/dl.acm.org\/doi\/pdf\/10.1145\/3394171.3413913\">https:\/\/dl.acm.org\/doi\/pdf\/10.1145\/3394171.3413913<\/a><\/li>\n<li>Yiwen Gu, Shreya Pandit, Elham Saraee, Timothy Nordahl, TerryEllis, and Margrit Betke. &#8220;Home-based Physical Therapy with an Interactive Computer Vision System&#8221;. Assistive Computer Vision and Robotics Workshop at the International Conference on Computer Vision Workshop, Seoul, South Korea, October 2019.<\/li>\n<li>Z. Zhang and I. C. Paschalidis, \u201cProvable Hierarchical Imitation Learning via EM,\u201d ICML 2020 Workshop on Theoretical Foundations of Reinforcement Learning, Jul. 2020. [Online]. Available: <a href=\"https:\/\/wensun.github.io\/rl_theory_workshop_2020_ICML.github.io\/\">https:\/\/wensun.github.io\/rl_theory_workshop_2020_ICML.github.io\/<\/a><\/li>\n<li>Z. Zhang and I. Paschalidis, \u201cProvable Hierarchical Imitation Learning via EM,\u201d in International Conference on Artificial Intelligence and Statistics, 2021, pp. 883\u2013891.<\/li>\n<li>Zheng, Y., Qin, W., Wijaya, D., &amp; Betke, M. (2020). &#8220;LAL: Linguistically Aware Learning for Scene Text Recognition&#8221;. In Proceedings of the 28th ACM International Conference on Multimedia. ACM. doi:10.1145\/3394171.3413913<\/li>\n<\/ol>\n<ul><\/ul>\n<h3>Theses<\/h3>\n<ol>\n<li>Chiara Boretti and Philippe Bich, &#8220;Dictionary of Motion Primitives for Vision-Based Navigation Using Optical Flow,&#8221; A Masters Degree Thesis in Mechatronic Engineering, Politecnico di Torino, April, 2021. Co-Advisor: Baillieul.<\/li>\n<li>Andrei Pavlov, \u201cEfficient Methods for Control of Dynamical Systems\u201d, PhD in Electrical and Electronic Engineering, University of Melbourne, 2021, Advisor: Shames.<\/li>\n<li>Ruidi Chen, &#8220;Distributionally Robust Learning under the Wasserstein Metric&#8221;, Ph.D. in Systems Engineering, Boston University, September 2019. Advisor: Paschalidis.<\/li>\n<li>Tingting Xu, &#8220;Machine Learning for Effective Predictions and Prescriptions in Health Care&#8221;, Ph.D. in Systems Engineering, Boston University, May 2020. Advisor: Paschalidis.<\/li>\n<li>Henghui Zhu, &#8220;Making Decisions Based on Context: Models and Applications in Cognitive Sciences and Natural Language Processing&#8221;, Ph.D. in Systems Engineering, Boston University, December 2019. Advisor: Paschalidis.<\/li>\n<\/ol>\n<p>&nbsp;<\/p>\n","protected":false},"excerpt":{"rendered":"<p>Publications (Peer Reviewed) A Lesage-Landry, J A Taylor, I Shames, \u201cSecond-order Online Nonconvex Optimization&#8221;, in IEEE Transactions on Automatic Control, 2021. DOI: 10.1109\/TAC.2020.3040372 A Pavlov, I Shames, C Manzie, \u201cInterior Point Differential Dynamic Programming\u201d in IEEE Transaction on Control Systems Technology, 2021. DOI: 10.1109\/TCST.2021.3049416 Marzoughi and A. V. Savkin, \u201cAutonomous Navigation of a Team of [&hellip;]<\/p>\n","protected":false},"author":10316,"featured_media":0,"parent":0,"menu_order":9,"comment_status":"closed","ping_status":"closed","template":"page-templates\/no-sidebars.php","meta":[],"_links":{"self":[{"href":"https:\/\/sites.bu.edu\/neuroautonomy\/wp-json\/wp\/v2\/pages\/793"}],"collection":[{"href":"https:\/\/sites.bu.edu\/neuroautonomy\/wp-json\/wp\/v2\/pages"}],"about":[{"href":"https:\/\/sites.bu.edu\/neuroautonomy\/wp-json\/wp\/v2\/types\/page"}],"author":[{"embeddable":true,"href":"https:\/\/sites.bu.edu\/neuroautonomy\/wp-json\/wp\/v2\/users\/10316"}],"replies":[{"embeddable":true,"href":"https:\/\/sites.bu.edu\/neuroautonomy\/wp-json\/wp\/v2\/comments?post=793"}],"version-history":[{"count":16,"href":"https:\/\/sites.bu.edu\/neuroautonomy\/wp-json\/wp\/v2\/pages\/793\/revisions"}],"predecessor-version":[{"id":838,"href":"https:\/\/sites.bu.edu\/neuroautonomy\/wp-json\/wp\/v2\/pages\/793\/revisions\/838"}],"wp:attachment":[{"href":"https:\/\/sites.bu.edu\/neuroautonomy\/wp-json\/wp\/v2\/media?parent=793"}],"curies":[{"name":"wp","href":"https:\/\/api.w.org\/{rel}","templated":true}]}}